{"id":1075,"date":"2025-10-09T09:54:59","date_gmt":"2025-10-09T09:54:59","guid":{"rendered":"https:\/\/minghanggroup.com\/?post_type=product&#038;p=1075"},"modified":"2026-03-02T13:49:19","modified_gmt":"2026-03-02T05:49:19","slug":"mason-jar-storage-canning-container","status":"publish","type":"product","link":"https:\/\/minghanggroup.com\/pt\/produto\/mason-jar-storage-canning-container\/","title":{"rendered":"Recipiente de vidro tipo Mason Jar para armazenamento \u2013 Recipiente reutiliz\u00e1vel para conservas de 150 a 1000 ml para diversas marcas."},"content":{"rendered":"<p>Discharged Brands: Descubra por que nossos potes de vidro s\u00e3o a escolha ideal para suas necessidades de embalagem. Esses recipientes vers\u00e1teis combinam um design atemporal com efici\u00eancia moderna, tornando-os a op\u00e7\u00e3o perfeita para os objetivos de coleta e apresenta\u00e7\u00e3o da sua marca.<\/p>\n<h2>Caracter\u00edsticas do produto<\/h2>\n<ol>\n<li><strong>Vidro cristalino:<\/strong>Veja cada detalhe do seu produto atrav\u00e9s do nosso vidro de alta transpar\u00eancia. Perfeito para exibir xaropes, picles e muito mais.<\/li>\n<li><strong>Desenho padr\u00e3o da rosca:<\/strong>Compat\u00edvel com tampas e an\u00e9is de veda\u00e7\u00e3o de potes de conserva de boca regular, para uma veda\u00e7\u00e3o perfeita. Chega de vazamentos e derramamentos!<\/li>\n<li><strong>V\u00e1rios tamanhos para atender a todas as necessidades:<\/strong>Desde amostras de 150ml at\u00e9 armazenamento a granel de 1000ml, temos o tamanho certo para a sua gama de produtos.<\/li>\n<li><strong>Op\u00e7\u00f5es de personaliza\u00e7\u00e3o da marca:<\/strong>Destaque sua marca com cores, tamanhos e impress\u00e3o de logotipo personalizados. N\u00f3s ajudaremos voc\u00ea a criar a solu\u00e7\u00e3o de embalagem perfeita.<\/li>\n<\/ol>\n<h2>Especifica\u00e7\u00f5es principais<\/h2>\n<p>&nbsp;<\/p>\n<table style=\"border-collapse: collapse; width: 80%; margin-left: auto; margin-right: auto;\" border=\"0\" width=\"435\" cellspacing=\"0\" cellpadding=\"0\">\n<tbody>\n<tr style=\"height: 13.50pt;\">\n<td class=\"et2\" style=\"height: 13.5pt; width: 56.25pt; text-align: center;\" width=\"75\" height=\"18\">Produto<\/td>\n<td class=\"et2\" style=\"width: 54pt; text-align: center;\" width=\"72\">Capacidade (ml)<\/td>\n<td class=\"et2\" style=\"width: 54pt; text-align: center;\" width=\"72\">Peso (g)<\/td>\n<td class=\"et2\" style=\"width: 54pt; text-align: center;\" width=\"72\">Dimens\u00f5es (cm)<\/td>\n<td class=\"et2\" style=\"width: 54pt; text-align: center;\" width=\"72\">Material<\/td>\n<td style=\"width: 54pt; text-align: center;\" width=\"72\">Cor<\/td>\n<\/tr>\n<tr style=\"height: 13.50pt;\">\n<td class=\"et2\" style=\"height: 13.5pt; text-align: center;\" height=\"18\">63015001<\/td>\n<td class=\"et2\" style=\"text-align: center;\">150<\/td>\n<td class=\"et2\" style=\"text-align: center;\">126<\/td>\n<td class=\"et2\" style=\"text-align: center;\">7.8&#215;7.8&#215;5.1<\/td>\n<td class=\"et2\" style=\"text-align: center;\" rowspan=\"7\">Vidro<\/td>\n<td class=\"et2\" style=\"text-align: center;\" rowspan=\"7\">Transparente ou personalizado<\/td>\n<\/tr>\n<tr style=\"height: 13.50pt;\">\n<td class=\"et2\" style=\"height: 13.50pt; text-align: center;\" height=\"18\">63025002<\/td>\n<td class=\"et2\" style=\"text-align: center;\">250<\/td>\n<td class=\"et2\" style=\"text-align: center;\">152<\/td>\n<td class=\"et2\" style=\"text-align: center;\">7.8&#215;7.8&#215;8<\/td>\n<\/tr>\n<tr style=\"height: 13.50pt;\">\n<td class=\"et2\" style=\"height: 13.50pt; text-align: center;\" height=\"18\">63038003<\/td>\n<td class=\"et2\" style=\"text-align: center;\">380<\/td>\n<td class=\"et2\" style=\"text-align: center;\">207<\/td>\n<td class=\"et2\" style=\"text-align: center;\">7.5&#215;7.5&#215;12<\/td>\n<\/tr>\n<tr style=\"height: 13.50pt;\">\n<td class=\"et2\" style=\"height: 13.50pt; text-align: center;\" height=\"18\">63050004<\/td>\n<td class=\"et2\" style=\"text-align: center;\">500<\/td>\n<td class=\"et2\" style=\"text-align: center;\">255<\/td>\n<td class=\"et2\" style=\"text-align: center;\">8.2&#215;8.2&#215;12.7<\/td>\n<\/tr>\n<tr style=\"height: 13.50pt;\">\n<td class=\"et2\" style=\"height: 13.50pt; text-align: center;\" height=\"18\">63075005<\/td>\n<td class=\"et2\" style=\"text-align: center;\">750<\/td>\n<td class=\"et2\" style=\"text-align: center;\">356<\/td>\n<td class=\"et2\" style=\"text-align: center;\">8.6&#215;8.6&#215;16.3<\/td>\n<\/tr>\n<tr style=\"height: 13.50pt;\">\n<td class=\"et2\" style=\"height: 13.50pt; text-align: center;\" height=\"18\">63085006<\/td>\n<td class=\"et2\" style=\"text-align: center;\">850<\/td>\n<td class=\"et2\" style=\"text-align: center;\">&#8211;<\/td>\n<td class=\"et2\" style=\"text-align: center;\">&#8211;<\/td>\n<\/tr>\n<tr style=\"height: 13.50pt;\">\n<td class=\"et2\" style=\"height: 13.50pt; text-align: center;\" height=\"18\">63100007<\/td>\n<td class=\"et2\" style=\"text-align: center;\">1000<\/td>\n<td class=\"et2\" style=\"text-align: center;\">405<\/td>\n<td class=\"et2\" style=\"text-align: center;\">9.7&#215;9.7&#215;17.5<\/td>\n<\/tr>\n<\/tbody>\n<\/table>\n<h2>Hist\u00f3ria de sucesso<\/h2>\n<p>A marca de caf\u00e9 adotou nossos potes de vidro Mason de 250 ml com boca padr\u00e3o para a nova linha de xaropes de caf\u00e9. O vidro transparente real\u00e7a as cores vibrantes e o formato padr\u00e3o do pote Mason facilita o fechamento e o armazenamento. Com a mudan\u00e7a para nossos potes de vidro, as vendas aumentaram 30%!<\/p>\n<h2>Dicas de personaliza\u00e7\u00e3o para sua marca<\/h2>\n<p>Quer destacar seu produto? Oferecemos cores, tamanhos e impress\u00e3o de logotipos personalizados em seus potes de vidro. Seja para embalar picles ou molhos, nossa f\u00e1brica pode criar a solu\u00e7\u00e3o de armazenamento perfeita para sua marca. J\u00e1 ajudamos dezenas de marcas a transformar suas embalagens com nossos potes de vidro personalizados.<\/p>\n<p>&nbsp;<\/p>","protected":false},"excerpt":{"rendered":"<p>Descubra solu\u00e7\u00f5es de armazenamento premium em potes de vidro tipo Mason. Potes de vidro Mason personalizados para venda no atacado, ideais para alimentos, velas, xaropes e muito mais. Livres de BPA, dur\u00e1veis \u200b\u200be vers\u00e1teis.<\/p>","protected":false},"featured_media":1092,"template":"","meta":{"postBodyCss":"","postBodyMargin":[],"postBodyPadding":[],"postBodyBackground":{"backgroundType":"classic","gradient":""}},"product_brand":[],"product_cat":[15,17,19],"product_tag":[94],"class_list":{"0":"post-1075","1":"product","2":"type-product","3":"status-publish","4":"has-post-thumbnail","6":"product_cat-glass-containers","7":"product_cat-glass-jars","8":"product_cat-glass-mason-jars","9":"product_tag-glass-decoration-bottles","11":"first","12":"instock","13":"shipping-taxable","14":"product-type-simple"},"jetpack_sharing_enabled":true,"_links":{"self":[{"href":"https:\/\/minghanggroup.com\/pt\/wp-json\/wp\/v2\/product\/1075","targetHints":{"allow":["GET"]}}],"collection":[{"href":"https:\/\/minghanggroup.com\/pt\/wp-json\/wp\/v2\/product"}],"about":[{"href":"https:\/\/minghanggroup.com\/pt\/wp-json\/wp\/v2\/types\/product"}],"wp:featuredmedia":[{"embeddable":true,"href":"https:\/\/minghanggroup.com\/pt\/wp-json\/wp\/v2\/media\/1092"}],"wp:attachment":[{"href":"https:\/\/minghanggroup.com\/pt\/wp-json\/wp\/v2\/media?parent=1075"}],"wp:term":[{"taxonomy":"product_brand","embeddable":true,"href":"https:\/\/minghanggroup.com\/pt\/wp-json\/wp\/v2\/product_brand?post=1075"},{"taxonomy":"product_cat","embeddable":true,"href":"https:\/\/minghanggroup.com\/pt\/wp-json\/wp\/v2\/product_cat?post=1075"},{"taxonomy":"product_tag","embeddable":true,"href":"https:\/\/minghanggroup.com\/pt\/wp-json\/wp\/v2\/product_tag?post=1075"}],"curies":[{"name":"wp","href":"https:\/\/api.w.org\/{rel}","templated":true}]}}