{"id":3,"date":"2025-09-30T08:00:50","date_gmt":"2025-09-30T08:00:50","guid":{"rendered":"https:\/\/minghanggroup.com\/?page_id=3"},"modified":"2025-11-18T17:56:17","modified_gmt":"2025-11-18T09:56:17","slug":"privacy-policy","status":"publish","type":"page","link":"https:\/\/minghanggroup.com\/pt\/privacy-policy\/","title":{"rendered":"pol\u00edtica de Privacidade"},"content":{"rendered":"<div data-elementor-type=\"wp-page\" data-elementor-id=\"3\" class=\"elementor elementor-3\" data-elementor-settings=\"{&quot;ha_cmc_init_switcher&quot;:&quot;no&quot;}\" data-elementor-post-type=\"page\">\n\t\t\t\t<div class=\"elementor-element elementor-element-2f9d824 e-flex e-con-boxed e-con e-parent\" data-id=\"2f9d824\" data-element_type=\"container\" data-e-type=\"container\" data-settings=\"{&quot;_ha_eqh_enable&quot;:false}\">\n\t\t\t\t\t<div class=\"e-con-inner\">\n\t\t\t\t<div class=\"elementor-element elementor-element-e8bd613 elementor-widget elementor-widget-woocommerce-breadcrumb\" data-id=\"e8bd613\" data-element_type=\"widget\" data-e-type=\"widget\" data-widget_type=\"woocommerce-breadcrumb.default\">\n\t\t\t\t\t<nav class=\"woocommerce-breadcrumb\" aria-label=\"Breadcrumb\" data-no-translation=\"\" data-trp-gettext=\"\">In\u00edcio<\/nav>\t\t\t\t<\/div>\n\t\t\t\t\t<\/div>\n\t\t\t\t<\/div>\n\t\t<div class=\"elementor-element elementor-element-4f0cf1d e-flex e-con-boxed e-con e-parent\" data-id=\"4f0cf1d\" data-element_type=\"container\" data-e-type=\"container\" data-settings=\"{&quot;_ha_eqh_enable&quot;:false}\">\n\t\t\t\t\t<div class=\"e-con-inner\">\n\t\t\t\t<div class=\"elementor-element elementor-element-c2230c6 elementor-widget elementor-widget-heading\" data-id=\"c2230c6\" data-element_type=\"widget\" data-e-type=\"widget\" data-widget_type=\"heading.default\">\n\t\t\t\t\t<h1 class=\"elementor-heading-title elementor-size-default\">pol\u00edtica de Privacidade<\/h1>\t\t\t\t<\/div>\n\t\t\t\t\t<\/div>\n\t\t\t\t<\/div>\n\t\t<div class=\"elementor-element elementor-element-18ba6889 e-flex e-con-boxed e-con e-parent\" data-id=\"18ba6889\" data-element_type=\"container\" data-e-type=\"container\" data-settings=\"{&quot;_ha_eqh_enable&quot;:false}\">\n\t\t\t\t\t<div class=\"e-con-inner\">\n\t\t\t\t<div class=\"elementor-element elementor-element-68856f25 elementor-widget elementor-widget-text-editor\" data-id=\"68856f25\" data-element_type=\"widget\" data-e-type=\"widget\" data-widget_type=\"text-editor.default\">\n\t\t\t\t\t\t\t\t\t<h2>Que informa\u00e7\u00f5es coletamos?<\/h2>\n<p>Coletamos informa\u00e7\u00f5es suas quando voc\u00ea se cadastra no site, faz um pedido, participa de um concurso ou sorteio, responde a uma pesquisa ou comunica\u00e7\u00e3o, como um e-mail, ou participa de outra funcionalidade do site. Ao fazer um pedido ou se cadastrar, podemos solicitar seu nome, endere\u00e7o de e-mail, endere\u00e7o postal, n\u00famero de telefone, informa\u00e7\u00f5es do cart\u00e3o de cr\u00e9dito ou outras informa\u00e7\u00f5es. Voc\u00ea pode, no entanto, visitar nosso site anonimamente. Tamb\u00e9m coletamos informa\u00e7\u00f5es sobre destinat\u00e1rios de presentes para que possamos concluir a compra do presente. As informa\u00e7\u00f5es que coletamos sobre destinat\u00e1rios de presentes n\u00e3o s\u00e3o usadas para fins de marketing. Como muitos sites, usamos &#034;cookies&#034; para aprimorar sua experi\u00eancia e coletar informa\u00e7\u00f5es sobre visitantes e visitas aos nossos sites. Consulte a se\u00e7\u00e3o &#034;Usamos &#039;cookies&#039;?&#034; abaixo para obter informa\u00e7\u00f5es sobre cookies e como os utilizamos.<\/p>\n<h2>Como utilizamos suas informa\u00e7\u00f5es?<\/h2>\n<p>Podemos usar as informa\u00e7\u00f5es que coletamos de voc\u00ea quando voc\u00ea se cadastra, compra produtos, participa de um concurso ou promo\u00e7\u00e3o, responde a uma pesquisa ou comunica\u00e7\u00e3o de marketing, navega no site ou usa outros recursos do site das seguintes maneiras: Para personalizar sua experi\u00eancia no site e nos permitir fornecer o tipo de conte\u00fado e ofertas de produtos nos quais voc\u00ea est\u00e1 mais interessado. Para nos permitir atend\u00ea-lo melhor ao responder \u00e0s suas solicita\u00e7\u00f5es de atendimento ao cliente. Para processar suas transa\u00e7\u00f5es rapidamente. Para administrar um concurso, promo\u00e7\u00e3o, pesquisa ou outro recurso do site. Se voc\u00ea optou por receber nosso boletim informativo por e-mail, podemos enviar e-mails periodicamente. Se voc\u00ea n\u00e3o quiser mais receber e-mails promocionais nossos, consulte a se\u00e7\u00e3o &#034;Retirando seu consentimento&#034; abaixo. Se voc\u00ea n\u00e3o optou por receber boletins informativos por e-mail, n\u00e3o receber\u00e1 esses e-mails. Os visitantes que se cadastrarem ou participarem de outros recursos do site, como programas de marketing e conte\u00fado exclusivo para membros, poder\u00e3o escolher se desejam ou n\u00e3o fazer parte da nossa lista de e-mails e receber comunica\u00e7\u00f5es por e-mail.<\/p>\n<h2>Como protegemos as informa\u00e7\u00f5es dos visitantes?<\/h2>\n<p>Implementamos diversas medidas de seguran\u00e7a para manter a prote\u00e7\u00e3o das suas informa\u00e7\u00f5es pessoais. Suas informa\u00e7\u00f5es pessoais s\u00e3o armazenadas em redes seguras e acess\u00edveis apenas a um n\u00famero limitado de pessoas que possuem direitos de acesso especiais a esses sistemas e s\u00e3o obrigadas a manter a confidencialidade das informa\u00e7\u00f5es. Quando voc\u00ea faz pedidos ou acessa suas informa\u00e7\u00f5es pessoais, oferecemos o uso de um servidor seguro. Todas as informa\u00e7\u00f5es confidenciais\/de cr\u00e9dito que voc\u00ea fornece s\u00e3o transmitidas por meio da tecnologia Secure Socket Layer (SSL) e, em seguida, criptografadas em nossos bancos de dados, para serem acessadas somente conforme descrito acima.<\/p>\n<h2>Usamos &#034;cookies&#034;?<\/h2>\n<p>Sim. Os cookies s\u00e3o pequenos arquivos que um site ou seu provedor de servi\u00e7os transfere para o disco r\u00edgido do seu computador atrav\u00e9s do seu navegador (se voc\u00ea permitir), permitindo que o site ou o sistema do provedor de servi\u00e7os reconhe\u00e7a seu navegador e capture e memorize certas informa\u00e7\u00f5es. Por exemplo, usamos cookies para nos ajudar a lembrar e processar os itens no seu carrinho de compras. Eles tamb\u00e9m s\u00e3o usados \u200b\u200bpara nos ajudar a entender suas prefer\u00eancias com base em atividades anteriores ou atuais no site, o que nos permite fornecer servi\u00e7os aprimorados. Tamb\u00e9m usamos cookies para nos ajudar a compilar dados agregados sobre o tr\u00e1fego e a intera\u00e7\u00e3o com o site, para que possamos oferecer melhores experi\u00eancias e ferramentas no futuro. Podemos contratar provedores de servi\u00e7os terceirizados para nos ajudar a entender melhor nossos visitantes. Esses provedores de servi\u00e7os n\u00e3o est\u00e3o autorizados a usar as informa\u00e7\u00f5es coletadas em nosso nome, exceto para nos ajudar a conduzir e aprimorar nossos neg\u00f3cios. Voc\u00ea pode optar por receber um aviso do seu computador sempre que um cookie for enviado ou pode optar por desativar todos os cookies. Voc\u00ea faz isso nas configura\u00e7\u00f5es do seu navegador (como Google Chrome, Microsoft Edge ou Safari). Cada navegador \u00e9 um pouco diferente, por isso consulte o menu &#034;Ajuda&#034; do seu navegador para saber a maneira correta de modificar seus cookies. Se voc\u00ea desativar os cookies, n\u00e3o ter\u00e1 acesso a muitos recursos que tornam sua experi\u00eancia no site mais eficiente e alguns de nossos servi\u00e7os n\u00e3o funcionar\u00e3o corretamente. No entanto, voc\u00ea ainda poder\u00e1 fazer pedidos por telefone entrando em contato com o atendimento ao cliente.<\/p>\n<h2>Divulgamos as informa\u00e7\u00f5es que coletamos a terceiros?<\/h2>\n<p>N\u00e3o vendemos, trocamos ou transferimos suas informa\u00e7\u00f5es pessoais para terceiros sem aviso pr\u00e9vio, exceto conforme descrito abaixo. O termo &#034;terceiros&#034; n\u00e3o inclui nossa empresa. Tamb\u00e9m n\u00e3o inclui parceiros de hospedagem de sites e outras partes que nos auxiliam na opera\u00e7\u00e3o do nosso site, na condu\u00e7\u00e3o dos nossos neg\u00f3cios ou na presta\u00e7\u00e3o de servi\u00e7os a voc\u00ea, desde que essas partes concordem em manter essas informa\u00e7\u00f5es confidenciais. Podemos divulgar suas informa\u00e7\u00f5es quando acreditarmos que a divulga\u00e7\u00e3o \u00e9 apropriada para cumprir a lei, aplicar as pol\u00edticas do nosso site ou proteger nossos direitos, propriedade ou seguran\u00e7a, ou os de terceiros. No entanto, informa\u00e7\u00f5es n\u00e3o pessoais sobre visitantes podem ser fornecidas a terceiros para fins de marketing, publicidade ou outros usos. Como voc\u00ea pode optar por n\u00e3o receber, remover ou modificar as informa\u00e7\u00f5es que nos forneceu? Para modificar suas assinaturas de e-mail, informe-nos alterando suas prefer\u00eancias na se\u00e7\u00e3o &#034;Minha Conta&#034;. Observe que, devido aos cronogramas de produ\u00e7\u00e3o de e-mails, voc\u00ea poder\u00e1 receber e-mails que j\u00e1 estejam em produ\u00e7\u00e3o. Para excluir todas as informa\u00e7\u00f5es da sua conta online do nosso banco de dados, acesse a se\u00e7\u00e3o &#034;Minha Conta&#034; do nosso site e remova seus endere\u00e7os de entrega, endere\u00e7os de cobran\u00e7a e informa\u00e7\u00f5es de pagamento. Observe que podemos manter informa\u00e7\u00f5es sobre uma transa\u00e7\u00e3o de venda individual para prestar servi\u00e7os relacionados a essa transa\u00e7\u00e3o e para fins de registro. Links de terceiros: buscando oferecer a voc\u00ea um servi\u00e7o ainda melhor, podemos incluir links de terceiros em nosso site. Esses sites vinculados possuem pol\u00edticas de privacidade separadas e independentes. Portanto, n\u00e3o nos responsabilizamos pelo conte\u00fado e pelas atividades desses sites vinculados. Mesmo assim, buscamos proteger a integridade do nosso site e agradecemos qualquer feedback sobre esses sites vinculados (inclusive se um link espec\u00edfico n\u00e3o estiver funcionando). Altera\u00e7\u00f5es em nossa pol\u00edtica, caso decidamos alter\u00e1-la, ser\u00e3o publicadas nesta p\u00e1gina. As altera\u00e7\u00f5es na pol\u00edtica ser\u00e3o aplicadas somente \u00e0s informa\u00e7\u00f5es coletadas ap\u00f3s a data da altera\u00e7\u00e3o.<\/p>\n<h2>Perguntas e coment\u00e1rios<\/h2>\n<p>Agradecemos suas perguntas, coment\u00e1rios e preocupa\u00e7\u00f5es sobre privacidade. Envie-nos seu feedback sobre privacidade ou qualquer outro assunto. Pol\u00edtica somente online. Esta pol\u00edtica de privacidade online aplica-se apenas \u00e0s informa\u00e7\u00f5es coletadas por meio do nosso site e n\u00e3o \u00e0s informa\u00e7\u00f5es coletadas offline.<\/p>\n<h2>Seu consentimento<\/h2>\n<p>Ao efetuar uma compra atrav\u00e9s do nosso website ou ao submeter um pedido de informa\u00e7\u00e3o com dados pessoais ou empresariais para obter um or\u00e7amento, efetuar um pagamento por qualquer meio ou agendar uma entrega, est\u00e1 a consentir que recolhamos, armazenemos e utilizemos essas informa\u00e7\u00f5es para seu benef\u00edcio e\/ou para melhorar os nossos servi\u00e7os e ofertas. Ao faz\u00ea-lo, tamb\u00e9m consente que divulguemos que \u00e9 um cliente Yeboda, bem como que utilizemos o nome, o log\u00f3tipo e a embalagem da sua empresa para efeitos de divulga\u00e7\u00e3o dos nossos produtos e servi\u00e7os, salvo indica\u00e7\u00e3o em contr\u00e1rio.<\/p>\n<h2>Com o seu consentimento.<\/h2>\n<p>A qualquer momento, voc\u00ea pode optar por revogar seu consentimento para a coleta, uso ou divulga\u00e7\u00e3o de suas informa\u00e7\u00f5es pela Yeboda, entrando em contato conosco. A Yeboda reserva-se o direito de reter quaisquer informa\u00e7\u00f5es coletadas anteriormente para processar pedidos, resolver disputas ou iniciar investiga\u00e7\u00f5es. Ao visitar nosso site, recebemos automaticamente o endere\u00e7o IP (Protocolo de Internet) do seu dispositivo, a regi\u00e3o geogr\u00e1fica aproximada e outras informa\u00e7\u00f5es b\u00e1sicas sobre seu navegador e sistema operacional para melhor atend\u00ea-lo e proporcionar uma experi\u00eancia mais personalizada.<\/p>\t\t\t\t\t\t\t\t<\/div>\n\t\t\t\t\t<\/div>\n\t\t\t\t<\/div>\n\t\t<div class=\"elementor-element elementor-element-3e7fb34 e-flex e-con-boxed e-con e-parent\" data-id=\"3e7fb34\" data-element_type=\"container\" data-e-type=\"container\" data-settings=\"{&quot;_ha_eqh_enable&quot;:false}\">\n\t\t\t\t\t<div class=\"e-con-inner\">\n\t\t\t\t<div class=\"elementor-element elementor-element-2dd4414 elementor-widget elementor-widget-heading\" data-id=\"2dd4414\" data-element_type=\"widget\" data-e-type=\"widget\" data-widget_type=\"heading.default\">\n\t\t\t\t\t<h2 class=\"elementor-heading-title elementor-size-default\">Comece sua jornada em embalagens de vidro com a Minghang.<\/h2>\t\t\t\t<\/div>\n\t\t\t\t<div class=\"elementor-element elementor-element-f0c79fe elementor-widget elementor-widget-heading\" data-id=\"f0c79fe\" data-element_type=\"widget\" data-e-type=\"widget\" data-widget_type=\"heading.default\">\n\t\t\t\t\t<p class=\"elementor-heading-title elementor-size-default\">Entre em contato com nosso especialista de produto agora mesmo.<\/p>\t\t\t\t<\/div>\n\t\t\t\t<div class=\"elementor-element elementor-element-0be3d28 elementor-align-center elementor-widget elementor-widget-button\" data-id=\"0be3d28\" data-element_type=\"widget\" data-e-type=\"widget\" data-widget_type=\"button.default\">\n\t\t\t\t\t\t\t\t\t\t<a class=\"elementor-button elementor-button-link elementor-size-sm\" href=\"#elementor-action%3Aaction%3Dpopup%3Aopen%26settings%3DeyJpZCI6IjE3NDYiLCJ0b2dnbGUiOmZhbHNlfQ%3D%3D\">\n\t\t\t\t\t\t<span class=\"elementor-button-content-wrapper\">\n\t\t\t\t\t\t\t\t\t<span class=\"elementor-button-text\">Comece agora<\/span>\n\t\t\t\t\t<\/span>\n\t\t\t\t\t<\/a>\n\t\t\t\t\t\t\t\t<\/div>\n\t\t\t\t\t<\/div>\n\t\t\t\t<\/div>\n\t\t\t\t<\/div>","protected":false},"excerpt":{"rendered":"<p>Privacy Policy What information do we collect? We collect information from you when you register on the site, place an order, enter a contest or sweepstakes, respond to a survey or communication such as e-mail, or participate in another site feature. When ordering or registering, we may ask you for your name, e-mail address, mailing [\u2026]<\/p>","protected":false},"author":1,"featured_media":0,"parent":0,"menu_order":0,"comment_status":"closed","ping_status":"closed","template":"","meta":{"postBodyCss":"","postBodyMargin":[],"postBodyPadding":[],"postBodyBackground":{"backgroundType":"classic","gradient":""},"footnotes":""},"class_list":["post-3","page","type-page","status-publish","hentry"],"blocksy_meta":[],"jetpack_sharing_enabled":true,"_links":{"self":[{"href":"https:\/\/minghanggroup.com\/pt\/wp-json\/wp\/v2\/pages\/3","targetHints":{"allow":["GET"]}}],"collection":[{"href":"https:\/\/minghanggroup.com\/pt\/wp-json\/wp\/v2\/pages"}],"about":[{"href":"https:\/\/minghanggroup.com\/pt\/wp-json\/wp\/v2\/types\/page"}],"author":[{"embeddable":true,"href":"https:\/\/minghanggroup.com\/pt\/wp-json\/wp\/v2\/users\/1"}],"replies":[{"embeddable":true,"href":"https:\/\/minghanggroup.com\/pt\/wp-json\/wp\/v2\/comments?post=3"}],"version-history":[{"count":5,"href":"https:\/\/minghanggroup.com\/pt\/wp-json\/wp\/v2\/pages\/3\/revisions"}],"predecessor-version":[{"id":3354,"href":"https:\/\/minghanggroup.com\/pt\/wp-json\/wp\/v2\/pages\/3\/revisions\/3354"}],"wp:attachment":[{"href":"https:\/\/minghanggroup.com\/pt\/wp-json\/wp\/v2\/media?parent=3"}],"curies":[{"name":"wp","href":"https:\/\/api.w.org\/{rel}","templated":true}]}}