{"id":6385,"date":"2026-04-15T13:23:49","date_gmt":"2026-04-15T05:23:49","guid":{"rendered":"https:\/\/minghanggroup.com\/?post_type=product&#038;p=6385"},"modified":"2026-04-15T16:42:51","modified_gmt":"2026-04-15T08:42:51","slug":"test-tubes-borosilicate-glass-with-cork-bulk","status":"publish","type":"product","link":"https:\/\/minghanggroup.com\/ko\/product\/test-tubes-borosilicate-glass-with-cork-bulk\/","title":{"rendered":"10ml ~ 30ml \ubd95\uaddc\uc0b0 \uc720\ub9ac \uc2dc\ud5d8\uad00 (\ucf54\ub974\ud06c \ub9c8\uac1c \ud3ec\ud568) \ub300\ub7c9 \ud310\ub9e4"},"content":{"rendered":"<p>\ubd95\uaddc\uc0b0 \uc720\ub9ac\ub85c \ub9cc\ub4e4\uc5b4\uc9c4 \uc774 \uc2dc\ud5d8\uad00\uc740 \uc6d0\ud1b5\ud615 \ub514\uc790\uc778\uc774\uba70, \ub6f0\uc5b4\ub09c \uad11\ud559\uc801 \ud22c\uba85\ub3c4\uc640 \ub0b4\uc5f4\uc131\uc744 \uc81c\uacf5\ud558\ub294 \ucd08\ud22c\uba85 \uc2dd\ud488 \ub4f1\uae09 \ubd95\uaddc\uc0b0 \uc720\ub9ac\ub85c \uad6c\uc131\ub418\uc5b4 \uc788\uc2b5\ub2c8\ub2e4. \ucc9c\uc5f0 \ucf54\ub974\ud06c \ub9c8\uac1c\ub294 \uc2dc\ud5d8\uad00\uc744 \ubc00\ubd09\ud558\ub294 \uc5ed\ud560\uc744 \ud569\ub2c8\ub2e4.<\/p>\n<h2>\uc81c\ud488 \ud2b9\uc9d5<\/h2>\n<ul>\n<li><strong>\ubd95\uaddc\uc0b0 \uc720\ub9ac \uc7ac\uc9c8:<\/strong> \uc774 \ud29c\ube0c\uc5d0 \uace0\ubd95\uaddc\uc0b0 \uc720\ub9ac\ub97c \uc0ac\uc6a9\ud568\uc73c\ub85c\uc368 \uc5f4\ucda9\uaca9\uc744 \uacac\ub51c \uc218 \uc788\uace0, \uc138\ucc99\uc774 \uac04\ud3b8\ud558\uba70 \uc7ac\uc0ac\uc6a9\uc774 \uac00\ub2a5\ud558\ub2e4\ub294 \uc7a5\uc810\uc744 \uc720\uc9c0\ud560 \uc218 \uc788\uc2b5\ub2c8\ub2e4.<\/li>\n<li><strong>\ucc9c\uc5f0 \ucf54\ub974\ud06c \ub9c8\uac1c:<\/strong> \ucc9c\uc5f0 \ucf54\ub974\ud06c \ub9c8\uac1c\ub294 \ub6f0\uc5b4\ub09c \ubc00\ubd09 \uc131\ub2a5\uc744 \uc81c\uacf5\ud558\uc5ec \uc2b5\uae30\uc640 \ud574\ucda9\uc744 \ud6a8\uacfc\uc801\uc73c\ub85c \ucc28\ub2e8\ud569\ub2c8\ub2e4.<\/li>\n<li><strong>\ub2e4\uc591\ud55c \uc6a9\ub7c9 \uc774\uc6a9 \uac00\ub2a5:<\/strong> \ub2e4\uc591\ud55c \uae38\uc774\uc640 \uc6a9\ub7c9\uc73c\ub85c \uc81c\uacf5\ub418\ub294 \uc774 \ud29c\ube0c\ub4e4\uc740 \uc2dc\ub8cc \ubd84\uc8fc \ubc0f \uac74\uc870\ubb3c \ubcf4\uad00\uc744 \ud3ec\ud568\ud55c \uc5ec\ub7ec \uc6a9\ub3c4\ub85c \uc0ac\uc6a9\ub429\ub2c8\ub2e4.<\/li>\n<\/ul>\n<h2 style=\"text-align: left;\">\uc8fc\uc694 \uc0ac\uc591<\/h2>\n<table class=\"aligncenter\" style=\"border-collapse: collapse; width: 551.27pt;\" border=\"0\" width=\"735\" cellspacing=\"0\" cellpadding=\"0\">\n<tbody>\n<tr style=\"height: 13.50pt;\">\n<td style=\"height: 13.50pt; width: 120.00pt;\" width=\"160\" height=\"18\">\uae30\uc778\ud558\ub2e4<\/td>\n<td style=\"width: 431.25pt;\" width=\"575\">\uc138\ubd80<\/td>\n<\/tr>\n<tr style=\"height: 13.50pt;\">\n<td style=\"height: 13.50pt;\" height=\"18\">\ud06c\uae30 \ubc0f \uc6a9\ub7c9<\/td>\n<td>1.5\u00d710cm (10ml), 1.5\u00d712cm (13ml), 1.5\u00d722.5cm (28ml), 1.6\u00d722cm (30ml)<\/td>\n<\/tr>\n<tr style=\"height: 13.50pt;\">\n<td style=\"height: 13.50pt;\" height=\"18\">\uc7ac\ub8cc<\/td>\n<td>\ud22c\uba85 \ubd95\uaddc\uc0b0 \uc720\ub9ac, \ucc9c\uc5f0 \ucf54\ub974\ud06c \ub9c8\uac1c<\/td>\n<\/tr>\n<tr style=\"height: 13.50pt;\">\n<td style=\"height: 13.50pt;\" height=\"18\">\ud29c\ube0c \ubaa8\uc591<\/td>\n<td>\uc9c1\uc120 \ubcbd \uc6d0\ud1b5<\/td>\n<\/tr>\n<tr style=\"height: 13.50pt;\">\n<td style=\"height: 13.50pt;\" height=\"18\">\ub9de\ucda4 \uc124\uc815 \ubc94\uc704<\/td>\n<td>\uc0c9\uc0c1, \ucf54\ub974\ud06c \uc885\ub958, \ud06c\uae30, \uc5e0\ubcf4\uc2f1\/\uc778\uc1c4<\/td>\n<\/tr>\n<tr style=\"height: 13.50pt;\">\n<td style=\"height: 13.50pt;\" height=\"18\">\uc7a5\uc778\uc815\uc2e0<\/td>\n<td>\ubd95\uaddc\uc0b0 \uc720\ub9ac \ub4dc\ub85c\uc789\/\ud29c\ube59<\/td>\n<\/tr>\n<tr style=\"height: 13.50pt;\">\n<td style=\"height: 13.50pt;\" height=\"18\">\uc8fc\uc694 \uc6a9\ub3c4<\/td>\n<td>\ucf54\ub974\ud06c \ub9c8\uac1c\uac00 \uc788\ub294 \uc720\ub9ac\uad00, \uc720\ub9ac \uc2dc\ud5d8\uad00<\/td>\n<\/tr>\n<tr style=\"height: 13.50pt;\">\n<td style=\"height: 13.50pt;\" height=\"18\">\ubaa9\ud45c \uc0b0\uc5c5<\/td>\n<td>\uc2e4\ud5d8\uc2e4, \uad50\uc721\uc6a9\ud488 \uacf5\uae09\uc5c5\uccb4, \uacf5\uc608 \ubc0f DIY<\/td>\n<\/tr>\n<\/tbody>\n<\/table>\n<h2>\uc131\uacf5 \uc0ac\ub840: \uc8fc\uc694 \uacf5\uc608\ud488 \uc18c\ub9e4\uc5c5\uccb4\uc758 \ub9de\ucda4 \uc8fc\ubb38<\/h2>\n<p>\ubbf8\uad6d\uc758 \uc8fc\uc694 \uacf5\uc608 \ubc0f \ud654\ud6fc \uc6a9\ud488 \uccb4\uc778\uc810\uc5d0\uc11c \ub9de\ucda4\ud615 \uc0c9\uc0c1\uc758 \ucf54\ub974\ud06c \ub9c8\uac1c\uc640 \ubb34\uad11 \uc720\ub9ac \ub9c8\uac10 \ucc98\ub9ac\uac00 \ub41c \ub2f9\uc0ac\uc758 \ucf54\ub974\ud06c \ub9c8\uac1c \uc720\ub9ac \ud29c\ube0c\ub97c \uc120\ud0dd\ud588\uc2b5\ub2c8\ub2e4. \uc774 \ub9de\ucda4\ud615 \uc81c\ud488\uc740 \uacfc\ud559\uc801\uc778 \ub514\uc790\uc778 \ub355\ubd84\uc5d0 &#034;\ube48\ud2f0\uc9c0 \uc57d\uad6d&#034; \uce74\ud14c\uace0\ub9ac\uc5d0\uc11c \uc628\ub77c\uc778 \ud310\ub9e4\ub7c9\uc774 500% \uc99d\uac00\ud558\ub294 \uc5c4\uccad\ub09c \uc131\uacf5\uc744 \uac70\ub450\uc5c8\uc73c\uba70, 1\ubd84\uae30 \ub3d9\uc548 \uc624\ud504\ub77c\uc778 \ub9e4\uc7a5\uc5d0\uc11c\ub3c4 \uc7ac\uace0\uc758 98%\uac00 \ud310\ub9e4\ub418\uc5c8\uc2b5\ub2c8\ub2e4. \uc81c\ud488\uc5d0 \ub300\ud55c \uc2dc\uc7a5 \ubc18\uc751\uc774 \uc608\uc0c1\uc744 \ud6e8\uc52c \ub6f0\uc5b4\ub118\uc790, \ud574\ub2f9 \uc5c5\uccb4\ub294 48\ub9cc \uac1c\uc758 \uc720\ub9ac \ud29c\ube0c\ub97c \ucd94\uac00\ub85c \uc8fc\ubb38\ud588\uc2b5\ub2c8\ub2e4.<\/p>\n<h2>\ucf54\ub974\ud06c \ub9c8\uac1c\uac00 \uc788\ub294 \uc720\ub9ac \ud29c\ube0c, \ub9de\ucda4 \uc81c\uc791 \uc635\uc158<\/h2>\n<ul>\n<li>\ucf54\ub974\ud06c \uc885\ub958: \ucc9c\uc5f0 \ucf54\ub974\ud06c, \uc720\uc0c9 \ucf54\ub974\ud06c, \uc641\uc2a4 \ucc98\ub9ac\ub41c \ucf54\ub974\ud06c, \ud569\uc131 \ucf54\ub974\ud06c\uac00 \uc788\uc73c\uba70, \uc7a5\uc2dd\uc6a9 \ub9c8\uac1c\ub3c4 \uc120\ud0dd \uac00\ub2a5\ud569\ub2c8\ub2e4.<\/li>\n<li>\uc2a4\ud06c\ub9b0 \uc778\uc1c4: \uc774 \uae30\uc220\uc740 \uc720\ub9ac \ud45c\uba74\uc5d0 \ub208\uae08, \ub85c\uace0 \ubc0f \uc7a5\uc2dd \ud328\ud134\uc744 \uc9c1\uc811 \uc801\uc6a9\ud560 \uc218 \uc788\ub3c4\ub85d \ud569\ub2c8\ub2e4.<\/li>\n<li>\ubbf8\ub9ac \uad6c\uba4d\uc774 \ub6ab\ub9b0 \ucf54\ub974\ud06c \ub9c8\uac1c: \uc774 \uc81c\ud488\uc5d0\ub294 \ubbf8\ub9ac \uad6c\uba4d\uc774 \ub6ab\ub9b0 \ucf54\ub974\ud06c \ub9c8\uac1c\uac00 \uc81c\uacf5\ub418\uc5b4 \uc0ac\uc6a9\uc790\uac00 \uaf43\uc904\uae30 \ud558\ub098\ub97c \uaf42\uc544 \ud29c\ube0c\ub97c \ud544\uc218\uc801\uc778 \uaf43\ubcd1\uc73c\ub85c \ud65c\uc6a9\ud560 \uc218 \uc788\uc2b5\ub2c8\ub2e4.<\/li>\n<\/ul>","protected":false},"excerpt":{"rendered":"<p>\ud22c\uba85\ud55c \ub9c8\uac10 \ucc98\ub9ac\uc640 \ucf54\ub974\ud06c \ub9c8\uac1c\ub85c \ubc00\ubd09\ub41c \ubd95\uaddc\uc0b0 \uc720\ub9ac \uc2dc\ud5d8\uad00\uc785\ub2c8\ub2e4. \ucf54\ub974\ud06c \ub9c8\uac1c\uac00 \uc788\ub294 \uc720\ub9ac \uc2dc\ud5d8\uad00\uc740 \uc0d8\ud50c, \ud5a5\uc2e0\ub8cc, \uc120\ubb3c\uc6a9\uc73c\ub85c \uc774\uc0c1\uc801\uc785\ub2c8\ub2e4. \uc624\ub298 \ubb34\ub8cc \uc0d8\ud50c\uc744 \ubc1b\uc544\ubcf4\uc138\uc694.<\/p>","protected":false},"featured_media":6390,"template":"","meta":{"postBodyCss":"","postBodyMargin":[],"postBodyPadding":[],"postBodyBackground":{"backgroundType":"classic","gradient":""}},"product_brand":[],"product_cat":[117,15,16],"product_tag":[],"class_list":{"0":"post-6385","1":"product","2":"type-product","3":"status-publish","4":"has-post-thumbnail","6":"product_cat-glass-tubes","7":"product_cat-glass-containers","8":"product_cat-glass-bottles","10":"first","11":"instock","12":"shipping-taxable","13":"product-type-simple"},"jetpack_sharing_enabled":true,"_links":{"self":[{"href":"https:\/\/minghanggroup.com\/ko\/wp-json\/wp\/v2\/product\/6385","targetHints":{"allow":["GET"]}}],"collection":[{"href":"https:\/\/minghanggroup.com\/ko\/wp-json\/wp\/v2\/product"}],"about":[{"href":"https:\/\/minghanggroup.com\/ko\/wp-json\/wp\/v2\/types\/product"}],"wp:featuredmedia":[{"embeddable":true,"href":"https:\/\/minghanggroup.com\/ko\/wp-json\/wp\/v2\/media\/6390"}],"wp:attachment":[{"href":"https:\/\/minghanggroup.com\/ko\/wp-json\/wp\/v2\/media?parent=6385"}],"wp:term":[{"taxonomy":"product_brand","embeddable":true,"href":"https:\/\/minghanggroup.com\/ko\/wp-json\/wp\/v2\/product_brand?post=6385"},{"taxonomy":"product_cat","embeddable":true,"href":"https:\/\/minghanggroup.com\/ko\/wp-json\/wp\/v2\/product_cat?post=6385"},{"taxonomy":"product_tag","embeddable":true,"href":"https:\/\/minghanggroup.com\/ko\/wp-json\/wp\/v2\/product_tag?post=6385"}],"curies":[{"name":"wp","href":"https:\/\/api.w.org\/{rel}","templated":true}]}}