{"id":6379,"date":"2026-04-15T08:56:32","date_gmt":"2026-04-15T00:56:32","guid":{"rendered":"https:\/\/minghanggroup.com\/?post_type=product&#038;p=6379"},"modified":"2026-04-15T13:46:23","modified_gmt":"2026-04-15T05:46:23","slug":"small-borosilicate-glass-tubes-with-metal-lids-bulk","status":"publish","type":"product","link":"https:\/\/minghanggroup.com\/ko\/product\/small-borosilicate-glass-tubes-with-metal-lids-bulk\/","title":{"rendered":"10ml, 15ml, 20ml \uc18c\ud615 \ubd95\uaddc\uc0b0 \uc720\ub9ac\uad00 (\uae08\uc18d \ub69c\uaed1 \ud3ec\ud568) \ub300\ub7c9 \ud310\ub9e4"},"content":{"rendered":"<p>\uc774 \uc720\ub9ac\uad00\uc740 \uc9c1\uc120\ud615 \uad6c\uc870\uc640 \uace0\ubd95\uaddc\uc0b0 \uc720\ub9ac \uc18c\uc7ac\ub97c \uc0ac\uc6a9\ud558\uc5ec \ub6f0\uc5b4\ub09c \uad11 \ud22c\uacfc\uc728\uacfc \ub2e8\uc5f4 \ud6a8\uacfc\ub97c \uc81c\uacf5\ud558\ub294 \ud604\ub300\uc801\uc778 \ub514\uc790\uc778\uc744 \ubcf4\uc5ec\uc90d\ub2c8\ub2e4. \uc720\ub9ac\uad00\uc5d0\ub294 \ud45c\uc900 \ub098\uc0ac\uc2dd \uc5f0\uacb0\ubd80\uac00 \uc788\uc73c\uba70, \uc0c1\ub2e8\uc5d0\ub294 \uc740\uc0c9 \uae08\uc18d \ub098\uc0ac \ub69c\uaed1\uc774 \uc788\uc5b4 \uc6a9\uae30\ub97c \ubc00\ubd09\ud569\ub2c8\ub2e4.<\/p>\n<h2>\uc81c\ud488 \ud2b9\uc9d5<\/h2>\n<ul>\n<li><strong>\ub2e8\uc21c\ud55c \uc9c1\uc120\ud615 \ud29c\ube0c \ub514\uc790\uc778:<\/strong> \uc804\ud615\uc801\uc778 \uc9c1\uc120\ud615 \ud29c\ube0c \ub514\uc790\uc778\uc740 \uc138\ub828\ub41c \uc2e4\ud5d8\uc2e4 \ubd84\uc704\uae30\ub97c \uc790\uc544\ub0c5\ub2c8\ub2e4.<\/li>\n<li><strong>\uace0\ud22c\uba85 \uace0\ubd95\uaddc\uc0b0 \uc720\ub9ac:<\/strong> \ub192\uc740 \ud22c\uba85\ub3c4\ub97c \uc790\ub791\ud558\ub294 \ubb34\uc5f0 \uace0\ubd95\uaddc\uc0b0 \uc720\ub9ac\ub85c \uc81c\uc791\ub41c \ud29c\ube0c\ub294 \ub6f0\uc5b4\ub09c \ub0b4\uad6c\uc131\uacfc \ud22c\uba85\ud55c \uc678\uad00\uc744 \ubcf4\uc5ec\uc8fc\uba70 \uc5f4 \ucda9\uaca9\uc73c\ub85c\ubd80\ud130 \ubcf4\ud638\ud574\uc90d\ub2c8\ub2e4.<\/li>\n<li><strong>\ub2e4\uc591\ud55c \uc0ac\uc774\uc988 \uc81c\uacf5:<\/strong> \uc138 \uac00\uc9c0 \uc815\ud655\ud55c \uc6a9\ub7c9(10ml, 15ml \ubc0f 20ml)\uc740 \ub3d9\uc77c\ud55c \uc9c1\uacbd\uc744 \uacf5\uc720\ud558\ubbc0\ub85c \uccb4\uacc4\uc801\uc778 \uc0d8\ud50c\ub9c1 \ubc0f \ud14c\uc2a4\ud2b8\uac00 \uac00\ub2a5\ud569\ub2c8\ub2e4.<\/li>\n<\/ul>\n<h2 style=\"text-align: left;\">\uc8fc\uc694 \uc0ac\uc591<\/h2>\n<table class=\"aligncenter\" style=\"border-collapse: collapse; width: 494.27pt;\" border=\"0\" width=\"659\" cellspacing=\"0\" cellpadding=\"0\">\n<tbody>\n<tr style=\"height: 13.50pt;\">\n<td style=\"height: 13.50pt; width: 138.75pt;\" width=\"185\" height=\"18\">\uc0ac\uc591<\/td>\n<td style=\"width: 355.50pt;\" width=\"474\">\uc138\ubd80<\/td>\n<\/tr>\n<tr style=\"height: 13.50pt;\">\n<td style=\"height: 13.50pt;\" height=\"18\">\ud06c\uae30 \ubc0f \uc6a9\ub7c9<\/td>\n<td>10ml: 3\u00d73cm, 15ml: 3\u00d74cm, 20ml: 3\u00d75cm<\/td>\n<\/tr>\n<tr style=\"height: 13.50pt;\">\n<td style=\"height: 13.50pt;\" height=\"18\">\uc7ac\ub8cc<\/td>\n<td>\uace0\ubd95\uaddc\uc0b0 \uc720\ub9ac, \uae08\uc18d \ub69c\uaed1<\/td>\n<\/tr>\n<tr style=\"height: 13.50pt;\">\n<td style=\"height: 13.50pt;\" height=\"18\">\ud29c\ube0c \ubaa8\uc591<\/td>\n<td>\uc9c1\uc120 \ubcbd \uc6d0\ud1b5<\/td>\n<\/tr>\n<tr style=\"height: 13.50pt;\">\n<td style=\"height: 13.50pt;\" height=\"18\">\ub9de\ucda4 \uc124\uc815 \ubc94\uc704<\/td>\n<td>\uc0c9\uc0c1, \ub69c\uaed1, \ub9c8\uac10, \ub0b4\ubd80 \ucf54\ud305, \ud06c\uae30<\/td>\n<\/tr>\n<tr style=\"height: 13.50pt;\">\n<td style=\"height: 13.50pt;\" height=\"18\">\uc7a5\uc778\uc815\uc2e0<\/td>\n<td>\uc815\ubc00 \uc720\ub9ac\uad00 \uac00\uacf5 \ubc0f \uc808\ub2e8<\/td>\n<\/tr>\n<tr style=\"height: 13.50pt;\">\n<td style=\"height: 13.50pt;\" height=\"18\">\uc81c\ud488 \uc6a9\ub3c4<\/td>\n<td>\ubd95\uaddc\uc0b0 \uc720\ub9ac\uad00, \uc544\ub85c\ub9c8\ud14c\ub77c\ud53c \ubc0f \uc5d0\uc13c\uc15c \uc624\uc77c \ubc14\uc774\uc54c<\/td>\n<\/tr>\n<tr style=\"height: 13.50pt;\">\n<td style=\"height: 13.50pt;\" height=\"18\">\uc801\ud569\ud55c \uc0b0\uc5c5 \ubd84\uc57c<\/td>\n<td>\uc5f0\uad6c\uc18c, \uc544\ub85c\ub9c8\ud14c\ub77c\ud53c \ubc0f \ud5a5\uc218, \uc81c\uc57d<\/td>\n<\/tr>\n<\/tbody>\n<\/table>\n<h2>\uc131\uacf5 \uc0ac\ub840: \uc2a4\uc704\uc2a4 \ud5a5\ub8cc \uc5f0\uad6c\uc18c\uc5d0 \ub9de\ucda4 \uc8fc\ubb38<\/h2>\n<p>\uc800\ud76c 15ml \uc720\ub9ac \ud29c\ube0c\ub294 \uc720\uba85\ud55c \uc2a4\uc704\uc2a4 \ud5a5\ub8cc \uc5f0\uad6c\uc18c\uc5d0\uc11c PTFE \ucf54\ud305 \ucea1\uacfc \ub208\uae08 \uc778\uc1c4\ub97c \ud3ec\ud568\ud55c \ud2b9\uc815 \ub9de\ucda4 \uc81c\uc791\uc744 \uc694\uccad\ud558\uc5ec \uc120\ud0dd\ub418\uc5c8\uc2b5\ub2c8\ub2e4. \ub9de\ucda4 \uc124\uacc4\ub41c \ud29c\ube0c\ub294 \ud0c1\uc6d4\ud55c \uc131\ub2a5\uc744 \ubcf4\uc5ec\uc8fc\uc5c8\uc2b5\ub2c8\ub2e4. \uc815\ud655\ud55c \ub208\uae08 \ub355\ubd84\uc5d0 \ud63c\ud569 \uce21\uc815 \uc624\ucc28\uac00 0.5% \uac10\uc18c\ud588\uc73c\uba70, \uc0d8\ud50c \uc81c\ucd9c \uc6a9\ub7c9\ub3c4 40% \uc99d\uac00\ud588\uc2b5\ub2c8\ub2e4. \uc774\uc5d0 \ub530\ub77c \uc5f0\uad6c\uc18c\ub294 \uc0c8\ub85c\uc6b4 \ud5a5\ub8cc \ube14\ub80c\ub4dc \uc138\ud2b8\uc640 \uace0\ub18d\ucd95 \uc5d0\uc13c\uc15c \uc624\uc77c \uc81c\ud488\uc744 \ud3ec\uc7a5\ud558\uae30 \uc704\ud574 50\ub9cc \uac1c\uc758 \ud29c\ube0c\ub97c \ucd94\uac00 \uc8fc\ubb38\ud588\uc2b5\ub2c8\ub2e4.<\/p>\n<h2>\uc0ac\uc6a9\uc790 \uc815\uc758 \uc635\uc158<\/h2>\n<ul>\n<li>\ub9de\ucda4\ud615 \ucea1: \ub2f9\uc0ac\ub294 \uace0\uac1d\uc5d0\uac8c \uc2e4\ub9ac\ucf58 \ub610\ub294 \uace0\ubb34 \uc18c\uc7ac\uc758 \ud2b9\uc218 \uc548\uac10, \ub2e4\uc591\ud55c \uc0c9\uc0c1 \uc120\ud0dd, \uc5b4\ub9b0\uc774 \uc548\uc804 \uae30\ub2a5 \ub610\ub294 \uac1c\ubd09 \ubc29\uc9c0 \uae30\ub2a5 \ub4f1 \ub2e4\uc591\ud55c \ucea1 \uc635\uc158\uc744 \uc81c\uacf5\ud569\ub2c8\ub2e4.<\/li>\n<li>\uc6a9\ub7c9: \uc720\ub9ac \ud29c\ube0c\ub294 5ml, 30ml, 50ml, 100ml \ub4f1 \ub2e4\uc591\ud55c \uc6a9\ub7c9\uc73c\ub85c \uc81c\uacf5\ub429\ub2c8\ub2e4.<\/li>\n<li>\ub0b4\ubd80 \ucf54\ud305: \uc720\ub9ac\uad00\uc740 \ubc18\uc751\uc131 \ubb3c\uc9c8\uacfc \uc811\ucc29\uc131 \ubb3c\uc9c8 \ubaa8\ub450\ub85c\ubd80\ud130 \ubcf4\ud638\ud558\ub294 \ud2b9\uc218 \ub0b4\ubd80 \ucf54\ud305\uc744 \uc0ac\uc6a9\ud569\ub2c8\ub2e4.<\/li>\n<\/ul>","protected":false},"excerpt":{"rendered":"<p>\ub0b4\uad6c\uc131\uc774 \ub6f0\uc5b4\ub09c \ubd95\uaddc\uc0b0 \uc720\ub9ac\uad00\uacfc \uae08\uc18d \ucea1\uc73c\ub85c \uc81c\uc791\ub41c \uace0\uae09 \uc720\ub9ac \ud29c\ube0c\uc785\ub2c8\ub2e4. \ubd95\uaddc\uc0b0 \uc720\ub9ac\uad00\uc740 \ub0b4\uc5f4\uc131\uc744 \ubcf4\uc7a5\ud569\ub2c8\ub2e4. \uc804 \uc138\uacc4 \ube60\ub978 \ubc30\uc1a1.<\/p>","protected":false},"featured_media":6382,"template":"","meta":{"postBodyCss":"","postBodyMargin":[],"postBodyPadding":[],"postBodyBackground":{"backgroundType":"classic","gradient":""}},"product_brand":[],"product_cat":[117,15,16],"product_tag":[],"class_list":{"0":"post-6379","1":"product","2":"type-product","3":"status-publish","4":"has-post-thumbnail","6":"product_cat-glass-tubes","7":"product_cat-glass-containers","8":"product_cat-glass-bottles","10":"first","11":"instock","12":"shipping-taxable","13":"product-type-simple"},"jetpack_sharing_enabled":true,"_links":{"self":[{"href":"https:\/\/minghanggroup.com\/ko\/wp-json\/wp\/v2\/product\/6379","targetHints":{"allow":["GET"]}}],"collection":[{"href":"https:\/\/minghanggroup.com\/ko\/wp-json\/wp\/v2\/product"}],"about":[{"href":"https:\/\/minghanggroup.com\/ko\/wp-json\/wp\/v2\/types\/product"}],"wp:featuredmedia":[{"embeddable":true,"href":"https:\/\/minghanggroup.com\/ko\/wp-json\/wp\/v2\/media\/6382"}],"wp:attachment":[{"href":"https:\/\/minghanggroup.com\/ko\/wp-json\/wp\/v2\/media?parent=6379"}],"wp:term":[{"taxonomy":"product_brand","embeddable":true,"href":"https:\/\/minghanggroup.com\/ko\/wp-json\/wp\/v2\/product_brand?post=6379"},{"taxonomy":"product_cat","embeddable":true,"href":"https:\/\/minghanggroup.com\/ko\/wp-json\/wp\/v2\/product_cat?post=6379"},{"taxonomy":"product_tag","embeddable":true,"href":"https:\/\/minghanggroup.com\/ko\/wp-json\/wp\/v2\/product_tag?post=6379"}],"curies":[{"name":"wp","href":"https:\/\/api.w.org\/{rel}","templated":true}]}}