{"id":6204,"date":"2026-04-06T10:12:26","date_gmt":"2026-04-06T02:12:26","guid":{"rendered":"https:\/\/minghanggroup.com\/?post_type=product&#038;p=6204"},"modified":"2026-04-06T13:23:17","modified_gmt":"2026-04-06T05:23:17","slug":"square-transparent-flower-vases-wholesale","status":"publish","type":"product","link":"https:\/\/minghanggroup.com\/ko\/product\/square-transparent-flower-vases-wholesale\/","title":{"rendered":"750ml, 800ml, 1100ml \uc0ac\uac01 \ud22c\uba85 \uaf43\ubcd1 \ub3c4\ub9e4"},"content":{"rendered":"<p>\uc774 \uc815\uc0ac\uac01\ud615 \uc720\ub9ac \ud654\ubcd1\uc740 \ud22c\uba85\ud55c \uc720\ub9ac \uc18c\uc7ac\ub97c \uc0ac\uc6a9\ud558\uc5ec \uc81c\uc791\ub418\uc5c8\uc73c\uba70, \ubab8\uccb4 \uc804\uccb4\uc5d0 \uae4a\uc740 \uc138\ub85c \ud648\uc774 \ub4dc\ub7ec\ub098 \uc788\uc5b4 \ubaa8\ub358\ud55c \ub514\uc790\uc778\uc744 \uc790\ub791\ud569\ub2c8\ub2e4. \ud06c\uae30\ub294 \ub124 \uac00\uc9c0 \uc635\uc158\uc73c\ub85c \uc81c\uacf5\ub429\ub2c8\ub2e4.<\/p>\n<h2>\uc81c\ud488 \ud2b9\uc9d5<\/h2>\n<ul>\n<li><strong>\ub2e8\uc21c\ud55c \uc0ac\uac01\ud615 \uae30\ub465:<\/strong> \ub0a0\uce74\ub86d\uace0 \uae30\ud558\ud559\uc801\uc778 \uc815\uc0ac\uac01\ud615 \ubaa8\uc591\uc740 \ud604\ub300\uc801\uc778 \uac74\ucd95\uc801 \uc2e4\ub8e8\uc5e3\uc744 \ub9cc\ub4e4\uc5b4\ub0b4\uba70, \ud604\ub300\uc801\uc778 \uacf5\uac04\uacfc \uc644\ubcbd\ud558\uac8c \uc870\ud654\ub97c \uc774\ub8f9\ub2c8\ub2e4.<\/li>\n<li><strong>\uc804\uccb4 \ucee4\ubc84\ub9ac\uc9c0 \uc218\uc9c1\ud615 \ub9ac\ube0c:<\/strong> \ubb3c\uccb4\uc758 \ubaa8\ub4e0 \uba74\uc5d0 \uac78\uccd0 \ubed7\uc5b4 \uc788\ub294 \uae4a\uc740 \uc218\uc9c1 \ud648\uc740 \ub9e4\ub825\uc801\uc778 \uc2dc\uac01\uc801 \ud328\ud134\uc744 \ub9cc\ub4e4\uc5b4\ub0b4\ub294 \ub3d9\uc2dc\uc5d0 \ucd94\uac00\uc801\uc778 \uac15\ub3c4\ub97c \uc81c\uacf5\ud558\uace0 \ub180\ub77c\uc6b4 \ube5b\uacfc \uadf8\ub9bc\uc790 \ud6a8\uacfc\ub97c \ub9cc\ub4e4\uc5b4\ub0c5\ub2c8\ub2e4.<\/li>\n<li><strong>\uacac\uace0\ud558\uace0 \ub465\uadfc \ubc1b\uce68\ub300:<\/strong> \ub450\uaecd\uace0 \ub465\uadfc \ud615\ud0dc\uc758 \uc720\ub9ac \ubc1b\uce68\ub300\ub294 \ub6f0\uc5b4\ub09c \uc548\uc815\uc131\uc744 \uc81c\uacf5\ud558\ub294 \ub3d9\uc2dc\uc5d0 \uace0\uae09\uc2a4\ub7ec\uc6b4 \uc678\uad00\uc744 \uc5f0\ucd9c\ud569\ub2c8\ub2e4.<\/li>\n<\/ul>\n<h2 style=\"text-align: left;\">\uc8fc\uc694 \uc0ac\uc591<\/h2>\n<table class=\"aligncenter\" style=\"border-collapse: collapse; width: 445.52pt;\" border=\"0\" width=\"594\" cellspacing=\"0\" cellpadding=\"0\">\n<tbody>\n<tr style=\"height: 13.50pt;\">\n<td style=\"height: 13.50pt; width: 119.25pt;\" width=\"159\" height=\"18\">\uae30\uc778\ud558\ub2e4<\/td>\n<td style=\"width: 326.25pt;\" width=\"435\">\uc138\ubd80<\/td>\n<\/tr>\n<tr style=\"height: 13.50pt;\">\n<td style=\"height: 13.50pt;\" height=\"18\">\ud06c\uae30(\ub192\uc774) \ubc0f \uc6a9\ub7c9<\/td>\n<td>10\u00d710cm (750ml), 10\u00d712cm (800ml), 10\u00d715cm (1100ml)<\/td>\n<\/tr>\n<tr style=\"height: 13.50pt;\">\n<td style=\"height: 13.50pt;\" height=\"18\">\uc7ac\ub8cc<\/td>\n<td>\ud22c\uba85\ud55c \uc720\ub9ac<\/td>\n<\/tr>\n<tr style=\"height: 13.50pt;\">\n<td style=\"height: 13.50pt;\" height=\"18\">\uaf43\ubcd1 \ubaa8\uc591<\/td>\n<td>\uc138\ub85c \ub291\uace8\uc774 \uc788\ub294 \uc815\uc0ac\uac01\ud615 \uae30\ub465<\/td>\n<\/tr>\n<tr style=\"height: 13.50pt;\">\n<td style=\"height: 13.50pt;\" height=\"18\">\ub9de\ucda4 \uc124\uc815 \ubc94\uc704<\/td>\n<td>\uc0c9\uc0c1, \uac08\ube44\ubf08 \ub108\ube44\/\uae4a\uc774, \ud06c\uae30, \ubaa8\uc591<\/td>\n<\/tr>\n<tr style=\"height: 13.50pt;\">\n<td style=\"height: 13.50pt;\" height=\"18\">\uc7a5\uc778\uc815\uc2e0<\/td>\n<td>\uace0\ud488\uc9c8 \uc131\ud615 \uc720\ub9ac, \uc815\ubc00\ud55c \uc815\uc0ac\uac01\ud615 \ud615\ud0dc<\/td>\n<\/tr>\n<tr style=\"height: 13.50pt;\">\n<td style=\"height: 13.50pt;\" height=\"18\">\uc8fc\uc694 \uc6a9\ub3c4<\/td>\n<td>\uaf43\uaf42\uc774\uc5d0 \uc801\ud569\ud55c \ubaa8\ub358\ud55c \ud22c\uba85 \uaf43\ubcd1<\/td>\n<\/tr>\n<tr style=\"height: 13.50pt;\">\n<td style=\"height: 13.50pt;\" height=\"18\">\ubaa9\ud45c \uc0b0\uc5c5<\/td>\n<td>\ud648\ub370\ucf54 \uc18c\ub9e4\uc5c5\uccb4, \ud604\ub300\uc801\uc778 \uaf43\uc9d1<\/td>\n<\/tr>\n<\/tbody>\n<\/table>\n<h2>\uc131\uacf5 \uc0ac\ub840: \uace0\uae09 \ud638\ud154 \ube0c\ub79c\ub4dc\uc758 \uc0c1\uc9d5\uc801\uc778 \ub85c\ube44 \ub514\uc2a4\ud50c\ub808\uc774<\/h2>\n<p>\uae00\ub85c\ubc8c \ub7ed\uc154\ub9ac \ud638\ud154 \ube0c\ub79c\ub4dc\ub294 \uc800\ud76c\uc5d0\uac8c \uc0ac\uac01\ud615 \ud648\uc774 \uc788\ub294 \ud22c\uba85 \uaf43\ubcd1 \uc81c\uc791\uc744 \uc758\ub8b0\ud588\uace0, \ubc1d\uc740 \uc2a4\ubaa8\ud0a4 \uadf8\ub808\uc774 \uc0c9\uc0c1\uacfc \uc0cc\ub4dc\ube14\ub77c\uc2a4\ud305 \ucc98\ub9ac\ub41c \ub85c\uace0 \ubca0\uc774\uc2a4 \ub514\uc790\uc778\uc744 \uc120\ud0dd\ud558\uc5ec \ub9de\ucda4 \uc81c\uc791\ud588\uc2b5\ub2c8\ub2e4. \uc774 \uaf43\ubcd1 \ub514\uc790\uc778 \ub355\ubd84\uc5d0 \ucd9c\uc2dc \ucd08\uae30 &#039;\ubaa8\ub358 \uaf43\ubcd1&#039; \uce74\ud14c\uace0\ub9ac\uc5d0\uc11c \uc628\ub77c\uc778 \ud310\ub9e4\ub7c9\uc774 500% \uc99d\uac00\ud588\uc73c\uba70, 1\ubd84\uae30\uc5d0 98%\uc758 \ud310\ub9e4\uc728\uc744 \ub2ec\uc131\ud588\uc2b5\ub2c8\ub2e4. \uc774\ub7ec\ud55c \ud070 \uc131\uacf5\uc5d0 \ud798\uc785\uc5b4 \ud574\ub2f9 \ube0c\ub79c\ub4dc\ub294 \uc2e0\uaddc \ud638\ud154\uacfc \uc628\ub77c\uc778 \ud648 \uceec\ub809\uc158 \ud310\ub9e4\ub97c \uc704\ud574 48\ub9cc \uac1c\uc758 \uaf43\ubcd1\uc744 \ucd94\uac00 \uc8fc\ubb38\ud588\uc2b5\ub2c8\ub2e4.<\/p>\n<h2>\uc0ac\uac01 \uc720\ub9ac \ud654\ubcd1 \ub9de\ucda4 \uc81c\uc791 \uc635\uc158<\/h2>\n<ul>\n<li>\ud648 \uc9c8\uac10: \ud648 \ud328\ud134\uc740 \uc218\ud3c9 \ud648, \ub2e4\uc774\uc544\ubaac\ub4dc \ud03c\ud305, \ub9e4\ub044\ub7fd\uace0 \uad11\ud0dd \uc788\ub294 \ud45c\uba74 \ub4f1 \ub2e4\uc591\ud55c \ub514\uc790\uc778 \uc635\uc158\uc744 \uc81c\uacf5\ud569\ub2c8\ub2e4.<\/li>\n<li>\ub125 \ub514\ud14c\uc77c: \ub125 \ub514\ud14c\uc77c\uc740 \ub9e4\ub044\ub7fd\uac8c \uad11\ud0dd \ucc98\ub9ac\ub41c \ub125, \uacbd\uc0ac\uc9c4 \ubaa8\uc11c\ub9ac, \uc12c\uc138\ud55c \uae08\uc18d \uc0c1\uac10 \uc7a5\uc2dd \ub4f1 \ub2e4\uc591\ud55c \uc635\uc158\uc73c\ub85c \uc81c\uacf5\ub429\ub2c8\ub2e4.<\/li>\n<li>\ubca0\uc774\uc2a4 \ub9de\ucda4 \uc81c\uc791: \ubca0\uc774\uc2a4\ub294 \ud3a0\ud2b8 \ud328\ub4dc, \uc624\ubaa9\ud55c \ubc1b\uce68\ub300, \uc7a5\uc2dd\uc801\uc778 \uc5d0\uce6d \ud328\ud134 \ucd94\uac00\ub97c \ud1b5\ud574 \ub9de\ucda4 \uc81c\uc791\ud560 \uc218 \uc788\uc2b5\ub2c8\ub2e4.<\/li>\n<\/ul>","protected":false},"excerpt":{"rendered":"<p>\uc138\ub85c \ubc29\ud5a5\uc758 \uc9c8\uac10 \ub514\uc790\uc778\uc774 \ub3cb\ubcf4\uc774\ub294 \uc6b0\uc544\ud55c \uc0ac\uac01\ud615 \uc720\ub9ac \uaf43\ubcd1\uc785\ub2c8\ub2e4. \ud22c\uba85\ud55c \uaf43\ubcd1\uc740 \uc9d1\uc548 \uc7a5\uc2dd\uc774\ub098 \uac01\uc885 \ud589\uc0ac\uc5d0 \uc774\uc0c1\uc801\uc785\ub2c8\ub2e4. \uc804 \uc138\uacc4 \ube60\ub978 \ubc30\uc1a1\uc774 \uac00\ub2a5\ud569\ub2c8\ub2e4.<\/p>","protected":false},"featured_media":6212,"template":"","meta":{"postBodyCss":"","postBodyMargin":[],"postBodyPadding":[],"postBodyBackground":{"backgroundType":"classic","gradient":""}},"product_brand":[],"product_cat":[107,15,16],"product_tag":[],"class_list":{"0":"post-6204","1":"product","2":"type-product","3":"status-publish","4":"has-post-thumbnail","6":"product_cat-glass-bud-vases","7":"product_cat-glass-containers","8":"product_cat-glass-bottles","10":"first","11":"instock","12":"shipping-taxable","13":"product-type-simple"},"jetpack_sharing_enabled":true,"_links":{"self":[{"href":"https:\/\/minghanggroup.com\/ko\/wp-json\/wp\/v2\/product\/6204","targetHints":{"allow":["GET"]}}],"collection":[{"href":"https:\/\/minghanggroup.com\/ko\/wp-json\/wp\/v2\/product"}],"about":[{"href":"https:\/\/minghanggroup.com\/ko\/wp-json\/wp\/v2\/types\/product"}],"wp:featuredmedia":[{"embeddable":true,"href":"https:\/\/minghanggroup.com\/ko\/wp-json\/wp\/v2\/media\/6212"}],"wp:attachment":[{"href":"https:\/\/minghanggroup.com\/ko\/wp-json\/wp\/v2\/media?parent=6204"}],"wp:term":[{"taxonomy":"product_brand","embeddable":true,"href":"https:\/\/minghanggroup.com\/ko\/wp-json\/wp\/v2\/product_brand?post=6204"},{"taxonomy":"product_cat","embeddable":true,"href":"https:\/\/minghanggroup.com\/ko\/wp-json\/wp\/v2\/product_cat?post=6204"},{"taxonomy":"product_tag","embeddable":true,"href":"https:\/\/minghanggroup.com\/ko\/wp-json\/wp\/v2\/product_tag?post=6204"}],"curies":[{"name":"wp","href":"https:\/\/api.w.org\/{rel}","templated":true}]}}