{"id":6199,"date":"2026-04-06T09:49:49","date_gmt":"2026-04-06T01:49:49","guid":{"rendered":"https:\/\/minghanggroup.com\/?post_type=product&#038;p=6199"},"modified":"2026-04-06T10:11:21","modified_gmt":"2026-04-06T02:11:21","slug":"clear-small-glass-cylinder-vases-with-cork-bulk","status":"publish","type":"product","link":"https:\/\/minghanggroup.com\/ko\/product\/clear-small-glass-cylinder-vases-with-cork-bulk\/","title":{"rendered":"250ml, 300ml, 400ml \ud22c\uba85 \uc18c\ud615 \uc720\ub9ac \uc6d0\ud1b5\ud615 \ud654\ubcd1 (\ucf54\ub974\ud06c \ub9c8\uac1c \ud3ec\ud568) \ub300\ub7c9 \ud310\ub9e4"},"content":{"rendered":"<p>\uc774 \uc720\ub9ac \uc6d0\ud1b5\ud615 \uaf43\ubcd1\uc740 \ub9e4\uc6b0 \ud22c\uba85\ud558\uace0 \uace0\uae09\uc2a4\ub7ec\uc6b4 \uc720\ub9ac \uc18c\uc7ac\ub97c \uc0ac\uc6a9\ud558\uc5ec \uc9c1\uc120\ud615 \uad6c\uc870\ub85c \ub514\uc790\uc778\uc758 \uc644\uc131\ub3c4\ub97c \ub192\uc600\uc2b5\ub2c8\ub2e4. \ucc9c\uc5f0 \ucf54\ub974\ud06c \ub9c8\uac1c\uac00 \uc788\uc73c\uba70, \uc911\uc559\uc5d0\ub294 \ubbf8\ub9ac \ub6ab\ub9b0 \uad6c\uba4d\uc774 \uc788\uc5b4 \ud55c \uc1a1\uc774 \uaf43\uc774\ub098 \uc2dd\ubb3c \uac00\uc9c0\ub97c \uaf42\uc544 \uc7a5\uc2dd\ud560 \uc218 \uc788\uc2b5\ub2c8\ub2e4.<\/p>\n<h2>\uc81c\ud488 \ud2b9\uc9d5<\/h2>\n<ul>\n<li><strong>\uac00\uc6b4\ub370 \uad6c\uba4d\uc774 \uc788\ub294 \ucf54\ub974\ud06c \ub69c\uaed1:<\/strong> \uac00\uc6b4\ub370 \uad6c\uba4d\uc774 \uc788\ub294 \ucc9c\uc5f0 \ucf54\ub974\ud06c \ub69c\uaed1\uc740 \uc904\uae30\ub97c \uc9c0\uc9c0\ud558\uace0, \ubcf4\uad00\ud568 \uc5ed\ud560\uc744 \ud558\uba70, \uc790\uc5f0\uc801\uc778 \ub290\ub08c\uc744 \ub354\ud574\uc90d\ub2c8\ub2e4.<\/li>\n<li><strong>\uc218\uc815\ucc98\ub7fc \ud22c\uba85\ud55c \uc6d0\ud1b5:<\/strong> \ubcbd\uba74\uc774 \uace7\uc740 \uc720\ub9ac\ub294 \ud22c\uba85\ub3c4\uac00 \ub9e4\uc6b0 \ub192\uc544 \uc904\uae30, \ubb3c, \ubfcc\ub9ac\ub97c \uc720\ub9ac \ub108\uba38\ub85c \ubcfc \uc218 \uc788\uc2b5\ub2c8\ub2e4.<\/li>\n<li><strong>\uc138 \uac00\uc9c0 \uc6a9\ub7c9:<\/strong> \uc18c\ud615, \uc911\ud615, \ub300\ud615 \uc0ac\uc774\uc988\ub294 \uac01\uac01 250ml, 300ml, 400ml \uc6a9\ub7c9\uc73c\ub85c \ub2e4\uc591\ud55c \ub514\uc2a4\ud50c\ub808\uc774\ub97c \uc5f0\ucd9c\ud560 \uc218 \uc788\uc73c\uba70, \ud544\uc694\uc5d0 \ub530\ub77c \ud655\uc7a5\ud558\uc5ec \ucd94\uac00\uc801\uc778 \ub514\uc2a4\ud50c\ub808\uc774 \uc635\uc158\ub3c4 \uc81c\uacf5\ud569\ub2c8\ub2e4.<\/li>\n<\/ul>\n<h2 style=\"text-align: left;\">\uc8fc\uc694 \uc0ac\uc591<\/h2>\n<table class=\"aligncenter\" style=\"border-collapse: collapse; width: 496.52pt;\" border=\"0\" width=\"662\" cellspacing=\"0\" cellpadding=\"0\">\n<tbody>\n<tr style=\"height: 13.50pt;\">\n<td style=\"height: 13.50pt; width: 132.75pt;\" width=\"177\" height=\"18\">\uae30\uc778\ud558\ub2e4<\/td>\n<td style=\"width: 363.75pt;\" width=\"485\">\uc138\ubd80<\/td>\n<\/tr>\n<tr style=\"height: 13.50pt;\">\n<td style=\"height: 13.50pt;\" height=\"18\">\ud06c\uae30 \ubc0f \uc6a9\ub7c9<\/td>\n<td>6.5cm\u00d710cm (250ml), 6.5cm\u00d712cm (300ml), 6.5cm\u00d715cm (400ml)<\/td>\n<\/tr>\n<tr style=\"height: 13.50pt;\">\n<td style=\"height: 13.50pt;\" height=\"18\">\uc7ac\ub8cc<\/td>\n<td>\ud22c\uba85 \uc720\ub9ac, \ucc9c\uc5f0 \ucf54\ub974\ud06c<\/td>\n<\/tr>\n<tr style=\"height: 13.50pt;\">\n<td style=\"height: 13.50pt;\" height=\"18\">\uaf43\ubcd1 \ubaa8\uc591<\/td>\n<td>\ucf54\ub974\ud06c \ub9c8\uac1c\uac00 \uc788\ub294 \uc9c1\uc120\ud615 \uc6d0\ud1b5<\/td>\n<\/tr>\n<tr style=\"height: 13.50pt;\">\n<td style=\"height: 13.50pt;\" height=\"18\">\ub9de\ucda4 \uc124\uc815 \ubc94\uc704<\/td>\n<td>\uc0c9\uc0c1, \ucf54\ub974\ud06c, \ub9c8\uac10, \ud06c\uae30, \ubaa8\uc591<\/td>\n<\/tr>\n<tr style=\"height: 13.50pt;\">\n<td style=\"height: 13.50pt;\" height=\"18\">\uc7a5\uc778\uc815\uc2e0<\/td>\n<td>\uace0\ud488\uc9c8\uc758 \uc131\ud615 \ub610\ub294 \ube14\ub85c\uc6b4 \uae00\ub77c\uc2a4<\/td>\n<\/tr>\n<tr style=\"height: 13.50pt;\">\n<td style=\"height: 13.50pt;\" height=\"18\">\uc8fc\uc694 \uc6a9\ub3c4<\/td>\n<td>\ud55c \uc1a1\uc774 \uaf43\uc744 \uaf42\uc744 \uc218 \uc788\ub294 \ubbf8\ub2c8\uba40\ud55c \ub514\uc790\uc778\uc758 \uc791\uc740 \uaf43\ubcd1<\/td>\n<\/tr>\n<tr style=\"height: 13.50pt;\">\n<td style=\"height: 13.50pt;\" height=\"18\">\ubaa9\ud45c \uc0b0\uc5c5<\/td>\n<td>\uaf43\uc9d1, \ud648\ub370\ucf54 \uc18c\ub9e4\uc810<\/td>\n<\/tr>\n<\/tbody>\n<\/table>\n<h2>\uc131\uacf5 \uc0ac\ub840: \uc804\uad6d\uc801\uc778 \ud648 &amp; \uae30\ud504\ud2b8 \uc18c\ub9e4\uc5c5\uccb4\uc758 \ub9de\ucda4 \uc8fc\ubb38<\/h2>\n<p>\ubbf8\uad6d\uc758 \ub300\ud615 \ud648\ub370\ucf54 \uccb4\uc778\uc810\uc740 \uc800\ud76c\uc758 \uc18c\ud615 \uaf43\ubcd1 \ub514\uc790\uc778\uc744 \uc120\ud0dd\ud558\uc5ec, \uc2a4\ubaa8\ud0a4 \uadf8\ub808\uc774 \uc720\ub9ac \ubcf8\uccb4\uc640 \ucf54\ub974\ud06c \ub9c8\uac1c\uc5d0 \ub808\uc774\uc800\ub85c \ub098\ubb47\uc78e \ubb34\ub2ac\ub97c \uc0c8\uaca8 \ub123\ub294 \ubc29\uc2dd\uc73c\ub85c \uc218\uc815\ud588\uc2b5\ub2c8\ub2e4. \uadf8 \uacb0\uacfc, \ubbf8\ub2c8\uba40\ud55c \ub514\uc790\uc778 \ub355\ubd84\uc5d0 \uc81c\ud488 \ucd9c\uc2dc \ud6c4 90\uc77c \ub3d9\uc548 \uc628\ub77c\uc778\uc5d0\uc11c &#034;\uaf43\ubcd1&#034; \uce74\ud14c\uace0\ub9ac \ud310\ub9e4\ub7c9\uc774 300% \uc99d\uac00\ud558\uace0 97%\uc758 \ud310\ub9e4\uc728\uc744 \ub2ec\uc131\ud558\ub294 \ub180\ub77c\uc6b4 \uc131\uacf5\uc744 \uac70\ub450\uc5c8\uc2b5\ub2c8\ub2e4. \uccab \uc8fc\ubb38\uc758 \uc131\uacf5\uc5d0 \ud798\uc785\uc5b4 \ud574\ub2f9 \uc18c\ub9e4\uc5c5\uccb4\ub294 45\ub9cc \uac1c\uc758 \uaf43\ubcd1\uc744 \uc601\uad6c \uc18c\uc7a5\ud488\uc73c\ub85c \uc8fc\ubb38\ud588\uc2b5\ub2c8\ub2e4.<\/p>\n<h2>\uc791\uc740 \uaf43\ubcd1 \ub9de\ucda4 \uc81c\uc791 \uc544\uc774\ub514\uc5b4<\/h2>\n<ul>\n<li>\ucf54\ub974\ud06c \ub69c\uaed1 \uc635\uc158: \ub2f9\uc0ac\ub294 \ucc9c\uc5f0\uc0c9, \uc9c4\ud55c\uc0c9, \ud45c\ubc31\uc0c9\uc744 \ud3ec\ud568\ud55c \ub2e4\uc591\ud55c \ucf54\ub974\ud06c \ub69c\uaed1 \uc0c9\uc0c1\uacfc \ucc9c\uacf5\ud615 \ubc0f \ud648\ud615 \ub450 \uac00\uc9c0 \ub514\uc790\uc778 \uc635\uc158\uc744 \uc81c\uacf5\ud569\ub2c8\ub2e4.<\/li>\n<li>\ud06c\uae30 \ud655\uc7a5: \ud604\uc7ac \uc81c\ud488 \ub77c\uc778\uc774 \ud655\uc7a5\ub418\uc5b4 100ml \uc18c\ud615 \uaf43\ubcd1\uacfc \ub514\uc790\uc778\uc774 \ub3cb\ubcf4\uc774\ub294 1000ml \ub300\ud615 \uaf43\ubcd1\uc774 \ucd94\uac00\ub420 \uc608\uc815\uc785\ub2c8\ub2e4.<\/li>\n<li>\ub0b4\uc7a5\ud615 \uc218\uc704 \ud45c\uc2dc\uae30: \uc720\ub9ac \ud45c\uba74\uc5d0 \uc12c\uc138\ud55c \uc120\uc774 \uc601\uad6c\uc801\uc73c\ub85c \ud45c\uc2dc\ub418\uc5b4 \ub0b4\uc7a5\ud615 \uc218\uc704 \ud45c\uc2dc\uae30\ub97c \ud1b5\ud574 \uc801\uc815 \uc218\uc704\ub97c \ud655\uc778\ud560 \uc218 \uc788\uc2b5\ub2c8\ub2e4.<\/li>\n<\/ul>","protected":false},"excerpt":{"rendered":"<p>\ubbf8\ub2c8\uba40\ud55c \ub514\uc790\uc778\uc758 \uc6b0\uc544\ud55c \uc18c\ud615 \uaf43\ubcd1 \uceec\ub809\uc158\uc785\ub2c8\ub2e4. \ucf54\ub974\ud06c \ub9c8\uac1c\uac00 \uc788\ub294 \uc720\ub9ac \uc6d0\ud1b5\ud615 \uaf43\ubcd1\uc73c\ub85c \uc790\uc5f0\uc2a4\ub7ec\uc6b4 \uc2a4\ud0c0\uc77c\ub9c1\uc744 \uc5f0\ucd9c\ud560 \uc218 \uc788\uc2b5\ub2c8\ub2e4. \uc804 \uc138\uacc4 \ube60\ub978 \ubc30\uc1a1\uc774 \uac00\ub2a5\ud569\ub2c8\ub2e4.<\/p>","protected":false},"featured_media":6203,"template":"","meta":{"postBodyCss":"","postBodyMargin":[],"postBodyPadding":[],"postBodyBackground":{"backgroundType":"classic","gradient":""}},"product_brand":[],"product_cat":[107,15,16],"product_tag":[],"class_list":{"0":"post-6199","1":"product","2":"type-product","3":"status-publish","4":"has-post-thumbnail","6":"product_cat-glass-bud-vases","7":"product_cat-glass-containers","8":"product_cat-glass-bottles","10":"first","11":"instock","12":"shipping-taxable","13":"product-type-simple"},"jetpack_sharing_enabled":true,"_links":{"self":[{"href":"https:\/\/minghanggroup.com\/ko\/wp-json\/wp\/v2\/product\/6199","targetHints":{"allow":["GET"]}}],"collection":[{"href":"https:\/\/minghanggroup.com\/ko\/wp-json\/wp\/v2\/product"}],"about":[{"href":"https:\/\/minghanggroup.com\/ko\/wp-json\/wp\/v2\/types\/product"}],"wp:featuredmedia":[{"embeddable":true,"href":"https:\/\/minghanggroup.com\/ko\/wp-json\/wp\/v2\/media\/6203"}],"wp:attachment":[{"href":"https:\/\/minghanggroup.com\/ko\/wp-json\/wp\/v2\/media?parent=6199"}],"wp:term":[{"taxonomy":"product_brand","embeddable":true,"href":"https:\/\/minghanggroup.com\/ko\/wp-json\/wp\/v2\/product_brand?post=6199"},{"taxonomy":"product_cat","embeddable":true,"href":"https:\/\/minghanggroup.com\/ko\/wp-json\/wp\/v2\/product_cat?post=6199"},{"taxonomy":"product_tag","embeddable":true,"href":"https:\/\/minghanggroup.com\/ko\/wp-json\/wp\/v2\/product_tag?post=6199"}],"curies":[{"name":"wp","href":"https:\/\/api.w.org\/{rel}","templated":true}]}}