{"id":5531,"date":"2026-02-14T10:11:35","date_gmt":"2026-02-14T02:11:35","guid":{"rendered":"https:\/\/minghanggroup.com\/?post_type=product&#038;p=5531"},"modified":"2026-03-02T13:36:10","modified_gmt":"2026-03-02T05:36:10","slug":"frosted-reusable-glass-juice-bottles-for-packaging-bulk","status":"publish","type":"product","link":"https:\/\/minghanggroup.com\/ko\/product\/frosted-reusable-glass-juice-bottles-for-packaging-bulk\/","title":{"rendered":"9\uc628\uc2a4, 12\uc628\uc2a4, 16\uc628\uc2a4 \ubd88\ud22c\uba85 \uc7ac\uc0ac\uc6a9 \uac00\ub2a5 \uc720\ub9ac \uc8fc\uc2a4\ubcd1 (\ub300\ub7c9 \ud3ec\uc7a5\uc6a9)"},"content":{"rendered":"<p>\uc800\ud76c \uc7ac\uc0ac\uc6a9 \uac00\ub2a5\ud55c \uc720\ub9ac \uc8fc\uc2a4\ubcd1\uc740 \uace0\uae09\uc2a4\ub7ec\uc6b4 \ubc18\ud22c\uba85 \ubb34\uad11 \uc720\ub9ac\ub85c \uc81c\uc791\ub418\uc5c8\uc2b5\ub2c8\ub2e4. \ubd80\ub4dc\ub7fd\uace0 \ud48d\ub9cc\ud55c \ubab8\uccb4\uac00 \uac00\ub290\ub2e4\ub780 \ubaa9 \ubd80\ubd84\uc73c\ub85c \uc774\uc5b4\uc838 \ub530\ub974\uae30 \ud3b8\ub9ac\ud558\uba70, \uacac\uace0\ud55c \uae08\uc18d \ub098\uc0ac\ud615 \ub69c\uaed1\uc740 \ub0b4\uc6a9\ubb3c\uc758 \uc2e0\uc120\ub3c4\ub97c \uc720\uc9c0\ud558\uace0 \ub204\uc218\ub97c \ubc29\uc9c0\ud569\ub2c8\ub2e4.<\/p>\n<h2>\uc81c\ud488 \ud2b9\uc9d5<\/h2>\n<ul>\n<li><strong>\uc11c\ub9ac\uac00 \ub0b4\ub9b0 \ub4ef\ud55c \uc9c8\uac10:<\/strong> \ubb34\uad11 \ub9c8\uac10 \ucc98\ub9ac\ub85c \ubc18\uc0ac\uc640 \uc9c0\ubb38\uc774 \uc801\uc5b4\uc9c0\uace0 \uc81c\ud488 \uc9c4\uc5f4\uc5d0 \uace0\uae09\uc2a4\ub7ec\uc6c0\uc744 \ub354\ud569\ub2c8\ub2e4.<\/li>\n<li><strong>\ud0c1\uc6d4\ud55c \ubc00\ubd09 \uc131\ub2a5:<\/strong> \uae08\uc18d\uc73c\ub85c \ub41c \ub098\uc0ac\ud615 \ub69c\uaed1\uc740 \ub9e4\uc6b0 \ub2e8\ub2e8\ud558\uac8c \ub2eb\ud600 \ub0b4\uc6a9\ubb3c\uc774 \uc0c8\ub294 \uac83\uc744 \ubc29\uc9c0\ud569\ub2c8\ub2e4.<\/li>\n<li><strong>\ub2e4\uc591\ud55c \uc0ac\uc774\uc988:<\/strong> 9\uc628\uc2a4, 12\uc628\uc2a4, 16\uc628\uc2a4 \uc6a9\ub7c9\uc73c\ub85c \uc81c\uacf5\ub418\uc5b4 \ub2e4\uc591\ud55c \uc74c\ub8cc \uc694\uad6c \uc0ac\ud56d\uc744 \ucda9\uc871\uc2dc\ucf1c \ub4dc\ub9bd\ub2c8\ub2e4.<\/li>\n<\/ul>\n<h2 style=\"text-align: left;\">\uc8fc\uc694 \uc0ac\uc591<\/h2>\n<table class=\"aligncenter\" style=\"border-collapse: collapse; width: 447.77pt;\" border=\"0\" width=\"597\" cellspacing=\"0\" cellpadding=\"0\">\n<tbody>\n<tr style=\"height: 13.50pt;\">\n<td style=\"height: 13.50pt; width: 115.50pt;\" width=\"154\" height=\"18\">\uae30\uc778\ud558\ub2e4<\/td>\n<td style=\"width: 332.25pt;\" width=\"443\">\uc138\ubd80<\/td>\n<\/tr>\n<tr style=\"height: 13.50pt;\">\n<td style=\"height: 13.50pt;\" height=\"18\">\uc6a9\ub7c9<\/td>\n<td>270ml(9oz), 350ml(12oz), 500ml(16oz)<\/td>\n<\/tr>\n<tr style=\"height: 13.50pt;\">\n<td style=\"height: 13.50pt;\" height=\"18\">\uce58\uc218<\/td>\n<td>65\u00d7136mm, 70\u00d7147mm, 78\u00d7163mm<\/td>\n<\/tr>\n<tr style=\"height: 13.50pt;\">\n<td style=\"height: 13.50pt;\" height=\"18\">\uc7ac\ub8cc<\/td>\n<td>\ubd88\ud22c\uba85 \uc720\ub9ac<\/td>\n<\/tr>\n<tr style=\"height: 13.50pt;\">\n<td style=\"height: 13.50pt;\" height=\"18\">\ubcd1 \ubaa8\uc591<\/td>\n<td>\ub113\uc740 \ucc28\uccb4, \ub465\uadfc \uc724\uacfd<\/td>\n<\/tr>\n<tr style=\"height: 13.50pt;\">\n<td style=\"height: 13.50pt;\" height=\"18\">\ub9de\ucda4 \uc124\uc815 \ubc94\uc704<\/td>\n<td>\ud06c\uae30, \ub9c8\uac10, \ub69c\uaed1 \uc0c9\uc0c1, \uc5e0\ubcf4\uc2f1, \ucc29\uc0c9<\/td>\n<\/tr>\n<tr style=\"height: 13.50pt;\">\n<td style=\"height: 13.50pt;\" height=\"18\">\uc7a5\uc778\uc815\uc2e0<\/td>\n<td>\uade0\uc77c\ud55c \ubcbd \ub450\uaed8, \ub9e4\ub044\ub7ec\uc6b4 \ub098\uc0ac\uc0b0<\/td>\n<\/tr>\n<tr style=\"height: 13.50pt;\">\n<td style=\"height: 13.50pt;\" height=\"18\">\uc8fc\uc694 \uc6a9\ub3c4<\/td>\n<td>\uc7ac\uc0ac\uc6a9 \uac00\ub2a5\ud55c \uc720\ub9ac \uc8fc\uc2a4\ubcd1, \ud2b9\uc218 \uc74c\ub8cc\ubcd1<\/td>\n<\/tr>\n<tr style=\"height: 13.50pt;\">\n<td style=\"height: 13.50pt;\" height=\"18\">\ubaa9\ud45c \uc0b0\uc5c5<\/td>\n<td>\uc74c\ub8cc \ub3c4\ub9e4, \uc804\ubb38 \uc18c\ub9e4<\/td>\n<\/tr>\n<\/tbody>\n<\/table>\n<h2>\uc131\uacf5 \uc0ac\ub840: \uc720\ub7fd \uc74c\ub8cc \ube0c\ub79c\ub4dc\uc758 \uc131\uacf5 \uc0ac\ub840<\/h2>\n<p>\uc720\ub7fd\uc758 \ud55c \uc74c\ub8cc \ud68c\uc0ac\uac00 \ub2f9\uc0ac\uc758 355ml(12\uc628\uc2a4) \ubb34\uad11 \uc720\ub9ac\ubcd1\uc5d0 \uae08\uc0c9 \ub69c\uaed1\uc744 \uc50c\uc6b4 \uc81c\ud488\uc744 \uc0c8\ub85c\uc6b4 \uc720\uae30\ub18d \ucc29\uc999 \uc8fc\uc2a4 \uc6a9\uae30\ub85c \uc0ac\uc6a9\ud558\uae30\ub85c \uacb0\uc815\ud588\uc2b5\ub2c8\ub2e4. \uacb0\uacfc\ub294 \ub180\ub77c\uc6e0\uc2b5\ub2c8\ub2e4. \uace0\uac1d \uc124\ubb38 \uc870\uc0ac\uc5d0 \ub530\ub974\uba74 \uc9c4\uc5f4\ub300\uc5d0\uc11c\uc758 \ub9e4\ub825\ub3c4\uac00 35% \uc99d\uac00\ud588\uace0, \uace0\uae09\uc2a4\ub7ec\uc6b4 \ud3ec\uc7a5 \ub355\ubd84\uc5d0 \uc18c\uc15c \ubbf8\ub514\uc5b4 \uacf5\uc720\ub3c4 80%\ub098 \uc99d\uac00\ud588\uc2b5\ub2c8\ub2e4. \ud574\ub2f9 \ud68c\uc0ac\ub294 \uacb0\uacfc\uc5d0 \ub9e4\uc6b0 \ub9cc\uc871\ud558\uc5ec 30\ub9cc \ubcd1\uc744 \ucd94\uac00\ub85c \uc8fc\ubb38\ud588\uc2b5\ub2c8\ub2e4.<\/p>\n<h2>\uc7ac\uc0ac\uc6a9 \uac00\ub2a5\ud55c \uc720\ub9ac \uc8fc\uc2a4\ubcd1 \ub9de\ucda4 \uc81c\uc791<\/h2>\n<ul>\n<li>\ub9de\ucda4\ud615 \ud615\ud0dc: \ub113\uc740 \ubcf8\uccb4 \ub514\uc790\uc778\uc744 \ubcf4\uc2a4\ud134 \uc6d0\ud615 \ub610\ub294 \uc815\uc0ac\uac01\ud615\uc73c\ub85c \ubcc0\uacbd\ud558\uc5ec \uc120\ubc18 \uacf5\uac04\uc744 \ub354\uc6b1 \ud6a8\uc728\uc801\uc73c\ub85c \ud65c\uc6a9\ud560 \uc218 \uc788\uc2b5\ub2c8\ub2e4.<\/li>\n<li>\ub69c\uaed1: \ub2e4\uc591\ud55c \uae08\uc18d \ub9c8\uac10\uc7ac \ub610\ub294 \ub300\ub098\ubb34\uc640 \uac19\uc740 \uce5c\ud658\uacbd \uc18c\uc7ac\ub97c \uc120\ud0dd\ud558\uc138\uc694.<\/li>\n<li>\uc0c9\uc0c1: \ube5b\uc5d0 \ubbfc\uac10\ud55c \uc0ac\ub78c\uc758 \uc548\uacbd\uc5d0\ub294 \ud638\ubc15\uc0c9\uc774\ub098 \ub179\uc0c9\uacfc \uac19\uc740 \ubc1d\uc740 \uc0c9\uc870\ub97c \ucca8\uac00\ud574\uc57c \ud569\ub2c8\ub2e4.<\/li>\n<\/ul>","protected":false},"excerpt":{"rendered":"<p>\uc7ac\uc0ac\uc6a9 \uac00\ub2a5\ud55c \ubd88\ud22c\uba85 \uc720\ub9ac \uc8fc\uc2a4\ubcd1\uc740 \ub0b4\uad6c\uc131\uc774 \ub6f0\uc5b4\ub09c \uc8fc\uc2a4 \uc6a9\uae30\ub85c, \ube0c\ub79c\ub529 \ubc0f OEM \uc11c\ube44\uc2a4\ub97c \ud1b5\ud55c \ub9de\ucda4\ud615 \uc74c\ub8cc \ud3ec\uc7a5\uc5d0 \uc801\ud569\ud569\ub2c8\ub2e4.<\/p>","protected":false},"featured_media":5538,"template":"","meta":{"postBodyCss":"","postBodyMargin":[],"postBodyPadding":[],"postBodyBackground":{"backgroundType":"classic","gradient":""}},"product_brand":[],"product_cat":[15,16,83],"product_tag":[92],"class_list":{"0":"post-5531","1":"product","2":"type-product","3":"status-publish","4":"has-post-thumbnail","6":"product_cat-glass-containers","7":"product_cat-glass-bottles","8":"product_cat-glass-beverage-bottles","9":"product_tag-glass-liquor-bottles","11":"first","12":"instock","13":"shipping-taxable","14":"product-type-simple"},"jetpack_sharing_enabled":true,"_links":{"self":[{"href":"https:\/\/minghanggroup.com\/ko\/wp-json\/wp\/v2\/product\/5531","targetHints":{"allow":["GET"]}}],"collection":[{"href":"https:\/\/minghanggroup.com\/ko\/wp-json\/wp\/v2\/product"}],"about":[{"href":"https:\/\/minghanggroup.com\/ko\/wp-json\/wp\/v2\/types\/product"}],"wp:featuredmedia":[{"embeddable":true,"href":"https:\/\/minghanggroup.com\/ko\/wp-json\/wp\/v2\/media\/5538"}],"wp:attachment":[{"href":"https:\/\/minghanggroup.com\/ko\/wp-json\/wp\/v2\/media?parent=5531"}],"wp:term":[{"taxonomy":"product_brand","embeddable":true,"href":"https:\/\/minghanggroup.com\/ko\/wp-json\/wp\/v2\/product_brand?post=5531"},{"taxonomy":"product_cat","embeddable":true,"href":"https:\/\/minghanggroup.com\/ko\/wp-json\/wp\/v2\/product_cat?post=5531"},{"taxonomy":"product_tag","embeddable":true,"href":"https:\/\/minghanggroup.com\/ko\/wp-json\/wp\/v2\/product_tag?post=5531"}],"curies":[{"name":"wp","href":"https:\/\/api.w.org\/{rel}","templated":true}]}}