{"id":5370,"date":"2026-01-28T13:30:21","date_gmt":"2026-01-28T05:30:21","guid":{"rendered":"https:\/\/minghanggroup.com\/?post_type=product&#038;p=5370"},"modified":"2026-01-28T16:40:29","modified_gmt":"2026-01-28T08:40:29","slug":"lantern-style-unique-candle-vessels-wholesale","status":"publish","type":"product","link":"https:\/\/minghanggroup.com\/ko\/product\/lantern-style-unique-candle-vessels-wholesale\/","title":{"rendered":"\ub79c\ud134 \uc2a4\ud0c0\uc77c\uc758 \ub3c5\ud2b9\ud55c \ucd1b\ub300 \ub3c4\ub9e4"},"content":{"rendered":"<p>\uc774 \ub3c5\ud2b9\ud55c \ucd1b\ub300\ub294 \ub780\ud0c4 \ubaa8\uc591\uc73c\ub85c, \ubc11\uba74\uacfc \uc717\uba74\uc740 ribbed \ucc98\ub9ac\ub418\uc5b4 \uc788\uace0, \uac00\uc6b4\ub370\ub294 \ud648\uc774 \ud30c\uc778 \ud638\ubc15 \ubaa8\uc591\uc785\ub2c8\ub2e4. \uc717\uba74\uc774\ub098 \uc544\ub7ab\uba74 \ubaa8\ub450\uc5d0 \uc124\uce58\ud560 \uc218 \uc788\uc5b4 \uae30\ub2a5\uc131\uacfc \uc544\ub984\ub2e4\uc6c0\uc744 \ub3d9\uc2dc\uc5d0 \uac16\ucd98 \uac83\uc774 \ud2b9\uc9d5\uc785\ub2c8\ub2e4.<\/p>\n<h2>\uc81c\ud488 \ud2b9\uc9d5<\/h2>\n<ul>\n<li><strong>\ud50c\ub9bd \ub514\uc790\uc778:<\/strong> \uc591\ubc29\ud5a5 \ub514\uc790\uc778\uc740 \ud601\uc2e0\uc801\uc774\uba70, \ucd1b\ub300\ub97c \ubc30\uce58\ud558\uace0 \uc9c4\uc5f4\ud560 \uc218 \uc788\ub294 \uc720\uc5f0\ud558\uace0 \ub2e4\uc6a9\ub3c4\uc801\uc778 \uacf5\uac04\uc744 \uc81c\uacf5\ud569\ub2c8\ub2e4.<\/li>\n<li><strong>\ud6cc\ub96d\ud55c \ub2e4\uce35 \uc9c8\uac10: <\/strong>\uc218\uc9c1\uc801\uc778 \uc9c8\uac10, \ud638\ubc15 \ubaa8\uc591\uc758 \uc9c8\uac10, \u200b\u200b\uadf8\ub9ac\uace0 \uc12c\uc138\ud55c \ub291\uace8 \ubb34\ub2ac\uac00 \uc5b4\uc6b0\ub7ec\uc838 \ub180\ub77c\uc6b4 \uc7a5\uba74\uacfc \ubd84\uc704\uae30\ub97c \ub9cc\ub4e4\uc5b4\ub0c5\ub2c8\ub2e4.<\/li>\n<li><strong>\ub4f1\ubd88 \ubaa8\uc591:<\/strong> \ub4f1\ubd88 \ubaa8\uc591\uc740 \uc804\ud1b5\uc801\uc778 \uc911\uad6d\ud48d\uacfc \ud604\ub300\uc801\uc778 \ucd1b\ub300 \ub514\uc790\uc778\uc774 \uc870\ud654\ub97c \uc774\ub8ec \ub3d9\uc2dc\uc5d0 \ub9e4\uc6b0 \uc54c\uc544\ubcf4\uae30 \uc26c\uc6b4 \ud14c\uc774\ube14 \uc7a5\uc2dd\uc785\ub2c8\ub2e4.<\/li>\n<\/ul>\n<h2 style=\"text-align: left;\">\uc8fc\uc694 \uc0ac\uc591<\/h2>\n<table class=\"aligncenter\" style=\"border-collapse: collapse; width: 402.02pt;\" border=\"0\" width=\"536\" cellspacing=\"0\" cellpadding=\"0\">\n<tbody>\n<tr style=\"height: 13.50pt;\">\n<td style=\"height: 13.50pt; width: 117.75pt;\" width=\"157\" height=\"18\">\uc0ac\uc591<\/td>\n<td style=\"width: 284.25pt;\" width=\"379\">\uc138\ubd80<\/td>\n<\/tr>\n<tr style=\"height: 13.50pt;\">\n<td style=\"height: 13.50pt;\" height=\"18\">\uce58\uc218<\/td>\n<td>79\u00d752\u00d740\u00d760mm<\/td>\n<\/tr>\n<tr style=\"height: 13.50pt;\">\n<td style=\"height: 13.50pt;\" height=\"18\">\uc7ac\ub8cc<\/td>\n<td>\ud22c\uba85\ud558\uace0 \uc9c8\uac10\uc774 \uc788\ub294 \uc720\ub9ac<\/td>\n<\/tr>\n<tr style=\"height: 13.50pt;\">\n<td style=\"height: 13.50pt;\" height=\"18\">\uc6a9\uae30 \ubaa8\uc591<\/td>\n<td>\uc591\uba74 \uc0ac\uc6a9 \uac00\ub2a5\ud55c \ub79c\ud134 (\ub2e4\uc591\ud55c \uc9c8\uac10\uc758 \ubd80\ubd84 \ud3ec\ud568)<\/td>\n<\/tr>\n<tr style=\"height: 13.50pt;\">\n<td style=\"height: 13.50pt;\" height=\"18\">\ub9de\ucda4 \uc124\uc815 \ubc94\uc704<\/td>\n<td>\uc0c9\uc0c1, \uc9c8\uac10 \ub514\ud14c\uc77c, \ud06c\uae30, \ubaa8\uc591<\/td>\n<\/tr>\n<tr style=\"height: 13.50pt;\">\n<td style=\"height: 13.50pt;\" height=\"18\">\uc7a5\uc778\uc815\uc2e0<\/td>\n<td>\ubcf5\uc7a1\ud55c \ud615\uc0c1\uc744 \uc704\ud55c \uace0\uae09 \ud504\ub808\uc2a4 \uc720\ub9ac \uc131\ud615<\/td>\n<\/tr>\n<tr style=\"height: 13.50pt;\">\n<td style=\"height: 13.50pt;\" height=\"18\">\uc81c\ud488 \uc6a9\ub3c4<\/td>\n<td>\ucd1b\ub300, \uc591\ucd08 \uc6a9\uae30 \ub3c4\ub9e4<\/td>\n<\/tr>\n<tr style=\"height: 13.50pt;\">\n<td style=\"height: 13.50pt;\" height=\"18\">\uc801\ud569\ud55c \uc0b0\uc5c5 \ubd84\uc57c<\/td>\n<td>\uace0\uae09 \uc591\ucd08 \ube0c\ub79c\ub4dc, \uc6e8\ub529\/\uc774\ubca4\ud2b8 \ud50c\ub798\ub108<\/td>\n<\/tr>\n<\/tbody>\n<\/table>\n<h2>\uc131\uacf5 \uc0ac\ub840<\/h2>\n<p>\ubbf8\uad6d\uc758 \ud55c \uace0\uae09 \ubd80\ud2f0\ud06c \ud638\ud154\uc5d0\uc11c \uc800\ud76c\uc758 \uc591\uba74 \ub79c\ud134\ud615 \uce94\ub4e4 \uc6a9\uae30\ub97c \uc120\ud0dd\ud588\uc2b5\ub2c8\ub2e4. \uc774 \ub3c5\ud2b9\ud55c \ub514\uc790\uc778\uc740 \uc0c9\uc0c1\uc774 \ud638\ubc15\uc0c9\uc73c\ub85c \ubcc0\ud558\ub294 \ub514\uc790\uc778\uc73c\ub85c, \ud22c\uc219\uac1d \uacbd\ud5d8\uc5d0 \uae0d\uc815\uc801\uc778 \uc601\ud5a5\uc744 \ubbf8\ucce4\uc73c\uba70, \uc628\ub77c\uc778 \ub9ac\ubdf0\uc758 80%\uac00 \uc774 \uc810\uc744 \uae0d\uc815\uc801\uc73c\ub85c \ud3c9\uac00\ud588\uc2b5\ub2c8\ub2e4. \uc7ac\uad6c\ub9e4\uc728 \ub610\ud55c 42% \uc99d\uac00\ud588\uc2b5\ub2c8\ub2e4. \ud638\ud154 \uce21\uc740 \uce94\ub4e4 \uc6a9\uae30\uc5d0 \ub9e4\uc6b0 \ub9cc\uc871\ud558\uc5ec \uc2e0\uaddc \uac1d\uc2e4 \uc7a5\uc2dd \ubc0f \uae30\uc874 \uc2a4\uc704\ud2b8\ub8f8 \ub9ac\ubaa8\ub378\ub9c1\uc744 \uc704\ud574 20\ub9cc \uac1c\ub97c \ucd94\uac00\ub85c \uc8fc\ubb38\ud588\uc2b5\ub2c8\ub2e4.<\/p>\n<h2>\ucd1b\ub300 \ub3c4\ub9e4 \ub9de\ucda4 \uc81c\uc791 \uac00\ub2a5<\/h2>\n<ul>\n<li>\ud2b9\ubcc4\ud55c \uc720\ub9ac \uac13: \uc5b4\ub450\uc6b4 \ubcf4\uc11d \uc0c9\uc0c1\uc774\ub098 \ubd80\ub4dc\ub7ec\uc6b4 \ud551\ud06c\uc0c9 \ub4f1 \ud2b9\ubcc4\ud55c \uc720\ub9ac \uac13\uc744 \uc81c\uc791\ud574 \ub4dc\ub9bd\ub2c8\ub2e4.<\/li>\n<li>\uae08\uc18d \ub3c4\uae08: \uac00\uc7a5\uc790\ub9ac\ub098 \ud648 \ubd80\ubd84\uc5d0 \uae08, \uc740 \ub610\ub294 \ub85c\uc988\uace8\ub4dc \ub3c4\uae08\uc744 \ud558\uc5ec \uc9c8\uac10\uc744 \ub354\ud569\ub2c8\ub2e4.<\/li>\n<li>\uc0ac\uc6a9\uc790 \uc9c0\uc815 \ud06c\uae30 \uc870\uc815: \uc804\uccb4 \ub514\uc790\uc778\uc758 \ud06c\uae30\ub97c \ube44\ub840\uc801\uc73c\ub85c \uc870\uc815\ud558\uc5ec \ub2e4\uc591\ud55c \uc2dc\uac01\uc801 \ud6a8\uacfc\ub97c \uc5f0\ucd9c\ud560 \uc218 \uc788\uc2b5\ub2c8\ub2e4.<\/li>\n<li>\ub0b4\ubd80 \ucf54\ud305: \ubb34\uad11 \ub610\ub294 \ucf54\ud305 \ucc98\ub9ac\ub41c \ub0b4\ubd80 \uc720\ub9ac\ub294 \ube5b \uc544\ub798\uc5d0\uc11c \uc0ac\uc6a9\ud588\uc744 \ub54c \ub3c5\ud2b9\ud55c \ud6a8\uacfc\ub97c \ub0c5\ub2c8\ub2e4.<\/li>\n<\/ul>","protected":false},"excerpt":{"rendered":"<p>\ub4f1\ubd88 \ubaa8\uc591\uc758 \ub3c5\ud2b9\ud55c \uce94\ub4e4 \uc6a9\uae30\uc785\ub2c8\ub2e4. \ud22c\uba85 \uc720\ub9ac \uc18c\uc7ac\uc5d0 ribbed \ub514\ud14c\uc77c\uc774 \ub3cb\ubcf4\uc785\ub2c8\ub2e4. \uc591\ucabd \ub05d\uc774 \ubaa8\ub450 \uc0ac\uc6a9 \uac00\ub2a5\ud55c \ub514\uc790\uc778\uc73c\ub85c \uce94\ub4e4\uc744 \uaf42\uac70\ub098 \uc7a5\uc2dd\uc6a9\uc73c\ub85c\ub3c4 \uc88b\uc2b5\ub2c8\ub2e4. \uacf5\uc7a5 \uc9c1\uc1a1 \uc0c1\ud488\uc774\uba70, \ubb34\ub8cc \uc0d8\ud50c\uc744 \uc81c\uacf5\ud569\ub2c8\ub2e4.<\/p>","protected":false},"featured_media":5376,"template":"","meta":{"postBodyCss":"","postBodyMargin":[],"postBodyPadding":[],"postBodyBackground":{"backgroundType":"classic","gradient":""}},"product_brand":[],"product_cat":[15,82,17],"product_tag":[],"class_list":{"0":"post-5370","1":"product","2":"type-product","3":"status-publish","4":"has-post-thumbnail","6":"product_cat-glass-containers","7":"product_cat-candle-jars","8":"product_cat-glass-jars","10":"first","11":"instock","12":"shipping-taxable","13":"product-type-simple"},"jetpack_sharing_enabled":true,"_links":{"self":[{"href":"https:\/\/minghanggroup.com\/ko\/wp-json\/wp\/v2\/product\/5370","targetHints":{"allow":["GET"]}}],"collection":[{"href":"https:\/\/minghanggroup.com\/ko\/wp-json\/wp\/v2\/product"}],"about":[{"href":"https:\/\/minghanggroup.com\/ko\/wp-json\/wp\/v2\/types\/product"}],"wp:featuredmedia":[{"embeddable":true,"href":"https:\/\/minghanggroup.com\/ko\/wp-json\/wp\/v2\/media\/5376"}],"wp:attachment":[{"href":"https:\/\/minghanggroup.com\/ko\/wp-json\/wp\/v2\/media?parent=5370"}],"wp:term":[{"taxonomy":"product_brand","embeddable":true,"href":"https:\/\/minghanggroup.com\/ko\/wp-json\/wp\/v2\/product_brand?post=5370"},{"taxonomy":"product_cat","embeddable":true,"href":"https:\/\/minghanggroup.com\/ko\/wp-json\/wp\/v2\/product_cat?post=5370"},{"taxonomy":"product_tag","embeddable":true,"href":"https:\/\/minghanggroup.com\/ko\/wp-json\/wp\/v2\/product_tag?post=5370"}],"curies":[{"name":"wp","href":"https:\/\/api.w.org\/{rel}","templated":true}]}}