{"id":4307,"date":"2026-01-05T14:59:24","date_gmt":"2026-01-05T06:59:24","guid":{"rendered":"https:\/\/minghanggroup.com\/?post_type=product&#038;p=4307"},"modified":"2026-01-05T15:49:42","modified_gmt":"2026-01-05T07:49:42","slug":"red-containers-perfume-glass-with-mountain-base-bulk","status":"publish","type":"product","link":"https:\/\/minghanggroup.com\/ko\/product\/red-containers-perfume-glass-with-mountain-base-bulk\/","title":{"rendered":"30ml, 50ml, 100ml \uc6a9\ub7c9\uc758 \ube68\uac04\uc0c9 \uc720\ub9ac \ud5a5\uc218\ubcd1 (\uc0b0 \ubaa8\uc591 \ubc1b\uce68\ub300 \ud3ec\ud568) \ub300\ub7c9 \ud310\ub9e4"},"content":{"rendered":"<p>\uc138\ub828\ub41c \ub514\uc790\uc778\uc758 \uc774 \ubd89\uc740\uc0c9 \ud5a5\uc218\ubcd1\uc740 \ub9e4\ub044\ub7ec\uc6b4 \uc6d0\ud1b5\ud615\uc758 \ud22c\uba85 \uc720\ub9ac \ubab8\uccb4\uc5d0 \ubd89\uc740\uc0c9 \uae08\uc18d \ub69c\uaed1\uacfc \ud558\ub2e8\uc758 \ubd89\uc740\uc0c9 \uc0b0 \ubaa8\uc591 \uc7a5\uc2dd\uc774 \ub354\ud574\uc838 \ub3c5\ud2b9\ud55c \uc544\ub984\ub2e4\uc6c0\uc744 \uc790\ub791\ud569\ub2c8\ub2e4.<\/p>\n<h2>\uc81c\ud488 \ud2b9\uc9d5<\/h2>\n<ul>\n<li><strong>\ub2e4\uc591\ud55c \ud06c\uae30:<\/strong> \uc77c\uc0c1\uc801\uc778 \ud544\uc694, \uc5ec\ud589 \ubc0f \uae30\ud0c0 \uc0c1\ud669\uc5d0 \ub530\ub77c \ud5a5\uc218\ub97c \ubcf4\uad00\ud560 \uc218 \uc788\ub294 \uc138 \uac00\uc9c0 \ud06c\uae30\uac00 \uc788\uc2b5\ub2c8\ub2e4.<\/li>\n<li><strong>\ud1b5\ud569\ud615 \ub808\ub4dc \ub9c8\uc6b4\ud2f4 \uc870\uac01\ud488:<\/strong> \ub0b4\ubd80\uc758 \uc0b0\uc545 \ud48d\uacbd\uc740 3D\ub85c \uad6c\ud604\ub418\uc5b4 \ud2b9\ubcc4\ud55c \uc608\uc220\uc801 \ud6a8\uacfc\ub97c \uc790\uc544\ub0b4\uba70 \ub3c5\ud2b9\ud55c \uc2dc\uac01\uc801 \uc694\uc18c\uac00 \ub429\ub2c8\ub2e4.<\/li>\n<li><strong>\ubd89\uc740\uc0c9 \uacc4\uc5f4 \uc0c9\uc0c1:<\/strong> \ubd89\uc740\uc0c9 \ub69c\uaed1\uacfc \ubc11\uba74 \uc7a5\uc2dd\uc740 \ud22c\uba85\ud55c \ubcd1\uacfc \uc120\uba85\ud55c \ub300\ube44\ub97c \uc774\ub8e8\uba70 \uc0dd\uc0dd\ud558\uace0 \uc78a\uc744 \uc218 \uc5c6\ub294 \uc774\ubbf8\uc9c0\ub97c \ub9cc\ub4e4\uc5b4\ub0c5\ub2c8\ub2e4.<\/li>\n<\/ul>\n<h2 style=\"text-align: left;\">\uc8fc\uc694 \uc0ac\uc591<\/h2>\n<table class=\"aligncenter\" style=\"border-collapse: collapse; width: 529.52pt;\" border=\"0\" width=\"706\" cellspacing=\"0\" cellpadding=\"0\">\n<tbody>\n<tr style=\"height: 13.50pt;\">\n<td style=\"height: 13.50pt; width: 119.25pt;\" width=\"159\" height=\"18\">\uc0ac\uc591<\/td>\n<td style=\"width: 410.25pt;\" width=\"547\">\uc138\ubd80<\/td>\n<\/tr>\n<tr style=\"height: 13.50pt;\">\n<td style=\"height: 13.50pt;\" height=\"18\">\uc6a9\ub7c9<\/td>\n<td>30ml, 50ml, 100ml<\/td>\n<\/tr>\n<tr style=\"height: 13.50pt;\">\n<td style=\"height: 13.50pt;\" height=\"18\">\uce58\uc218<\/td>\n<td>73\u00d746 mm, 80\u00d751 mm, 94\u00d759 mm<\/td>\n<\/tr>\n<tr style=\"height: 13.50pt;\">\n<td style=\"height: 13.50pt;\" height=\"18\">\uc7ac\ub8cc<\/td>\n<td>\ud22c\uba85 \uc720\ub9ac + \ubd89\uc740\uc0c9 \ub9c8\uac10 \uae08\uc18d \ubd80\ud488<\/td>\n<\/tr>\n<tr style=\"height: 13.50pt;\">\n<td style=\"height: 13.50pt;\" height=\"18\">\ubcd1 \ubaa8\uc591<\/td>\n<td>\ub0b4\ubd80\uc5d0 \ubd89\uc740 \uc0b0\uae30\uc2ad \uc7a5\uc2dd\uc774 \uc788\ub294 \uc6d0\ud1b5\ud615<\/td>\n<\/tr>\n<tr style=\"height: 13.50pt;\">\n<td style=\"height: 13.50pt;\" height=\"18\">\ub9de\ucda4 \uc124\uc815 \ubc94\uc704<\/td>\n<td>\uc720\ub9ac \uc0c9\uc0c1, \ub9c8\uac10, \ubc14\ub2e5 \uc724\uacfd \uae4a\uc774, \ud38c\ud504, \ub0b4\ubd80 \uc0c9\uc0c1 \ud3ec\uc778\ud2b8<\/td>\n<\/tr>\n<tr style=\"height: 13.50pt;\">\n<td style=\"height: 13.50pt;\" height=\"18\">\uc7a5\uc778\uc815\uc2e0<\/td>\n<td>\uc0c9\uc720\ub9ac \uc735\ud569, \uae08\uc18d \ub3c4\uae08<\/td>\n<\/tr>\n<tr style=\"height: 13.50pt;\">\n<td style=\"height: 13.50pt;\" height=\"18\">\uc81c\ud488 \uc6a9\ub3c4<\/td>\n<td>\uace0\uae09 \uc720\ub9ac \ud5a5\uc218\ubcd1, \ub9de\ucda4 \uc81c\uc791 \ube68\uac04\uc0c9 \ud5a5\uc218\ubcd1<\/td>\n<\/tr>\n<tr style=\"height: 13.50pt;\">\n<td style=\"height: 13.50pt;\" height=\"18\">\uc801\ud569\ud55c \uc0b0\uc5c5 \ubd84\uc57c<\/td>\n<td>\ub2c8\uce58 \ud5a5\uc218, \ubdf0\ud2f0 \ube0c\ub79c\ub4dc, \ud638\ud154 \ud3b8\uc758\uc2dc\uc124<\/td>\n<\/tr>\n<\/tbody>\n<\/table>\n<h2>\uc131\uacf5 \uc0ac\ub840: \uc77c\ubcf8 \ub77c\uc774\ud504\uc2a4\ud0c0\uc77c \ube0c\ub79c\ub4dc\uc640\uc758 \uc608\uc220 \ud611\uc5c5<\/h2>\n<p>\uc790\uc5f0\uc5d0\uc11c \uc601\uac10\uc744 \uc5bb\uc5b4 \ub514\uc790\uc778\ud558\ub294 \uc720\uba85 \uc77c\ubcf8 \ub77c\uc774\ud504\uc2a4\ud0c0\uc77c \ube0c\ub79c\ub4dc\uac00 \uc800\ud76c 100ml \ub808\ub4dc \ud5a5\uc218\ubcd1\uc744 \uc2e0\uc81c\ud488\uc73c\ub85c \uc120\uc815\ud558\uace0, \ubcd1 \ub0b4\ubd80\uc5d0 \ud6c4\uc9c0\uc0b0 \uc870\ud615\ubb3c\uc744 \uc81c\uc791\ud574 \ub2ec\ub77c\uace0 \uc758\ub8b0\ud588\uc2b5\ub2c8\ub2e4. \ub3c5\ucc3d\uc801\uc778 \ubcd1 \ub514\uc790\uc778 \ub355\ubd84\uc5d0 \uc18c\uc15c \ubbf8\ub514\uc5b4 \uacf5\uc720\uc728\uc774 \uae30\uc874 \uc81c\ud488 \ub300\ube44 700% \uc99d\uac00\ud588\uc2b5\ub2c8\ub2e4. \ub610\ud55c, \ucc28\ubcc4\ud654\ub41c \ubcd1 \ub514\uc790\uc778\uc740 \uc7ac\uad6c\ub9e4\uc728\uc744 78% \ub192\uc774\ub294 \ub370\uc5d0\ub3c4 \uae30\uc5ec\ud588\uc2b5\ub2c8\ub2e4. \ube0c\ub79c\ub4dc \uce21\uc740 \uc2dc\uc7a5\uc758 \ub728\uac70\uc6b4 \ubc18\uc751\uacfc \uace0\uac1d\uacfc\uc758 \uae0d\uc815\uc801\uc778 \uc18c\ud1b5\uc5d0 \ub9cc\uc871\ud558\uc5ec, \ub2e4\uc74c \uc81c\ud488 \ub77c\uc778 \uac1c\ubc1c\uc744 \uc704\ud574 30\ub9cc \ubcd1\uc744 \ucd94\uac00 \uc8fc\ubb38\ud588\uc2b5\ub2c8\ub2e4.<\/p>\n<h2>\ud5a5\uc218 \uc6a9\uae30 \ub9de\ucda4 \uc81c\uc791<\/h2>\n<ul>\n<li>\ub9de\ucda4\ud615 \uc2e4\ub0b4 \uc870\ud615\ubb3c: \ub3c4\uc2dc \ud48d\uacbd, \uc232, \ub3d9\ubb3c, \ucd94\uc0c1 \uad6c\uc870\ubb3c \ub4f1 \ub3c5\ucc3d\uc801\uc778 \uc2e4\ub0b4 \uc870\uacbd\uc744 \ub514\uc790\uc778\ud574 \ub4dc\ub9bd\ub2c8\ub2e4.<\/li>\n<li>\uc870\uac01 \uc7a5\uc2dd \ubc0f \ubaa8\uc790 \uc0c9\uc0c1: \ud2b9\uc815 \ube0c\ub79c\ub4dc \uc0c9\uc0c1 \uccb4\uacc4 \ub610\ub294 \ud2b9\uc815 \uc2dc\uc98c \uc0c9\uc0c1 \uccb4\uacc4\ub97c \uae30\uc900\uc73c\ub85c \ub0b4\ubd80 \uc7a5\uc2dd\uacfc \ubaa8\uc790 \uc0c9\uc0c1\uc744 \uc120\ud0dd\ud558\uc138\uc694.<\/li>\n<li>\uc720\ub9ac \ub808\uc774\uc800 \uc5d0\uce6d: \uc870\uac01\ud488 \uc704\uc758 \uc720\ub9ac \ud45c\uba74\uc5d0 \uc5d0\ub098\uba5c\uc774\ub098 \uc774\ub984 \ub610\ub294 \ub514\uc790\uc778\uc744 \uc0c8\uaca8 \ub123\uc2b5\ub2c8\ub2e4.<\/li>\n<li>\ubd88\ud22c\uba85 \uc720\ub9ac\ubcd1: \uc720\ub9ac\ubcd1 \ud45c\uba74\uc5d0 \uc2a4\ud504\ub808\uc774\ub97c \ubfcc\ub824 \ub0b4\ubd80 \uc870\uac01\ud488\uc774 \ub354\uc6b1 \ubabd\ud658\uc801\uc774\uace0 \uc2e0\ube44\ub85c\uc6b4 \ub290\ub08c\uc744 \uc8fc\ub3c4\ub85d \ud569\ub2c8\ub2e4.<\/li>\n<\/ul>","protected":false},"excerpt":{"rendered":"<p>\ud22c\uba85\ud55c \uc720\ub9ac\uc640 \uac15\ub82c\ud55c \ube68\uac04\uc0c9 \ud3ec\uc778\ud2b8\uac00 \uc870\ud654\ub97c \uc774\ub8e8\ub294 \uc6b0\uc544\ud55c \ud5a5\uc218\ubcd1\uc785\ub2c8\ub2e4. \uc774 \ube68\uac04\uc0c9 \ud5a5\uc218\ubcd1\uc740 \uc9c4\uc5f4 \uc2dc \uc2dc\uc120\uc744 \uc0ac\ub85c\uc7a1\uc73c\uba70, \uacf5\uc7a5\uc5d0\uc11c \uc9c1\uc811 \uacf5\uae09\ub429\ub2c8\ub2e4.<\/p>","protected":false},"featured_media":4311,"template":"","meta":{"postBodyCss":"","postBodyMargin":[],"postBodyPadding":[],"postBodyBackground":{"backgroundType":"classic","gradient":""}},"product_brand":[],"product_cat":[15,16,62],"product_tag":[],"class_list":{"0":"post-4307","1":"product","2":"type-product","3":"status-publish","4":"has-post-thumbnail","6":"product_cat-glass-containers","7":"product_cat-glass-bottles","8":"product_cat-perfume-bottles","10":"first","11":"instock","12":"shipping-taxable","13":"product-type-simple"},"jetpack_sharing_enabled":true,"_links":{"self":[{"href":"https:\/\/minghanggroup.com\/ko\/wp-json\/wp\/v2\/product\/4307","targetHints":{"allow":["GET"]}}],"collection":[{"href":"https:\/\/minghanggroup.com\/ko\/wp-json\/wp\/v2\/product"}],"about":[{"href":"https:\/\/minghanggroup.com\/ko\/wp-json\/wp\/v2\/types\/product"}],"wp:featuredmedia":[{"embeddable":true,"href":"https:\/\/minghanggroup.com\/ko\/wp-json\/wp\/v2\/media\/4311"}],"wp:attachment":[{"href":"https:\/\/minghanggroup.com\/ko\/wp-json\/wp\/v2\/media?parent=4307"}],"wp:term":[{"taxonomy":"product_brand","embeddable":true,"href":"https:\/\/minghanggroup.com\/ko\/wp-json\/wp\/v2\/product_brand?post=4307"},{"taxonomy":"product_cat","embeddable":true,"href":"https:\/\/minghanggroup.com\/ko\/wp-json\/wp\/v2\/product_cat?post=4307"},{"taxonomy":"product_tag","embeddable":true,"href":"https:\/\/minghanggroup.com\/ko\/wp-json\/wp\/v2\/product_tag?post=4307"}],"curies":[{"name":"wp","href":"https:\/\/api.w.org\/{rel}","templated":true}]}}