{"id":4256,"date":"2026-01-04T15:11:18","date_gmt":"2026-01-04T07:11:18","guid":{"rendered":"https:\/\/minghanggroup.com\/?post_type=product&#038;p=4256"},"modified":"2026-01-04T16:59:12","modified_gmt":"2026-01-04T08:59:12","slug":"round-customized-perfume-bottles-wholesale","status":"publish","type":"product","link":"https:\/\/minghanggroup.com\/ko\/product\/round-customized-perfume-bottles-wholesale\/","title":{"rendered":"30ml, 50ml, 100ml \uc6d0\ud615 \ub9de\ucda4\ud615 \ud5a5\uc218\ubcd1 \ub3c4\ub9e4"},"content":{"rendered":"<p>\uc774 \uc81c\ud488\ub4e4\uc740 \ub3c4\ub9e4\uc6a9 \ud5a5\uc218\ubcd1\uc73c\ub85c \uc644\ubcbd\ud558\uac8c \ub514\uc790\uc778\ub418\uc5c8\uc73c\uba70, \uac01 \ubcd1\uc5d0\ub294 \ubc18\uc9dd\uc774\ub294 \ub2e4\uc774\uc544\ubaac\ub4dc \ucee4\ud305 \ud06c\ub9ac\uc2a4\ud0c8 \ub69c\uaed1\uacfc \uad11\ud0dd\uc774 \ub6f0\uc5b4\ub09c \uc740\uc0c9 \ub178\uc990\uc774 \uc788\uace0, \ud06c\ub9ac\uc2a4\ud0c8 \ucee4\ud305 \uc720\ub9ac\ub85c \uc81c\uc791\ub418\uc5c8\uc2b5\ub2c8\ub2e4.<\/p>\n<h2>\uc81c\ud488 \ud2b9\uc9d5<\/h2>\n<ul>\n<li><strong>\uace1\uc120\uacfc \uc9c1\uc120:<\/strong> \uac00\ub298\uc5b4\uc9c0\ub294 \ub125\uacfc \uc720\ub824\ud558\uace0 \uc870\uac01 \uac19\uc740 \ub77c\uc778\uc740 \uc6b0\uc544\ud558\uac8c \uace1\uc120 \ucc98\ub9ac\ub41c \ubc14\ub514\uc5d0 \uc790\uc5f0\uc2a4\ub7fd\uace0 \uace0\uae09\uc2a4\ub7ec\uc6b4 \uadf8\ub9bd\uac10\uc744 \uc120\uc0ac\ud569\ub2c8\ub2e4.<\/li>\n<li><strong>\ud22c\uba85 \ucea1\uacfc \uae08\uc18d \ub178\uc990:<\/strong> \ub2e4\uba74\uccb4 \ucea1\uacfc \uc740\uc0c9 \ub178\uc990\uc774 \uc644\ubcbd\ud558\uac8c \uc735\ud569\ub418\uc5b4 \ubcf4\uc11d\uc744 \uc5f0\uc0c1\uc2dc\ud0a4\ub294 \ub514\uc790\uc778\uc744 \ub9cc\ub4e4\uc5b4\ub0c5\ub2c8\ub2e4.<\/li>\n<li><strong>\uc138 \uac00\uc9c0 \ud328\ud0a4\uc9c0:<\/strong> 30ml, 50ml, 100ml \ud328\ud0a4\uc9c0\uc5d0\ub294 \uace0\uae09 \uccb4\ud5d8 \ud328\ud0a4\uc9c0, \ud575\uc2ec \uc81c\ud488 \ubc0f \uc2dc\uadf8\ub2c8\ucc98 \ud5a5\uc218\uac00 \ud3ec\ud568\ub418\uc5b4 \uc788\uc2b5\ub2c8\ub2e4.<\/li>\n<\/ul>\n<h2 style=\"text-align: left;\">\uc8fc\uc694 \uc0ac\uc591<\/h2>\n<table class=\"aligncenter\" style=\"border-collapse: collapse; width: 658.52pt;\" border=\"0\" width=\"878\" cellspacing=\"0\" cellpadding=\"0\">\n<tbody>\n<tr style=\"height: 13.50pt;\">\n<td style=\"height: 13.50pt; width: 130.50pt;\" width=\"174\" height=\"18\">\uc0ac\uc591<\/td>\n<td style=\"width: 528.00pt;\" width=\"704\">\uc138\ubd80<\/td>\n<\/tr>\n<tr style=\"height: 13.50pt;\">\n<td style=\"height: 13.50pt;\" height=\"18\">\uce58\uc218<\/td>\n<td>30ml: 64\u00d728\u00d772mm; 50ml: 75\u00d725\u00d785mm; 100ml: 86\u00d736\u00d790mm<\/td>\n<\/tr>\n<tr style=\"height: 13.50pt;\">\n<td style=\"height: 13.50pt;\" height=\"18\">\uc7ac\ub8cc<\/td>\n<td>\uace0\ud22c\uba85 \uc720\ub9ac \ubcf8\uccb4; \uae08\uc18d \ubd80\ud488<\/td>\n<\/tr>\n<tr style=\"height: 13.50pt;\">\n<td style=\"height: 13.50pt;\" height=\"18\">\ubcd1 \ubaa8\uc591<\/td>\n<td>\uace1\uc120\uc73c\ub85c \uac08\uc218\ub85d \uac00\ub298\uc5b4\uc9c0\ub294 \ud615\ud0dc\uc5d0 3D \uc544\uce58\ud615 \ud45c\uba74 \uc808\ub2e8\ubd80\uac00 \uc788\uc2b5\ub2c8\ub2e4.<\/td>\n<\/tr>\n<tr style=\"height: 13.50pt;\">\n<td style=\"height: 13.50pt;\" height=\"18\">\ub9de\ucda4 \uc124\uc815 \ubc94\uc704<\/td>\n<td>\uc0c9\uc0c1(\uc2a4\ubaa8\ud06c, \uc570\ubc84, \uadf8\ub77c\ub370\uc774\uc158) \ube0c\ub79c\ub529: 3D \ud45c\uba74 \uc870\uac01, \uc815\ubc00 \uc2a4\ud06c\ub9b0 \uc778\uc1c4<\/td>\n<\/tr>\n<tr style=\"height: 13.50pt;\">\n<td style=\"height: 13.50pt;\" height=\"18\">\uc7a5\uc778\uc815\uc2e0 \ud2b9\uc9d5<\/td>\n<td>3D \uc544\uce58\ud615 \uc720\ub9ac \uc870\uac01<\/td>\n<\/tr>\n<tr style=\"height: 13.50pt;\">\n<td style=\"height: 13.50pt;\" height=\"18\">\uc81c\ud488 \uc6a9\ub3c4<\/td>\n<td>\ucd5c\uace0\uae09 \ud5a5\uc218\ubcd1, \ub3c4\ub9e4 \ucf54\ub871\ubcd1<\/td>\n<\/tr>\n<tr style=\"height: 13.50pt;\">\n<td style=\"height: 13.50pt;\" height=\"18\">\uc801\ud569\ud55c \uc0b0\uc5c5 \ubd84\uc57c<\/td>\n<td>\uace0\uae09 \ubc0f \ub2c8\uce58 \ud5a5\uc218, \ub514\uc790\uc774\ub108 \ud328\uc158 \ube0c\ub79c\ub4dc, \ub3c5\uc810 \uc18c\ub9e4\uc810<\/td>\n<\/tr>\n<\/tbody>\n<\/table>\n<h2>\uc131\uacf5 \uc0ac\ub840: \uc911\ub3d9 \uace0\uae09 \uadf8\ub8f9\uc758 \ud50c\ub798\uadf8\uc2ed \uc81c\ud488 \ucd9c\uc2dc<\/h2>\n<p>\ub450\ubc14\uc774\uc758 \ud55c \uace0\uae09 \uadf8\ub8f9\uc774 \ub2f9\uc0ac\uc758 100ml \ub9de\ucda4\ud615 \ud5a5\uc218\ubcd1\uc744 \uc8fc\ub825 \uc0c1\ud488\uc73c\ub85c \uc120\uc815\ud588\uc2b5\ub2c8\ub2e4. \uc0ac\ud30c\uc774\uc5b4 \uc0c9\uc0c1\uc758 \uc720\ub9ac\ub85c \ud2b9\ubcc4\ud788 \uc81c\uc791\ub41c \uc774 \ud5a5\uc218\ubcd1\uc740 \ubb34\uac8c\uac10\uacfc \ubcf4\uc11d \uac19\uc740 \uc678\uad00 \ub355\ubd84\uc5d0 \uc81c\uc870 \uc6d0\uac00\ubcf4\ub2e4 \uc18c\ub9e4 \uac00\uaca9\uc774 400%\ub098 \ub192\uc558\uc2b5\ub2c8\ub2e4. \ub610\ud55c, \ubcd1\uc758 \ud2b9\ubcc4\ud55c \ube5b \ubc18\uc0ac \uae30\ub2a5 \ub355\ubd84\uc5d0 \uace0\uac1d\ub4e4\uc774 \ub9e4\uc7a5\uc5d0\uc11c \uba38\ubb34\ub294 \uc2dc\uac04\uc774 60% \uc99d\uac00\ud588\uc2b5\ub2c8\ub2e4. \ube0c\ub79c\ub4dc\uac00 \uc774\ucc98\ub7fc \ube60\ub974\uac8c \uc131\uc7a5\ud558\uace0 \ud5a5\uc218\ubcd1\uc774 \uadf8 \uacfc\uc815\uc5d0\uc11c \uc911\uc694\ud55c \uc5ed\ud560\uc744 \ud588\ub2e4\ub294 \uc0ac\uc2e4\uc5d0 \uac10\uba85\uc744 \ubc1b\uc740 \ud574\ub2f9 \uadf8\ub8f9\uc740 75\ub9cc \ubcd1\uc744 \ucd94\uac00\ub85c \uc8fc\ubb38\ud558\uc5ec \ud574\ub2f9 \uc9c0\uc5ed\uc5d0\uc11c \ub3c5\uc810 \ud310\ub9e4\uad8c\uc744 \ud655\ubcf4\ud588\uc2b5\ub2c8\ub2e4.<\/p>\n<h2>\ud5a5\uc218\ubcd1 \ub3c4\ub9e4 \ub9de\ucda4 \uc81c\uc791<\/h2>\n<ul>\n<li>\uc720\ub9ac \uc0c9\uc0c1 \ubc0f \ud22c\uba85\ub3c4: \uc5d0\uba54\ub784\ub4dc, \ub8e8\ube44, \ud638\ubc15 \ub4f1 \uadc0\uc911\ud55c \ubcf4\uc11d\uc758 \ub2e4\uc591\ud55c \uc0c9\uc0c1\uacfc \ub2e4\uc591\ud55c \ud22c\uba85\ub3c4\ub85c \uc81c\uacf5\ub429\ub2c8\ub2e4.<\/li>\n<li>\uae08\uc18d \ub9c8\uac10: \ub178\uc990 \uce7c\ub77c \ubc0f \uae30\ud0c0 \uae08\uc18d \ubd80\ud488\uc740 \ub85c\uc988 \uace8\ub4dc, \ube14\ub799 PVD \ub610\ub294 \uc564\ud2f0\ud06c \uc2e4\ubc84\ub97c \ud3ec\ud568\ud55c \ub2e4\uc591\ud55c \ub9c8\uac10\uc73c\ub85c \ub9de\ucda4 \uc81c\uc791\ud560 \uc218 \uc788\uc2b5\ub2c8\ub2e4.<\/li>\n<li>\ub9de\ucda4\ud615 \uc544\uce58\ud615 \uc870\uac01: \ud30c\ub3c4, \ub098\ubb47\uc78e \ub610\ub294 \uae30\ud558\ud559\uc801 \ubb34\ub2ac\uc640 \uac19\uc740 \ud2b9\ubcc4\ud55c \ud45c\uba74 \uc870\uac01 \ud328\ud134\uc744 \ub514\uc790\uc778\ud558\uc138\uc694.<\/li>\n<li>\uace1\uba74 \ub808\uc774\uc800 \uac01\uc778: \ub85c\uace0, \ubaa8\ub178\uadf8\ub7a8 \ub610\ub294 \ud328\ud134\uc744 \ubcd1\uc758 \ub9e4\ub044\ub7fd\uace0 \uace1\uc120\ud615 \ud45c\uba74\uc5d0 \uc0c8\uaca8 \ub123\uc73c\uc138\uc694.<\/li>\n<\/ul>","protected":false},"excerpt":{"rendered":"<p>\uace0\uae09\uc2a4\ub7ec\uc6b4 \ud22c\uba85 \uc720\ub9ac\ub85c \uc81c\uc791\ub41c \ub3c4\ub9e4\uc6a9 \ud5a5\uc218\ubcd1\uc744 \ub9cc\ub098\ubcf4\uc138\uc694. \ub85c\uace0\ub97c \ub123\uc5b4 \ub9de\ucda4 \uc81c\uc791\ud560 \uc218 \uc788\ub294 \uace0\uae09\uc2a4\ub7ec\uc6b4 \ub514\uc790\uc778\uc758 \ud5a5\uc218\ubcd1\uc785\ub2c8\ub2e4. \ubb34\ub8cc \uc0d8\ud50c\ub3c4 \uc81c\uacf5\ud569\ub2c8\ub2e4.<\/p>","protected":false},"featured_media":4259,"template":"","meta":{"postBodyCss":"","postBodyMargin":[],"postBodyPadding":[],"postBodyBackground":{"backgroundType":"classic","gradient":""}},"product_brand":[],"product_cat":[15,16,62],"product_tag":[],"class_list":{"0":"post-4256","1":"product","2":"type-product","3":"status-publish","4":"has-post-thumbnail","6":"product_cat-glass-containers","7":"product_cat-glass-bottles","8":"product_cat-perfume-bottles","10":"first","11":"instock","12":"shipping-taxable","13":"product-type-simple"},"jetpack_sharing_enabled":true,"_links":{"self":[{"href":"https:\/\/minghanggroup.com\/ko\/wp-json\/wp\/v2\/product\/4256","targetHints":{"allow":["GET"]}}],"collection":[{"href":"https:\/\/minghanggroup.com\/ko\/wp-json\/wp\/v2\/product"}],"about":[{"href":"https:\/\/minghanggroup.com\/ko\/wp-json\/wp\/v2\/types\/product"}],"wp:featuredmedia":[{"embeddable":true,"href":"https:\/\/minghanggroup.com\/ko\/wp-json\/wp\/v2\/media\/4259"}],"wp:attachment":[{"href":"https:\/\/minghanggroup.com\/ko\/wp-json\/wp\/v2\/media?parent=4256"}],"wp:term":[{"taxonomy":"product_brand","embeddable":true,"href":"https:\/\/minghanggroup.com\/ko\/wp-json\/wp\/v2\/product_brand?post=4256"},{"taxonomy":"product_cat","embeddable":true,"href":"https:\/\/minghanggroup.com\/ko\/wp-json\/wp\/v2\/product_cat?post=4256"},{"taxonomy":"product_tag","embeddable":true,"href":"https:\/\/minghanggroup.com\/ko\/wp-json\/wp\/v2\/product_tag?post=4256"}],"curies":[{"name":"wp","href":"https:\/\/api.w.org\/{rel}","templated":true}]}}