{"id":4236,"date":"2026-01-04T11:26:54","date_gmt":"2026-01-04T03:26:54","guid":{"rendered":"https:\/\/minghanggroup.com\/?post_type=product&#038;p=4236"},"modified":"2026-01-04T13:35:29","modified_gmt":"2026-01-04T05:35:29","slug":"clear-cologne-empty-bottles-with-metal-lids-bulk","status":"publish","type":"product","link":"https:\/\/minghanggroup.com\/ko\/product\/clear-cologne-empty-bottles-with-metal-lids-bulk\/","title":{"rendered":"50ml, 100ml \ud22c\uba85 \ud5a5\uc218 \ube48 \ubcd1 (\uae08\uc18d \ub69c\uaed1 \ud3ec\ud568) \ub300\ub7c9 \ud310\ub9e4"},"content":{"rendered":"<p>\uc774 \ud5a5\uc218 \ube48 \ubcd1\uc740 \uad11\ud0dd \ucc98\ub9ac\ub41c \ud22c\uba85\ud558\uace0 \ub0a9\uc791\ud55c \uc720\ub9ac\ub85c \uc81c\uc791\ub418\uc5c8\uc73c\uba70, \ubab8\uccb4\ub294 \ubaa8\uc11c\ub9ac\uac00 \ub465\uadfc \uc9c1\uc0ac\uac01\ud615 \ubaa8\uc591\uc785\ub2c8\ub2e4. \ub450 \uac00\uc9c0 \ud06c\uae30\ub85c \uc81c\uacf5\ub418\uba70, \ub69c\uaed1\uc740 \uac80\uc815\uc0c9 \ub610\ub294 \uae08\uc0c9\uc73c\ub85c \uc120\ud0dd\ud560 \uc218 \uc788\uace0, \ub9de\ucda4 \uc81c\uc791\ub3c4 \uac00\ub2a5\ud569\ub2c8\ub2e4.<\/p>\n<h2>\uc81c\ud488 \ud2b9\uc9d5<\/h2>\n<ul>\n<li><strong>\uad6c\uc870\uc801\uc73c\ub85c \uc124\uacc4\ub41c \uacbd\uc0ac\ud615 \ucc28\uccb4:<\/strong> \uc774 \uc81c\ud488\uc740 \ub0a0\ub835\ud558\uace0 \uace7\uc740 \ud615\ud0dc\uc5d0 \ubaa8\uc11c\ub9ac\uac00 \ube44\uc2a4\ub4ec\ud558\uac8c \ucc98\ub9ac\ub418\uc5b4 \uc788\uc5b4 \ub300\ub2f4\ud558\uace0 \ud604\ub300\uc801\uc774\uba70 \ub0a8\uc131\uc801\uc778 \uc678\uad00\uc744 \uc790\ub791\ud569\ub2c8\ub2e4.<\/li>\n<li><strong>\ud22c\ud1a4 \uba54\ud0c8 \ucea1:<\/strong> \uc138\ub828\ub41c \ub290\ub08c\uc744 \ub354\ud558\ub294 \ube14\ub799\uacfc \uace8\ub4dc \uc0c9\uc0c1\uc758 \uc6d0\ud1b5\ud615 \uae08\uc18d \ub69c\uaed1\uc73c\ub85c \uc81c\uc791\ub41c \uc774 \uc81c\ud488\uc740 \ub2e4\uc591\ud55c \ud5a5 \ucde8\ud5a5\uc744 \ub9cc\uc871\uc2dc\ud0a4\uae30 \uc704\ud574 \ub450 \uac00\uc9c0 \uc0c9\uc0c1\uc73c\ub85c \uc81c\uacf5\ub429\ub2c8\ub2e4.<\/li>\n<li><strong>\uc774\uc911 \uc6a9\ub7c9:<\/strong> \ub450 \uac00\uc9c0 \ud06c\uae30\uc758 \ubcd1\uc740 \uc77c\uc0c1\uc801\uc778 \uc0ac\uc6a9\uc5d0 \uc801\ud569\ud558\uba70, \ubcf4\uad00\uc774 \ud3b8\ub9ac\ud558\uc5ec \ub354\uc6b1 \uc720\uc5f0\ud558\uace0 \uc2e4\uc6a9\uc801\uc785\ub2c8\ub2e4.<\/li>\n<\/ul>\n<h2 style=\"text-align: left;\">\uc8fc\uc694 \uc0ac\uc591<\/h2>\n<table class=\"aligncenter\" style=\"border-collapse: collapse; width: 471.02pt;\" border=\"0\" width=\"628\" cellspacing=\"0\" cellpadding=\"0\">\n<tbody>\n<tr style=\"height: 13.50pt;\">\n<td style=\"height: 13.50pt; width: 130.50pt;\" width=\"174\" height=\"18\">\uc0ac\uc591<\/td>\n<td style=\"width: 340.50pt;\" width=\"454\">\uc138\ubd80<\/td>\n<\/tr>\n<tr style=\"height: 13.50pt;\">\n<td style=\"height: 13.50pt;\" height=\"18\">\uce58\uc218<\/td>\n<td>50ml: 42\u00d725\u00d792mm; 100ml: 53\u00d731\u00d7114mm<\/td>\n<\/tr>\n<tr style=\"height: 13.50pt;\">\n<td style=\"height: 13.50pt;\" height=\"18\">\uc7ac\ub8cc<\/td>\n<td>\ud22c\uba85 \uc720\ub9ac \ubcf8\uccb4; \uace0\uae09 \uae08\uc18d \ub098\uc0ac \ub69c\uaed1<\/td>\n<\/tr>\n<tr style=\"height: 13.50pt;\">\n<td style=\"height: 13.50pt;\" height=\"18\">\ubcd1 \ubaa8\uc591<\/td>\n<td>\uc815\ubc00\ud558\uac8c \uacbd\uc0ac\uc9c4 \ubaa8\uc11c\ub9ac\ub97c \uac00\uc9c4 \uae38\ucb49\ud55c \uc9c1\uc0ac\uac01\ud615<\/td>\n<\/tr>\n<tr style=\"height: 13.50pt;\">\n<td style=\"height: 13.50pt;\" height=\"18\">\ub9de\ucda4 \uc124\uc815 \ubc94\uc704<\/td>\n<td>\ubb34\uad11\/\ubc18\uad11\/\uc2a4\ud06c\ub9b0 \uc778\uc1c4\/\ub808\uc774\uc800 \uc5d0\uce6d<\/td>\n<\/tr>\n<tr style=\"height: 13.50pt;\">\n<td style=\"height: 13.50pt;\" height=\"18\">\uc81c\ud488 \uc6a9\ub3c4<\/td>\n<td>\ud5a5\uc218 \ube48 \ubcd1, \ud5a5\uc218\ubcd1<\/td>\n<\/tr>\n<tr style=\"height: 13.50pt;\">\n<td style=\"height: 13.50pt;\" height=\"18\">\uc801\ud569\ud55c \uc0b0\uc5c5 \ubd84\uc57c<\/td>\n<td>\uadf8\ub8e8\ubc0d \ube0c\ub79c\ub4dc, \uc790\uccb4 \ube0c\ub79c\ub4dc, \ub9de\ucda4 \ud5a5\uc218 \uc2a4\ud29c\ub514\uc624<\/td>\n<\/tr>\n<\/tbody>\n<\/table>\n<h2>\uc131\uacf5 \uc0ac\ub840<\/h2>\n<p>\uc800\ud76c 100ml \ud5a5\uc218 \uc2a4\ud504\ub808\uc774\ub294 \ube60\ub974\uac8c \uc131\uc7a5\ud558\ub294 \ub0a8\uc131\uc6a9 \uadf8\ub8e8\ubc0d DTC \ube0c\ub79c\ub4dc\uc5d0 \uc120\uc815\ub418\uc5c8\uc73c\uba70, \ub9de\ucda4 \uc81c\uc791\ub41c \ubb34\uad11 \ube14\ub799 \ucea1\uacfc \ubd88\ud22c\uba85 \uc720\ub9ac \uc6a9\uae30\uac00 \ud2b9\uc9d5\uc785\ub2c8\ub2e4. \ubaa8\uc11c\ub9ac\ub97c \ube44\uc2a4\ub4ec\ud558\uac8c \ub514\uc790\uc778\ud558\uc5ec \ub6f0\uc5b4\ub09c \uadf8\ub9bd\uac10\uacfc \uace0\uae09\uc2a4\ub7ec\uc6b4 \ucd09\uac10\uc744 \uc120\uc0ac\ud558\uba70, \uace0\uac1d \ub9ac\ubdf0\uc758 40%\uac00 \uc774\ub97c \uae0d\uc815\uc801\uc73c\ub85c \ud3c9\uac00\ud588\uc2b5\ub2c8\ub2e4. \ubc29\uc218 \uae30\ub2a5\uacfc \uacac\uace0\ud55c \uc720\ub9ac \uc7ac\uc9c8 \ub355\ubd84\uc5d0 \ubc30\uc1a1 \uc131\uacf5\ub960\uc740 99.8%\uc5d0 \ub2ec\ud569\ub2c8\ub2e4. \ud574\ub2f9 \ube0c\ub79c\ub4dc\ub294 \uc81c\ud488\uc758 \uc2dc\uc7a5 \uc801\ud569\uc131\uacfc \ud488\uc9c8\uc5d0 \ub9e4\uc6b0 \ub9cc\uc871\ud558\uc5ec \uc2e0\uc81c\ud488 \ub77c\uc778 \ucd9c\uc2dc \ubc0f \ud574\uc678 \uc2dc\uc7a5 \uc9c4\ucd9c\uc744 \uc704\ud574 30\ub9cc \ubcd1\uc744 \uc8fc\ubb38\ud588\uc2b5\ub2c8\ub2e4.<\/p>\n<h2>\ud5a5\uc218 \ube48 \ubcd1 \ub9de\ucda4 \uc81c\uc791 \uc635\uc158<\/h2>\n<ul>\n<li>\uc720\ub9ac \uc0c9\uc0c1 \ubc0f \ub9c8\uac10 \u2013 \ub2e4\uc591\ud55c \uc0c9\uc870(\ud638\ubc15\uc0c9, \ud68c\uc0c9)\ub85c \uc81c\uacf5\ub418\uba70, \uc804\uccb4 \ubb34\uad11\ud0dd, \uc0c8\ud2f4 \uc5d0\uce6d \ub4f1\uc758 \ub9c8\uac10 \ucc98\ub9ac\ub3c4 \uac00\ub2a5\ud569\ub2c8\ub2e4.<\/li>\n<li>\uc720\ub9ac \uc2a4\ud06c\ub9b0 \uc778\uc1c4 \u2013 \ud3c9\ud3c9\ud55c \uc720\ub9ac \ud45c\uba74\uc5d0 \ub85c\uace0, \ud328\ud134 \ub610\ub294 \ud14d\uc2a4\ud2b8\ub97c \uc2a4\ud06c\ub9b0 \uc778\uc1c4\ud569\ub2c8\ub2e4.<\/li>\n<li>\uc6a9\ub7c9 \ud45c\uc2dc - \ubcd1 \ubc14\ub2e5\uc5d0\ub294 \uc6a9\ub7c9\uc744 \ub098\ud0c0\ub0b4\ub294 \uc591\uac01 \ud45c\uc2dc(\uc608: &#034;100ml&#034;)\uac00 \uc788\uc2b5\ub2c8\ub2e4.<\/li>\n<li>\ubd84\ubb34 \ud38c\ud504 \ud1b5\ud569 \u2013 \uc774 \uc81c\ud488\uc740 \uc6a9\uae30\uc758 \ud45c\uc900 \uc778\ud130\ud398\uc774\uc2a4\uc5d0 \ub9de\ub294 \ubbf8\uc138 \ubd84\ubb34 \ud38c\ud504\uac00 \ud1b5\ud569\ub41c \uc81c\ud488\uc785\ub2c8\ub2e4.<\/li>\n<\/ul>","protected":false},"excerpt":{"rendered":"<p>\ube0c\ub79c\ub4dc\uc6a9 \ud5a5\uc218 \ube48 \uc6a9\uae30 \ubc0f \ud5a5\uc218 \uc2a4\ud504\ub808\uc774 \uc6a9\uae30. \ud22c\uba85 \uc720\ub9ac\uc640 \uae08\uc18d \ub69c\uaed1\uc73c\ub85c \uc81c\uc791\ub418\uc5c8\uc73c\uba70, \ub300\ub7c9 \ub3c4\ub9e4 \ubc0f \ube60\ub978 \ubc30\uc1a1\uc774 \uac00\ub2a5\ud569\ub2c8\ub2e4.<\/p>","protected":false},"featured_media":4241,"template":"","meta":{"postBodyCss":"","postBodyMargin":[],"postBodyPadding":[],"postBodyBackground":{"backgroundType":"classic","gradient":""}},"product_brand":[],"product_cat":[15,16,62],"product_tag":[],"class_list":{"0":"post-4236","1":"product","2":"type-product","3":"status-publish","4":"has-post-thumbnail","6":"product_cat-glass-containers","7":"product_cat-glass-bottles","8":"product_cat-perfume-bottles","10":"first","11":"instock","12":"shipping-taxable","13":"product-type-simple"},"jetpack_sharing_enabled":true,"_links":{"self":[{"href":"https:\/\/minghanggroup.com\/ko\/wp-json\/wp\/v2\/product\/4236","targetHints":{"allow":["GET"]}}],"collection":[{"href":"https:\/\/minghanggroup.com\/ko\/wp-json\/wp\/v2\/product"}],"about":[{"href":"https:\/\/minghanggroup.com\/ko\/wp-json\/wp\/v2\/types\/product"}],"wp:featuredmedia":[{"embeddable":true,"href":"https:\/\/minghanggroup.com\/ko\/wp-json\/wp\/v2\/media\/4241"}],"wp:attachment":[{"href":"https:\/\/minghanggroup.com\/ko\/wp-json\/wp\/v2\/media?parent=4236"}],"wp:term":[{"taxonomy":"product_brand","embeddable":true,"href":"https:\/\/minghanggroup.com\/ko\/wp-json\/wp\/v2\/product_brand?post=4236"},{"taxonomy":"product_cat","embeddable":true,"href":"https:\/\/minghanggroup.com\/ko\/wp-json\/wp\/v2\/product_cat?post=4236"},{"taxonomy":"product_tag","embeddable":true,"href":"https:\/\/minghanggroup.com\/ko\/wp-json\/wp\/v2\/product_tag?post=4236"}],"curies":[{"name":"wp","href":"https:\/\/api.w.org\/{rel}","templated":true}]}}