{"id":4225,"date":"2025-12-31T11:26:29","date_gmt":"2025-12-31T03:26:29","guid":{"rendered":"https:\/\/minghanggroup.com\/?post_type=product&#038;p=4225"},"modified":"2025-12-31T11:55:45","modified_gmt":"2025-12-31T03:55:45","slug":"round-glass-perfume-containers-with-metal-lids-bulk","status":"publish","type":"product","link":"https:\/\/minghanggroup.com\/ko\/product\/round-glass-perfume-containers-with-metal-lids-bulk\/","title":{"rendered":"30ml, 50ml, 80ml \uc6d0\ud615 \uc720\ub9ac \ud5a5\uc218 \uc6a9\uae30 (\uae08\uc18d \ub69c\uaed1 \ud3ec\ud568) \ub300\ub7c9 \ud310\ub9e4"},"content":{"rendered":"<p>\uc774 \uc6d0\ud615 \ud5a5\uc218\ubcd1\uc740 \ud22c\uba85\ud558\uace0 \ub9e4\ub044\ub7ec\uc6b4 \uc720\ub9ac\ub85c \uc81c\uc791\ub418\uc5c8\uc73c\uba70, \uc548\uc815\uc131\uc744 \ub192\uc774\uae30 \uc704\ud574 \ubc11\ubd80\ubd84\uc774 \ub450\uaecd\uac8c \ub418\uc5b4 \uc788\uace0, \uae08\uc18d \ub69c\uaed1\uc740 \uc6d0\ud1b5\ud615\uc785\ub2c8\ub2e4.<\/p>\n<h2>\uc81c\ud488 \ud2b9\uc9d5<\/h2>\n<ul>\n<li><strong>\uad6c\ud615\uc758 \ubd80\ub4dc\ub7ec\uc6b4 \ucd09\uac10\uc758 \ubcd1:<\/strong> \uad6c\ud615\uc758 \ub9e4\ub044\ub7ec\uc6b4 \uc720\ub9ac\ubcd1 \ub514\uc790\uc778\uc740 \ubd80\ub4dc\ub7ec\uc6b4 \ubbf8\uc801 \uac10\uac01\uc744 \uc120\uc0ac\ud558\uba70 \uc7a1\uae30\uc5d0\ub3c4 \ub354 \ud3b8\ud569\ub2c8\ub2e4.<\/li>\n<li><strong>\ub2e4\ucc44\ub85c\uc6b4 \uc0c9\uc0c1\uc758 \uae08\uc18d \ucea1:<\/strong> \uc774 \uc81c\ud488\uc5d0\ub294 \uac80\uc815\uc0c9, \uae08\uc0c9, \uc740\uc0c9\uc758 \uc6d0\ud1b5\ud615 \uae08\uc18d \ucea1\uc774 \ud568\uaed8 \uc81c\uacf5\ub418\uc5b4 \uba4b\uc9c4 \uc2a4\ud0c0\uc77c\uc744 \uc5f0\ucd9c\ud560 \ubfd0\ub9cc \uc544\ub2c8\ub77c \uc81c\ud488\uc758 \uace0\uae09\uc2a4\ub7ec\uc6c0\uc744 \ub354\ud574\uc90d\ub2c8\ub2e4.<\/li>\n<li><strong>\uc138 \uac00\uc9c0 \uc0ac\uc774\uc988:<\/strong> \ubcf8 \uc81c\ud488\uc740 30ml, 50ml, 80ml \uc6a9\ub7c9\uc73c\ub85c \ucd9c\uc2dc\ub418\uc5b4 \uc2dc\ud5a5\uc6a9, \ub370\uc77c\ub9ac \ud5a5\uc218, \uc120\ubb3c\uc6a9\uc73c\ub85c \ubaa8\ub450 \uc801\ud569\ud569\ub2c8\ub2e4.<\/li>\n<\/ul>\n<h2 style=\"text-align: left;\">\uc8fc\uc694 \uc0ac\uc591<\/h2>\n<table class=\"aligncenter\" style=\"border-collapse: collapse; width: 482.27pt;\" border=\"0\" width=\"643\" cellspacing=\"0\" cellpadding=\"0\">\n<tbody>\n<tr style=\"height: 13.50pt;\">\n<td style=\"height: 13.50pt; width: 131.25pt;\" width=\"175\" height=\"18\">\uc0ac\uc591<\/td>\n<td style=\"width: 351.00pt;\" width=\"468\">\uc138\ubd80<\/td>\n<\/tr>\n<tr style=\"height: 13.50pt;\">\n<td style=\"height: 13.50pt;\" height=\"18\">\uce58\uc218<\/td>\n<td>30ml: 50\u00d764mm; 50ml: 57\u00d763mm; 80ml: 70\u00d775mm<\/td>\n<\/tr>\n<tr style=\"height: 13.50pt;\">\n<td style=\"height: 13.50pt;\" height=\"18\">\uc7ac\ub8cc<\/td>\n<td>\ud22c\uba85 \uc720\ub9ac \ubcf8\uccb4; \uac80\uc815\/\uae08\uc0c9\/\uc740\uc0c9 \uc6d0\ud1b5\ud615 \uae08\uc18d \ub69c\uaed1<\/td>\n<\/tr>\n<tr style=\"height: 13.50pt;\">\n<td style=\"height: 13.50pt;\" height=\"18\">\ubcd1 \ubaa8\uc591<\/td>\n<td>\ubb34\uac8c\uac10\uc774 \uc788\ub294 \ubc1b\uce68\ub300\uac00 \uc788\ub294 \uad6c\ud615 \ub514\uc2a4\ud50c\ub808\uc774 (\uc548\uc815\uc801\uc778 \ub514\uc2a4\ud50c\ub808\uc774 \ub514\uc790\uc778)<\/td>\n<\/tr>\n<tr style=\"height: 13.50pt;\">\n<td style=\"height: 13.50pt;\" height=\"18\">\uc7a5\uc778\uc815\uc2e0 \ud2b9\uc9d5<\/td>\n<td>\uc815\ubc00 \uad6c\ud615 \uc720\ub9ac \ubd88\uae30, \ubb34\uac8c \uc911\uc2ec \ubc1b\uce68\ub300 \uc131\ud615<\/td>\n<\/tr>\n<tr style=\"height: 13.50pt;\">\n<td style=\"height: 13.50pt;\" height=\"18\">\uc774\uc0c1\uc801<\/td>\n<td>\ud5a5\uc218 \uc6a9\uae30, \uc6d0\ud615 \ud5a5\uc218\ubcd1 \ub300\ub7c9 \ud310\ub9e4<\/td>\n<\/tr>\n<\/tbody>\n<\/table>\n<h2>\uc131\uacf5 \uc0ac\ub840<\/h2>\n<p>\ud2b8\ub80c\ub514\ud55c \ud55c\uad6d \ubdf0\ud2f0 \ubc0f \ub77c\uc774\ud504\uc2a4\ud0c0\uc77c \ube0c\ub79c\ub4dc\uac00 \uccab \ud5a5\uc218 \ub77c\uc778\uc744 \ucd9c\uc2dc\ud588\uc2b5\ub2c8\ub2e4. \uc774 \ube0c\ub79c\ub4dc\ub294 \uc800\ud76c\uc758 50ml \uc6d0\ud615 \ud5a5\uc218 \uc6a9\uae30\ub97c \uc120\ud0dd\ud588\uace0, \ubd80\ub4dc\ub7ec\uc6b4 \uc0c9\uac10\uc758 \ub69c\uaed1\uc774 \ub354\ud574\uc84c\uc2b5\ub2c8\ub2e4. \uc774 \uadc0\uc5ec\uc6b4 \uc6d0\ud615 \ud5a5\uc218\ub294 \ucd9c\uc2dc \uccab \ub2ec \ub9cc\uc5d0 \uc18c\uc15c \ubbf8\ub514\uc5b4 \uc5b8\uae09\ub7c9\uc774 500% \uc99d\uac00\ud558\ub294 \ud3ed\ubc1c\uc801\uc778 \uc778\uae30\ub97c \uc5bb\uc5c8\uc2b5\ub2c8\ub2e4. \ub3c5\ud2b9\ud55c \ubcd1 \ubaa8\uc591\uc740 \ube0c\ub79c\ub4dc\uc758 \uc2dc\uadf8\ub2c8\ucc98 \ub514\uc790\uc778 \uc911 \ud558\ub098\ub85c \uc790\ub9ac \uc7a1\uc558\uc73c\uba70, \uc7a0\uc7ac \uace0\uac1d\uc758 90%\uac00 \ubcc4\ub3c4\uc758 \uc124\uba85 \uc5c6\uc774\ub3c4 \uadf8 \ubaa8\uc591\uc744 \uc54c\uc544\ubcfc \uc218 \uc788\uc744 \uc815\ub3c4\uc785\ub2c8\ub2e4. \uc774\ub7ec\ud55c \uc5c4\uccad\ub09c \uc131\uacf5\uc5d0 \ud798\uc785\uc5b4 \ube0c\ub79c\ub4dc\ub294 \uae00\ub85c\ubc8c \uc2dc\uc7a5 \ud655\uc7a5\uc744 \uc704\ud574 60\ub9cc \ubcd1\uc744 \ucd94\uac00\ub85c \uc8fc\ubb38\ud588\uc2b5\ub2c8\ub2e4.<\/p>\n<h2>\ud5a5\uc218 \uc6d0\ud615 \ubcd1 \ubcd1\uc785 \uc635\uc158<\/h2>\n<ul>\n<li>\ub9de\ucda4\ud615 \uae08\uc18d \ucea1 \uc0c9\uc0c1 - \ucea1\uc5d0 PVD \ucf54\ud305\uc744 \uc801\uc6a9\ud558\uc5ec \ube0c\ub79c\ub4dc \ub610\ub294 \uc2dc\uc98c \uc0c9\uc0c1\uc73c\ub85c \ub9de\ucda4 \uc81c\uc791\ud560 \uc218 \uc788\uc2b5\ub2c8\ub2e4.<\/li>\n<li>\uc720\ub9ac \uc0c9\uc0c1 \ubc0f \ud22c\uba85\ub3c4 \u2013 \uad6c\ud615 \uc720\ub9ac\ubcd1\uc740 \ub2e4\uc591\ud55c \ub9c8\uac10(\ubd84\ud64d\uc0c9, \ud30c\ub780\uc0c9, \ud669\uc0c9) \ub610\ub294 \ubd88\ud22c\uba85 \ucc98\ub9ac\ub85c \uc81c\uacf5\ub429\ub2c8\ub2e4.<\/li>\n<li>\uc720\ub9ac \uc2a4\ud06c\ub9b0 \uc778\uc1c4 - \uace1\uba74 \uc720\ub9ac: \ud45c\uba74\uc5d0 \uac04\ub2e8\ud55c \ub85c\uace0, \ud328\ud134 \ub610\ub294 \ud14d\uc2a4\ud2b8\ub97c \uc778\uc1c4\ud560 \uc218 \uc788\uc2b5\ub2c8\ub2e4.<\/li>\n<li>\ub808\uc774\uc800 \uc5d0\uce6d \u2013 \uc720\ub9ac \ud45c\uba74\uc5d0 \uc815\uad50\ud55c \uc774\ubbf8\uc9c0, \ubcc4\uc790\ub9ac \ub610\ub294 \ubb38\uc790 \uc870\ud569\uc744 \uc0c8\uae38 \uc218 \uc788\uc2b5\ub2c8\ub2e4.<\/li>\n<\/ul>","protected":false},"excerpt":{"rendered":"<p>\ud22c\uba85\ud55c \uc720\ub9ac\uc640 \uae08\uc18d \ub69c\uaed1\uc73c\ub85c \ub41c \ub465\uadfc \ud5a5\uc218\ubcd1\uc785\ub2c8\ub2e4. \ub9e4\ub044\ub7ec\uc6b4 \uad6c\ud615 \ub514\uc790\uc778\uc5d0 \ub2e4\uc591\ud55c \ud06c\uae30\ub85c \uc81c\uacf5\ub429\ub2c8\ub2e4. \ube0c\ub79c\ub4dc\uc5d0 \uacf5\uc7a5 \uc9c1\uc1a1\uc73c\ub85c \uacf5\uae09\ud569\ub2c8\ub2e4.<\/p>","protected":false},"featured_media":4226,"template":"","meta":{"postBodyCss":"","postBodyMargin":[],"postBodyPadding":[],"postBodyBackground":{"backgroundType":"classic","gradient":""}},"product_brand":[],"product_cat":[15,16,62],"product_tag":[],"class_list":{"0":"post-4225","1":"product","2":"type-product","3":"status-publish","4":"has-post-thumbnail","6":"product_cat-glass-containers","7":"product_cat-glass-bottles","8":"product_cat-perfume-bottles","10":"first","11":"instock","12":"shipping-taxable","13":"product-type-simple"},"jetpack_sharing_enabled":true,"_links":{"self":[{"href":"https:\/\/minghanggroup.com\/ko\/wp-json\/wp\/v2\/product\/4225","targetHints":{"allow":["GET"]}}],"collection":[{"href":"https:\/\/minghanggroup.com\/ko\/wp-json\/wp\/v2\/product"}],"about":[{"href":"https:\/\/minghanggroup.com\/ko\/wp-json\/wp\/v2\/types\/product"}],"wp:featuredmedia":[{"embeddable":true,"href":"https:\/\/minghanggroup.com\/ko\/wp-json\/wp\/v2\/media\/4226"}],"wp:attachment":[{"href":"https:\/\/minghanggroup.com\/ko\/wp-json\/wp\/v2\/media?parent=4225"}],"wp:term":[{"taxonomy":"product_brand","embeddable":true,"href":"https:\/\/minghanggroup.com\/ko\/wp-json\/wp\/v2\/product_brand?post=4225"},{"taxonomy":"product_cat","embeddable":true,"href":"https:\/\/minghanggroup.com\/ko\/wp-json\/wp\/v2\/product_cat?post=4225"},{"taxonomy":"product_tag","embeddable":true,"href":"https:\/\/minghanggroup.com\/ko\/wp-json\/wp\/v2\/product_tag?post=4225"}],"curies":[{"name":"wp","href":"https:\/\/api.w.org\/{rel}","templated":true}]}}