{"id":4208,"date":"2025-12-30T15:33:11","date_gmt":"2025-12-30T07:33:11","guid":{"rendered":"https:\/\/minghanggroup.com\/?post_type=product&#038;p=4208"},"modified":"2025-12-30T16:53:58","modified_gmt":"2025-12-30T08:53:58","slug":"clear-glass-cologne-bottles-with-metal-lids-bulk","status":"publish","type":"product","link":"https:\/\/minghanggroup.com\/ko\/product\/clear-glass-cologne-bottles-with-metal-lids-bulk\/","title":{"rendered":"30ml, 50ml, 100ml \ud22c\uba85 \uc720\ub9ac \ud5a5\uc218\ubcd1 (\uae08\uc18d \ub69c\uaed1 \ud3ec\ud568) \ub300\ub7c9 \ud310\ub9e4"},"content":{"rendered":"<p>\uc774 \ud5a5\uc218\ubcd1\uc740 \ubaa8\uc11c\ub9ac\uac00 \ub465\uadfc \uc6d0\ud615\uc5d0 \uac00\uae4c\uc6b4 \uc0ac\uac01\ud615 \ubaa8\uc591\uc785\ub2c8\ub2e4. \uc2ec\ud50c\ud55c \uad6c\uc870\uc640 \ub3d4\ud615 \uae08\uc18d \ub69c\uaed1\uc774 \uc870\ud654\ub97c \uc774\ub8e8\uba70 \ubbf8\ub2c8\uba40\ud55c \ub514\uc790\uc778\uc73c\ub85c \uc778\uc0c1\uc801\uc778 \ub300\ube44\ub97c \ubcf4\uc5ec\uc90d\ub2c8\ub2e4.<\/p>\n<h2>\uc81c\ud488 \ud2b9\uc9d5<\/h2>\n<ul>\n<li><strong>\ub2e4\uc591\ud55c \ud06c\uae30:<\/strong> \uc774 \uc81c\ud488\uc740 \ud544\uc694\uc5d0 \ub530\ub77c \uac1c\uc778\uc6a9 \ub610\ub294 \ub300\ub7c9 \uad6c\ub9e4\uc6a9\uc73c\ub85c \ub2e4\uc591\ud55c \ud06c\uae30\ub85c \ud5a5\uc218\ub97c \ubcf4\uad00\ud560 \uc218 \uc788\ub3c4\ub85d \ud310\ub9e4\ub429\ub2c8\ub2e4.<\/li>\n<li><strong>\uae08\uc18d \ucea1:<\/strong> \uc740\uc0c9, \uae08\uc0c9, \uac80\uc815\uc0c9\uc758 \ub2e4\uc591\ud55c \uc2a4\ud0c0\uc77c\uc758 \uc0ac\uac01\ud615 \uae08\uc18d \ucea1\uc774 \uc788\uc5b4 \uc81c\ud488\uc744 \uace0\uae09\uc2a4\ub7fd\uace0 \ud604\ub300\uc801\uc73c\ub85c \ub9cc\ub4e4\uc5b4\uc90d\ub2c8\ub2e4.<\/li>\n<li><strong>\ub465\uadfc \uc0ac\uac01\ud615 \ubcd1 \ubcf8\uccb4:<\/strong> \uc0ac\uac01\ud615 \uc6d0\ud1b5\ud615 \ubcd1 \ubab8\uccb4\uc758 \ubaa8\uc11c\ub9ac\ub97c \ub465\uae00\uac8c \ucc98\ub9ac\ud558\uace0 \ubd80\ub4dc\ub7ec\uc6b4 \uace1\uc120\uc744 \ub354\ud574 \ub354\uc6b1 \ud3b8\uc548\ud558\uac8c \uc7a1\uac70\ub098 \uc9c4\uc5f4\ud558\uae30 \uc27d\ub3c4\ub85d \ud588\uc2b5\ub2c8\ub2e4.<\/li>\n<\/ul>\n<h2 style=\"text-align: left;\">\uc8fc\uc694 \uc0ac\uc591<\/h2>\n<table class=\"aligncenter\" style=\"border-collapse: collapse; width: 434.27pt;\" border=\"0\" width=\"579\" cellspacing=\"0\" cellpadding=\"0\">\n<tbody>\n<tr style=\"height: 13.50pt;\">\n<td style=\"height: 13.50pt; width: 82.50pt;\" width=\"110\" height=\"18\">\uc0ac\uc591<\/td>\n<td style=\"width: 351.75pt;\" width=\"469\">\uc138\ubd80<\/td>\n<\/tr>\n<tr style=\"height: 13.50pt;\">\n<td style=\"height: 13.50pt;\" height=\"18\">\uce58\uc218<\/td>\n<td>30ml: 56\u00d728\u00d770mm; 50ml: 63\u00d731\u00d779mm; 100ml: 76\u00d738\u00d798mm<\/td>\n<\/tr>\n<tr style=\"height: 13.50pt;\">\n<td style=\"height: 13.50pt;\" height=\"18\">\uc7ac\ub8cc<\/td>\n<td>\ud22c\uba85 \uc720\ub9ac \ubcf8\uccb4; \uc740\uc0c9\/\uae08\uc0c9\/\uac80\uc815\uc0c9 \uae08\uc18d \ucea1<\/td>\n<\/tr>\n<tr style=\"height: 13.50pt;\">\n<td style=\"height: 13.50pt;\" height=\"18\">\ubcd1 \ubaa8\uc591<\/td>\n<td>\ubaa8\uc11c\ub9ac\uac00 \ub465\uadfc \uc0ac\uac01\uae30\ub465 (\ubd80\ub4dc\ub7ec\uc6b4 \ubaa8\uc11c\ub9ac \ubab0\ub529)<\/td>\n<\/tr>\n<tr style=\"height: 13.50pt;\">\n<td style=\"height: 13.50pt;\" height=\"18\">\ud3d0\uc1c4 \uc720\ud615<\/td>\n<td>\uc0ac\uac01\ud615 \uae08\uc18d \ub098\uc0ac \ucea1 (\uc548\uc804\ud55c \ubc00\ud3d0)<\/td>\n<\/tr>\n<tr style=\"height: 13.50pt;\">\n<td style=\"height: 13.50pt;\" height=\"18\">\uc774\uc0c1\uc801<\/td>\n<td>\ud5a5\uc218\ubcd1 \ub3c4\ub9e4, \ud5a5\uc218\ubcd1 \ub300\ub7c9 \ud310\ub9e4<\/td>\n<\/tr>\n<\/tbody>\n<\/table>\n<h2>\uc131\uacf5 \uc0ac\ub840<\/h2>\n<p>\ub0a8\uc131\uc6a9 \uc81c\ud488\uc744 \uc9c1\uc811 \ud310\ub9e4\ud558\ub294 \uc720\uba85 \uae30\uc5c5 \uc911 \ud558\ub098\uac00 \ud5a5\uc218 \uc2dc\uc7a5\uc5d0 \uc9c4\ucd9c\ud588\uc2b5\ub2c8\ub2e4. \uadf8\ub4e4\uc740 \uc800\ud76c\uc758 \ucf54\ub871 \ubcd1\uc744 \uc0ac\uc6a9\ud558\uc5ec \uccab \uc138 \uac00\uc9c0 \ud5a5\uc218\ub97c \ucd9c\uc2dc\ud558\uace0, \uac01 \ud5a5\uc218\ub9c8\ub2e4 \ud2b9\uc815 \uc0c9\uc0c1\uc758 \ub69c\uaed1\uc744 \ud568\uaed8 \uc81c\uacf5\ud558\uae30\ub85c \ud588\uc2b5\ub2c8\ub2e4. \ub465\uadfc \ubaa8\uc591\uc5d0 \uc0ac\uac01\ud615\uc744 \ub764 \ubcd1 \ub514\uc790\uc778\uc740 \uace0\uac1d\ub4e4\uc5d0\uac8c \ud070 \ud638\uc751\uc744 \uc5bb\uc5c8\uc73c\uba70, \uace0\uac1d \uc758\uacac\uc758 85%\uac00 &#034;\ucd09\uac10\uc774 \ud6cc\ub96d\ud558\ub2e4&#034;\uace0 \ud3c9\uac00\ud588\uc2b5\ub2c8\ub2e4. \uc2ec\ud50c\ud55c \ub514\uc790\uc778 \ub355\ubd84\uc5d0 \ub2e4\ub978 \uc81c\ud488\ubcf4\ub2e4 \uc18c\uc15c \ubbf8\ub514\uc5b4 \uacf5\uc720\ub7c9\uc774 \uc138 \ubc30\ub098 \ub9ce\uc558\uc2b5\ub2c8\ub2e4. \uc774\ub7ec\ud55c \ubc18\uc751\uc744 \ubc14\ud0d5\uc73c\ub85c \ud574\ub2f9 \ube0c\ub79c\ub4dc\ub294 40\ub9cc \ubcd1\uc744 \ucd94\uac00\ub85c \uc8fc\ubb38\ud588\uc2b5\ub2c8\ub2e4.<\/p>\n<h2>\ud5a5\uc218\ubcd1 \ub3c4\ub9e4 \ub9de\ucda4 \uc81c\uc791 \uc635\uc158<\/h2>\n<ul>\n<li>\ub9de\ucda4\ud615 \uae08\uc18d \ucea1 \uc0c9\uc0c1 \u2013 \ube0c\ub79c\ub4dc\uc758 \ud32c\ud1a4 \uceec\ub7ec \ucc28\ud2b8\uc5d0\uc11c \ucea1\uc5d0 \uc801\uc6a9\ud560 PVD \ucf54\ud305 \uc0c9\uc0c1\uc744 \uc120\ud0dd\ud558\uc138\uc694.<\/li>\n<li>\uc720\ub9ac\ubcd1 \uc0c9\uc0c1 \u2013 \uc720\ub9ac\ubcd1\uc740 \ud638\ubc15\uc0c9, \ud68c\uc0c9 \ub610\ub294 \ucf54\ubc1c\ud2b8 \ube14\ub8e8\ub97c \ud3ec\ud568\ud55c \ub2e4\uc591\ud55c \uc0c9\uc0c1\uc73c\ub85c \uc81c\uacf5\ub429\ub2c8\ub2e4.<\/li>\n<li>\uc720\ub9ac \uc2a4\ud06c\ub9b0 \uc778\uc1c4 \u2013 \uc720\ub9ac\ubcd1\uc758 \ud3c9\ud3c9\ud55c \ubd80\ubd84\uc5d0 \ub85c\uace0, \ub514\uc790\uc778 \ub610\ub294 \ud14d\uc2a4\ud2b8\ub97c \uc778\uc1c4\ud558\uc138\uc694.<\/li>\n<li>\ubb34\uad11 \uc720\ub9ac \ub9c8\uac10 \u2013 \uc804\uccb4 \ubb34\uad11 \ub9c8\uac10 \ub610\ub294 \uadf8\ub77c\ub370\uc774\uc158 \ubb34\uad11 \ub9c8\uac10\uc73c\ub85c \ub9e4\ub044\ub7fd\uace0 \uace0\uae09\uc2a4\ub7ec\uc6b4 \ub290\ub08c\uc744 \uc120\uc0ac\ud569\ub2c8\ub2e4.<\/li>\n<\/ul>","protected":false},"excerpt":{"rendered":"<p>\ubaa8\ub358\ud55c \ub514\uc790\uc778\uc758 \ud22c\uba85 \ud5a5\uc218\ubcd1\uc744 \ub2e4\uc591\ud55c \ud06c\uae30\uc640 \ub69c\uaed1 \uc0c9\uc0c1\uc73c\ub85c \ub9cc\ub098\ubcf4\uc138\uc694. \ub3c4\ub9e4\uac00\uc5d0 \ube60\ub978 \ubc30\uc1a1 \uc11c\ube44\uc2a4\ub97c \uc81c\uacf5\ud558\uba70, \ud5a5\uc218 \ube0c\ub79c\ub4dc \ubc0f \uc790\uccb4 \ube0c\ub79c\ub4dc\uc5d0 \uc801\ud569\ud569\ub2c8\ub2e4.<\/p>","protected":false},"featured_media":4215,"template":"","meta":{"postBodyCss":"","postBodyMargin":[],"postBodyPadding":[],"postBodyBackground":{"backgroundType":"classic","gradient":""}},"product_brand":[],"product_cat":[15,16,62],"product_tag":[],"class_list":{"0":"post-4208","1":"product","2":"type-product","3":"status-publish","4":"has-post-thumbnail","6":"product_cat-glass-containers","7":"product_cat-glass-bottles","8":"product_cat-perfume-bottles","10":"first","11":"instock","12":"shipping-taxable","13":"product-type-simple"},"jetpack_sharing_enabled":true,"_links":{"self":[{"href":"https:\/\/minghanggroup.com\/ko\/wp-json\/wp\/v2\/product\/4208","targetHints":{"allow":["GET"]}}],"collection":[{"href":"https:\/\/minghanggroup.com\/ko\/wp-json\/wp\/v2\/product"}],"about":[{"href":"https:\/\/minghanggroup.com\/ko\/wp-json\/wp\/v2\/types\/product"}],"wp:featuredmedia":[{"embeddable":true,"href":"https:\/\/minghanggroup.com\/ko\/wp-json\/wp\/v2\/media\/4215"}],"wp:attachment":[{"href":"https:\/\/minghanggroup.com\/ko\/wp-json\/wp\/v2\/media?parent=4208"}],"wp:term":[{"taxonomy":"product_brand","embeddable":true,"href":"https:\/\/minghanggroup.com\/ko\/wp-json\/wp\/v2\/product_brand?post=4208"},{"taxonomy":"product_cat","embeddable":true,"href":"https:\/\/minghanggroup.com\/ko\/wp-json\/wp\/v2\/product_cat?post=4208"},{"taxonomy":"product_tag","embeddable":true,"href":"https:\/\/minghanggroup.com\/ko\/wp-json\/wp\/v2\/product_tag?post=4208"}],"curies":[{"name":"wp","href":"https:\/\/api.w.org\/{rel}","templated":true}]}}