{"id":4203,"date":"2025-12-30T15:14:37","date_gmt":"2025-12-30T07:14:37","guid":{"rendered":"https:\/\/minghanggroup.com\/?post_type=product&#038;p=4203"},"modified":"2025-12-30T15:32:27","modified_gmt":"2025-12-30T07:32:27","slug":"crystal-scent-bottles-with-with-silver-spray-bulk","status":"publish","type":"product","link":"https:\/\/minghanggroup.com\/ko\/product\/crystal-scent-bottles-with-with-silver-spray-bulk\/","title":{"rendered":"30ml, 50ml, 100ml \ud06c\ub9ac\uc2a4\ud0c8 \ud5a5\uc218\ubcd1 (\uc2e4\ubc84 \uc2a4\ud504\ub808\uc774 \ud3ec\ud568) \ub300\ub7c9 \ud310\ub9e4"},"content":{"rendered":"<p>\uc774 \ud06c\ub9ac\uc2a4\ud0c8 \ud5a5\uc218\ubcd1\uc740 \uc804\uccb4\uac00 \ub2e4\uba74\uccb4 \ud06c\ub9ac\uc2a4\ud0c8 \uc720\ub9ac\ub85c \ub9cc\ub4e4\uc5b4\uc84c\uc73c\uba70, \ub2e4\uc774\uc544\ubaac\ub4dc \ucee4\ud305\ub41c \ud06c\ub9ac\uc2a4\ud0c8 \ub69c\uaed1\uacfc \uc544\ub984\ub2e4\uc6b4 \uc740\uc0c9 \uc2a4\ud504\ub808\uc774 \ub178\uc990\uc774 \uc870\ud654\ub97c \uc774\ub8e8\uc5b4 \uace0\uae09\uc2a4\ub7ec\uc6b8 \ubfd0\ub9cc \uc544\ub2c8\ub77c \ud604\ub300\uc801\uc778 \uac10\uac01\uc744 \ub354\ud569\ub2c8\ub2e4.<\/p>\n<h2>\uc81c\ud488 \ud2b9\uc9d5<\/h2>\n<ul>\n<li><strong>\uae30\ud558\ud559\uc801 \ub2e4\uba74\uccb4 \ud504\ub9ac\uc998:<\/strong> \uc815\uad50\ud558\uac8c \ucee4\ud305\ub41c \uae30\ud558\ud559\uc801 \ub2e4\uba74 \uc720\ub9ac \ud615\ud0dc\ub294 \ud0c1\uc6d4\ud55c \ube5b \uad74\uc808 \ud6a8\uacfc\ub97c \ub9cc\ub4e4\uc5b4\ub0b4\uba70, \uac74\ucd95\uc801\uc73c\ub85c\ub3c4 \ub6f0\uc5b4\ub09c \uc874\uc7ac\uac10\uc744 \ub4dc\ub7ec\ub0c5\ub2c8\ub2e4.<\/li>\n<li><strong>\ud22c\uba85\ub3c4\uac00 \ub9e4\uc6b0 \ub192\uc740 \ud22c\uba85 \uc720\ub9ac:<\/strong> \uc774 \uc18c\uc7ac\ub294 \ud22c\uba85\ub3c4\uac00 \ub9e4\uc6b0 \ub6f0\uc5b4\ub098 \ub0b4\ubd80\uc758 \ud5a5\uae30\uac00 \uc798 \ub4dc\ub7ec\ub0a9\ub2c8\ub2e4.<\/li>\n<li><strong>\uc138 \uac00\uc9c0 \uc0ac\uc774\uc988:<\/strong> \uc0d8\ud50c \ud734\ub300, \uc5ec\ud589\uc6a9 \uc0ac\uc774\uc988, \ub610\ub294 \ud2b9\ubcc4\ud55c \ud5a5\uc218 \ub4f1 \ud544\uc694\uc5d0 \ub530\ub77c 30ml, 50ml, 100ml \uc911\uc5d0\uc11c \uc120\ud0dd\ud560 \uc218 \uc788\uc2b5\ub2c8\ub2e4.<\/li>\n<\/ul>\n<h2 style=\"text-align: left;\">\uc8fc\uc694 \uc0ac\uc591<\/h2>\n<table class=\"aligncenter\" style=\"border-collapse: collapse; width: 536.27pt;\" border=\"0\" width=\"715\" cellspacing=\"0\" cellpadding=\"0\">\n<tbody>\n<tr style=\"height: 13.50pt;\">\n<td style=\"height: 13.50pt; width: 83.25pt;\" width=\"111\" height=\"18\">\uc0ac\uc591<\/td>\n<td style=\"width: 453.00pt;\" width=\"604\">\uc138\ubd80<\/td>\n<\/tr>\n<tr style=\"height: 13.50pt;\">\n<td style=\"height: 13.50pt;\" height=\"18\">\uce58\uc218<\/td>\n<td>30ml: 44\u00d747\u00d762mm; 50ml: 57\u00d728\u00d775mm; 100ml: 67\u00d735\u00d795mm<\/td>\n<\/tr>\n<tr style=\"height: 13.50pt;\">\n<td style=\"height: 13.50pt;\" height=\"18\">\uc7ac\ub8cc<\/td>\n<td>\ub2e4\uba74\uccb4 \ud22c\uba85 \uc720\ub9ac \ubcf8\uccb4; \uc740\uc0c9 \uae08\uc18d \ubd80\ud488; \uc0ac\uac01\ud615 \ucea1<\/td>\n<\/tr>\n<tr style=\"height: 13.50pt;\">\n<td style=\"height: 13.50pt;\" height=\"18\">\ud3d0\uc1c4 \uc720\ud615<\/td>\n<td>\uc740\uc0c9 \uae08\uc18d \uc2a4\ud504\ub808\uc774 \uce7c\ub77c\uac00 \uc77c\uccb4\ud615\uc73c\ub85c \ub41c \uc0ac\uac01\ud615 \ucea1<\/td>\n<\/tr>\n<tr style=\"height: 13.50pt;\">\n<td style=\"height: 13.50pt;\" height=\"18\">\uc774\uc0c1\uc801<\/td>\n<td>\ud06c\ub9ac\uc2a4\ud0c8 \ud5a5\uc218\ubcd1, \ub300\ub7c9 \ud5a5\uc218\ubcd1<\/td>\n<\/tr>\n<\/tbody>\n<\/table>\n<h2>\uc131\uacf5 \uc0ac\ub840<\/h2>\n<p>\uc800\ud76c 30ml \ud5a5\uc218\ubcd1\uc740 \uc138\uacc4 \ucd5c\ub300 \ubc31\ud654\uc810 \uc911 \ud55c \uacf3\uc5d0\uc11c \uc120\ud0dd\ub418\uc5c8\uc73c\uba70, \ud574\ub2f9 \ubc31\ud654\uc810\uc740 \ubb34\uad11\ud0dd \ub2e4\uba74 \ud314\ub77c\ub4d0 \ub3c4\uae08 \uae08\uc18d \ubcd1\ubaa9 \ubd80\ubd84\uc5d0 \uc57d\uac04\uc758 \uc218\uc815\uc744 \uc758\ub8b0\ud588\uc2b5\ub2c8\ub2e4. \uc815\uad50\ud55c \ub514\uc790\uc778\uc740 \ub9e4\uc7a5 \uc870\uba85\uacfc \uc5b4\uc6b0\ub7ec\uc838 \uc544\ub984\ub2e4\uc6b4 \ube5b\uacfc \uadf8\ub9bc\uc790 \ud6a8\uacfc\ub97c \uc5f0\ucd9c\ud558\uba70, \ud5a5\uc218 \ucf54\ub108\uc5d0 \ub300\ud55c \uace0\uac1d \uad00\uc2ec\uc744 25% \uc99d\uac00\uc2dc\ucf30\uc2b5\ub2c8\ub2e4. \uc774\ub7ec\ud55c \uace0\uae09 \ub514\uc790\uc778 \ub355\ubd84\uc5d0 \uc800\ud76c \ud5a5\uc218 \ube0c\ub79c\ub4dc\ub294 \uc720\uc0ac\ud55c \ub514\uc790\uc774\ub108 \ud5a5\uc218\ubcf4\ub2e4 40% \ub192\uc740 \uac00\uce58\ub97c \uc9c0\ub2c8\uac8c \ub418\uc5c8\uc2b5\ub2c8\ub2e4. \uc2dc\uc7a5 \ubc18\uc751\uc740 \ud3ed\ubc1c\uc801\uc774\uc5c8\uace0, \ubc31\ud654\uc810 \uce21\uc740 \ud5a5\ud6c4 2\ub144\uac04\uc758 \uacf5\uae09 \uc218\uc694\ub97c \ucda9\uc871\ud558\uae30 \uc704\ud574 \uc989\uc2dc 100\ub9cc \ubcd1 \uc774\uc0c1\uc744 \uc8fc\ubb38\ud588\uc2b5\ub2c8\ub2e4.<\/p>\n<h2>\ud06c\ub9ac\uc2a4\ud0c8 \ud5a5\uc218\ubcd1 \ub9de\ucda4 \uc81c\uc791<\/h2>\n<ul>\n<li>\ub9de\ucda4\ud615 \uc720\ub9ac \uc0c9\uc0c1 \u2013 \uace0\uae09 \ubcd1 \ubaa8\uc591 \uc720\ub9ac\uc794\uc5d0 \uc0f4\ud398\uc778, \uc2a4\ubaa8\ud0a4 \uadf8\ub808\uc774 \ub610\ub294 \uc5f0\ubd84\ud64d\uc0c9 \ub4f1 \ub2e4\uc591\ud55c \ub9de\ucda4\ud615 \uc720\ub9ac \uc0c9\uc0c1\uc744 \uc120\ud0dd\ud560 \uc218 \uc788\uc2b5\ub2c8\ub2e4.<\/li>\n<li>\uae08\uc18d \ubcd1\ubaa9 \ub9c8\uac10 \u2013 \ubcd1\ubaa9 \ubd80\ubd84\uc740 \uae08\uc0c9, \ub85c\uc988\uace8\ub4dc, \uac80\uc815\uc0c9, \uac74\uba54\ud0c8 \ub4f1 \ub2e4\uc591\ud55c \uae08\uc18d \ub9c8\uac10\uc744 \ud3ec\ud568\ud558\uc5ec \uc5ec\ub7ec \uac00\uc9c0 \ub9c8\uac10\uc73c\ub85c \uc81c\uc791\ub420 \uc218 \uc788\uc2b5\ub2c8\ub2e4.<\/li>\n<li>\ub2e4\uba74 \ub808\uc774\uc800 \uc5d0\uce6d \u2013 \ub808\uc774\uc800\ub97c \uc774\uc6a9\ud558\uc5ec \ub85c\uace0 \ub610\ub294 \ud328\ud134\uc744 \uc120\ud0dd\ud55c \uba74\uc5d0 \uc0c8\uae38 \uc218 \uc788\uc2b5\ub2c8\ub2e4.<\/li>\n<li>\ubbf8\ub044\ub7fc \ubc29\uc9c0 \uadf8\ub9bd \ub514\uc790\uc778 \u2013 \ubcd1\uc758 \uc591\uba74\uc5d0 \ubbf8\uc138\ud55c \ud648\uc774 \uc0c8\uaca8\uc838 \uc788\uc5b4 \ubbf8\ub044\ub7fc \ubc29\uc9c0 \uae30\ub2a5\uc744 \uac15\ud654\ud588\uc2b5\ub2c8\ub2e4.<\/li>\n<\/ul>","protected":false},"excerpt":{"rendered":"<p>\ub2e4\uba74 \uc720\ub9ac\uc640 \ub2e4\uc774\uc544\ubaac\ub4dc \ucee4\ud305 \ucea1\uc73c\ub85c \ub514\uc790\uc778\ub41c \ud06c\ub9ac\uc2a4\ud0c8 \ud5a5\uc218\ubcd1\uc785\ub2c8\ub2e4. \ud504\ub9ac\ubbf8\uc5c4\uae09 \ud488\uc9c8\uc758 \ud5a5\uc218\ubcd1\uc73c\ub85c, \ube0c\ub79c\ub4dc \ubc0f \ub3c4\ub9e4\uc5c5\uccb4\uc5d0 \uacf5\uc7a5 \uc9c1\uc1a1\uc73c\ub85c \uacf5\uae09\ud569\ub2c8\ub2e4.<\/p>","protected":false},"featured_media":4207,"template":"","meta":{"postBodyCss":"","postBodyMargin":[],"postBodyPadding":[],"postBodyBackground":{"backgroundType":"classic","gradient":""}},"product_brand":[],"product_cat":[15,16,62],"product_tag":[],"class_list":{"0":"post-4203","1":"product","2":"type-product","3":"status-publish","4":"has-post-thumbnail","6":"product_cat-glass-containers","7":"product_cat-glass-bottles","8":"product_cat-perfume-bottles","10":"first","11":"instock","12":"shipping-taxable","13":"product-type-simple"},"jetpack_sharing_enabled":true,"_links":{"self":[{"href":"https:\/\/minghanggroup.com\/ko\/wp-json\/wp\/v2\/product\/4203","targetHints":{"allow":["GET"]}}],"collection":[{"href":"https:\/\/minghanggroup.com\/ko\/wp-json\/wp\/v2\/product"}],"about":[{"href":"https:\/\/minghanggroup.com\/ko\/wp-json\/wp\/v2\/types\/product"}],"wp:featuredmedia":[{"embeddable":true,"href":"https:\/\/minghanggroup.com\/ko\/wp-json\/wp\/v2\/media\/4207"}],"wp:attachment":[{"href":"https:\/\/minghanggroup.com\/ko\/wp-json\/wp\/v2\/media?parent=4203"}],"wp:term":[{"taxonomy":"product_brand","embeddable":true,"href":"https:\/\/minghanggroup.com\/ko\/wp-json\/wp\/v2\/product_brand?post=4203"},{"taxonomy":"product_cat","embeddable":true,"href":"https:\/\/minghanggroup.com\/ko\/wp-json\/wp\/v2\/product_cat?post=4203"},{"taxonomy":"product_tag","embeddable":true,"href":"https:\/\/minghanggroup.com\/ko\/wp-json\/wp\/v2\/product_tag?post=4203"}],"curies":[{"name":"wp","href":"https:\/\/api.w.org\/{rel}","templated":true}]}}