{"id":4151,"date":"2025-12-29T13:34:00","date_gmt":"2025-12-29T05:34:00","guid":{"rendered":"https:\/\/minghanggroup.com\/?post_type=product&#038;p=4151"},"modified":"2025-12-29T14:55:53","modified_gmt":"2025-12-29T06:55:53","slug":"clear-cylindrical-custom-fragrance-bottles-bulk","status":"publish","type":"product","link":"https:\/\/minghanggroup.com\/ko\/product\/clear-cylindrical-custom-fragrance-bottles-bulk\/","title":{"rendered":"15ml, 20ml, 30ml \ud22c\uba85 \uc6d0\ud1b5\ud615 \ub9de\ucda4\ud615 \ud5a5\uc218\ubcd1 \ub300\ub7c9 \ud310\ub9e4"},"content":{"rendered":"<p>\uc774 \ub9de\ucda4\ud615 \ud5a5\uc218\ubcd1\uc740 \uc881\uace0 \ud22c\uba85\ud55c \uc6d0\ud1b5\ud615 \uc720\ub9ac\ub85c \uc81c\uc791\ub418\uc5c8\uc2b5\ub2c8\ub2e4. \uc2ec\ud50c\ud55c \uc0ac\uac01\ud615 \ud22c\uba85 \ucea1\uacfc \ub9e4\ub044\ub7ec\uc6b4 \uc740\uc0c9 \ub178\uc990\uc774 \ub514\uc790\uc778\uc744 \uc644\uc131\ud569\ub2c8\ub2e4. 30ml \uc6a9\ub7c9\uc758 \uc774 \ud5a5\uc218\ubcd1\uc740 \ubaa8\ub358\ud55c \ubbf8\ub2c8\uba40\ub9ac\uc998\uacfc \uc740\uc740\ud55c \uc6b0\uc544\ud568\uc774 \uc644\ubcbd\ud558\uac8c \uc870\ud654\ub97c \uc774\ub8f9\ub2c8\ub2e4.<\/p>\n<h2>\uc81c\ud488 \ud2b9\uc9d5<\/h2>\n<ul>\n<li><strong>\ud22c\uba85\ud55c \uc6d0\ud1b5\ud615 \ubcd1:<\/strong> \uc587\uc740 \ud615\ud0dc \ub355\ubd84\uc5d0 \uacf5\uac04\uc744 \uc808\uc57d\ud560 \uc218 \uc788\uace0, \uc138\ub828\ub41c \ub514\uc790\uc778\uc744 \uc790\ub791\ud558\uba70, \ube0c\ub79c\ub4dc\ub97c \ud6a8\uacfc\uc801\uc73c\ub85c \ubcf4\uc5ec\uc904 \uc218 \uc788\ub294 \ucda9\ubd84\ud55c \uacf5\uac04\uc744 \uc81c\uacf5\ud569\ub2c8\ub2e4.<\/li>\n<li><strong>\uae08\uc18d \ub178\uc990\uc774 \ub2ec\ub9b0 \ud22c\uba85 \ucea1:<\/strong> \ud22c\uba85\ud55c \uc0ac\uac01\ud615 \ub69c\uaed1\uacfc \uc740\uc0c9 \uae08\uc18d \ub178\uc990\uc774 \uc870\ud654\ub97c \uc774\ub8e8\uc5b4 \uae30\uacc4\uc801\uc778 \uc138\ub828\ubbf8\ub97c \ub354\ud569\ub2c8\ub2e4.<\/li>\n<li><strong>\uc138 \uac00\uc9c0 \uc0ac\uc774\uc988:<\/strong> 15ml, 20ml, 30ml \uc6a9\ub7c9\uc73c\ub85c \ucd9c\uc2dc\ub418\uc5b4 \uc2dc\ud5d8\uc6a9, \uc5ec\ud589\uc6a9, \uc815\ud488 \ub4f1 \ub2e4\uc591\ud55c \uc6a9\ub3c4\uc5d0 \ub9de\ucdb0 \uc0ac\uc6a9\ud560 \uc218 \uc788\uc2b5\ub2c8\ub2e4.<\/li>\n<\/ul>\n<h2 style=\"text-align: left;\">\uc8fc\uc694 \uc0ac\uc591<\/h2>\n<table class=\"aligncenter\" style=\"border-collapse: collapse; width: 490.52pt;\" border=\"0\" width=\"654\" cellspacing=\"0\" cellpadding=\"0\">\n<tbody>\n<tr style=\"height: 13.50pt;\">\n<td style=\"height: 13.50pt; width: 132.00pt;\" width=\"176\" height=\"18\">\uc0ac\uc591<\/td>\n<td style=\"width: 358.50pt;\" width=\"478\">\uc138\ubd80<\/td>\n<\/tr>\n<tr style=\"height: 13.50pt;\">\n<td style=\"height: 13.50pt;\" height=\"18\">\uce58\uc218<\/td>\n<td>15ml: 25\u00d784mm; 20ml: 29\u00d767mm; 30ml: 33\u00d798mm<\/td>\n<\/tr>\n<tr style=\"height: 13.50pt;\">\n<td style=\"height: 13.50pt;\" height=\"18\">\uc7ac\ub8cc<\/td>\n<td>\ud22c\uba85 \uc720\ub9ac \ubcf8\uccb4, \ud22c\uba85 \ud50c\ub77c\uc2a4\ud2f1 \ub69c\uaed1, \uae08\uc18d \uc2a4\ud504\ub808\uc774 \ubd80\ud488<\/td>\n<\/tr>\n<tr style=\"height: 13.50pt;\">\n<td style=\"height: 13.50pt;\" height=\"18\">\ubcd1 \ubaa8\uc591<\/td>\n<td>\uc2e4\ub9b0\ub354<\/td>\n<\/tr>\n<tr style=\"height: 13.50pt;\">\n<td style=\"height: 13.50pt;\" height=\"18\">\uc0c9\uc0c1 \uc545\uc13c\ud2b8<\/td>\n<td>\ud22c\uba85 \uc720\ub9ac, \uc740\uc0c9 \uae08\uc18d \uc7a5\uc2dd<\/td>\n<\/tr>\n<tr style=\"height: 13.50pt;\">\n<td style=\"height: 13.50pt;\" height=\"18\">\uc7a5\uc778\uc815\uc2e0 \ud2b9\uc9d5<\/td>\n<td>\ud22c\uba85\ub3c4\uac00 \ub192\uc740 \uc720\ub9ac, \ub204\uc218 \ubc29\uc9c0 \uc2a4\ud504\ub808\uc774 \uba54\ucee4\ub2c8\uc998<\/td>\n<\/tr>\n<tr style=\"height: 13.50pt;\">\n<td style=\"height: 13.50pt;\" height=\"18\">\uc774\uc0c1\uc801<\/td>\n<td>\ub9de\ucda4\ud615 \ud5a5\uc218\ubcd1, \ud5a5\uc218\ubcd1<\/td>\n<\/tr>\n<\/tbody>\n<\/table>\n<h2>\uc131\uacf5 \uc0ac\ub840: \ubd81\uc720\ub7fd \ubbf8\ub2c8\uba40\ub9ac\uc998 \ube0c\ub79c\ub4dc\uc758 \uc804\ud615\uc801\uc778 \ud5a5\uc218\ubcd1 \ub514\uc790\uc778<\/h2>\n<p>\ubbf8\ub2c8\uba40\ub9ac\uc998 \ub514\uc790\uc778\uc73c\ub85c \uc720\uba85\ud55c \ubd81\uc720\ub7fd \ub77c\uc774\ud504\uc2a4\ud0c0\uc77c \ube0c\ub79c\ub4dc \uc911 \ud558\ub098\uac00 \uc800\ud76c 30ml \ud5a5\uc218\ubcd1\uc744 \ud45c\uc900 \ub514\uc790\uc778\uc73c\ub85c \ucc44\ud0dd\ud588\uc2b5\ub2c8\ub2e4. \ubd88\ud22c\uba85 \uc720\ub9ac \ubcf8\uccb4\uc640 \ubb34\uad11 \ube14\ub799 \ub178\uc990\uc744 \uc57d\uac04 \uc218\uc815\ud558\uc5ec \uc0ac\uc6a9\ud588\uc8e0. \ube0c\ub79c\ub4dc \uac00\uce58\ub97c \ucd5c\uc6b0\uc120\uc73c\ub85c \uc0dd\uac01\ud558\ub294 \uc774 \ube0c\ub79c\ub4dc\ub294 \ud22c\uba85\ud55c \ub514\uc790\uc778\uacfc \uc644\ubcbd\ud558\uac8c \uc870\ud654\ub97c \uc774\ub8e8\uc5c8\uace0, \uadf8 \uacb0\uacfc \uc124\ubb38\uc870\uc0ac\uc5d0\uc11c \uc81c\ud488 \ud488\uc9c8\uc5d0 \ub300\ud55c \uc2e0\ub8b0\ub3c4\uac00 45% \uc99d\uac00\ud55c \uac83\uc73c\ub85c \ub098\ud0c0\ub0ac\uc2b5\ub2c8\ub2e4. \uc800\ud76c \ud38c\ud504 \ud5e4\ub4dc\ub294 \uc804 \uc138\uacc4 \ubc30\uc1a1 \uacfc\uc815\uc5d0\uc11c 99.8%\uc758 \ub204\uc218 \ubc29\uc9c0 \uc131\uacf5\ub960\uc744 \uc790\ub791\ud569\ub2c8\ub2e4. \uc81c\ud488\uc758 \uc77c\uad00\uc131\uacfc \uc2dc\uc7a5\uc5d0\uc11c\uc758 \uc131\uacfc\uc5d0 \ub9cc\uc871\ud55c \uace0\uac1d\uc0ac\ub294 20\ub9cc \ubcd1\uc744 \ucd94\uac00 \uc8fc\ubb38\ud588\uc2b5\ub2c8\ub2e4.<\/p>\n<h2>\uac1c\ubcc4 \ud5a5\uc218\ubcd1<\/h2>\n<ul>\n<li>\uc720\ub9ac \uc0c9\uc0c1 \ub610\ub294 \uc0c9\uc870 \ub9de\ucda4 \uc81c\uc791 \u2013 \ud638\ubc15\uc0c9, \ud68c\uc0c9 \ub610\ub294 \uc5f0\ud55c \ud30c\ub780\uc0c9 \uc720\ub9ac \uc911\uc5d0\uc11c \uc120\ud0dd \uac00\ub2a5\ud569\ub2c8\ub2e4.<\/li>\n<li>\ub9de\ucda4\ud615 \ucf00\uc5b4 \ucea1 \uc0c9\uc0c1 \u2013 \uac80\uc815\uc0c9, \ud770\uc0c9, \ud68c\uc0c9 \ubc0f \uae30\ud0c0 \uc0c9\uc0c1\uc758 \uc544\ud06c\ub9b4 \uc18c\uc7ac\ub85c \ub41c \ud22c\uba85\ud55c \uc0ac\uac01\ud615 \ucea1\uc744 \uc81c\uacf5\ud569\ub2c8\ub2e4.<\/li>\n<li>\uba54\ud0c8\ub9ad \uc2a4\ud504\ub808\uc774 \ub9c8\uac10 \u2013 \ud38c\ud504 \ud5e4\ub4dc \ub9c8\uac10 \ub300\uc2e0 \uae08\uc0c9, \ub85c\uc988\uace8\ub4dc, \uac80\uc815\uc0c9 \ub610\ub294 \ud06c\ub86c \uc911\uc5d0\uc11c \uc120\ud0dd\ud558\uc138\uc694.<\/li>\n<li>\uc720\ub9ac \uc2a4\ud06c\ub9b0 \uc778\uc1c4 \u2013 \ub85c\uace0, \ub514\uc790\uc778 \ub610\ub294 \ud14d\uc2a4\ud2b8\ub97c \uc720\ub9ac \ud45c\uba74\uc5d0 \uc778\uc1c4\ud560 \uc218 \uc788\ub294 \uacf5\uc815\uc785\ub2c8\ub2e4.<\/li>\n<\/ul>","protected":false},"excerpt":{"rendered":"<p>\ub9de\ucda4 \uc81c\uc791 \ud5a5\uc218\ubcd1, 30ml \ud22c\uba85 \uc720\ub9ac \ud5a5\uc218\ubcd1\uc5d0 \uc740\uc0c9 \uc2a4\ud504\ub808\uc774 \ucea1\uc774 \ud3ec\ud568\ub418\uc5b4 \uc788\uc2b5\ub2c8\ub2e4. \uacf5\uc7a5 \uc9c1\uc1a1\uc73c\ub85c \uc548\uc815\uc801\uc778 \ud488\uc9c8\uacfc \uacbd\uc7c1\ub825 \uc788\ub294 \uac00\uaca9\uc744 \ubcf4\uc7a5\ud569\ub2c8\ub2e4.<\/p>","protected":false},"featured_media":4159,"template":"","meta":{"postBodyCss":"","postBodyMargin":[],"postBodyPadding":[],"postBodyBackground":{"backgroundType":"classic","gradient":""}},"product_brand":[],"product_cat":[15,16,62],"product_tag":[],"class_list":{"0":"post-4151","1":"product","2":"type-product","3":"status-publish","4":"has-post-thumbnail","6":"product_cat-glass-containers","7":"product_cat-glass-bottles","8":"product_cat-perfume-bottles","10":"first","11":"instock","12":"shipping-taxable","13":"product-type-simple"},"jetpack_sharing_enabled":true,"_links":{"self":[{"href":"https:\/\/minghanggroup.com\/ko\/wp-json\/wp\/v2\/product\/4151","targetHints":{"allow":["GET"]}}],"collection":[{"href":"https:\/\/minghanggroup.com\/ko\/wp-json\/wp\/v2\/product"}],"about":[{"href":"https:\/\/minghanggroup.com\/ko\/wp-json\/wp\/v2\/types\/product"}],"wp:featuredmedia":[{"embeddable":true,"href":"https:\/\/minghanggroup.com\/ko\/wp-json\/wp\/v2\/media\/4159"}],"wp:attachment":[{"href":"https:\/\/minghanggroup.com\/ko\/wp-json\/wp\/v2\/media?parent=4151"}],"wp:term":[{"taxonomy":"product_brand","embeddable":true,"href":"https:\/\/minghanggroup.com\/ko\/wp-json\/wp\/v2\/product_brand?post=4151"},{"taxonomy":"product_cat","embeddable":true,"href":"https:\/\/minghanggroup.com\/ko\/wp-json\/wp\/v2\/product_cat?post=4151"},{"taxonomy":"product_tag","embeddable":true,"href":"https:\/\/minghanggroup.com\/ko\/wp-json\/wp\/v2\/product_tag?post=4151"}],"curies":[{"name":"wp","href":"https:\/\/api.w.org\/{rel}","templated":true}]}}