{"id":4086,"date":"2025-12-25T17:56:05","date_gmt":"2025-12-25T09:56:05","guid":{"rendered":"https:\/\/minghanggroup.com\/?post_type=product&#038;p=4086"},"modified":"2025-12-26T11:17:07","modified_gmt":"2025-12-26T03:17:07","slug":"miniature-perfume-bottles-with-gold-spray-lids-bulk","status":"publish","type":"product","link":"https:\/\/minghanggroup.com\/ko\/product\/miniature-perfume-bottles-with-gold-spray-lids-bulk\/","title":{"rendered":"2ml, 3ml, 5ml, 10ml \ubbf8\ub2c8\uc5b4\ucc98 \ud5a5\uc218\ubcd1 (\uae08\uc0c9 \uc2a4\ud504\ub808\uc774 \ub69c\uaed1 \ud3ec\ud568) \ub300\ub7c9 \ud310\ub9e4"},"content":{"rendered":"<p>\uc774 \ubbf8\ub2c8\uc5b4\ucc98 \ud5a5\uc218\ubcd1\uc740 \ub9e4\ub044\ub7fd\uace0 \uace7\uc740 \ubab8\uccb4\uc5d0 \ud22c\uba85\ud55c \uc720\ub9ac\ub85c \ub418\uc5b4 \uc788\uc73c\uba70, \ub124 \uac00\uc9c0 \ud06c\uae30\ub85c \uc81c\uacf5\ub418\uc5b4 \ud5a5\uc218 \uc0d8\ud50c, \ud734\ub300\uc6a9 \ud5a5\uc218 \ub610\ub294 \uc5d0\uc13c\uc15c \uc624\uc77c \uc2a4\ud504\ub808\uc774\ub97c \uc804\uc2dc\ud558\uae30\uc5d0 \uac00\uc7a5 \uc801\ud569\ud569\ub2c8\ub2e4.<\/p>\n<h2>\uc81c\ud488 \ud2b9\uc9d5<\/h2>\n<ul>\n<li><strong>\ub2e4\uc591\ud55c \ubbf8\ub2c8 \uc0ac\uc774\uc988:<\/strong> \ud5a5\uc218, \uc5d0\uc13c\uc15c \uc624\uc77c \ubc0f \uae30\ud0c0 \uc81c\ud488\uc758 \ub2e4\uc591\ud55c \uc6a9\ub7c9\uc5d0 \ub9de\ucdb0 \uc0ac\uc6a9\ud560 \uc218 \uc788\ub294 \ub124 \uac00\uc9c0 \ub192\uc774 \uc870\uc808 \uae30\ub2a5\uc774 \uc788\uc2b5\ub2c8\ub2e4.<\/li>\n<li><strong>\uae08\uc0c9 \ub69c\uaed1\uc774 \uc788\ub294 \uace0\uae09\uc2a4\ub7ec\uc6b4 \ud22c\uba85 \uc720\ub9ac\uc794:<\/strong> \uae08\uc18d \ub69c\uaed1\uc774 \uc788\ub294 \ud22c\uba85\ud55c \uc720\ub9ac \ubcf8\uccb4\ub294 \ub0b4\uc6a9\ubb3c\uc744 \uc120\uba85\ud558\uac8c \ubc18\uc601\ud558\uc5ec \ub9e4\uc6b0 \uc138\ub828\ub418\uace0 \uace0\uae09\uc2a4\ub7ec\uc6b4 \ub290\ub08c\uc744 \uc90d\ub2c8\ub2e4.<\/li>\n<li><strong>\ub2e8\uc21c\ud55c \uc9c1\uc120\ud615 \uc6d0\ud1b5 \ub514\uc790\uc778:<\/strong> \uc774 \uc81c\ud488\uc740 \uac00\uc7a5 \ub2e8\uc21c\ud55c \uc9c1\uc120\ud615 \uc6d0\ud1b5 \ub514\uc790\uc778\uc73c\ub85c, \ubcf4\uad00\uacfc \ud734\ub300\uac00 \uc6a9\uc774\ud558\uc5ec \uc5ec\ud589 \uc911\uc774\ub098 \uc774\ub3d9 \uc911\uc5d0 \uac04\ud3b8\ud558\uac8c \uc218\uc815 \ud654\uc7a5\uc744 \ud560 \uc218 \uc788\uc2b5\ub2c8\ub2e4.<\/li>\n<\/ul>\n<h2 style=\"text-align: left;\">\uc8fc\uc694 \uc0ac\uc591<\/h2>\n<table class=\"aligncenter\" style=\"border-collapse: collapse; width: 482.27pt;\" border=\"0\" width=\"643\" cellspacing=\"0\" cellpadding=\"0\">\n<tbody>\n<tr style=\"height: 13.50pt;\">\n<td style=\"height: 13.50pt; width: 111.75pt;\" width=\"149\" height=\"18\">\uc0ac\uc591<\/td>\n<td style=\"width: 370.50pt;\" width=\"494\">\uc138\ubd80<\/td>\n<\/tr>\n<tr style=\"height: 13.50pt;\">\n<td style=\"height: 13.50pt;\" height=\"18\">\ud06c\uae30 (\uc9c0\ub984 x \ub192\uc774)<\/td>\n<td>2ml: 1.4\u00d73cm; 3ml: 1.4\u00d74cm; 5ml: 1.4\u00d75.5cm; 10ml : 1.4\u00d710cm<\/td>\n<\/tr>\n<tr style=\"height: 13.50pt;\">\n<td style=\"height: 13.50pt;\" height=\"18\">\uc7ac\ub8cc<\/td>\n<td>\ud22c\uba85 \uc720\ub9ac \ubcf8\uccb4, \uae08\uc0c9 \uae08\uc18d \ub69c\uaed1<\/td>\n<\/tr>\n<tr style=\"height: 13.50pt;\">\n<td style=\"height: 13.50pt;\" height=\"18\">\ubcd1 \ubaa8\uc591<\/td>\n<td>\uc9c1\uc120\ubcbd \uc6d0\ud1b5<\/td>\n<\/tr>\n<tr style=\"height: 13.50pt;\">\n<td style=\"height: 13.50pt;\" height=\"18\">\uc18c\uc7ac \ud2b9\uc9d5<\/td>\n<td>\ub0b4\uad6c\uc131\uc774 \ub6f0\uc5b4\ub098\uace0, \ub9ac\ud544 \uac00\ub2a5\ud558\uba70, \uace0\uae09\uc2a4\ub7ec\uc6b4 \ub9c8\uac10 \ucc98\ub9ac<\/td>\n<\/tr>\n<tr style=\"height: 13.50pt;\">\n<td style=\"height: 13.50pt;\" height=\"18\">\uc774\uc0c1\uc801<\/td>\n<td>\ud5a5\uc218 \uc0d8\ud50c \ubcd1, \ubbf8\ub2c8 \ud5a5\uc218 \ubcd1<\/td>\n<\/tr>\n<\/tbody>\n<\/table>\n<h2>\uc131\uacf5 \uc0ac\ub840<\/h2>\n<p>\uc800\ud76c 5ml \ud5a5\uc218 \uc0d8\ud50c \ubcd1\uc740 \uad6c\ub3c5 \uae30\ubc18 \ud5a5\uc218 \uccb4\ud5d8 \uc11c\ube44\uc2a4 \ud68c\uc0ac\uc758 \ubaa8\ub4e0 \uc81c\ud488 \ud45c\uc900 \ud3ec\uc7a5\uc73c\ub85c \uc0ac\uc6a9\ub418\uc5c8\uc2b5\ub2c8\ub2e4. \uc804\ud1b5\uc801\uc778 \ub514\uc790\uc778\uc740 \ud68c\uc6d0 \uc124\ubb38\uc870\uc0ac\uc5d0\uc11c 95%\ub77c\ub294 \ub192\uc740 \ub9cc\uc871\ub3c4\ub97c \uc5bb\uc73c\uba70 \ud070 \ud638\ud3c9\uc744 \ubc1b\uc558\uc2b5\ub2c8\ub2e4. \ub610\ud55c, \uc2a4\ud504\ub808\uc774\uac00 \uc0c8\uc9c0 \uc54a\ub294 \uc124\uacc4 \ub355\ubd84\uc5d0 \uc81c\ud488 \ud30c\uc190 \uc704\ud5d8\uc774 \ub192\uc740 \uc0c1\ud669\uc5d0\uc11c\ub3c4 \ubc30\uc1a1 \uc131\uacf5\ub960\uc774 99.9%\uc5d0 \ub2ec\ud588\uc2b5\ub2c8\ub2e4. \uc774\ub7ec\ud55c \uc131\uacf5\uc744 \ubc14\ud0d5\uc73c\ub85c \ud574\ub2f9 \ud68c\uc0ac\ub294 2\ub144 \ub0b4 \uc99d\uac00\ud558\ub294 \uc218\uc694\uc5d0 \ub9de\ucdb0 50\ub9cc \uac1c\uc758 \uc0d8\ud50c \ubcd1\uc744 \ucd94\uac00\ub85c \uc8fc\ubb38\ud588\uc2b5\ub2c8\ub2e4.<\/p>\n<h2>\ubbf8\ub2c8\uc5b4\ucc98 \ud5a5\uc218\ubcd1 \ub9de\ucda4 \uc81c\uc791<\/h2>\n<ul>\n<li>\uac1c\uc778 \ub9de\ucda4\ud615 \uae08\uc18d \ucea1 - \ub85c\uc988 \uace8\ub4dc, \uc2e4\ubc84 \ub610\ub294 \ube14\ub799 \uc0c9\uc0c1\uc5d0 \ub2e4\uc591\ud55c PVD \ucf54\ud305 \ub9c8\uac10.<\/li>\n<li>\uc720\ub9ac\ubcd1 \uc0c9\uc0c1 \u2013 \ud638\ubc15\uc0c9, \ucf54\ubc1c\ud2b8 \ube14\ub8e8 \ub610\ub294 \ub179\uc0c9 (\uc790\uc678\uc120 \ucc28\ub2e8 \uae30\ub2a5 \ud3ec\ud568).<\/li>\n<li>\uc720\ub9ac \uc2a4\ud06c\ub9b0 \uc778\uc1c4 \u2013 \ub85c\uace0, \ud5a5\uc218 \uc774\ub984 \ub610\ub294 \ub514\uc790\uc778\uc744 \uc720\ub9ac \ud45c\uba74\uc5d0 \uc778\uc1c4\ud558\ub294 \uc791\uc5c5\uc785\ub2c8\ub2e4.<\/li>\n<li>\ub808\uc774\uc800 \uc5d0\uce6d \u2013 \ubcf5\uc7a1\ud55c \ub514\uc790\uc778, \ubc30\uce58 \ubc88\ud638 \ub610\ub294 \ubaa8\ub178\uadf8\ub7a8\uc744 \uc720\ub9ac \ud45c\uba74\uc5d0 \uc0c8\uae38 \uc218 \uc788\uc2b5\ub2c8\ub2e4.<\/li>\n<li>\ub9de\ucda4\ud615 \ubd84\ubb34\uae30 \u2013 \ube0c\ub79c\ub4dc \uc774\ubbf8\uc9c0\uc5d0 \ub9de\ucdb0 \ubd84\ubb34 \ub178\uc990\uc744 \ub514\uc790\uc778\ud574 \ub4dc\ub9bd\ub2c8\ub2e4.<\/li>\n<\/ul>","protected":false},"excerpt":{"rendered":"<p>\ud22c\uba85 \uc720\ub9ac \uc7ac\uc9c8\uc5d0 \uae08\uc0c9 \uc2a4\ud504\ub808\uc774 \ucea1\uc774 \ub2ec\ub9b0 \ubbf8\ub2c8\uc5b4\ucc98 \ud5a5\uc218\ubcd1 \ubc0f \ud5a5\uc218 \uc0d8\ud50c \ubcd1\uc785\ub2c8\ub2e4. \uc0d8\ud50c \ucc44\ucde8 \ubc0f \uc5ec\ud589\uc744 \uc704\ud574 \ube60\ub978 \ubc30\uc1a1\uc774 \uac00\ub2a5\ud569\ub2c8\ub2e4. \ubb34\ub8cc \uc0d8\ud50c\ub3c4 \uc81c\uacf5\ud569\ub2c8\ub2e4.<\/p>","protected":false},"featured_media":4096,"template":"","meta":{"postBodyCss":"","postBodyMargin":[],"postBodyPadding":[],"postBodyBackground":{"backgroundType":"classic","gradient":""}},"product_brand":[],"product_cat":[15,16,62],"product_tag":[],"class_list":{"0":"post-4086","1":"product","2":"type-product","3":"status-publish","4":"has-post-thumbnail","6":"product_cat-glass-containers","7":"product_cat-glass-bottles","8":"product_cat-perfume-bottles","10":"first","11":"instock","12":"shipping-taxable","13":"product-type-simple"},"jetpack_sharing_enabled":true,"_links":{"self":[{"href":"https:\/\/minghanggroup.com\/ko\/wp-json\/wp\/v2\/product\/4086","targetHints":{"allow":["GET"]}}],"collection":[{"href":"https:\/\/minghanggroup.com\/ko\/wp-json\/wp\/v2\/product"}],"about":[{"href":"https:\/\/minghanggroup.com\/ko\/wp-json\/wp\/v2\/types\/product"}],"wp:featuredmedia":[{"embeddable":true,"href":"https:\/\/minghanggroup.com\/ko\/wp-json\/wp\/v2\/media\/4096"}],"wp:attachment":[{"href":"https:\/\/minghanggroup.com\/ko\/wp-json\/wp\/v2\/media?parent=4086"}],"wp:term":[{"taxonomy":"product_brand","embeddable":true,"href":"https:\/\/minghanggroup.com\/ko\/wp-json\/wp\/v2\/product_brand?post=4086"},{"taxonomy":"product_cat","embeddable":true,"href":"https:\/\/minghanggroup.com\/ko\/wp-json\/wp\/v2\/product_cat?post=4086"},{"taxonomy":"product_tag","embeddable":true,"href":"https:\/\/minghanggroup.com\/ko\/wp-json\/wp\/v2\/product_tag?post=4086"}],"curies":[{"name":"wp","href":"https:\/\/api.w.org\/{rel}","templated":true}]}}