{"id":4046,"date":"2025-12-25T10:27:39","date_gmt":"2025-12-25T02:27:39","guid":{"rendered":"https:\/\/minghanggroup.com\/?post_type=product&#038;p=4046"},"modified":"2026-03-02T15:23:19","modified_gmt":"2026-03-02T07:23:19","slug":"round-belly-unique-glass-jars-with-lids-bulk","status":"publish","type":"product","link":"https:\/\/minghanggroup.com\/ko\/product\/round-belly-unique-glass-jars-with-lids-bulk\/","title":{"rendered":"500ml, 750ml, 1100ml \uc6a9\ub7c9\uc758 \ub465\uadfc \ubc30 \ubaa8\uc591 \ub3c5\ud2b9\ud55c \uc720\ub9ac\ubcd1 (\ub69c\uaed1 \ud3ec\ud568) \ub300\ub7c9 \ud310\ub9e4"},"content":{"rendered":"<p>\ub69c\uaed1\uc774 \uc788\ub294 \uc774 \uad6c\ud615 \uc720\ub9ac\ubcd1\uc740 \ub9e4\uc6b0 \uc804\ud1b5\uc801\uc774\uace0 \uace0\ud48d\uc2a4\ub7fd\uc2b5\ub2c8\ub2e4. \ubcd1\uc758 \uc717\ubd80\ubd84\uc740 \ub465\uae00\uace0 \ud1b5\ud1b5\ud558\uba70 \ubaa9 \ubd80\ubd84\uc73c\ub85c \uac08\uc218\ub85d \uac00\ub298\uc5b4\uc9c0\uace0, \uc544\ub7ab\ubd80\ubd84\uc740 \uc57d\uac04 \ub465\uae00\uac8c \ub9c8\ubb34\ub9ac\ub429\ub2c8\ub2e4. \ubc1d\uc740 \uc0c9\uc0c1\uc758 \ub300\ub098\ubb34 \ub69c\uaed1\uc740 \uc790\uc5f0\uc2a4\ub7fd\uace0 \ub530\ub73b\ud55c \ub290\ub08c\uc744 \uc90d\ub2c8\ub2e4.<\/p>\n<h2>\uc81c\ud488 \ud2b9\uc9d5<\/h2>\n<ul>\n<li><strong>\ud504\ub9ac\ubbf8\uc5c4 \ubd95\uaddc\uc0b0 \uc720\ub9ac:<\/strong> \uc774 \uc18c\uc7ac\ub294 \ub0b4\uad6c\uc131\uc774 \ud6e8\uc52c \ub6f0\uc5b4\ub098\uace0 \uc5f4\ucda9\uaca9\uc744 \uacac\ub51c \uc218 \uc788\uc73c\uba70, \ubcc0\ud615\ub418\uc9c0 \uc54a\uace0 \ud22c\uba85\ud55c \ubaa8\uc2b5\uc744 \uc720\uc9c0\ud560 \uc218 \uc788\uc2b5\ub2c8\ub2e4.<\/li>\n<li><strong>\ucc9c\uc5f0 \ub300\ub098\ubb34 \ub69c\uaed1:<\/strong> \ub300\ub098\ubb34 \ub69c\uaed1\uc740 \uac00\ubccd\uace0 \ubc00\ud3d0\ub825\uc774 \ub6f0\uc5b4\ub098\uba70 \ubcd1\uc758 \uc790\uc5f0\uc2a4\ub7ec\uc6b4 \ubaa8\uc591\uc5d0 \uc798 \uc5b4\uc6b8\ub9bd\ub2c8\ub2e4.<\/li>\n<li><strong>\ub2e4\uc591\ud55c \uc6a9\ub7c9:<\/strong> \uc774 \uc81c\ud488\uc740 \ub2e4\uc591\ud55c \uac74\uc870 \uc2dd\ud488 \ubcf4\uad00 \uc694\uad6c \uc0ac\ud56d\uc744 \ucda9\uc871\ud558\uae30 \uc704\ud574 500ml\uc5d0\uc11c 1100ml\uae4c\uc9c0 \uc138 \uac00\uc9c0 \uc6a9\ub7c9\uc73c\ub85c \uc81c\uacf5\ub429\ub2c8\ub2e4.<\/li>\n<\/ul>\n<h2 style=\"text-align: left;\">\uc8fc\uc694 \uc0ac\uc591<\/h2>\n<table class=\"aligncenter\" style=\"border-collapse: collapse; width: 451.52pt;\" border=\"0\" width=\"602\" cellspacing=\"0\" cellpadding=\"0\">\n<tbody>\n<tr style=\"height: 13.50pt;\">\n<td style=\"height: 13.50pt; width: 116.25pt;\" width=\"155\" height=\"18\">\uc0ac\uc591<\/td>\n<td style=\"width: 335.25pt;\" width=\"447\">\uc138\ubd80<\/td>\n<\/tr>\n<tr style=\"height: 13.50pt;\">\n<td style=\"height: 13.50pt;\" height=\"18\">\uce58\uc218<\/td>\n<td>500ml: 10\u00d710.5cm; 750ml: 10.5\u00d712cm; 1100ml: 11.5\u00d716cm<\/td>\n<\/tr>\n<tr style=\"height: 13.50pt;\">\n<td style=\"height: 13.50pt;\" height=\"18\">\uc7ac\ub8cc<\/td>\n<td>\ud504\ub9ac\ubbf8\uc5c4 \uace0\ubd95\uaddc\uc0b0 \uc720\ub9ac<\/td>\n<\/tr>\n<tr style=\"height: 13.50pt;\">\n<td style=\"height: 13.50pt;\" height=\"18\">\ub69c\uaed1 \uc720\ud615<\/td>\n<td>\ud3c9\ud3c9\ud55c \ucc9c\uc5f0 \ub300\ub098\ubb34 \ub69c\uaed1<\/td>\n<\/tr>\n<tr style=\"height: 13.50pt;\">\n<td style=\"height: 13.50pt;\" height=\"18\">\ud575\uc2ec \uc18c\uc7ac \ud2b9\uc131<\/td>\n<td>\ud0c1\uc6d4\ud55c \uc5f4\ucda9\uaca9 \uc800\ud56d\uc131, \ub6f0\uc5b4\ub09c \ud22c\uba85\ub3c4<\/td>\n<\/tr>\n<tr style=\"height: 13.50pt;\">\n<td style=\"height: 13.50pt;\" height=\"18\">\uc644\ubcbd\ud55c \uc120\ud0dd<\/td>\n<td>\ub300\ub7c9 \uac74\uc870 \uc2dd\ud488, \ucee4\ud53c, \ucc28, \ud5a5\uc2e0\ub8cc, \uc2a4\ub0b5<\/td>\n<\/tr>\n<\/tbody>\n<\/table>\n<h2>\uc131\uacf5 \uc0ac\ub840<\/h2>\n<p>\uc800\ud76c\uc758 1100ml \uace0\ubd95\uaddc\uc0b0 \uc720\ub9ac\ubcd1\uc740 \ubd81\ubbf8\uc758 \ud55c \uace0\uae09 \uc2dd\ud488 \ud68c\uc0ac\uc5d0\uc11c \uc2dd\ud488 \ubcf4\uad00\uc6a9\uc73c\ub85c \uc8fc\ubb38\ud588\uc2b5\ub2c8\ub2e4. \uadf8 \uacb0\uacfc\ub294 \uc5b4\ub560\uc744\uae4c\uc694? \uace0\ubd95\uaddc\uc0b0 \uc720\ub9ac\ub294 220\u00b0C\uc5d0 \uc774\ub974\ub294 \uc628\ub3c4 \ubcc0\ud654\uc5d0\ub3c4 \uae68\uc9c0\uc9c0 \uc54a\uace0 \uacac\ub51c \uc218 \uc788\uc2b5\ub2c8\ub2e4. \ub300\ub098\ubb34 \ub69c\uaed1\uc740 \uc2b5\ud55c \ud658\uacbd\uc5d0\uc11c 6\uac1c\uc6d4 \uc774\uc0c1 \ubcf4\uad00\ud574\ub3c4 \ubc00\ud3d0 \uc0c1\ud0dc\ub97c \uc720\uc9c0\ud588\uc2b5\ub2c8\ub2e4. \ud574\ub2f9 \ud68c\uc0ac\ub294 \uc800\ud76c \uc81c\ud488\uc5d0 \ub9e4\uc6b0 \ub9cc\uc871\ud558\uc5ec \uc2e0\uaddc \uc81c\ud488 \ub77c\uc778 \ud655\ub300\ub97c \uc704\ud574 20\ub9cc \uac1c\ub97c \ud55c \ubc88\uc5d0 \ucd94\uac00 \uc8fc\ubb38\ud588\uc2b5\ub2c8\ub2e4.<\/p>\n<h2>\ub3c5\ud2b9\ud55c \uc720\ub9ac\ubcd1 \ub9de\ucda4 \uc81c\uc791 \uc635\uc158<\/h2>\n<ul>\n<li>B \ube0c\ub79c\ub4dc \ub300\ub098\ubb34 \ub69c\uaed1 \u2013 \ub300\ub098\ubb34 \ub69c\uaed1 \uc911\uc559\uc5d0 \ube0c\ub79c\ub4dc \ub85c\uace0\ub97c \uc5f4\uc555\ucc29 \ub610\ub294 \ub808\uc774\uc800 \uac01\uc778\ud560 \uc218 \uc788\uc2b5\ub2c8\ub2e4.<\/li>\n<li>\uc18c\uc6a9\ub3cc\uc774 \ubb34\ub2ac \ud504\ub9b0\ud2b8 \u2013 \ubcd1\uc758 \uc790\uc5f0\uc2a4\ub7ec\uc6b4 \uace1\uc120\uc744 \ub530\ub77c \uc544\ub984\ub2e4\uc6b4 \ub514\uc790\uc778\uc744 \ud504\ub9b0\ud2b8\ud574 \ub4dc\ub9bd\ub2c8\ub2e4.<\/li>\n<li>\ub9de\ucda4\ud615 \ub300\ub098\ubb34 \uc5fc\uc0c9 \u2013 \uc790\uc5f0\uc2a4\ub7ec\uc6b4 \ud669\uae08\ube5b \ub178\ub780\uc0c9, \uafc0\ube5b \ub178\ub780\uc0c9 \ub610\ub294 \ud68c\uc0c9 \uc911\uc5d0\uc11c \uc6d0\ud558\ub294 \ub300\ub098\ubb34 \uc0c9\uc0c1\uc744 \uc120\ud0dd\ud558\uc138\uc694.<\/li>\n<li>\uc2a4\ud14c\uc778\ub4dc\uae00\ub77c\uc2a4 \uc7a5\uc2dd \u2013 \ubc1d\uc740 \uc0c9\uc0c1(\uc608: \ud669\uc0c9)\uc758 \uc720\ub9ac \uc7ac\uc9c8\uc744 \uc0ac\uc6a9\ud560 \uc218 \uc788\uc2b5\ub2c8\ub2e4.<\/li>\n<\/ul>","protected":false},"excerpt":{"rendered":"<p>\ubd80\ub4dc\ub7fd\uace0 \ub465\uadfc \ubaa8\uc591\uc758 \ub3c5\ud2b9\ud55c \uc720\ub9ac\ubcd1\uc744 \uc8fc\ubb38\ud558\uc138\uc694. \ub300\ub098\ubb34\uc640 \uc720\ub9ac\uac00 \uc644\ubcbd\ud558\uac8c \uc870\ud654\ub97c \uc774\ub8e8\ub294 \ub69c\uaed1\uc774 \uc788\ub294 \uc720\ub9ac\ubcd1 \uc138\ud2b8\uc785\ub2c8\ub2e4. \uc7ac\uace0 \uc788\uc74c. \ubb34\ub8cc \uc0d8\ud50c\uc744 \uc6d0\ud558\uc2dc\uba74 \ubb38\uc758\ud558\uc138\uc694!<\/p>","protected":false},"featured_media":4047,"template":"","meta":{"postBodyCss":"","postBodyMargin":[],"postBodyPadding":[],"postBodyBackground":{"backgroundType":"classic","gradient":""}},"product_brand":[],"product_cat":[15,17,61],"product_tag":[68,67,100],"class_list":{"0":"post-4046","1":"product","2":"type-product","3":"status-publish","4":"has-post-thumbnail","6":"product_cat-glass-containers","7":"product_cat-glass-jars","8":"product_cat-glass-jars-with-lids","9":"product_tag-borosilicate-glass-jars","10":"product_tag-candy-jars","11":"product_tag-glass-coffee-jars","13":"first","14":"instock","15":"shipping-taxable","16":"product-type-simple"},"jetpack_sharing_enabled":true,"_links":{"self":[{"href":"https:\/\/minghanggroup.com\/ko\/wp-json\/wp\/v2\/product\/4046","targetHints":{"allow":["GET"]}}],"collection":[{"href":"https:\/\/minghanggroup.com\/ko\/wp-json\/wp\/v2\/product"}],"about":[{"href":"https:\/\/minghanggroup.com\/ko\/wp-json\/wp\/v2\/types\/product"}],"wp:featuredmedia":[{"embeddable":true,"href":"https:\/\/minghanggroup.com\/ko\/wp-json\/wp\/v2\/media\/4047"}],"wp:attachment":[{"href":"https:\/\/minghanggroup.com\/ko\/wp-json\/wp\/v2\/media?parent=4046"}],"wp:term":[{"taxonomy":"product_brand","embeddable":true,"href":"https:\/\/minghanggroup.com\/ko\/wp-json\/wp\/v2\/product_brand?post=4046"},{"taxonomy":"product_cat","embeddable":true,"href":"https:\/\/minghanggroup.com\/ko\/wp-json\/wp\/v2\/product_cat?post=4046"},{"taxonomy":"product_tag","embeddable":true,"href":"https:\/\/minghanggroup.com\/ko\/wp-json\/wp\/v2\/product_tag?post=4046"}],"curies":[{"name":"wp","href":"https:\/\/api.w.org\/{rel}","templated":true}]}}