{"id":2660,"date":"2025-11-11T16:16:12","date_gmt":"2025-11-11T08:16:12","guid":{"rendered":"https:\/\/minghanggroup.com\/?post_type=product&#038;p=2660"},"modified":"2026-03-02T15:09:28","modified_gmt":"2026-03-02T07:09:28","slug":"bulk-round-hot-sause-bottles-for-pepper-sauce","status":"publish","type":"product","link":"https:\/\/minghanggroup.com\/ko\/product\/bulk-round-hot-sause-bottles-for-pepper-sauce\/","title":{"rendered":"\ud398\ud37c\uc18c\uc2a4\uc6a9 \ub300\uc6a9\ub7c9 \uc6d0\ud615 \ud56b\uc18c\uc2a4 \ubcd1 250ml 350ml 500ml"},"content":{"rendered":"<p>\uc774 \ud56b\uc18c\uc2a4 \ubcd1\uc740 \ud22c\uba85\ud55c \uc720\ub9ac\ub85c \uc81c\uc791\ub418\uc5c8\uc73c\uba70, \ub9e4\ub044\ub7fd\uace0 \ub465\uae00\uba70 \uc138 \uac00\uc9c0 \ud06c\uae30\uc758 \uc120\uc774 \uc788\uc2b5\ub2c8\ub2e4. \ubcd1\uc5d0\ub294 \ubc1d\uc740 \ube68\uac04\uc0c9 \uc2a4\ud06c\ub958 \ucea1\uc774 \ud568\uaed8 \uc81c\uacf5\ub418\uba70, \uc0ac\uc6a9\ud558\uae30 \uc27d\uace0 \ub514\uc790\uc778\ub3c4 \uc544\ub984\ub2f5\uc2b5\ub2c8\ub2e4.<\/p>\n<h2>\uc81c\ud488 \ud2b9\uc9d5<\/h2>\n<ul>\n<li><strong>\uc21c\uc218 \uc720\ub9ac \uc18c\uc7ac:<\/strong> \ud22c\uba85\ud55c \uc720\ub9ac \uc6a9\uae30\uc5d0 \ub2f4\uae34 \uce60\ub9ac\uc18c\uc2a4\uc758 \uc120\uba85\ud55c \uc0c9\uc0c1\uacfc \uc9c8\uac10\uc5d0 \ub9e4\ub8cc\ub418\uc5b4 \uac70\ubd80\ud560 \uc218 \uc788\ub294 \uace0\uac1d\uc740 \uac70\uc758 \uc5c6\uc2b5\ub2c8\ub2e4.<\/li>\n<li><strong>\uc548\uc804 \ubc0f \ub204\ucd9c \ubc29\uc9c0 \uc778\uc99d:<\/strong> \uc81c\ud488\uc758 \uc2e0\uc120\ub3c4\ub294 \ub098\uc0ac\ud615 \ucea1\uc758 \ud2b9\uc9d5\uc774\uba70, \uac1c\ubd09 \ubc29\uc9c0 \ub77c\uc774\ub108\ub85c \ubcf4\uc7a5\ub418\uace0, \uc81c\ud488\uc758 \uc6b4\uc1a1 \ubc0f \ubcf4\uad00 \uc911\uc5d0 \ub204\ucd9c\uc774 \ubc29\uc9c0\ub429\ub2c8\ub2e4.<\/li>\n<li><strong>\ubbf8\ub2c8\uba40\ub9ac\uc2a4\ud2b8 \ubcd1 \ub514\uc790\uc778:<\/strong> \uae54\ub054\ud558\uace0 \uc6d0\ud1b5\ud615\uc758 \ubaa8\uc591\uacfc \ub9e4\ub044\ub7fd\uace0 \uc6b0\uc544\ud55c \ub77c\uc778\uc774 \uacb0\ud569\ub418\uc5b4 \uae30\ub2a5\uc131\uacfc \ubcf4\uad00\uc758 \ud3b8\ub9ac\uc131\uc774 \uacb0\ud569\ub418\uc5c8\uc2b5\ub2c8\ub2e4.<\/li>\n<\/ul>\n<h2 style=\"text-align: left;\">\uc8fc\uc694 \uc0ac\uc591<\/h2>\n<table class=\"aligncenter\" style=\"border-collapse: collapse; width: 588.77pt;\" border=\"0\" width=\"785\" cellspacing=\"0\" cellpadding=\"0\">\n<tbody>\n<tr style=\"height: 13.50pt;\">\n<td style=\"height: 13.50pt; width: 108.75pt;\" width=\"145\" height=\"18\">\uc0ac\uc591<\/td>\n<td style=\"width: 480.00pt;\" width=\"640\">\uc138\ubd80<\/td>\n<\/tr>\n<tr style=\"height: 13.50pt;\">\n<td style=\"height: 13.50pt;\" height=\"18\">\uc7ac\ub8cc<\/td>\n<td>\ud22c\uba85 \uc720\ub9ac \uc2a4\ud0c0\uc6b0\ud2b8(\uc2dd\ud488 \ub4f1\uae09)<\/td>\n<\/tr>\n<tr style=\"height: 13.50pt;\">\n<td style=\"height: 13.50pt;\" height=\"18\">\ubcd1 \ubaa8\uc591<\/td>\n<td>\ud3c9\ud3c9\ud55c \ubc14\ub2e5\uacfc \ub9e4\ub044\ub7ec\uc6b4 \uc5b4\uae68\ub97c \uac16\ucd98 \uc9c1\uc120\ud615 \ubcbd\uc758 \ub465\uadfc \uc720\ub9ac \ubcd1<\/td>\n<\/tr>\n<tr style=\"height: 13.50pt;\">\n<td style=\"height: 13.50pt;\" height=\"18\">\uc0ac\uc6a9 \uac00\ub2a5\ud55c \ud06c\uae30<\/td>\n<td>250ml(5.2cm\u00d717.8cm), 350ml(5.8cm\u00d719.5cm), 500ml(6.5cm\u00d721.7cm)<\/td>\n<\/tr>\n<tr style=\"height: 13.50pt;\">\n<td style=\"height: 13.50pt;\" height=\"18\">\uc774\uc0c1\uc801<\/td>\n<td>\ud56b\uc18c\uc2a4 \ubcd1, \ud6c4\ucd94\uc18c\uc2a4 \ubcd1<\/td>\n<\/tr>\n<\/tbody>\n<\/table>\n<h2>\uc131\uacf5 \uc0ac\ub840: \ubc88\ucc3d\ud558\ub294 \uce60\ub9ac \uc18c\uc2a4 \ube0c\ub79c\ub4dc<\/h2>\n<p>\uc800\ud76c \uace0\uac1d \uc911 \ud55c \uacf3\uc778 \uc218\uc81c \uce60\ub9ac\uc18c\uc2a4 \uc804\ubb38 \uc2a4\ud0c0\ud2b8\uc5c5\uc740 \ube60\ub974\uac8c \uc131\uc7a5\ud558\ub294 \ube0c\ub79c\ub4dc \uc218\uc694\ub97c \uac10\ub2f9\ud560 \uc218 \uc788\ub294 \ud398\ud37c\uc18c\uc2a4 \ubcd1\uc774 \ud544\uc694\ud588\uc2b5\ub2c8\ub2e4. \uacb0\uad6d \uc800\ud76c 350ml \uc720\ub9ac\ubcd1\uc744 \uc120\ud0dd\ud588\uc2b5\ub2c8\ub2e4. \ucd9c\uc2dc \ud6c4 \uc0c1\ubc18\uae30 \ub9e4\ucd9c\uc774 40% \uc99d\uac00\ud588\uace0, \uacac\uace0\ud55c \uc720\ub9ac \uc18c\uc7ac \ub355\ubd84\uc5d0 \ud30c\uc190\uc728\uc774 30% \uac10\uc18c\ud588\uc2b5\ub2c8\ub2e4. 1\ub144\ub3c4 \ucc44 \ub418\uc9c0 \uc54a\uc544 50\ub9cc \ubcd1\uc744 \ucd94\uac00 \uc8fc\ubb38\ud588\uc2b5\ub2c8\ub2e4. \uace0\uac1d\ub4e4\uc740 \uc6b4\uc1a1 \uc911 \ubcd1\uc758 \uacac\uace0\ud568\uacfc \uc0ac\uc6a9 \ud3b8\uc758\uc131\uc5d0 \ub300\ud55c \uace0\uac1d\ub4e4\uc758 \uae0d\uc815\uc801\uc778 \ud3c9\uac00\uac00 \uc131\uacf5\uacfc \ud6c4\uc18d \uc8fc\ubb38\uc758 \ube44\uacb0\uc774\ub77c\uace0 \uc0dd\uac01\ud569\ub2c8\ub2e4.<\/p>\n<h2>\ud56b\uc18c\uc2a4 \ubcd1 \ub9de\ucda4 \uc81c\uc791 \uc81c\uc548<\/h2>\n<ul>\n<li><strong>\uc778\uc1c4\ub41c \ub85c\uace0:<\/strong> \uc720\ub9ac\ubcd1\uc5d0 \ube0c\ub79c\ub4dc \ub85c\uace0\ub97c \uc9c1\uc811 \uc778\uc1c4\ud558\uc5ec \ucd5c\uc0c1\uc758 \ud488\uc9c8\uc744 \uad6c\ud604\ud558\uc138\uc694.<\/li>\n<li><strong>\uc2e4\ud06c\uc2a4\ud06c\ub9b0 \uc778\uc1c4 \uc878\uc5c5\uc2dd:<\/strong> \ubcfc\ub968\uc744 \ub098\ud0c0\ub0b4\uae30 \uc704\ud574 \uc601\uad6c \uc5f4\uacbd\ud654 \ub208\uae08\uc744 \uc778\uc1c4\ud569\ub2c8\ub2e4.<\/li>\n<li><strong>\uceec\ub7ec \uc720\ub9ac:<\/strong> \ud22c\uba85 \uc6a9\uae30 \ub300\uc2e0 \ud638\ubc15\uc0c9\uc774\ub098 \ub179\uc0c9 \uc720\ub9ac \uc6a9\uae30\ub85c \ube5b\uc5d0 \ubbfc\uac10\ud55c \uc81c\ud488\uc744 \ubcf4\ud638\ud558\uc138\uc694.<\/li>\n<li><strong>\uc0b0\uc131 \uc5d0\uce6d \ube0c\ub79c\ub529:<\/strong> \uc720\ub9ac \uc5d0\uce6d \ubc29\ubc95\uc744 \uc774\uc6a9\ud574 \uadc0\ud558\uc758 \ucc3d\uc791\ubb3c\uc5d0 \ube0c\ub79c\ub4dc\ub97c \uc0c8\uaca8\ub123\uc5b4 \uc138\ub828\ub418\uace0 \uc2dc\ub300\ub97c \ucd08\uc6d4\ud55c \ube0c\ub79c\ub4dc \uc774\ubbf8\uc9c0\ub97c \uad6c\ucd95\ud558\uc138\uc694.<\/li>\n<\/ul>","protected":false},"excerpt":{"rendered":"<p>\ube68\uac04\uc0c9 \uc2a4\ud06c\ub958 \ucea1\uc774 \ub2ec\ub9b0 \ud22c\uba85 \ud56b\uc18c\uc2a4 \ubcd1\uc785\ub2c8\ub2e4. \uc138\ub828\ub41c \uc6d0\ud1b5\ud615 \ub514\uc790\uc778\uc73c\ub85c \uc2ec\ud50c\ud55c \ub514\uc790\uc778\uc785\ub2c8\ub2e4. \uace0\ucd94 \uc18c\uc2a4 \ud3ec\uc7a5 \uc6a9\uae30\ub85c \uc801\ud569\ud558\uba70, \ubb34\ub8cc \uc0d8\ud50c\ub3c4 \uc81c\uacf5\ub429\ub2c8\ub2e4.<\/p>","protected":false},"featured_media":2684,"template":"","meta":{"postBodyCss":"","postBodyMargin":[],"postBodyPadding":[],"postBodyBackground":{"backgroundType":"classic","gradient":""}},"product_brand":[],"product_cat":[15,16,54],"product_tag":[98],"class_list":{"0":"post-2660","1":"product","2":"type-product","3":"status-publish","4":"has-post-thumbnail","6":"product_cat-glass-containers","7":"product_cat-glass-bottles","8":"product_cat-hot-sauce-bottles","9":"product_tag-salad-dressing-bottles","11":"first","12":"instock","13":"shipping-taxable","14":"product-type-simple"},"jetpack_sharing_enabled":true,"_links":{"self":[{"href":"https:\/\/minghanggroup.com\/ko\/wp-json\/wp\/v2\/product\/2660","targetHints":{"allow":["GET"]}}],"collection":[{"href":"https:\/\/minghanggroup.com\/ko\/wp-json\/wp\/v2\/product"}],"about":[{"href":"https:\/\/minghanggroup.com\/ko\/wp-json\/wp\/v2\/types\/product"}],"wp:featuredmedia":[{"embeddable":true,"href":"https:\/\/minghanggroup.com\/ko\/wp-json\/wp\/v2\/media\/2684"}],"wp:attachment":[{"href":"https:\/\/minghanggroup.com\/ko\/wp-json\/wp\/v2\/media?parent=2660"}],"wp:term":[{"taxonomy":"product_brand","embeddable":true,"href":"https:\/\/minghanggroup.com\/ko\/wp-json\/wp\/v2\/product_brand?post=2660"},{"taxonomy":"product_cat","embeddable":true,"href":"https:\/\/minghanggroup.com\/ko\/wp-json\/wp\/v2\/product_cat?post=2660"},{"taxonomy":"product_tag","embeddable":true,"href":"https:\/\/minghanggroup.com\/ko\/wp-json\/wp\/v2\/product_tag?post=2660"}],"curies":[{"name":"wp","href":"https:\/\/api.w.org\/{rel}","templated":true}]}}