{"id":2335,"date":"2025-10-31T11:15:42","date_gmt":"2025-10-31T03:15:42","guid":{"rendered":"https:\/\/minghanggroup.com\/?post_type=product&#038;p=2335"},"modified":"2025-10-31T14:50:02","modified_gmt":"2025-10-31T06:50:02","slug":"bulk-hexagon-glass-honey-jars-with-honeycomb","status":"publish","type":"product","link":"https:\/\/minghanggroup.com\/ko\/product\/bulk-hexagon-glass-honey-jars-with-honeycomb\/","title":{"rendered":"\ubc8c\uc9d1 \ubaa8\uc591 \uc721\uac01\ud615 \uc720\ub9ac \uafc0\ubcd1 500ml 1000ml"},"content":{"rendered":"<p>\uc774 \uc721\uac01\ud615 \uc720\ub9ac \uafc0\ubcd1\uc740 \ubc8c\uc9d1 \ubb34\ub2ac\uac00 \uc591\uac01\ub41c \ud22c\uba85\ud55c \uc720\ub9ac \ubab8\uccb4\uc640 \uae08\uc0c9\uacfc \ub178\ub780\uc0c9 \ub69c\uaed1\uc73c\ub85c \uad6c\uc131\ub418\uc5b4 \uc788\uc2b5\ub2c8\ub2e4. \ub450 \uac00\uc9c0 \ud06c\uae30\ub85c \ucd9c\uc2dc\ub429\ub2c8\ub2e4. \uafc0\uc774\ub77c\ub294 \uc8fc\uc81c\ub97c \uc644\ubcbd\ud558\uac8c \ubc18\uc601\ud558\uc9c0 \uc54a\ub294 \uc694\uc18c\ub294 \ud558\ub098\ub3c4 \uc5c6\uc73c\uba70, \ud22c\uba85\ud55c \uc720\ub9ac\ub97c \ud1b5\ud574 \uafc0 \uc790\uccb4\uac00 \uc6b0\uc544\ud558\uac8c \ud45c\ud604\ub429\ub2c8\ub2e4.<\/p>\n<h2>\uc81c\ud488 \ud2b9\uc9d5<\/h2>\n<ul>\n<li><strong>\ubc8c\uc9d1 \uc9c8\uac10:<\/strong> \uc721\uac01\ud615 \uafc0\ubcd1\uc740 \ubc8c\uc9d1 \ubaa8\uc591\uc758 \ub3c5\ud2b9\ud55c \ub514\uc790\uc778\uc774 \ud2b9\uc9d5\uc73c\ub85c, \uafc0 \ud14c\ub9c8\uc640 \uc644\ubcbd\ud558\uac8c \uc5b4\uc6b8\ub9ac\uba70 \uc81c\ud488 \uc778\uc9c0\ub3c4\uc640 \uc8fc\uc81c\uc801 \ub9e4\ub825\uc744 \ud5a5\uc0c1\uc2dc\ud0b5\ub2c8\ub2e4.<\/li>\n<li><strong>\ub450 \uac00\uc9c0 \uc0ac\uc774\uc988 \uc81c\uacf5:<\/strong> \ub450 \uac1c\uc758 \uc11c\ub85c \ub2e4\ub978 \ud06c\uae30\uc758 \uafc0\ubcd1\uc744 \uc0ac\uc6a9\ud558\uba74 \uc0ac\uc6a9\uc790\ub294 \ub450 \uac00\uc9c0 \ubaa8\ub450\ub97c \ucda9\uc871\ud560 \uc218 \uc788\uc73c\uba70, \uc77c\uc0c1\uc801\uc778 \uac00\uc815\uc6a9 \uc81c\ud488\uc774\ub4e0 \uc120\ubb3c \ud3ec\uc7a5\uc6a9\uc774\ub4e0 \ub2e4\ub978 \uc885\ub958\uc758 \uc774\ubca4\ud2b8\uc5d0 \ucc38\uc5ec\ud558\uae30 \uc704\ud55c \uc81c\ud488\uc774\ub4e0 \uc0ac\uc6a9\ud560 \uc218 \uc788\uc2b5\ub2c8\ub2e4.<\/li>\n<li><strong>\uc8fc\uc81c\ubcc4 \uc2a4\ud0c0\uc77c \ud504\ub808\uc820\ud14c\uc774\uc158:<\/strong> \ubc8c\uc9d1 \ubaa8\uc591\uc758 \uc9c8\uac10\uc758 \ubcd1\uacfc \uae08\uc18d\/\uceec\ub7ec \ucea1\uc740 \uafc0\uc774\ub77c\ub294 \uc8fc\uc81c\uc640 \uc2dc\uac01\uc801\uc73c\ub85c \uc77c\uad00\ub41c \ud6a8\uacfc\ub97c \ub9cc\ub4e4\uc5b4\ub0b4\uba70, \uc81c\ud488\uc758 \ub3c5\ud2b9\ud55c \uac1c\uc131\uc744 \uac15\ud654\ud569\ub2c8\ub2e4.<\/li>\n<\/ul>\n<h2 style=\"text-align: left;\">\uc8fc\uc694 \uc0ac\uc591<\/h2>\n<table class=\"aligncenter\" style=\"border-collapse: collapse; width: 455.27pt;\" border=\"0\" width=\"607\" cellspacing=\"0\" cellpadding=\"0\">\n<tbody>\n<tr style=\"height: 13.50pt;\">\n<td style=\"height: 13.50pt; width: 95.25pt;\" width=\"127\" height=\"18\">\ud2b9\uc9d5<\/td>\n<td style=\"width: 360.00pt;\" width=\"480\">\uc0ac\uc591<\/td>\n<\/tr>\n<tr style=\"height: 13.50pt;\">\n<td style=\"height: 13.50pt;\" height=\"18\">\uc6a9\ub7c9<\/td>\n<td>500ml, 1000ml<\/td>\n<\/tr>\n<tr style=\"height: 13.50pt;\">\n<td style=\"height: 13.50pt;\" height=\"18\">\ubaa8\uc591<\/td>\n<td>\ubc8c\uc9d1 \ubaa8\uc591\uc758 \uc5e0\ubcf4\uc2f1\uc774 \uc788\ub294 \uc721\uac01\ud615<\/td>\n<\/tr>\n<tr style=\"height: 13.50pt;\">\n<td style=\"height: 13.50pt;\" height=\"18\">\uce58\uc218<\/td>\n<td>8\u00d77.5\u00d711.9cm, 9.7\u00d79.2\u00d714.5cm<\/td>\n<\/tr>\n<tr style=\"height: 13.50pt;\">\n<td style=\"height: 13.50pt;\" height=\"18\">\uc7ac\ub8cc<\/td>\n<td>\ud22c\uba85 \uc720\ub9ac, \ub098\uc0ac\ud615 \ub69c\uaed1<\/td>\n<\/tr>\n<tr style=\"height: 13.50pt;\">\n<td style=\"height: 13.50pt;\" height=\"18\">\ub69c\uaed1 \uc635\uc158<\/td>\n<td>\uae08\uc0c9, \ub178\ub780\uc0c9, \uc740\uc0c9, \uac80\uc740\uc0c9<\/td>\n<\/tr>\n<tr style=\"height: 13.50pt;\">\n<td style=\"height: 13.50pt;\" height=\"18\">\uac00\uc7a5 \uc801\ud569\ud55c<\/td>\n<td>\uc0dd\uafc0, \uc120\ubb3c \uc138\ud2b8, \ubd80\ud2f0\ud06c \uc18c\ub9e4\uc810, \uc591\ubd09 \ud611\ub3d9\uc870\ud569<\/td>\n<\/tr>\n<tr style=\"height: 13.50pt;\">\n<td style=\"height: 13.50pt;\" height=\"18\">\uc774\uc0c1\uc801\uc778 \uc0ac\uc6a9<\/td>\n<td>\ubc8c\uc9d1\uc774 \uc788\ub294 \uafc0\ubcd1, \uc720\ub9ac \uafc0\ubcd1<\/td>\n<\/tr>\n<\/tbody>\n<\/table>\n<h2>\uc131\uacf5 \uc0ac\ub840: \ud14c\ub9c8\ubcc4 \ud328\ud0a4\uc9d5\uc73c\ub85c 40% \uc131\uc7a5 \uacac\uc778<\/h2>\n<p>\uc911\uac04 \uaddc\ubaa8\uc758 \uc591\ubd09 \ub18d\uc7a5\uc740 \ud3c9\ubc94\ud55c \ub465\uadfc \ubcd1\uc73c\ub85c \ucc28\ubcc4\ud654\uc5d0 \uc5b4\ub824\uc6c0\uc744 \uacaa\uace0 \uc788\uc5c8\uc2b5\ub2c8\ub2e4. \uc774 \uc591\ubd09 \ub18d\uc7a5\uc740 \ud3c9\ubc94\ud55c \ub465\uadfc \ubcd1\uc5d0\uc11c \ubc8c\uc9d1 \ubb34\ub2ac\uc640 \uae08\uc0c9 \ub69c\uaed1\uc774 \uc788\ub294 500ml \uc721\uac01\ud615 \uc720\ub9ac \uafc0\ubcd1\uc73c\ub85c 3\uac1c\uc6d4 \ub3d9\uc548 \uad50\uccb4\ud55c \uacb0\uacfc, \ub9e4\ucd9c\uc774 40%, \uc7ac\uad6c\ub9e4\uc728\uc774 58% \uc99d\uac00\ud558\ub294 \uc131\uacfc\ub97c \uac70\ub450\uc5c8\uc2b5\ub2c8\ub2e4. \uace0\uac1d\ub4e4\uc740 \ube0c\ub79c\ub4dc\ub97c \uc27d\uac8c \uc54c\uc544\ubcfc \uc218 \uc788\uac8c \ud574\uc8fc\ub294 \ub3c5\ud2b9\ud55c &#034;\uc9c4\uc9dc \uafc0&#034; \ub514\uc790\uc778\uc5d0 \ub9e4\uc6b0 \ub9cc\uc871\ud588\uc2b5\ub2c8\ub2e4. \ub18d\uc7a5\uc740 \uc138 \ucc28\ub840 \uc5f0\uc18d \uc8fc\ubb38\uc744 \ubc1b\uc740 \ud6c4, \ud604\uc7ac \ubaa8\ub4e0 \uc81c\ud488\uc5d0 \uc774 \ubcd1\uc744 \uc0ac\uc6a9\ud558\uace0 \uc788\uc2b5\ub2c8\ub2e4.<\/p>\n<h2>\uc720\ub9ac \ud3ec\uc7a5 \ub9de\ucda4 \uc81c\uc548<\/h2>\n<ul>\n<li><strong>\ub9de\ucda4\ud615 \ub69c\uaed1 \ub9c8\uac10:<\/strong> \ube0c\ub79c\ub4dc\uc640 \uc2dc\uac01\uc801\uc73c\ub85c \uc5b4\uc6b8\ub9ac\ub294 \ub9e4\ud2b8, \uad11\ud0dd \ub610\ub294 \uba54\ud0c8\ub9ad \ub69c\uaed1\uc744 \uc120\ud0dd\ud560 \uc218 \uc788\uc2b5\ub2c8\ub2e4.<\/li>\n<li><strong>\ubc8c\uc9d1 \ud328\ud134 \ubc00\ub3c4:<\/strong> \ubc8c\uc9d1 \ud328\ud134\uc774 \uc788\ub294 \uafc0\ubcd1\uc758 \ud06c\uae30\uc640 \uc5e0\ubcf4\uc2f1\uc758 \uae4a\uc774\ub97c \ubcc0\uacbd\ud558\uba74 \ud6a8\uacfc\ub97c \ub354 \ub208\uc5d0 \ub744\uac8c \ud558\uac70\ub098 \ub35c \ub208\uc5d0 \ub744\uac8c \ud560 \uc218 \uc788\uc2b5\ub2c8\ub2e4.<\/li>\n<li><strong>\uc2a4\ud14c\uc778\ub4dc\uae00\ub77c\uc2a4:<\/strong> \uc570\ubc84 \uc720\ub9ac\ub294 \uc790\uc678\uc120 \ucc28\ub2e8\uc5d0 \uc88b\uc744 \ubfd0\ub9cc \uc544\ub2c8\ub77c \uc81c\ud488\uc5d0 \ub530\ub73b\ud558\uace0 \ud669\uae08\ube5b\uc774 \ub3c4\ub294 \uc0ac\ub791\uc2a4\ub7ec\uc6b4 \ub290\ub08c\uc744 \uc90d\ub2c8\ub2e4. \uadf8\ub7ec\ub2c8 \uc0ac\uc6a9\ud574\ubcf4\uc2dc\ub294 \uac74 \uc5b4\ub5a8\uae4c\uc694?<\/li>\n<li><strong>\uae08\uc18d\uc131 \uad11\ud0dd:<\/strong> \ubc8c\uc9d1 \ud328\ud134\uc758 \ud2b9\uc815 \uc601\uc5ed\uc5d0\uc11c \ube5b\uc744 \ubc18\uc0ac\ud558\ub294 \uae08\uc18d \uad11\ud0dd\uc744 \uc0ac\uc6a9\ud558\uc5ec \uc2dc\uac01\uc801\uc73c\ub85c \ub208\uae38\uc744 \ub044\ub294 \ud6a8\uacfc\ub97c \ub9cc\ub4e4\uc5b4\ub0c5\ub2c8\ub2e4.<\/li>\n<\/ul>","protected":false},"excerpt":{"rendered":"<p>\uace0\uae09\uc2a4\ub7ec\uc6b4 \ubc8c\uc9d1 \ubb34\ub2ac\uc758 \uc721\uac01\ud615 \uc720\ub9ac \uafc0\ubcd1\uc785\ub2c8\ub2e4. \uace0\uae09 \uc720\ub9ac\uc640 \uae08\uc0c9 \ub69c\uaed1\uc73c\ub85c \uc81c\uc791\ub418\uc5c8\uc2b5\ub2c8\ub2e4. \uafc0 \ud3ec\uc7a5\uc5d0 \uc548\uc131\ub9de\ucda4\uc785\ub2c8\ub2e4. \ub300\ub7c9 \uc8fc\ubb38 \uc2dc \ubb34\ub8cc \uc0d8\ud50c\ub3c4 \ub4dc\ub9bd\ub2c8\ub2e4!<\/p>","protected":false},"featured_media":2351,"template":"","meta":{"postBodyCss":"","postBodyMargin":[],"postBodyPadding":[],"postBodyBackground":{"backgroundType":"classic","gradient":""}},"product_brand":[],"product_cat":[15,17,52],"product_tag":[],"class_list":{"0":"post-2335","1":"product","2":"type-product","3":"status-publish","4":"has-post-thumbnail","6":"product_cat-glass-containers","7":"product_cat-glass-jars","8":"product_cat-glass-honey-jars","10":"first","11":"instock","12":"shipping-taxable","13":"product-type-simple"},"jetpack_sharing_enabled":true,"_links":{"self":[{"href":"https:\/\/minghanggroup.com\/ko\/wp-json\/wp\/v2\/product\/2335","targetHints":{"allow":["GET"]}}],"collection":[{"href":"https:\/\/minghanggroup.com\/ko\/wp-json\/wp\/v2\/product"}],"about":[{"href":"https:\/\/minghanggroup.com\/ko\/wp-json\/wp\/v2\/types\/product"}],"wp:featuredmedia":[{"embeddable":true,"href":"https:\/\/minghanggroup.com\/ko\/wp-json\/wp\/v2\/media\/2351"}],"wp:attachment":[{"href":"https:\/\/minghanggroup.com\/ko\/wp-json\/wp\/v2\/media?parent=2335"}],"wp:term":[{"taxonomy":"product_brand","embeddable":true,"href":"https:\/\/minghanggroup.com\/ko\/wp-json\/wp\/v2\/product_brand?post=2335"},{"taxonomy":"product_cat","embeddable":true,"href":"https:\/\/minghanggroup.com\/ko\/wp-json\/wp\/v2\/product_cat?post=2335"},{"taxonomy":"product_tag","embeddable":true,"href":"https:\/\/minghanggroup.com\/ko\/wp-json\/wp\/v2\/product_tag?post=2335"}],"curies":[{"name":"wp","href":"https:\/\/api.w.org\/{rel}","templated":true}]}}