{"id":1832,"date":"2025-10-20T11:29:00","date_gmt":"2025-10-20T03:29:00","guid":{"rendered":"https:\/\/minghanggroup.com\/?post_type=product&#038;p=1832"},"modified":"2025-10-20T17:26:18","modified_gmt":"2025-10-20T09:26:18","slug":"wholesale-brown-rectangular-olive-oil-glass-bottles","status":"publish","type":"product","link":"https:\/\/minghanggroup.com\/ko\/product\/wholesale-brown-rectangular-olive-oil-glass-bottles\/","title":{"rendered":"\ub3c4\ub9e4 \uac08\uc0c9 \uc9c1\uc0ac\uac01\ud615 \uc62c\ub9ac\ube0c \uc624\uc77c \uc720\ub9ac\ubcd1 250ml 500ml 750ml"},"content":{"rendered":"<p>\uac08\uc0c9 \uc720\ub9ac\ub85c \uc81c\uc791\ub41c \uc774 \uc0ac\uac01\ud615 \uc62c\ub9ac\ube0c \uc624\uc77c \uc720\ub9ac\ubcd1\uc740 \uc62c\ub9ac\ube0c \uc624\uc77c\uc744 \ub354 \uc624\ub7ab\ub3d9\uc548 \uc2e0\uc120\ud558\uac8c \ubcf4\uad00\ud574 \uc90d\ub2c8\ub2e4. \uc138 \uac00\uc9c0 \ud06c\uae30\ub85c \ucd9c\uc2dc\ub418\uc5b4 \uc62c\ub9ac\ube0c \uc624\uc77c\uc744 \ubcf4\uad00\ud558\uace0 \uc9c4\uc5f4\ud558\uae30\uc5d0 \uc548\uc131\ub9de\ucda4\uc785\ub2c8\ub2e4.<\/p>\n<h2>\uc81c\ud488 \ud2b9\uc9d5<\/h2>\n<ul>\n<li><strong>\ud758\ub7ec\ub0b4\ub9bc \ubc29\uc9c0 \uc8fc\uc785 \uc81c\uc5b4:<\/strong> \uc758\ub3c4\uc801\uc73c\ub85c \uc124\uce58\ub41c \uc8fc\ub465\uc774\ub294 \ubb3c\ubc29\uc6b8\uc774 \ub5a8\uc5b4\uc9c0\ub294 \uac83\uc744 \ubc29\uc9c0\ud558\uace0, \ub530\ub77c\uc11c \uc791\uc5c5 \uacf5\uac04\uc744 \uae68\ub057\ud558\uac8c \uc720\uc9c0\ud558\ub294 \ub370 \ub3c4\uc6c0\uc774 \ub429\ub2c8\ub2e4.<\/li>\n<li><strong>\uac08\uc0c9 \uc720\ub9ac:<\/strong> \uac08\uc0c9 \uc720\ub9ac\ub294 \ube5b\uc744 \ucc28\ub2e8\ud558\ub294 \ub370 \ub9e4\uc6b0 \ud6a8\uacfc\uc801\uc774\uba70, \uc0b0\ud654\uc640 \uacb0\uad6d \uc624\uc77c\uc758 \ubcc0\uc9c8\uc744 \uc904\uc774\ub294 \ub370 \ub3c4\uc6c0\uc774 \ub418\ubbc0\ub85c \uc624\uc77c\uc744 \ub354 \uc798 \ubcf4\uc874\ud560 \uc218 \uc788\uc2b5\ub2c8\ub2e4.<\/li>\n<li><strong>\uc9c1\uc0ac\uac01\ud615 \ubcd1:<\/strong> \uc9c1\uc0ac\uac01\ud615 \ubaa8\uc591\uc758 \ubcd1\uc740 \ub9e4\uc6b0 \ud3b8\ub9ac\ud558\uace0, \ubd80\uc5cc\uc5d0 \ub450\uc5b4\ub3c4 \ubc88\uac70\ub86d\uc9c0 \uc54a\uc544 \ubcf4\uad00\uc5d0 \uc0ac\uc6a9\ub418\ub294 \uacf5\uac04\uc744 \uc808\uc57d\ud560 \uc218 \uc788\uc2b5\ub2c8\ub2e4.<\/li>\n<\/ul>\n<h2>\uc8fc\uc694 \uc0ac\uc591<\/h2>\n<table style=\"border-collapse: collapse; margin-left: auto; margin-right: auto; width: 556.52pt;\" border=\"0\" width=\"742\" cellspacing=\"0\" cellpadding=\"0\">\n<tbody>\n<tr style=\"height: 13.50pt;\">\n<td style=\"height: 13.50pt; width: 103.50pt;\" width=\"138\" height=\"18\">\ud2b9\uc9d5<\/td>\n<td style=\"width: 453.00pt;\" width=\"604\">\uc0ac\uc591<\/td>\n<\/tr>\n<tr style=\"height: 13.50pt;\">\n<td style=\"height: 13.50pt;\" height=\"18\">\uc6a9\ub7c9<\/td>\n<td>250ml, 500ml, 750ml<\/td>\n<\/tr>\n<tr style=\"height: 13.50pt;\">\n<td style=\"height: 13.50pt;\" height=\"18\">\uce58\uc218<\/td>\n<td>4.7\u00d74.7\u00d721.0cm, 5.8\u00d75.8\u00d726.4cm, 6.5\u00d76.5\u00d730.2cm<\/td>\n<\/tr>\n<tr style=\"height: 13.50pt;\">\n<td style=\"height: 13.50pt;\" height=\"18\">\ubaa9 \ud06c\uae30<\/td>\n<td>19\u00d730mm \ub098\uc0ac\uc0b0(\ud45c\uc900)<\/td>\n<\/tr>\n<tr style=\"height: 13.50pt;\">\n<td style=\"height: 13.50pt;\" height=\"18\">\uc7ac\ub8cc<\/td>\n<td>\uc570\ubc84 \uc720\ub9ac, PP \ub610\ub294 \uae08\uc18d \ub69c\uaed1<\/td>\n<\/tr>\n<tr style=\"height: 13.50pt;\">\n<td style=\"height: 13.50pt;\" height=\"18\">\ubaa8\uc591<\/td>\n<td>\uc0ac\uac01\ud615 \uc720\ub9ac\ubcd1<\/td>\n<\/tr>\n<tr style=\"height: 13.50pt;\">\n<td style=\"height: 13.50pt;\" height=\"18\">\ub69c\uaed1 \uc635\uc158<\/td>\n<td>\ub098\uc0ac\ud615 \ub69c\uaed1 (\uc0ac\uc6a9\uc790 \uc815\uc758 \uac00\ub2a5)<\/td>\n<\/tr>\n<tr style=\"height: 13.50pt;\">\n<td style=\"height: 13.50pt;\" height=\"18\">\uc774\uc0c1\uc801\uc778 \uc0ac\uc6a9<\/td>\n<td>\uc62c\ub9ac\ube0c \uc624\uc77c \ubcd1, \uc62c\ub9ac\ube0c \uc624\uc77c \uc720\ub9ac\ubcd1, \uc591\ub150\ubcd1, \uc8fc\ubc29\uc6a9 \uc624\uc77c \ubcd1<\/td>\n<\/tr>\n<\/tbody>\n<\/table>\n<p>&nbsp;<\/p>\n<h2>\uc131\uacf5 \uc0ac\ub840: \uc9c0\uc5ed \uace0\uae09 \ube0c\ub79c\ub4dc\ub97c \ub2e4\uc74c \ub2e8\uacc4\ub85c \ub04c\uc5b4\uc62c\ub9ac\ub294 \ubc29\ubc95<\/h2>\n<p>\uc9c0\uc911\ud574 \uc9c0\uc5ed \ud2b9\uc0b0 \uc2dd\ud488 \uc720\ud1b5\uc5c5\uccb4\ub294 \uc0c8\ub85c\uc6b4 \ub2e8\uc77c \uc6d0\uc0b0\uc9c0 \uc62c\ub9ac\ube0c \uc624\uc77c \ub77c\uc778\uc5d0 \uc0ac\uc6a9\ud560 \ub3c5\ud2b9\ud55c \uc720\ub9ac\ubcd1\uc744 \ucc3e\uace0 \uc788\uc5c8\uc2b5\ub2c8\ub2e4. \uba3c\uc800 500ml \ud22c\uba85 \uc720\ub9ac\ubcd1 5,000\uac1c\ub97c \uc18c\ub7c9 \uc8fc\ubb38\ud588\uc2b5\ub2c8\ub2e4. \uac08\uc0c9 \uc720\ub9ac\ubcd1 \ub355\ubd84\uc5d0 \uc62c\ub9ac\ube0c \uc624\uc77c\uc758 \uc2e0\uc120\ub3c4\ub97c 30%\ub098 \uc720\uc9c0\ud560 \uc218 \uc788\ub2e4\ub294 \uc810\uc774 \ub9e4\uc6b0 \uae0d\uc815\uc801\uc73c\ub85c \ud3c9\uac00\ub418\uc5c8\uc2b5\ub2c8\ub2e4. \uc7ac\uad6c\ub9e4\uc728\uc740 32%\uc5d0\uc11c 70%\ub85c \uc99d\uac00\ud588\uc2b5\ub2c8\ub2e4. 6\uac1c\uc6d4\ub3c4 \ucc44 \ub418\uc9c0 \uc54a\uc544 \uc138 \uac00\uc9c0 \uc0ac\uc774\uc988\ub85c 25\ub9cc \uac1c\uc758 \ubcd1\uc744 \ucd94\uac00\ub85c \ub300\ub7c9 \uc8fc\ubb38\ud588\uc73c\uba70, \ud604\uc7ac \uc774 \uc720\ub9ac\ubcd1\uc740 \ubaa8\ub4e0 \ud504\ub9ac\ubbf8\uc5c4 \uc81c\ud488 \ub77c\uc778\uc5d0 \uc0ac\uc6a9\ub418\ub294 \uc720\uc77c\ud55c \ud3ec\uc7a5\uc7ac\uc785\ub2c8\ub2e4.<\/p>\n<h2>\uc0ac\uc6a9\uc790 \uc815\uc758 \uc81c\uc548<\/h2>\n<ul>\n<li><strong>\ub69c\uaed1 \uc0c9\uc0c1:<\/strong> \uae08\uc0c9, \uac80\uc815\uc0c9, \uc740\uc0c9, \ub179\uc0c9 \ub4f1 \ub2e4\uc591\ud55c \uc0c9\uc0c1\uc744 \uc120\ud0dd\ud558\uc5ec \ub098\uc0ac \ub69c\uaed1\uc744 \uace0\uc815\ud558\uc138\uc694.<\/li>\n<li><strong>\uc591\uac01 \ub85c\uace0:<\/strong> \uc6b0\uc544\ud558\uace0 \ub9cc\uc838\ubcf4\uace0 \uc2f6\uc740 \ub290\ub08c\uc744 \uc704\ud574 \ub85c\uace0\ub97c \uc720\ub9ac \ubc14\ub85c \uc704\uc5d0 \uc62c\ub824 \ub193\uc73c\uc138\uc694.<\/li>\n<li><strong>\uc816\ube5b \uc720\ub9ac \ub9c8\uac10:<\/strong> \uace0\uae09\uc2a4\ub7fd\uace0 \ubb34\uad11\ud0dd\uc758 \uc678\uad00\uc744 \uc5bb\uc73c\ub824\uba74 \ubcd1\uc758 \uc77c\ubd80 \ub610\ub294 \uc804\uccb4\uc5d0 \uc0b0 \uc5d0\uce6d \ucc98\ub9ac\ub97c \uc0ac\uc6a9\ud558\uc138\uc694.<\/li>\n<li><strong>ACL \ub77c\ubca8\ub9c1(\uc801\uc6a9 \uceec\ub7ec \ubb38\uc790):<\/strong> \uc774 \ubc29\ubc95\uc744 \uc0ac\uc6a9\ud558\uba74 \ub77c\ubca8\uc744 \uc720\ub9ac\uc5d0 \uc9c1\uc811 \ubd80\ucc29\ud558\uc5ec \ubc1d\uace0 \uc624\ub798 \uc9c0\uc18d\ub418\ub294 \ub514\uc790\uc778\uc744 \uc5bb\uc744 \uc218 \uc788\uc2b5\ub2c8\ub2e4.<\/li>\n<\/ul>","protected":false},"excerpt":{"rendered":"<p>\uc6b0\uc544\ud55c \ub098\uc0ac\ud615 \ub69c\uaed1\uc774 \ub2ec\ub9b0 \uc62c\ub9ac\ube0c \uc624\uc77c \uc720\ub9ac\ubcd1\uc73c\ub85c \uc138 \uac00\uc9c0 \uc0ac\uc774\uc988\ub85c \ucd9c\uc2dc\ub429\ub2c8\ub2e4. \uc8fc\ubc29, \ub808\uc2a4\ud1a0\ub791, \ub3c4\ub9e4 \uad6c\ub9e4\uc790 \ubaa8\ub450\uc5d0\uac8c \uc801\ud569\ud569\ub2c8\ub2e4. \ubb34\ub8cc \uc0d8\ud50c\ub3c4 \uc81c\uacf5\ub429\ub2c8\ub2e4.<\/p>","protected":false},"featured_media":1836,"template":"","meta":{"postBodyCss":"","postBodyMargin":[],"postBodyPadding":[],"postBodyBackground":{"backgroundType":"classic","gradient":""}},"product_brand":[],"product_cat":[15,16,18],"product_tag":[],"class_list":{"0":"post-1832","1":"product","2":"type-product","3":"status-publish","4":"has-post-thumbnail","6":"product_cat-glass-containers","7":"product_cat-glass-bottles","8":"product_cat-glass-oil-bottles","10":"first","11":"instock","12":"shipping-taxable","13":"product-type-simple"},"jetpack_sharing_enabled":true,"_links":{"self":[{"href":"https:\/\/minghanggroup.com\/ko\/wp-json\/wp\/v2\/product\/1832","targetHints":{"allow":["GET"]}}],"collection":[{"href":"https:\/\/minghanggroup.com\/ko\/wp-json\/wp\/v2\/product"}],"about":[{"href":"https:\/\/minghanggroup.com\/ko\/wp-json\/wp\/v2\/types\/product"}],"wp:featuredmedia":[{"embeddable":true,"href":"https:\/\/minghanggroup.com\/ko\/wp-json\/wp\/v2\/media\/1836"}],"wp:attachment":[{"href":"https:\/\/minghanggroup.com\/ko\/wp-json\/wp\/v2\/media?parent=1832"}],"wp:term":[{"taxonomy":"product_brand","embeddable":true,"href":"https:\/\/minghanggroup.com\/ko\/wp-json\/wp\/v2\/product_brand?post=1832"},{"taxonomy":"product_cat","embeddable":true,"href":"https:\/\/minghanggroup.com\/ko\/wp-json\/wp\/v2\/product_cat?post=1832"},{"taxonomy":"product_tag","embeddable":true,"href":"https:\/\/minghanggroup.com\/ko\/wp-json\/wp\/v2\/product_tag?post=1832"}],"curies":[{"name":"wp","href":"https:\/\/api.w.org\/{rel}","templated":true}]}}