{"id":1789,"date":"2025-10-17T16:06:32","date_gmt":"2025-10-17T08:06:32","guid":{"rendered":"https:\/\/minghanggroup.com\/?post_type=product&#038;p=1789"},"modified":"2025-10-17T17:44:32","modified_gmt":"2025-10-17T09:44:32","slug":"bulk-stainless-steel-oil-dispensers-with-glass-liner","status":"publish","type":"product","link":"https:\/\/minghanggroup.com\/ko\/product\/bulk-stainless-steel-oil-dispensers-with-glass-liner\/","title":{"rendered":"\ub300\uc6a9\ub7c9 \uc2a4\ud14c\uc778\ub9ac\uc2a4 \uc2a4\ud2f8 \uc624\uc77c \ub514\uc2a4\ud39c\uc11c (\uc720\ub9ac \ub0b4\ud53c \ud3ec\ud568) 200ml, 300ml, 500ml"},"content":{"rendered":"<p>\uc774 \uc624\uc77c &amp; \uc2dd\ucd08 \ubcd1\uc740 \uc2a4\ud0c0\uc77c\uc744 \uc704\ud55c \ud22c\uba85 \uc720\ub9ac \ubd80\ud488\uacfc \ub0b4\uad6c\uc131\uc744 \uc704\ud55c \uae08\uc18d \ubd80\ud488\uc73c\ub85c \uc81c\uc791\ub418\uc5c8\uc2b5\ub2c8\ub2e4. \ub610\ud55c, \ub2e4\uc591\ud55c \uc885\ub958\uc758 \uc8fc\ub465\uc774\uac00 \uc788\uc5b4 \ud604\ub300\uc801\uc778 \uc6b0\uc544\ud568\uacfc \uc2e4\uc6a9\uc801\uc778 \uc8fc\ubc29\uc758 \uc644\ubcbd\ud55c \uc870\ud654\ub97c \uc774\ub8f9\ub2c8\ub2e4.<\/p>\n<h2>\uc81c\ud488 \ud2b9\uc9d5<\/h2>\n<ul>\n<li><strong>\uc5ec\ub7ec \uac1c\uc758 \ubd93\ub294 \uc8fc\ub465\uc774:<\/strong> \uc6b0\ub9ac\ub294 \ub2e4\uc591\ud55c \ubd93\ub294 \uc2b5\uad00\uc5d0 \ub9de\ucdb0 \ub2e4\uc591\ud55c \uae08\uc18d \ubd93\ub294 \uc8fc\ub465\uc774\ub97c \uc81c\uacf5\ud558\ubbc0\ub85c \ubd93\ub294 \uacfc\uc815\uc774 \uc6d0\ud65c\ud574\uc9c0\uace0, \uc0ac\uc6a9\uc790\ub294 \uc0ac\uc6a9\ub7c9\uc744 \uc27d\uac8c \uc870\uc808\ud560 \uc218 \uc788\uc2b5\ub2c8\ub2e4.<\/li>\n<li><strong>\uc720\ub9ac + \uc2a4\ud14c\uc778\ub9ac\uc2a4 \uc2a4\ud2f8 \ud558\uc774\ube0c\ub9ac\ub4dc \uad6c\uc870:<\/strong> \uc720\ub9ac\ub97c \ud1b5\ud574 \uc624\uc77c\ub7c9\uc744 \ud655\uc778\ud560 \uc218 \uc788\uc2b5\ub2c8\ub2e4. \uae08\uc18d \uc678\uad00\uc740 \uc81c\ud488\uc758 \ub0b4\uad6c\uc131\uc744 \ub192\uc774\uace0 \uc138\ub828\ub41c \ub290\ub08c\uc744 \ub354\ud569\ub2c8\ub2e4.<\/li>\n<li><strong>\ub2e4\uc591\ud55c \uc0ac\uc774\uc988 \uc81c\uacf5:<\/strong> \ud06c\uae30\uac00 \ub2e4\ub978 \uc138 \uac00\uc9c0 \ubcd1\uc774 \uc788\uc5b4\uc11c, \uc0ac\uc6a9 \ubaa9\uc801\uc5d0 \uac00\uc7a5 \uc801\ud569\ud55c \ud06c\uae30\ub97c \uc120\ud0dd\ud560 \uc218 \uc788\uc2b5\ub2c8\ub2e4.<\/li>\n<\/ul>\n<h2>\uc8fc\uc694 \uc0ac\uc591<\/h2>\n<table style=\"border-collapse: collapse; margin-left: auto; margin-right: auto; width: 536.27pt;\" border=\"0\" width=\"715\" cellspacing=\"0\" cellpadding=\"0\">\n<tbody>\n<tr style=\"height: 13.50pt;\">\n<td style=\"height: 13.50pt; width: 125.25pt;\" width=\"167\" height=\"18\">\ud2b9\uc9d5<\/td>\n<td style=\"width: 411.00pt;\" width=\"548\">\uc0ac\uc591<\/td>\n<\/tr>\n<tr style=\"height: 13.50pt;\">\n<td style=\"height: 13.50pt;\" height=\"18\">\uc6a9\ub7c9<\/td>\n<td>200ml, 300ml, 500ml<\/td>\n<\/tr>\n<tr style=\"height: 13.50pt;\">\n<td style=\"height: 13.50pt;\" height=\"18\">\uce58\uc218<\/td>\n<td>6.0\u00d715.6cm, 6.7\u00d714.5cm, 6.5\u00d719.8cm<\/td>\n<\/tr>\n<tr style=\"height: 13.50pt;\">\n<td style=\"height: 13.50pt;\" height=\"18\">\ubcf8\uccb4 \uc7ac\uc9c8<\/td>\n<td>\ud22c\uba85 \uc720\ub9ac + \uc2a4\ud14c\uc778\ub9ac\uc2a4 \uc2a4\ud2f8 \uce7c\ub77c<\/td>\n<\/tr>\n<tr style=\"height: 13.50pt;\">\n<td style=\"height: 13.50pt;\" height=\"18\">\ub69c\uaed1 \uc720\ud615<\/td>\n<td>\ub4dc\ub9bd \ucee8\ud2b8\ub864\uc774 \uac00\ub2a5\ud55c \uae08\uc18d \uc8fc\ub465\uc774<\/td>\n<\/tr>\n<tr style=\"height: 13.50pt;\">\n<td style=\"height: 13.50pt;\" height=\"18\">\ubaa8\uc591<\/td>\n<td>\uae08\uc18d \uc7a5\uc2dd\uc774 \uc788\ub294 \uc6d0\ud1b5\ud615 \uc720\ub9ac\ubcd1<\/td>\n<\/tr>\n<tr style=\"height: 13.50pt;\">\n<td style=\"height: 13.50pt;\" height=\"18\">\uc774\uc0c1\uc801\uc778 \uc0ac\uc6a9<\/td>\n<td>\uae30\ub984\uacfc \uc2dd\ucd08 \ubcd1, \uae30\ub984 \ubcd1, \uc8fc\ubc29\uc6a9 \uc62c\ub9ac\ube0c \uc624\uc77c \ubcd1<\/td>\n<\/tr>\n<\/tbody>\n<\/table>\n<h2>\uc2e4\uc81c \uc0ac\ub840<\/h2>\n<p>\ubbf8\uad6d\uc758 \ud55c \ud2b9\uc218 \uc2dd\ud488 \uc18c\ub9e4\uc5c5\uccb4\uac00 \uc218\uc81c \uc81c\ud488 \ub77c\uc778\uc744 \uc120\ubcf4\uc77c \uc608\uc815\uc774\uc5c8\uc73c\uba70, \uace0\uae09\uc2a4\ub7ec\uc6b4 \ud488\uc9c8\uc744 \uc2dc\uac01\uc801\uc73c\ub85c \uc804\ub2ec\ud558\ub294 \ud3ec\uc7a5\uc744 \uc694\uad6c\ud588\uc2b5\ub2c8\ub2e4. \uccab \uc8fc\ubb38 12,000\uac1c\uc5d0\ub294 \ud2b9\uc218 \uae08\uc18d \ub69c\uaed1\uc774 \ub2ec\ub9b0 300ml \ub9de\ucda4\ud615 \uc2a4\ud14c\uc778\ub9ac\uc2a4 \uc2a4\ud2f8 \uc624\uc77c \ubcd1\uc744 \uc0ac\uc6a9\ud558\uae30\ub85c \uacb0\uc815\ud588\uc2b5\ub2c8\ub2e4. \uace0\uac1d \ud53c\ub4dc\ubc31\uc740 \uc81c\ud488\uc758 \uc6b0\uc544\ud55c \ub514\uc790\uc778\uacfc \uc0ac\uc6a9 \ud3b8\uc758\uc131\uc744 \uac15\uc870\ud558\uba70 \ub9e4\uc6b0 \uae0d\uc815\uc801\uc774\uc5c8\uc2b5\ub2c8\ub2e4. \uc7ac\uad6c\ub9e4\uc728\uc740 60% \uc99d\uac00\ud588\uace0, \uae08\uc18d \uc8fc\uc785\uad6c \ub355\ubd84\uc5d0 \uc624\uc77c\uacfc \uc2dd\ucd08 \uc18c\ube44\ub7c9\uc774 38% \uac10\uc18c\ud588\uc2b5\ub2c8\ub2e4. \ube60\ub978 \ud310\ub9e4\uc640 \uc88b\uc740 \uace0\uac1d \ud6c4\uae30\uc5d0 \ub9cc\uc871\ud55c \uc774 \uc18c\ub9e4\uc5c5\uccb4\ub294 \ub2e8 3\uac1c\uc6d4 \ub9cc\uc5d0 35,000\uac1c\ub97c \ucd94\uac00\ub85c \uc8fc\ubb38\ud558\uc5ec \uc81c\ud488 \ub77c\uc778\uc744 \ud655\uc7a5\ud588\uc2b5\ub2c8\ub2e4.<\/p>\n<h2>\uc0ac\uc6a9\uc790 \uc815\uc758 \uc81c\uc548<\/h2>\n<ul>\n<li><strong>\uba54\ud0c8\ub9ad \uce7c\ub77c \ub9c8\uac10:<\/strong> \uae08\uc18d\uc758 \uc717\ubd80\ubd84 \uc0c9\uc0c1\uc744 \ubcc0\uacbd\ud558\uc138\uc694. \ub2c8\ucf08, \uae08, \uad6c\ub9ac \ub610\ub294 \ubb34\uad11\ud0dd \uac80\uc815\uc0c9 \uc911 \ud558\ub098\ub97c \uc120\ud0dd\ud558\uc138\uc694.<\/li>\n<li><strong>\ub514\uc2a4\ud39c\uc11c \ub9c8\uac10:<\/strong>\uc2a4\ud14c\uc778\ub9ac\uc2a4 \uc2a4\ud2f8 \uc624\uc77c \ub514\uc2a4\ud39c\uc11c\ub97c \ube44\uc2b7\ud558\uac70\ub098 \ub300\uc870\uc801\uc778 \ub9c8\uac10(\uc608: \uac80\uc740\uc0c9 \uc8fc\ub465\uc774\uac00 \uc788\ub294 \uae08\uc0c9 \uce7c\ub77c)\uc758 \uce7c\ub77c\uc640 \ub9e4\uce58\ud558\uc138\uc694.<\/li>\n<li><strong>\uc2e4\ud06c\uc2a4\ud06c\ub9b0 \uc778\uc1c4 \ub85c\uace0:<\/strong>\ub85c\uace0\ub97c \uae08\uc18d \uc7a5\uc2dd\uacfc \uc5b4\uc6b8\ub9ac\ub294 \uceec\ub7ec\ub85c \ud22c\uba85 \uc720\ub9ac\uc5d0 \uc778\uc1c4\ud560 \uc218 \uc788\uc2b5\ub2c8\ub2e4.<\/li>\n<\/ul>\n<p>\uace0\uac1d\uc758 \ub208\uae38\uc744 \uc0ac\ub85c\uc7a1\uc744 \ub9e4\ub825\uc801\uc778 \uc2a4\ud14c\uc778\ub9ac\uc2a4 \uc2a4\ud2f8 \uc624\uc77c \ubcd1\uc744 \ub300\ub7c9 \uad6c\ub9e4\ud558\uace0 \uc2f6\uc73c\uc2e0\uac00\uc694? \ub300\ub7c9 \uc8fc\ubb38\uc774\ub098 \ub9de\ucda4 \uc81c\uc791 \uc544\uc774\ub514\uc5b4\uc5d0 \ub300\ud574 \ub17c\uc758\ud558\uae30 \uc704\ud574 \uc800\ud76c\uc640 \ubbf8\ud305\uc744 \uc608\uc57d\ud574 \ubcf4\uc2dc\ub294 \uac74 \uc5b4\ub5a0\uc138\uc694? \uc800\ud76c\ub294 \uc5b8\uc81c\ub4e0\uc9c0 \uace0\uac1d\ub2d8\uc744 \uc704\ud574 \ucd5c\uc120\uc744 \ub2e4\ud560 \uc900\ube44\uac00 \ub418\uc5b4 \uc788\uc2b5\ub2c8\ub2e4.<\/p>","protected":false},"excerpt":{"rendered":"<p>\ud22c\uba85 \uc720\ub9ac \ub77c\uc774\ub108\uac00 \ub2ec\ub9b0 \uc6b0\uc544\ud55c \uc2a4\ud14c\uc778\ub9ac\uc2a4 \uc2a4\ud2f8 \uc624\uc77c \ub514\uc2a4\ud39c\uc11c\uc785\ub2c8\ub2e4. \ub0b4\uad6c\uc131\uc774 \ub6f0\uc5b4\ub09c \uc624\uc77c \ubc0f \uc2dd\ucd08 \ubcd1\uc73c\ub85c, \ub3c4\ub9e4 \ub9de\ucda4 \uc81c\uc791 \ubc0f \ub300\ub7c9 \uc8fc\ubb38 \uac00\ub2a5\ud569\ub2c8\ub2e4.<\/p>","protected":false},"featured_media":1797,"template":"","meta":{"postBodyCss":"","postBodyMargin":[],"postBodyPadding":[],"postBodyBackground":{"backgroundType":"classic","gradient":""}},"product_brand":[],"product_cat":[15,16,18],"product_tag":[],"class_list":{"0":"post-1789","1":"product","2":"type-product","3":"status-publish","4":"has-post-thumbnail","6":"product_cat-glass-containers","7":"product_cat-glass-bottles","8":"product_cat-glass-oil-bottles","10":"first","11":"instock","12":"shipping-taxable","13":"product-type-simple"},"jetpack_sharing_enabled":true,"_links":{"self":[{"href":"https:\/\/minghanggroup.com\/ko\/wp-json\/wp\/v2\/product\/1789","targetHints":{"allow":["GET"]}}],"collection":[{"href":"https:\/\/minghanggroup.com\/ko\/wp-json\/wp\/v2\/product"}],"about":[{"href":"https:\/\/minghanggroup.com\/ko\/wp-json\/wp\/v2\/types\/product"}],"wp:featuredmedia":[{"embeddable":true,"href":"https:\/\/minghanggroup.com\/ko\/wp-json\/wp\/v2\/media\/1797"}],"wp:attachment":[{"href":"https:\/\/minghanggroup.com\/ko\/wp-json\/wp\/v2\/media?parent=1789"}],"wp:term":[{"taxonomy":"product_brand","embeddable":true,"href":"https:\/\/minghanggroup.com\/ko\/wp-json\/wp\/v2\/product_brand?post=1789"},{"taxonomy":"product_cat","embeddable":true,"href":"https:\/\/minghanggroup.com\/ko\/wp-json\/wp\/v2\/product_cat?post=1789"},{"taxonomy":"product_tag","embeddable":true,"href":"https:\/\/minghanggroup.com\/ko\/wp-json\/wp\/v2\/product_tag?post=1789"}],"curies":[{"name":"wp","href":"https:\/\/api.w.org\/{rel}","templated":true}]}}