{"id":1642,"date":"2025-10-16T16:24:25","date_gmt":"2025-10-16T08:24:25","guid":{"rendered":"https:\/\/minghanggroup.com\/?post_type=product&#038;p=1642"},"modified":"2025-10-16T17:50:57","modified_gmt":"2025-10-16T09:50:57","slug":"wholesale-cylindrical-amber-glass-olive-oil-bottles","status":"publish","type":"product","link":"https:\/\/minghanggroup.com\/ko\/product\/wholesale-cylindrical-amber-glass-olive-oil-bottles\/","title":{"rendered":"\ub3c4\ub9e4 \uc6d0\ud1b5\ud615 \uc570\ubc84 \uc720\ub9ac \uc62c\ub9ac\ube0c \uc624\uc77c \ubcd1 250ml 500ml 750ml"},"content":{"rendered":"<p>\uc774 \ud638\ubc15\uc0c9 \uc720\ub9ac \uc62c\ub9ac\ube0c \uc624\uc77c \ubcd1\uc740 \uc62c\ub9ac\ube0c \uc624\uc77c\uc744 \ubcf4\uad00\ud558\uace0 \uc7a5\uc2dd\ud558\ub294 \ub370 \uc644\ubcbd\ud55c \ub3c4\uad6c\uc785\ub2c8\ub2e4. \uc6b0\uc544\ud55c \ud638\ubc15\uc0c9 \uc720\ub9ac\uac00 \uba4b\uc9c0\uace0 \ub9e4\ub048\ud558\uba70 \uac00\ub290\ub2e4\ub780 \uc6d0\ud1b5 \ubaa8\uc591\uc73c\ub85c \ub9cc\ub4e4\uc5b4\uc84c\uae30 \ub54c\ubb38\uc785\ub2c8\ub2e4. \uc774 \ubcd1\uc740 \uc5ec\ub7ec \uac00\uc9c0 \ud06c\uae30\ub85c \uc81c\uacf5\ub418\uba70, \uc138\ub828\ubbf8\uac00 \uc788\uc744 \ubfd0\ub9cc \uc544\ub2c8\ub77c \uc0ac\uc6a9\uc5d0 \ud6a8\uc728\uc801\uc785\ub2c8\ub2e4.<\/p>\n<h2>\uc81c\ud488 \ud2b9\uc9d5<\/h2>\n<ul>\n<li><strong>UV \ucc28\ub2e8 \uc124\uacc4:<\/strong> \ud638\ubc15\uc0c9 \uc720\ub9ac\ub294 \uc720\ud574\ud55c \uad11\uc120\uc744 \ucc28\ub2e8\ud558\uc5ec \uc81c\ud488\uc744 \uc2e0\uc120\ud558\uac8c \uc720\uc9c0\ud569\ub2c8\ub2e4.<\/li>\n<li><strong>\ud56d\uc0c1 \ud758\ub7ec\ub0b4\ub9bc \uc5c6\uc774 \ubd93\uae30:<\/strong> \ud2b9\uc218 \uc81c\uc791\ub41c \ub69c\uaed1\uc740 \ud758\ub7ec\ub0b4\ub9bc \ubc29\uc9c0 \uae30\ub2a5\uc744 \uac16\ucd94\uace0 \uc788\uc5b4 \ubcd1 \uc606\uba74\uc774\ub098 \uc870\ub9ac\ub300\uc5d0 \ub048\uc801\uc784\uc774 \ub0a8\uc9c0 \uc54a\uc2b5\ub2c8\ub2e4.<\/li>\n<li><strong>\uc587\uc740 \uc6d0\ud1b5\ud615 \ubaa8\uc591:<\/strong> \uc2ac\ub9bc\ud55c \ub514\uc790\uc778\uc73c\ub85c \ucd94\uac00 \uacf5\uac04\uc774 \ud544\uc694 \uc5c6\uc774 \uc870\ub9ac\ub300\ub098 \uc2dd\ub8cc\ud488 \uc800\uc7a5\uc2e4 \uc120\ubc18\uc5d0 \uc81c\ud488\uc744 \ubcf4\uad00\ud560 \uc218 \uc788\uc2b5\ub2c8\ub2e4.<\/li>\n<\/ul>\n<h2>\uc8fc\uc694 \uc0ac\uc591<\/h2>\n<table style=\"border-collapse: collapse; margin-left: auto; margin-right: auto; width: 457.52pt;\" border=\"0\" width=\"610\" cellspacing=\"0\" cellpadding=\"0\">\n<tbody>\n<tr style=\"height: 13.50pt;\">\n<td style=\"height: 13.50pt; width: 103.50pt;\" width=\"138\" height=\"18\">\ud2b9\uc9d5<\/td>\n<td style=\"width: 354.00pt;\" width=\"472\">\uc0ac\uc591<\/td>\n<\/tr>\n<tr style=\"height: 13.50pt;\">\n<td style=\"height: 13.50pt;\" height=\"18\">\uc6a9\ub7c9<\/td>\n<td>250ml, 500ml, 750ml<\/td>\n<\/tr>\n<tr style=\"height: 13.50pt;\">\n<td style=\"height: 13.50pt;\" height=\"18\">\uce58\uc218<\/td>\n<td>5.0\u00d723.2cm, 6.1\u00d728.0cm, 6.9\u00d730.9cm<\/td>\n<\/tr>\n<tr style=\"height: 13.50pt;\">\n<td style=\"height: 13.50pt;\" height=\"18\">\ubaa9 \ud06c\uae30<\/td>\n<td>19\u00d730mm \ub098\uc0ac\uc0b0<\/td>\n<\/tr>\n<tr style=\"height: 13.50pt;\">\n<td style=\"height: 13.50pt;\" height=\"18\">\uc7ac\ub8cc<\/td>\n<td>\ud638\ubc15\uc0c9 \uc720\ub9ac, \uae08\uc18d \ub69c\uaed1<\/td>\n<\/tr>\n<tr style=\"height: 13.50pt;\">\n<td style=\"height: 13.50pt;\" height=\"18\">\ubaa8\uc591<\/td>\n<td>\uc6d0\ud1b5\ud615 \uc720\ub9ac\ubcd1<\/td>\n<\/tr>\n<tr style=\"height: 13.50pt;\">\n<td style=\"height: 13.50pt;\" height=\"18\">\ub69c\uaed1 \uc635\uc158<\/td>\n<td>\ube14\ub799\/\uace8\ub4dc \ub69c\uaed1(\ub9de\ucda4\ud615)<\/td>\n<\/tr>\n<tr style=\"height: 13.50pt;\">\n<td style=\"height: 13.50pt;\" height=\"18\">\uc774\uc0c1\uc801\uc778 \uc0ac\uc6a9<\/td>\n<td>\uc720\ub9ac \uc62c\ub9ac\ube0c \uc624\uc77c \ub514\uc2a4\ud39c\uc11c, \uc62c\ub9ac\ube0c \uc624\uc77c \ud06c\ub8e8\uc5e3, \uc624\uc77c \ubcd1<\/td>\n<\/tr>\n<\/tbody>\n<\/table>\n<h2>\uc131\uacf5 \uc0ac\ub840: \uc77c\uad00\ub41c \ud3ec\uc7a5\uc744 \ud1b5\ud55c \ube0c\ub79c\ub4dc \uad6c\ucd95<\/h2>\n<p>\uc804 \uc138\uacc4\uc5d0 \uc62c\ub9ac\ube0c \uc624\uc77c\uc744 \uc720\ud1b5\ud558\ub294 \uce98\ub9ac\ud3ec\ub2c8\uc544 \ud2b9\uc0b0 \uc2dd\ud488 \uc81c\uc870\uc5c5\uccb4\ub294 \ucd5c\uace0\uae09 \uc720\ub9ac\ubcd1\uc774 \ud544\uc694\ud588\uace0, 250ml\uc640 500ml \uc6a9\ub7c9\uc758 \ud638\ubc15\uc0c9 \uc720\ub9ac \uc62c\ub9ac\ube0c \uc624\uc77c \ubcd1 5,000\uac1c\ub97c \uccab \uc8fc\ubb38\uc73c\ub85c \uc800\ud76c\uc5d0\uac8c \ub9e1\uae30\uae30\ub85c \ud588\uc2b5\ub2c8\ub2e4. \uc18c\ub9e4\uc5c5\uccb4\ub4e4\uc740 \uc81c\ud488\uc758 \uc804\ubb38\uc801\uc778 \uc678\uad00\uacfc \ub354\ubd88\uc5b4 \ub300\ubd80\ubd84\uc758 \uc601\uc5c5 \ub2f4\ub2f9\uc790\ub4e4\uc774 \uc790\uc0ac \ube0c\ub79c\ub4dc\ub97c \ud64d\ubcf4\ud558\ub294 \ubd88\ud22c\uba85 \uc720\ub9ac\uc758 \ub2e4\uc591\ud55c \uc7a5\uc810\uc744 \uac15\uc870\ud558\uba70 \uae30\ubed0\ud588\uc2b5\ub2c8\ub2e4. \uadf8 \uacb0\uacfc, \uae30\uc874\uc5d0 \uad6c\ub9e4\ud588\ub358 \uace0\uac1d\ub4e4\uc774 90\uc77c \uc774\ub0b4 \uc7ac\uad6c\ub9e4\uc728\uc774 72%\uae4c\uc9c0 \uc99d\uac00\ud558\uba74\uc11c \uad6c\ub9e4\ub7c9\uc774 \uc99d\uac00\ud588\uc2b5\ub2c8\ub2e4. \uc774\ub7ec\ud55c \ucd08\uae30 \uc131\uacf5 \ub355\ubd84\uc5d0 \ud6c4\uc18d \uc8fc\ubb38\uc740 \ub2e8 8\uac1c\uc6d4 \ub9cc\uc5d0 \uac70\uc758 20\ub9cc \uac1c\uc5d0 \ub2ec\ud588\uc2b5\ub2c8\ub2e4.<\/p>\n<h2>\uc570\ubc84 \uc720\ub9ac \uc62c\ub9ac\ube0c \uc624\uc77c \ubcd1\uc744 \ub9de\ucda4 \uc81c\uc791\ud558\uc138\uc694<\/h2>\n<ul>\n<li><strong>\uc11c\ub9ac \ub85c\uace0:<\/strong> \uc0b0 \uc5d0\uce6d\uc740 \uace0\uae09\uc2a4\ub7ec\uc6b4 \uc678\uad00\uc758 \uc138\ub828\ub418\uace0 \ub2e8\uc0c9\uc774\uba70 \ubb34\uad11 \ub9c8\uac10 \ub85c\uace0\uac00 \ud544\uc694\ud560 \ub54c \uc0ac\uc6a9\ud574\uc57c \ud558\ub294 \ubc29\ubc95\uc785\ub2c8\ub2e4.<\/li>\n<li><strong>\uc2e4\ud06c\uc2a4\ud06c\ub9b0 \uc778\uc1c4:<\/strong> \uc789\ud06c\ub97c \uc704\ud55c \ud638\ubc15\uc0c9 \uc720\ub9ac\uc758 \uc5b4\ub450\uc6b4 \ubc30\uacbd\uc5d0 \ubc1d\uc740 \uc0c9\uc0c1\uc774 \uc801\uc6a9\ub418\uc5b4 \uba40\ub9ac\uc11c\ub3c4 \ub85c\uace0\ub97c \uc77d\uc744 \uc218 \uc788\uc2b5\ub2c8\ub2e4.<\/li>\n<li><strong>\uc0ac\uc6a9\uc790 \uc815\uc758 \ucea1 \uc0c9\uc0c1:<\/strong> \ube0c\ub79c\ub4dc \uc0c9\uc0c1\uc73c\ub85c \ub098\uc0ac\ud615 \ucea1\uc744 \uc6d0\ud558\uc2dc\uba74 \uae08\uc0c9, \uc740\uc0c9, \uac80\uc815\uc0c9 \ub4f1\uc744 \uc120\ud0dd\ud558\uc138\uc694.<\/li>\n<li><strong>\ub354 \uc9c4\ud55c \uc570\ubc84 \ud2f4\ud2b8:<\/strong> \ub354\uc6b1 \ud48d\ubd80\ud55c \uc0c9\uc18c\ub85c \uc790\uc678\uc120 \ucc28\ub2e8 \ud6a8\uacfc\ub97c \uadf9\ub300\ud654\ud569\ub2c8\ub2e4. \uadf9\ub3c4\ub85c \ubbfc\uac10\ud55c \uc62c\ub9ac\ube0c \uc624\uc77c\uc5d0 \uc801\ud569\ud569\ub2c8\ub2e4.<\/li>\n<\/ul>","protected":false},"excerpt":{"rendered":"<p>\ub098\uc0ac\ud615 \ub69c\uaed1 \ub514\uc790\uc778\uc758 \ud638\ubc15\uc0c9 \uc720\ub9ac \uc62c\ub9ac\ube0c \uc624\uc77c \ubcd1\uc785\ub2c8\ub2e4. \uc587\uace0 \ub0b4\uad6c\uc131\uc774 \ub6f0\uc5b4\ub098 \uc8fc\ubc29\uc5d0\uc11c \uc0ac\uc6a9\ud558\uae30\uc5d0 \uc801\ud569\ud569\ub2c8\ub2e4. \ub300\ub7c9 \uc8fc\ubb38 \uc2dc \ube60\ub978 \ubc30\uc1a1\uacfc \ubb34\ub8cc \uc0d8\ud50c \uc81c\uacf5.<\/p>","protected":false},"featured_media":1649,"template":"","meta":{"postBodyCss":"","postBodyMargin":[],"postBodyPadding":[],"postBodyBackground":{"backgroundType":"classic","gradient":""}},"product_brand":[],"product_cat":[15,16,18],"product_tag":[],"class_list":{"0":"post-1642","1":"product","2":"type-product","3":"status-publish","4":"has-post-thumbnail","6":"product_cat-glass-containers","7":"product_cat-glass-bottles","8":"product_cat-glass-oil-bottles","10":"first","11":"instock","12":"shipping-taxable","13":"product-type-simple"},"jetpack_sharing_enabled":true,"_links":{"self":[{"href":"https:\/\/minghanggroup.com\/ko\/wp-json\/wp\/v2\/product\/1642","targetHints":{"allow":["GET"]}}],"collection":[{"href":"https:\/\/minghanggroup.com\/ko\/wp-json\/wp\/v2\/product"}],"about":[{"href":"https:\/\/minghanggroup.com\/ko\/wp-json\/wp\/v2\/types\/product"}],"wp:featuredmedia":[{"embeddable":true,"href":"https:\/\/minghanggroup.com\/ko\/wp-json\/wp\/v2\/media\/1649"}],"wp:attachment":[{"href":"https:\/\/minghanggroup.com\/ko\/wp-json\/wp\/v2\/media?parent=1642"}],"wp:term":[{"taxonomy":"product_brand","embeddable":true,"href":"https:\/\/minghanggroup.com\/ko\/wp-json\/wp\/v2\/product_brand?post=1642"},{"taxonomy":"product_cat","embeddable":true,"href":"https:\/\/minghanggroup.com\/ko\/wp-json\/wp\/v2\/product_cat?post=1642"},{"taxonomy":"product_tag","embeddable":true,"href":"https:\/\/minghanggroup.com\/ko\/wp-json\/wp\/v2\/product_tag?post=1642"}],"curies":[{"name":"wp","href":"https:\/\/api.w.org\/{rel}","templated":true}]}}