{"id":1471,"date":"2025-10-15T15:31:39","date_gmt":"2025-10-15T07:31:39","guid":{"rendered":"https:\/\/minghanggroup.com\/?post_type=product&#038;p=1471"},"modified":"2025-10-16T15:23:41","modified_gmt":"2025-10-16T07:23:41","slug":"wholesale-green-glass-olive-oil-dispensers-with-metal-lids","status":"publish","type":"product","link":"https:\/\/minghanggroup.com\/ko\/product\/wholesale-green-glass-olive-oil-dispensers-with-metal-lids\/","title":{"rendered":"\ub3c4\ub9e4\uc6a9 \ub179\uc0c9 \uc720\ub9ac \uc62c\ub9ac\ube0c \uc624\uc77c \ub514\uc2a4\ud39c\uc11c (\uae08\uc18d \ub69c\uaed1 \ud3ec\ud568) 250ml, 500ml, 750ml"},"content":{"rendered":"<p>\uc774 \uc62c\ub9ac\ube0c \uc624\uc77c \ubcd1\uc740 \ub9e4\ub044\ub7fd\uace0 \uac00\ub298\uba70 \uae38\ucb49\ud55c \uc6d0\ud1b5\ud615\uc758 \uace0\uae09\uc2a4\ub7ec\uc6b4 \ub179\uc0c9 \uc720\ub9ac\ub85c \uc81c\uc791\ub418\uc5c8\uc73c\uba70, \uac80\uc815\uc0c9\uacfc \uae08\uc0c9 \ucea1\uc774 \ud568\uaed8 \uc81c\uacf5\ub429\ub2c8\ub2e4. \ub2e4\uc591\ud55c \ud06c\uae30\ub85c \uc81c\uacf5\ub429\ub2c8\ub2e4.<\/p>\n<h2>\uc81c\ud488 \ud2b9\uc9d5<\/h2>\n<ul>\n<li><strong>\ub0b4\uc7a5\ub41c UV \ubcf4\ud638 \uae30\ub2a5:<\/strong> \ub179\uc0c9 \uc720\ub9ac\ub294 \uc62c\ub9ac\ube0c \uc624\uc77c\uc744 \ube5b\uc73c\ub85c\ubd80\ud130 \ubcf4\ud638\ud558\uc5ec \uc624\uc77c\uc744 \uc2e0\uc120\ud558\uac8c \uc720\uc9c0\ud558\uace0 \ub354 \uc624\ub7ab\ub3d9\uc548 \uc0ac\uc6a9\ud560 \uc218 \uc788\ub3c4\ub85d \ud574\uc90d\ub2c8\ub2e4.<\/li>\n<li><strong>\uc587\uc740 \uc6d0\ud1b5\ud615 \ubaa8\uc591:<\/strong> \uae38\ucb49\ud55c \uc6d0\ud1b5\ud615 \ubaa8\uc591\uc758 \ubcd1\uc740 \uc138\ub828\ub420 \ubfd0\ub9cc \uc544\ub2c8\ub77c \ucef4\ud329\ud2b8\ud558\uae30 \ub54c\ubb38\uc5d0 \uc8fc\ubc29\uc5d0 \ubcf4\uad00\ud558\uace0 \ubcf4\uc5ec\uc8fc\uae30\ub3c4 \uc27d\uace0 \uacf5\uac04\ub3c4 \uc808\uc57d\ud560 \uc218 \uc788\uc2b5\ub2c8\ub2e4.<\/li>\n<li><strong>\ub2e4\uc591\ud55c \ucea1 \uc635\uc158:<\/strong> \uac80\uc815, \uae08\uc0c9 \ub4f1 \ub2e4\uc591\ud55c \uc0c9\uc0c1\uc73c\ub85c \ucd9c\uc2dc\ub418\ub294 \ucea1\uc740 \uc0ac\uc6a9\uc790\uc758 \ub2e4\uc591\ud55c \ubbf8\uc801 \ucde8\ud5a5\uc744 \ucda9\uc871\uc2dc\ud0ac \ubfd0\ub9cc \uc544\ub2c8\ub77c \uc6a9\uae30\uac00 \ub2e8\ub2e8\ud788 \ubc00\ubd09\ub418\uc5b4 \uc788\ub294\uc9c0 \ud655\uc778\ud574\uc90d\ub2c8\ub2e4.<\/li>\n<\/ul>\n<h2>\uc8fc\uc694 \uc0ac\uc591<\/h2>\n<table style=\"border-collapse: collapse; margin-left: auto; margin-right: auto; width: 520.52pt;\" border=\"0\" width=\"694\" cellspacing=\"0\" cellpadding=\"0\">\n<tbody>\n<tr style=\"height: 13.50pt;\">\n<td style=\"height: 13.50pt; width: 103.50pt;\" width=\"138\" height=\"18\">\ud2b9\uc9d5<\/td>\n<td style=\"width: 417.00pt;\" width=\"556\">\uc0ac\uc591<\/td>\n<\/tr>\n<tr style=\"height: 13.50pt;\">\n<td style=\"height: 13.50pt;\" height=\"18\">\uc6a9\ub7c9<\/td>\n<td>250ml 500ml 750ml<\/td>\n<\/tr>\n<tr style=\"height: 13.50pt;\">\n<td style=\"height: 13.50pt;\" height=\"18\">\uce58\uc218<\/td>\n<td>5.0\u00d723.2cm, 6.1\u00d728.0cm, 6.9\u00d730.9cm<\/td>\n<\/tr>\n<tr style=\"height: 13.50pt;\">\n<td style=\"height: 13.50pt;\" height=\"18\">\ubaa9 \ud06c\uae30<\/td>\n<td>19\u00d730mm \ub098\uc0ac \ubaa9<\/td>\n<\/tr>\n<tr style=\"height: 13.50pt;\">\n<td style=\"height: 13.50pt;\" height=\"18\">\uc7ac\ub8cc<\/td>\n<td>\ub179\uc0c9 \uc720\ub9ac \ubcf8\uccb4, \uae08\uc18d \ub69c\uaed1<\/td>\n<\/tr>\n<tr style=\"height: 13.50pt;\">\n<td style=\"height: 13.50pt;\" height=\"18\">\ubaa8\uc591<\/td>\n<td>\uc6d0\ud1b5\ud615 \uc720\ub9ac\ubcd1<\/td>\n<\/tr>\n<tr style=\"height: 13.50pt;\">\n<td style=\"height: 13.50pt;\" height=\"18\">\ub69c\uaed1 \uc635\uc158<\/td>\n<td>\ube14\ub799 \ud3ec\uc5b4 \uc2a4\ud30c\uc6b0\ud2b8, \uace8\ub4dc \ud3ec\uc5b4 \uc2a4\ud30c\uc6b0\ud2b8, \uc194\ub9ac\ub4dc \ucea1<\/td>\n<\/tr>\n<tr style=\"height: 13.50pt;\">\n<td style=\"height: 13.50pt;\" height=\"18\">\uac00\uc7a5 \uc801\ud569\ud55c<\/td>\n<td>\uc62c\ub9ac\ube0c \uc624\uc77c, \uc2dd\ucd08, \uc2dd\uc6a9\uc720<\/td>\n<\/tr>\n<tr style=\"height: 13.50pt;\">\n<td style=\"height: 13.50pt;\" height=\"18\">\uc774\uc0c1\uc801\uc778 \uc0ac\uc6a9<\/td>\n<td>\uc62c\ub9ac\ube0c \uc624\uc77c \ubcd1, \uc624\uc77c \ubc0f \uc2dd\ucd08 \ubcd1, \uc694\ub9ac\uc6a9 \uc62c\ub9ac\ube0c \uc624\uc77c \ubcd1<\/td>\n<\/tr>\n<\/tbody>\n<\/table>\n<h2>\uc131\uacf5 \uc0ac\ub840<\/h2>\n<p>\ubbf8\uad6d\uc0b0 \uc218\uc81c \uc62c\ub9ac\ube0c \uc624\uc77c \uc218\uc785\uc5c5\uccb4\uac00 \ub179\uc0c9 \ub69c\uaed1\uc774 \uc788\ub294 250ml \uc815\uc0ac\uac01\ud615 \ub179\uc0c9 \uc720\ub9ac\ubcd1\uc744 \uc120\ud0dd\ud558\uc5ec \ucc98\uc74c\uc5d0\ub294 5,000\uac1c \ub2e8\uc704\ub97c \uc8fc\ubb38\ud588\uc2b5\ub2c8\ub2e4. 3\uac1c\uc6d4 \ud6c4, \ud574\ub2f9 \uc218\uc785\uc5c5\uccb4\ub294 \uc804\ubb38 \uc2dd\ub8cc\ud488\uc810\uc5d0\uc11c\uc758 \uc81c\ud488 \ud310\ub9e4\ub7c9\uc774 \uc774\uc804 \ucd9c\uc2dc \ub300\ube44 40% \uc99d\uac00\ud588\ub2e4\uace0 \uc800\ud76c\uc5d0\uac8c \ubcf4\uace0\ud588\uc2b5\ub2c8\ub2e4. 90\uc77c \uc774\ub0b4\uc5d0 \uad6c\ub9e4\uc790\uc758 65%\uac00 \uc7ac\uad6c\ub9e4\ud588\uc2b5\ub2c8\ub2e4. \uc774\ub7ec\ud55c \uc131\uacf5\uc5d0 \ud798\uc785\uc5b4 \ub3c4\ub9e4 \uc8fc\ubb38\uc774 \uc774\ub8e8\uc5b4\uc84c\uace0, \ud604\uc7ac 500ml \ub300\uc6a9\ub7c9 \ubcd1\uc758 \ud310\ub9e4\ub97c \ud655\ub300\ud558\uc5ec \uc5f0\ud3c9\uade0 20\ub9cc \uac1c\uc758 \uc8fc\ubb38\ub7c9\uc744 \uae30\ub85d\ud558\uace0 \uc788\uc2b5\ub2c8\ub2e4.<\/p>\n<h2>\uc0ac\uc6a9\uc790 \uc815\uc758 \uc81c\uc548<\/h2>\n<ul>\n<li>\uc720\ub9ac \uc0c9\uc0c1 \uc2ec\uac01\ub3c4: \uc720\ub9ac \uc0c9\uc0c1\uc744 \ubc1d\uc740 \ub179\uc0c9\uc774 \ud3ec\ud568\ub41c \uc9c4\ud55c \uc0ac\ud30c\uc774\uc5b4 \ub179\uc0c9\uc73c\ub85c \ubcc0\uacbd\ud560 \uc218 \uc788\uc2b5\ub2c8\ub2e4.<\/li>\n<li>\ud504\ub85c\uc2a4\ud2f0\ub4dc \ub9c8\uac10: \uc804\uccb4 \ud504\ub85c\uc2a4\ud2b8(\uc0b0-H) \ud45c\uba74\uc744 \uc801\uc6a9\ud558\uba74 \ubd80\ub4dc\ub7fd\uace0 \ubb34\uad11\ud0dd\uc758 \uc9c8\uac10\uacfc \uc138\ub828\ub418\uace0 \ubd88\ud22c\uba85\ud55c \uc678\uad00\uc744 \uc5f0\ucd9c\ud560 \uc218 \uc788\uc2b5\ub2c8\ub2e4.<\/li>\n<li>\uc570\ube0c\uc2a4\ub4dc \ub85c\uace0: \ube0c\ub79c\ub4dc \ub85c\uace0\ub97c \uc0dd\uc0b0 \uacfc\uc815\uc5d0\uc11c \uc720\ub9ac\uc5d0 \uc9c1\uc811 \uc131\ud615\ud558\uc5ec \ucd09\uac10\uc801\uc774\uace0 \uace0\uae09\uc2a4\ub7ec\uc6b4 \ud504\ub9ac\ubbf8\uc5c4 \ud130\uce58\ub97c \uad6c\ud604\ud560 \uc218 \uc788\uc2b5\ub2c8\ub2e4.<\/li>\n<li>ID \uc0c9\uc0c1 \uc635\uc158: \ube0c\ub79c\ub4dc \ud314\ub808\ud2b8\uc640 \uc77c\uce58\ud558\uac70\ub098 \ubcf4\uc644\ud558\ub294 \uc0c9\uc0c1 \uc138\ud2b8(\uc608: \uac80\uc815, \uc740\uc0c9 \ub610\ub294 \uae08\uc0c9)\uc5d0\uc11c ID \uc0c9\uc0c1\uc744 \uac00\uc838\uc635\ub2c8\ub2e4.<\/li>\n<li>\ub9de\ucda4\ud615 \ub69c\uaed1 \ubaa8\uc591: \ub208\uc5d0 \ub744\uace0 \ud3ec\uc7a5\uc5d0\uc11c \uac00\uc7a5 \ub208\uc5d0 \ub744\ub294 \ub9de\ucda4\ud615 \ub69c\uaed1 \ubaa8\uc591\uc744 \ub9cc\ub4dc\ub294 \ub370 \ub3c4\uc6c0\uc744 \ub4dc\ub9ac\uaca0\uc2b5\ub2c8\ub2e4.<\/li>\n<\/ul>\n<p>\ub9e4\ub825\uc801\uc778 \uc62c\ub9ac\ube0c \uc624\uc77c \ubcd1\uc744 \ub9cc\ub4e4\uace0 \uc2f6\uc73c\uc2dc\ub2e4\uba74 \ub3c4\ub9e4 \uac00\uaca9\uacfc \ub300\ub7c9 \ubc30\uc1a1 \uacac\uc801\uc744 \uc704\ud574 \uc800\ud76c\uc5d0\uac8c \uc5f0\ub77d\uc8fc\uc138\uc694.<\/p>","protected":false},"excerpt":{"rendered":"<p>\uae08\uc18d \ub69c\uaed1\uc774 \ub2ec\ub9b0 \ub179\uc0c9 \uc62c\ub9ac\ube0c \uc624\uc77c \ub514\uc2a4\ud39c\uc11c\uc785\ub2c8\ub2e4. \uace0\uae09 \uc720\ub9ac \uc18c\uc7ac\ub85c \uc81c\uc791\ub418\uc5c8\uc73c\uba70, \ub2e4\uc591\ud55c \ud06c\uae30\ub85c \uc81c\uacf5\ub418\uba70 \ub3c4\ub9e4\uc6a9\uc73c\ub85c \uc801\ud569\ud569\ub2c8\ub2e4. \ubb34\ub8cc \uc0d8\ud50c\ub3c4 \uc81c\uacf5\ub429\ub2c8\ub2e4.<\/p>","protected":false},"featured_media":1501,"template":"","meta":{"postBodyCss":"","postBodyMargin":[],"postBodyPadding":[],"postBodyBackground":{"backgroundType":"classic","gradient":""}},"product_brand":[],"product_cat":[15,16,18],"product_tag":[],"class_list":{"0":"post-1471","1":"product","2":"type-product","3":"status-publish","4":"has-post-thumbnail","6":"product_cat-glass-containers","7":"product_cat-glass-bottles","8":"product_cat-glass-oil-bottles","10":"first","11":"instock","12":"shipping-taxable","13":"product-type-simple"},"jetpack_sharing_enabled":true,"_links":{"self":[{"href":"https:\/\/minghanggroup.com\/ko\/wp-json\/wp\/v2\/product\/1471","targetHints":{"allow":["GET"]}}],"collection":[{"href":"https:\/\/minghanggroup.com\/ko\/wp-json\/wp\/v2\/product"}],"about":[{"href":"https:\/\/minghanggroup.com\/ko\/wp-json\/wp\/v2\/types\/product"}],"wp:featuredmedia":[{"embeddable":true,"href":"https:\/\/minghanggroup.com\/ko\/wp-json\/wp\/v2\/media\/1501"}],"wp:attachment":[{"href":"https:\/\/minghanggroup.com\/ko\/wp-json\/wp\/v2\/media?parent=1471"}],"wp:term":[{"taxonomy":"product_brand","embeddable":true,"href":"https:\/\/minghanggroup.com\/ko\/wp-json\/wp\/v2\/product_brand?post=1471"},{"taxonomy":"product_cat","embeddable":true,"href":"https:\/\/minghanggroup.com\/ko\/wp-json\/wp\/v2\/product_cat?post=1471"},{"taxonomy":"product_tag","embeddable":true,"href":"https:\/\/minghanggroup.com\/ko\/wp-json\/wp\/v2\/product_tag?post=1471"}],"curies":[{"name":"wp","href":"https:\/\/api.w.org\/{rel}","templated":true}]}}