{"id":1449,"date":"2025-10-15T05:48:05","date_gmt":"2025-10-15T05:48:05","guid":{"rendered":"https:\/\/minghanggroup.com\/?post_type=product&#038;p=1449"},"modified":"2025-10-16T15:23:33","modified_gmt":"2025-10-16T07:23:33","slug":"wholesale-cylinder-kitchen-oil-dispensers-with-screw-lids","status":"publish","type":"product","link":"https:\/\/minghanggroup.com\/ko\/product\/wholesale-cylinder-kitchen-oil-dispensers-with-screw-lids\/","title":{"rendered":"\ub3c4\ub9e4 \uc2e4\ub9b0\ub354\ud615 \uc8fc\ubc29\uc6a9 \uc624\uc77c \ub514\uc2a4\ud39c\uc11c \ub098\uc0ac\ud615 \ub69c\uaed1 \ud3ec\ud568 100ml, 250ml, 500ml, 750ml"},"content":{"rendered":"<p>\ud22c\uba85\ud55c \uc720\ub9ac\ub85c \uc81c\uc791\ub41c \uc774 \uc8fc\ubc29\uc6a9 \uae30\ub984 \ub514\uc2a4\ud39c\uc11c\ub294 \uae38\uace0 \uc881\uc740 \uc6d0\ud1b5\ud615 \ubab8\uccb4\ub97c \uac00\uc9c0\uace0 \uc788\uc2b5\ub2c8\ub2e4. \ub2e4\uc591\ud55c \ud06c\uae30\ub85c \uc81c\uacf5\ub418\uba70, \ub098\uc0ac\uc2dd \ub69c\uaed1\uc774 \uc788\uc2b5\ub2c8\ub2e4. \uc774\ub7ec\ud55c \ubc29\uc2dd\uc73c\ub85c \ubbf8\ub2c8\uba40\ud55c \uc2a4\ud0c0\uc77c\uacfc \uc8fc\ubc29\uc758 \uc2e4\uc6a9\uc131\uc744 \uc644\ubcbd\ud558\uac8c \uc870\ud654\uc2dc\ud0b5\ub2c8\ub2e4.<\/p>\n<h2>\uc81c\ud488 \ud2b9\uc9d5<\/h2>\n<ul>\n<li><strong>\uc587\uc740 \uc6d0\ud1b5\ud615 \ubcf8\uccb4:<\/strong> \uae34 \uc6d0\ud1b5\ud615 \ubcf8\uccb4 \ub355\ubd84\uc5d0 \ubcd1\uc744 \uc27d\uac8c \uc7a1\uace0 \uc8fc\ubc29\uc5d0 \ubcf4\uad00\ud560 \uc218 \uc788\uc5b4 \uacf5\uac04\uc744 \uc808\uc57d\ud560 \uc218 \uc788\uc2b5\ub2c8\ub2e4.<\/li>\n<li><strong>\ub098\uc0ac\ud615 \uc0c1\ub2e8 \ub514\uc790\uc778:<\/strong> \ub098\uc0ac\ud615 \ub69c\uaed1\uc740 \ub450 \uac00\uc9c0 \uae30\ub2a5\uc744 \uc218\ud589\ud569\ub2c8\ub2e4. \uc62c\ubc14\ub978 \ucea1\uc744 \uc0ac\uc6a9\ud558\uc5ec \uc62c\ubc14\ub974\uac8c \uc0ac\uc6a9\ud560 \uc218 \uc788\uc744 \ubfd0\ub9cc \uc544\ub2c8\ub77c, \ubc00\ud3d0 \uc0c1\ud0dc\ub97c \uc720\uc9c0\ud558\uace0 \uc624\uc77c\uc774 \uc0b0\ud654\ub418\ub294 \uac83\uc744 \ubc29\uc9c0\ud569\ub2c8\ub2e4.<\/li>\n<li><strong>\ub2e4\uc591\ud55c \uc0ac\uc774\uc988 \uc81c\uacf5:<\/strong> \ub9e4\uc77c \uc9d1\uc5d0\uc11c \uc0ac\uc6a9\ud558\uac70\ub098 \uc18c\ub7c9\uc73c\ub85c \uc0ac\uc6a9\ud558\uae30\uc5d0 \uac00\uc7a5 \uc801\ud569\ud55c \ud06c\uae30\ub97c \uacb0\uc815\ud558\ub294 \ub370 \ub3c4\uc6c0\uc774 \ub418\ub294 \ub124 \uac00\uc9c0 \ud06c\uae30\uc758 \ubcd1\uc774 \uc788\uc2b5\ub2c8\ub2e4.<\/li>\n<\/ul>\n<h2>\uc8fc\uc694 \uc0ac\uc591<\/h2>\n<table style=\"border-collapse: collapse; margin-left: auto; margin-right: auto; width: 473.27pt;\" border=\"0\" width=\"631\" cellspacing=\"0\" cellpadding=\"0\">\n<tbody>\n<tr style=\"height: 13.50pt;\">\n<td style=\"height: 13.50pt; width: 103.50pt;\" width=\"138\" height=\"18\">\ud2b9\uc9d5<\/td>\n<td style=\"width: 369.75pt;\" width=\"493\">\uc0ac\uc591<\/td>\n<\/tr>\n<tr style=\"height: 13.50pt;\">\n<td style=\"height: 13.50pt;\" height=\"18\">\uc6a9\ub7c9<\/td>\n<td>100ml, 250ml, 500ml, 750ml<\/td>\n<\/tr>\n<tr style=\"height: 13.50pt;\">\n<td style=\"height: 13.50pt;\" height=\"18\">\uce58\uc218<\/td>\n<td>4.5\u00d715.0cm, 5.0\u00d723.2cm, 6.1\u00d728.0cm, 6.9\u00d731.2cm<\/td>\n<\/tr>\n<tr style=\"height: 13.50pt;\">\n<td style=\"height: 13.50pt;\" height=\"18\">\ubaa9 \ud06c\uae30<\/td>\n<td>17\u00d729mm \ub098\uc0ac \ubaa9<\/td>\n<\/tr>\n<tr style=\"height: 13.50pt;\">\n<td style=\"height: 13.50pt;\" height=\"18\">\uc7ac\ub8cc<\/td>\n<td>\ud22c\uba85 \uc720\ub9ac \ubcf8\uccb4, \uae08\uc18d \ub69c\uaed1<\/td>\n<\/tr>\n<tr style=\"height: 13.50pt;\">\n<td style=\"height: 13.50pt;\" height=\"18\">\ubaa8\uc591<\/td>\n<td>\uc6d0\ud1b5\ud615 \uc720\ub9ac\ubcd1<\/td>\n<\/tr>\n<tr style=\"height: 13.50pt;\">\n<td style=\"height: 13.50pt;\" height=\"18\">\ub69c\uaed1 \uc635\uc158<\/td>\n<td>\uac80\uc815\uc0c9, \uae08\uc0c9, \ub179\uc0c9 \uc8fc\ub465\uc774 \ub610\ub294 \uc194\ub9ac\ub4dc \ucea1<\/td>\n<\/tr>\n<tr style=\"height: 13.50pt;\">\n<td style=\"height: 13.50pt;\" height=\"18\">\uac00\uc7a5 \uc801\ud569\ud55c<\/td>\n<td>\uc62c\ub9ac\ube0c \uc624\uc77c, \uc2dd\ucd08, \uc2dd\uc6a9\uc720<\/td>\n<\/tr>\n<tr style=\"height: 13.50pt;\">\n<td style=\"height: 13.50pt;\" height=\"18\">\uc774\uc0c1\uc801\uc778 \uc0ac\uc6a9<\/td>\n<td>\uc8fc\ubc29\uc6a9 \uae30\ub984 \ub514\uc2a4\ud39c\uc11c, \uae30\ub984\ud1b5, \uc2dd\uc6a9\uc720 \ubcd1<\/td>\n<\/tr>\n<\/tbody>\n<\/table>\n<h2>\uc131\uacf5 \uc0ac\ub840<\/h2>\n<p>\uc720\ub7fd\uc758 \ud2b9\uc218 \uc2dd\ud488 \uc720\ud1b5\uc5c5\uccb4\uac00 \uc0c8\ub85c\uc6b4 \uc7a5\uc778 \uc62c\ub9ac\ube0c \uc624\uc77c \ub77c\uc778\uc5d0 \uc0ac\uc6a9\ud560 \ud2b9\ubcc4\ud55c \uc720\ub9ac\ubcd1\uc744 \ucc3e\uace0 \uc788\uc5c8\uc2b5\ub2c8\ub2e4. 500ml \uc815\uc0ac\uac01\ud615 \uc624\uc77c \ub514\uc2a4\ud39c\uc11c, \uac80\uc740\uc0c9 \uc2a4\ud06c\ub958 \ucea1, \uadf8\ub9ac\uace0 \uae08\ubc15 \ub85c\uace0\uac00 \uc0c8\uaca8\uc9c4 \uc720\ub9ac\ubcd1\uc744 \uc120\ud0dd\ud588\uc2b5\ub2c8\ub2e4. 1\ub9cc \ubcd1 \ud55c\uc815 \uc0dd\uc0b0 \ud6c4, \uc81c\ud488 \ubc18\uc751\uc740 \ub9e4\uc6b0 \uc88b\uc558\uc2b5\ub2c8\ub2e4. \uc720\ud1b5\uc5c5\uccb4\ub294 \uc18c\ub9e4 \uace0\uac1d\uc758 \uc7ac\uad6c\ub9e4\uc728\uc774 25% \uc99d\uac00\ud588\uace0, \ub204\uc218 \uad00\ub828 \ubd88\ub9cc\uc740 95% \uac10\uc18c\ud588\ub2e4\uace0 \ubc1d\ud614\uc2b5\ub2c8\ub2e4. \uc774\ub7ec\ud55c \uc131\uacfc \ub355\ubd84\uc5d0 \ubd84\uae30\ubcc4 1\ub9cc \ubcd1\uc758 \uc815\uae30\uc801\uc778 \ub3c4\ub9e4 \uc8fc\ubb38\uc774 \uc774\ub8e8\uc5b4\uc84c\uace0, \uc774\ub97c \ud1b5\ud574 \uc720\ub9ac\ubcd1\uc740 \uace0\uae09 \ud3ec\uc7a5 \ub77c\uc778\uc758 \ud575\uc2ec \uc81c\ud488 \uc911 \ud558\ub098\ub85c \uc790\ub9ac\ub9e4\uae40\ud558\uac8c \ub418\uc5c8\uc2b5\ub2c8\ub2e4.<\/p>\n<h2>\uc720\ub9ac \uc624\uc77c\ubcd1 \ub9de\ucda4 \uc81c\uc791 \uc81c\uc548<\/h2>\n<ul>\n<li>\ucc29\uc0c9: \uc790\uc678\uc120 \ucc28\ub2e8\ubfd0\ub9cc \uc544\ub2c8\ub77c \uc81c\ud488\uc758 \ubaa8\uc591\uc744 \uc704\ud574 \ud22c\uba85\ud55c \uc720\ub9ac\uc5d0 \ubbf8\ubb18\ud55c \ub179\uc0c9\uc774\ub098 \ud638\ubc15\uc0c9 \uc0c9\uc870\ub97c \uc904 \uc218 \uc788\uc2b5\ub2c8\ub2e4.<\/li>\n<li>\uc2e4\ud06c\uc2a4\ud06c\ub9b0 \uc778\uc1c4: \uc720\ub9ac\uc5d0 \ub85c\uace0\ub098 \ub514\uc790\uc778\uc744 \ub514\uc790\uc778\ud558\ub294 \uac00\uc7a5 \uc138\ub828\ub418\uace0 \uc601\uad6c\uc801\uc778 \ubc29\ubc95\uc740 \uc720\ub9ac\uc5d0 \uc9c1\uc811 \uc778\uc1c4\ud558\ub294 \uac83\uc785\ub2c8\ub2e4.<\/li>\n<li>\ub9de\ucda4 \ud06c\uae30: \uc791\uc740 \uc8fc\ubc29\uc5d0 \uc801\ud569\ud55c 100mL \ubcd1\uc774\ub098 \uc0c1\uc5c5\uc6a9 \ub300\ub7c9 \ubcf4\uad00\uc5d0 \uc801\ud569\ud55c 1000mL \ub300\uc6a9\ub7c9 \ubcd1\uc774 \ud544\uc694\ud558\uc2dc\ub2e4\uba74, \uc800\ud76c\uac00 \uc6d0\ud558\ub294 \ud06c\uae30\ub85c \uc81c\uc791\ud574 \ub4dc\ub9bd\ub2c8\ub2e4.<\/li>\n<li>\ub0b4\ubd80 \ucf54\ud305: \ud2b9\uc815 \uc624\uc77c\uc5d0 \ub0b4\ubd80 \ucf54\ud305\uc744 \ucd94\uac00\ud558\uba74 \ud48d\ubbf8\uc640 \ub0b4\uc6a9\ubb3c\uc758 \ubb34\uacb0\uc131\uc744 \ub354\uc6b1 \ubcf4\ud638\ud558\ub294 \ubc29\ubc95\uc774 \ub420 \uc218 \uc788\uc2b5\ub2c8\ub2e4.<\/li>\n<\/ul>\n<p>\uc774 \ud3b8\ub9ac\ud55c \ub514\uc2a4\ud39c\uc11c\ub97c \uc0ac\uc6a9\ud558\uc5ec \ube0c\ub79c\ub4dc \uc774\ubbf8\uc9c0\ub97c \uac15\ud654\ud558\uace0 \uc2f6\uc73c\uc2e0\uac00\uc694? \uc54c\ub824\uc8fc\uc2dc\uba74 \uacbd\uc7c1\ub825 \uc788\ub294 \uac00\uaca9\uc73c\ub85c \ub3c4\ub9e4 \ubc0f \ub300\ub7c9 \ubc30\uc1a1 \uacac\uc801\uc744 \uc81c\uacf5\ud574 \ub4dc\ub9ac\uaca0\uc2b5\ub2c8\ub2e4.<\/p>","protected":false},"excerpt":{"rendered":"<p>\uc2ac\ub9bc\ud55c \ub514\uc790\uc778\uc758 \ud22c\uba85 \uc720\ub9ac \uc8fc\ubc29\uc6a9 \uae30\ub984 \ub514\uc2a4\ud39c\uc11c\ub85c, \uacac\uace0\ud558\uace0 \uc0ac\uc6a9\ud558\uae30 \ud3b8\ub9ac\ud558\uba70 \ub9e4\uc77c \uc0ac\uc6a9\ud558\uae30 \uc88b\uc2b5\ub2c8\ub2e4. \ube60\ub978 \ubc30\uc1a1\uacfc \ub300\ub7c9 \uc8fc\ubb38 \uc2dc \ubb34\ub8cc \uc0d8\ud50c \uc81c\uacf5.<\/p>","protected":false},"featured_media":1465,"template":"","meta":{"postBodyCss":"","postBodyMargin":[],"postBodyPadding":[],"postBodyBackground":{"backgroundType":"classic","gradient":""}},"product_brand":[],"product_cat":[15,16,18],"product_tag":[],"class_list":{"0":"post-1449","1":"product","2":"type-product","3":"status-publish","4":"has-post-thumbnail","6":"product_cat-glass-containers","7":"product_cat-glass-bottles","8":"product_cat-glass-oil-bottles","10":"first","11":"instock","12":"shipping-taxable","13":"product-type-simple"},"jetpack_sharing_enabled":true,"_links":{"self":[{"href":"https:\/\/minghanggroup.com\/ko\/wp-json\/wp\/v2\/product\/1449","targetHints":{"allow":["GET"]}}],"collection":[{"href":"https:\/\/minghanggroup.com\/ko\/wp-json\/wp\/v2\/product"}],"about":[{"href":"https:\/\/minghanggroup.com\/ko\/wp-json\/wp\/v2\/types\/product"}],"wp:featuredmedia":[{"embeddable":true,"href":"https:\/\/minghanggroup.com\/ko\/wp-json\/wp\/v2\/media\/1465"}],"wp:attachment":[{"href":"https:\/\/minghanggroup.com\/ko\/wp-json\/wp\/v2\/media?parent=1449"}],"wp:term":[{"taxonomy":"product_brand","embeddable":true,"href":"https:\/\/minghanggroup.com\/ko\/wp-json\/wp\/v2\/product_brand?post=1449"},{"taxonomy":"product_cat","embeddable":true,"href":"https:\/\/minghanggroup.com\/ko\/wp-json\/wp\/v2\/product_cat?post=1449"},{"taxonomy":"product_tag","embeddable":true,"href":"https:\/\/minghanggroup.com\/ko\/wp-json\/wp\/v2\/product_tag?post=1449"}],"curies":[{"name":"wp","href":"https:\/\/api.w.org\/{rel}","templated":true}]}}