{"id":1417,"date":"2025-10-15T03:24:25","date_gmt":"2025-10-15T03:24:25","guid":{"rendered":"https:\/\/minghanggroup.com\/?post_type=product&#038;p=1417"},"modified":"2025-10-16T15:23:25","modified_gmt":"2025-10-16T07:23:25","slug":"bulk-unique-curved-glass-cooking-oil-bottles-with-handle","status":"publish","type":"product","link":"https:\/\/minghanggroup.com\/ko\/product\/bulk-unique-curved-glass-cooking-oil-bottles-with-handle\/","title":{"rendered":"\uc190\uc7a1\uc774\uac00 \ub2ec\ub9b0 \ub3c5\ud2b9\ud55c \uace1\uc120 \uc720\ub9ac \uc2dd\uc6a9\uc720 \ubcd1 100ml 250ml 500ml"},"content":{"rendered":"<p>\uc774 \uc624\uc77c \ubcd1\uc740 \uc2dc\uac01\uc801\uc73c\ub85c \ub9e4\ub825\uc801\uc774\uace0 \uc0ac\uc6a9\ud558\uae30 \ud3b8\uc548\ud55c \ub3c5\ud2b9\ud55c \ub3cc\ucd9c \ub514\uc790\uc778\uc744 \uac15\uc870\ud558\uae30 \uc704\ud574 \ud22c\uba85 \uc720\ub9ac\ub85c \ub514\uc790\uc778\ub418\uc5c8\uc2b5\ub2c8\ub2e4. \ub610\ud55c, \ub048 \uc5c6\uc774 \ub530\ub97c \uc218 \uc788\ub3c4\ub85d \uacac\uace0\ud55c \uc720\ub9ac \uc190\uc7a1\uc774\uac00 \uc788\uc2b5\ub2c8\ub2e4. \ub2e4\uc591\ud55c \ud06c\uae30\uc640 \ub2e4\uc591\ud55c \ucea1 \uc2a4\ud0c0\uc77c\ub85c \ucd9c\uc2dc\ub41c \uc774 \ubcd1\ub4e4\uc740 \uc624\uc77c\uc744 \uc544\ub984\ub2f5\uac8c \ub2f4\uc544\ub0b4\uc5b4 \uc8fc\ubc29\uc5d0 \uc138\ub828\ub41c \ub9e4\ub825\uc744 \ub354\ud569\ub2c8\ub2e4.<\/p>\n<h2>\uc81c\ud488 \ud2b9\uc9d5<\/h2>\n<ul>\n<li class=\" translation-block\"><strong>\ub3c5\ud2b9\ud55c \uace1\uc120\ud615 \ubcf8\uccb4:<\/strong> \uace1\uc120\ud615\uc758 \uc735\uae30\ub41c \ub514\uc790\uc778\uc740 \uc544\ub984\ub2e4\uc6b4 \ubaa8\uc591\uc744 \uc81c\uacf5\ud560 \ubfd0\ub9cc \uc544\ub2c8\ub77c \uc77c\uc815 \uc218\uc900\uc758 \ubbf8\ub044\ub7fc \ubc29\uc9c0 \uae30\ub2a5\ub3c4 \uc81c\uacf5\ud569\ub2c8\ub2e4.<\/li>\n<li class=\" translation-block\"><strong>\uc720\ub9ac\ub85c \ub9cc\ub4e0 \uc190\uc7a1\uc774:<\/strong> \uc138\ub828\ub41c \uc720\ub9ac \uc190\uc7a1\uc774\ub294 \ud3b8\uc548\ud55c \uadf8\ub9bd\uac10\uacfc \ubd93\uae30 \uc26c\uc6b4 \ud3b8\uc758\uc131\uc744 \uc81c\uacf5\ud569\ub2c8\ub2e4.<\/li>\n<li class=\" translation-block\"><strong>\ub2e4\uc591\ud55c \uc2a4\ud0c0\uc77c\uc758 \ubcd1 \uc785\uad6c:<\/strong> \ucea1\uc740 \ub69c\uaed1\uc744 \ubc00\ubd09\ud558\uc5ec \ud3b8\ub9ac\ud558\uac8c \ubcf4\uad00\ud560 \uc218 \uc788\uac8c \ud574\uc8fc\uace0, \uc5f4\ub9b0 \uc717\ubd80\ubd84\uc740 \ube60\ub974\uac8c \ubd80\uc744 \uc218 \uc788\uac8c \ud558\uc5ec \ub2e4\uc591\ud55c \uc8fc\ubc29 \uc694\uad6c \uc0ac\ud56d\uc744 \ucda9\uc871\ud569\ub2c8\ub2e4.<\/li>\n<\/ul>\n<h2>\uc8fc\uc694 \uc0ac\uc591<\/h2>\n<table style=\"border-collapse: collapse; margin-left: auto; margin-right: auto; width: 473.27pt;\" border=\"0\" width=\"631\" cellspacing=\"0\" cellpadding=\"0\">\n<tbody>\n<tr style=\"height: 13.50pt;\">\n<td style=\"height: 13.50pt; width: 103.50pt;\" width=\"138\" height=\"18\">\ud2b9\uc9d5<\/td>\n<td style=\"width: 369.75pt;\" width=\"493\">\uc0ac\uc591<\/td>\n<\/tr>\n<tr style=\"height: 13.50pt;\">\n<td style=\"height: 13.50pt;\" height=\"18\">\uc6a9\ub7c9<\/td>\n<td>100ml, 250ml, 500ml<\/td>\n<\/tr>\n<tr style=\"height: 13.50pt;\">\n<td style=\"height: 13.50pt;\" height=\"18\">\uce58\uc218<\/td>\n<td>5.4\u00d713.9cm, 7.1\u00d717.3cm, 8.8\u00d721.9cm<\/td>\n<\/tr>\n<tr style=\"height: 13.50pt;\">\n<td style=\"height: 13.50pt;\" height=\"18\">\uc7ac\ub8cc<\/td>\n<td>\ud22c\uba85 \uc720\ub9ac \ubcf8\uccb4 \ubc0f \uc190\uc7a1\uc774, \uae08\uc18d \ub69c\uaed1<\/td>\n<\/tr>\n<tr style=\"height: 13.50pt;\">\n<td style=\"height: 13.50pt;\" height=\"18\">\ubaa8\uc591<\/td>\n<td>\uace1\uc120\ud615 \ubc14\ub514<\/td>\n<\/tr>\n<tr style=\"height: 13.50pt;\">\n<td style=\"height: 13.50pt;\" height=\"18\">\ub69c\uaed1 \uc635\uc158<\/td>\n<td>\ub179\uc0c9 \uc8fc\ub465\uc774, \uac80\uc740\uc0c9 \ub098\uc0ac\ud615 \ucea1, \uc624\ud508 \ud0d1<\/td>\n<\/tr>\n<tr style=\"height: 13.50pt;\">\n<td style=\"height: 13.50pt;\" height=\"18\">\uac00\uc7a5 \uc801\ud569\ud55c<\/td>\n<td>\uc62c\ub9ac\ube0c \uc624\uc77c, \uc2dd\ucd08, \uc2dd\uc6a9\uc720, \uc8fc\ubc29\uc6a9 \uae30\ub984<\/td>\n<\/tr>\n<tr style=\"height: 13.50pt;\">\n<td style=\"height: 13.50pt;\" height=\"18\">\uc774\uc0c1\uc801\uc778 \uc0ac\uc6a9<\/td>\n<td>\uc2dd\uc6a9\uc720 \ub514\uc2a4\ud39c\uc11c, \uc624\uc77c \ud06c\ub8e8\uc5e3, \uc8fc\ubc29\uc6a9 \uc624\uc77c \ubcd1<\/td>\n<\/tr>\n<\/tbody>\n<\/table>\n<h2>\uc131\uacf5 \uc0ac\ub840: \uace0\uae09 \ube0c\ub79c\ub4dc\uc758 \ubc1c\uc804<\/h2>\n<p>\uc2dc\uc560\ud2c0\uc5d0 \uc704\uce58\ud55c \uc800\ud76c \ud30c\ud2b8\ub108\uc0ac\uc778 \ud2b9\uc218 \uc2dd\ud488 \uc18c\ub9e4 \uc720\ud1b5\uc5c5\uccb4\ub294 \ub3c5\ud2b9\ud55c \uc720\ub9ac \uc624\uc77c \ubcd1\uc744 \ucc3e\ub358 \uc911, \ub9c8\uce68\ub0b4 \uc800\ud76c\uc758 250ml \uc815\uc0ac\uac01\ud615 \uc720\ub9ac\ubcd1\uc5d0 \ub9de\ucda4\ud615 \uac80\uc815\uc0c9 \uc2a4\ud06c\ub958 \ucea1\uc744 \uc120\ud0dd\ud588\uc2b5\ub2c8\ub2e4. \uc6b0\uc544\ud55c \uc815\uc0ac\uac01\ud615 \ub514\uc790\uc778\uacfc \ud22c\uba85\ud55c \uc720\ub9ac \ucea1 \ub355\ubd84\uc5d0 \ube0c\ub79c\ub4dc \uc778\uc9c0\ub3c4\uac00 \uc989\uc2dc \ub192\uc544\uc84c\uc2b5\ub2c8\ub2e4. \uc0c8\ub85c\uc6b4 \ud3ec\uc7a5 \ucd9c\uc2dc \ud6c4 \ubc18\ub144 \ub9cc\uc5d0 \ud310\ub9e4\ub7c9\uc774 35%\ub098 \uc99d\uac00\ud588\uc2b5\ub2c8\ub2e4. \uc18c\ube44\uc790\ub4e4\uc740 \ubcd1\uc758 \uade0\ud615\uc774 \uc644\ubcbd\ud558\uace0 \ub530\ub974\ub294 \ub3d9\uc548 \ub0b4\uc6a9\ubb3c\uc774 \uc0c8\uc9c0 \uc54a\ub294\ub2e4\uace0 \uadf9\ucc2c\ud588\uc2b5\ub2c8\ub2e4. \uc624\uc77c \uc18c\ube44\ub7c9\uc774 20% \uac10\uc18c\ud558\uc790, \uac01 10,000\ubcd1\uc529 \uc138 \ubc88 \ub354 \uc8fc\ubb38\ud588\uace0, \uc800\ud76c \ubcd1 \uc81c\ud488\uad70\uc744 \uc790\uc0ac\uc758 \uc218\uc81c \uc2dd\ucd08 \ub77c\uc778\uae4c\uc9c0 \ud655\uc7a5\ud558\uc5ec \uc624\uc77c\uacfc \uc2dd\ucd08\ub97c \uc644\ubcbd\ud558\uac8c \ub9e4\uce6d\ud558\ub294 \uc138\ud2b8\ub97c \uc644\uc131\ud588\uc2b5\ub2c8\ub2e4.<\/p>\n<h2>\uc81c\ud488\ubcc4 \ub9de\ucda4\ud654 \uc544\uc774\ub514\uc5b4<\/h2>\n<ul>\n<li>\ub69c\uaed1 \uc0c9\uc0c1: \ub098\uc0ac \ub69c\uaed1\uc758 \uc0c9\uc0c1\uc740 \ub2e4\uc591\ud55c \uc0c9\uc0c1(\uc608: \uac80\uc815, \uae08\uc0c9, \uc740\uc0c9 \ub610\ub294 \ub179\uc0c9) \uc911\uc5d0\uc11c \uc120\ud0dd\ud560 \uc218 \uc788\uc73c\uba70, \uc774\ub294 \ube0c\ub79c\ub4dc \uc815\uccb4\uc131\uacfc \uc870\ud654\ub86d\uac8c \uc5b4\uc6b8\ub9bd\ub2c8\ub2e4.<\/li>\n<li>\uc2e4\ud06c\uc2a4\ud06c\ub9b0 \uc778\uc1c4: \uc789\ud06c\ub97c \uc0ac\uc6a9\ud558\uc5ec \uc720\ub9ac\uc5d0 \ub85c\uace0\ub098 \ub514\uc790\uc778\uc744 \uc9c1\uc811 \uc778\uc1c4\ud558\uc5ec \uc601\uad6c\uc801\uc774\uace0 \ub0b4\uad6c\uc131 \uc788\ub294 \uc778\uc1c4 \uc720\ud615\uc744 \uc81c\uacf5\ud569\ub2c8\ub2e4.<\/li>\n<li>\ube0c\ub79c\ub4dc \uc774\ub2c8\uc15c \ub9cc\ub4e4\uae30 \u2013 \uc720\ub9ac \ubc14\ub2e5 \ubd80\ubd84\uc744 \ud2c0\ub85c \ub20c\ub7ec \ube0c\ub79c\ub4dc \ub85c\uace0\ub098 \uc774\ub2c8\uc15c\uc744 \ub9cc\ub4e4\uc5b4 \ubcf4\uc138\uc694.<\/li>\n<li>\uc591\uac01 \ub85c\uace0: \uc720\ub9ac \uc190\uc7a1\uc774\ub098 \ubc1b\uce68\ub300\uc5d0 \ub85c\uace0\ub97c \uc12c\uc138\ud558\uac8c \uc591\uac01\ud558\uc5ec \ub354\uc6b1 \uace0\uae09\uc2a4\ub7ec\uc6b4 \ub290\ub08c\uc744 \uc8fc\ub294 \uac74 \uc5b4\ub5a8\uae4c\uc694?<\/li>\n<li>\uc8fc\ub465\uc774 \ub69c\uaed1 \uc18c\uc7ac: \uc608\ub97c \ub4e4\uc5b4 \ub2e4\uc591\ud55c \uc885\ub958\uc758 \uc62c\ub9ac\ube0c \uc624\uc77c\uc744 \uac00\uc7a5 \uc798 \ubc00\ubd09\ud560 \uc218 \uc788\ub294 \ud2b9\uc815 \uc18c\uc7ac\ub97c \uc0ac\uc6a9\ud558\uc5ec \ub098\uc0ac \ub69c\uaed1\uc758 \ub0b4\ubd80\ub97c \ub9de\ucda4 \uc81c\uc791\ud560 \uc218 \uc788\uc2b5\ub2c8\ub2e4.<\/li>\n<\/ul>\n<p>\uadc0\uc0ac\uc758 \uc9c1\uc811 \uacf5\uae09\uc5c5\uccb4\uc774\uc790 \uc6d0 \uc81c\uc870\uc5c5\uccb4\ub85c\uc11c, \uc800\ud76c\ub294 \uc774\ub7ec\ud55c \ucee8\uc149\uc744 \ud604\uc2e4\ub85c \ub9cc\ub4e4\uc5b4 \ub4dc\ub9b4 \uc218 \uc788\uc2b5\ub2c8\ub2e4. \uc774 \uc138\ub828\ub418\uace0 \ud3b8\ub9ac\ud55c \uc720\ub9ac \uc624\uc77c \ubcd1\uc758 \ub300\ub7c9 \ub3c4\ub9e4 \uc218\uc694\uc5d0 \ub300\ud574 \uc0c1\ub2f4\ud574 \ubcf4\uc2dc\ub294 \uac74 \uc5b4\ub5a0\uc138\uc694?<\/p>","protected":false},"excerpt":{"rendered":"<p>\uc190\uc7a1\uc774\uc640 \uace1\uc120 \ub514\uc790\uc778\uc774 \ub3cb\ubcf4\uc774\ub294 \ub3c5\ud2b9\ud55c \uc720\ub9ac \uc624\uc77c \ubcd1\uc785\ub2c8\ub2e4. \uc2dd\uc6a9\uc720 \ubcf4\uad00\uc5d0 \uc801\ud569\ud558\uba70 \ub3c4\ub9e4 \ub9de\ucda4 \uc81c\uc791\ub3c4 \uac00\ub2a5\ud569\ub2c8\ub2e4. \ubb34\ub8cc \uc0d8\ud50c\ub3c4 \uc81c\uacf5\ub429\ub2c8\ub2e4.<\/p>","protected":false},"featured_media":1441,"template":"","meta":{"postBodyCss":"","postBodyMargin":[],"postBodyPadding":[],"postBodyBackground":{"backgroundType":"classic","gradient":""}},"product_brand":[],"product_cat":[15,16,18],"product_tag":[],"class_list":{"0":"post-1417","1":"product","2":"type-product","3":"status-publish","4":"has-post-thumbnail","6":"product_cat-glass-containers","7":"product_cat-glass-bottles","8":"product_cat-glass-oil-bottles","10":"first","11":"instock","12":"shipping-taxable","13":"product-type-simple"},"jetpack_sharing_enabled":true,"_links":{"self":[{"href":"https:\/\/minghanggroup.com\/ko\/wp-json\/wp\/v2\/product\/1417","targetHints":{"allow":["GET"]}}],"collection":[{"href":"https:\/\/minghanggroup.com\/ko\/wp-json\/wp\/v2\/product"}],"about":[{"href":"https:\/\/minghanggroup.com\/ko\/wp-json\/wp\/v2\/types\/product"}],"wp:featuredmedia":[{"embeddable":true,"href":"https:\/\/minghanggroup.com\/ko\/wp-json\/wp\/v2\/media\/1441"}],"wp:attachment":[{"href":"https:\/\/minghanggroup.com\/ko\/wp-json\/wp\/v2\/media?parent=1417"}],"wp:term":[{"taxonomy":"product_brand","embeddable":true,"href":"https:\/\/minghanggroup.com\/ko\/wp-json\/wp\/v2\/product_brand?post=1417"},{"taxonomy":"product_cat","embeddable":true,"href":"https:\/\/minghanggroup.com\/ko\/wp-json\/wp\/v2\/product_cat?post=1417"},{"taxonomy":"product_tag","embeddable":true,"href":"https:\/\/minghanggroup.com\/ko\/wp-json\/wp\/v2\/product_tag?post=1417"}],"curies":[{"name":"wp","href":"https:\/\/api.w.org\/{rel}","templated":true}]}}