{"id":1331,"date":"2025-10-14T03:43:53","date_gmt":"2025-10-14T03:43:53","guid":{"rendered":"https:\/\/minghanggroup.com\/?post_type=product&#038;p=1331"},"modified":"2025-10-16T15:23:06","modified_gmt":"2025-10-16T07:23:06","slug":"wholesale-transparent-glass-oil-bottles-with-metal-pourers","status":"publish","type":"product","link":"https:\/\/minghanggroup.com\/ko\/product\/wholesale-transparent-glass-oil-bottles-with-metal-pourers\/","title":{"rendered":"\uae08\uc18d \uc6a9\uae30\uac00 \ub2ec\ub9b0 \ud22c\uba85 \uc720\ub9ac \uc624\uc77c \ubcd1 150ml, 250ml, 500ml \ub3c4\ub9e4"},"content":{"rendered":"<p>\uc720\ub9ac \uc624\uc77c \ubcd1\uc740 \uc138\ub828\ub41c \uc9c1\uc0ac\uac01\ud615 \ubaa8\uc591\uc758 \ud22c\uba85\ud55c \uc720\ub9ac\uc785\ub2c8\ub2e4. \uc740\uc0c9, \uae08\uc0c9, \uadf8\ub9ac\uace0 \uc740\uc0c9 \uac80\uc740\uc0c9\uc758 \uae08\uc18d \uc8fc\uc785\uad6c\ub97c \ud1b5\ud574 \uace0\uae09\uc2a4\ub7ec\uc6b4 \ubd84\uc704\uae30\ub97c \uc5f0\ucd9c\ud569\ub2c8\ub2e4. \ub610\ud55c, \ub2e4\uc591\ud55c \ud06c\uae30\ub85c \ucd9c\uc2dc\ub418\uc5b4 \uc2e4\uc6a9\uc801\uc774\uba74\uc11c\ub3c4 \ub9e4\ub825\uc801\uc778 \ub514\uc790\uc778\uc73c\ub85c, \uae08\uc0c9 \uc624\uc77c\uc744 \ubcf4\uad00\ud558\uae30\uc5d0 \uc644\ubcbd\ud55c \uc6a9\uae30\uc785\ub2c8\ub2e4.<\/p>\n<h2>\uc81c\ud488 \ud2b9\uc9d5<\/h2>\n<ul>\n<li><strong>\ub2e4\uc591\ud55c \uc8fc\ub465\uc774 \uc635\uc158:<\/strong> \uc774 \uc2dc\ub9ac\uc988\ub294 \uc0ac\uc6a9\uc790\uc5d0\uac8c \uc790\uc2e0\uc758 \uc2a4\ud0c0\uc77c\uacfc \ucde8\ud5a5\uc5d0 \ub9de\ub294 \uc81c\ud488\uc744 \uc120\ud0dd\ud560 \uc218 \uc788\ub294 \uc790\uc720\ub97c \uc81c\uacf5\ud569\ub2c8\ub2e4. \uac8c\ub2e4\uac00, \ubc00\ud3d0\uc131\uc774 \ub6f0\uc5b4\ub098\uace0 \uac04\ub2e8\ud55c \ubd93\uae30 \uae30\ub2a5\uc744 \uc81c\uacf5\ud569\ub2c8\ub2e4.<\/li>\n<li><strong>\ub2e4\uc591\ud55c \ud06c\uae30:<\/strong> \uc774 \ubcd1\uc740 \uc138 \uac00\uc9c0 \ud06c\uae30\ub85c \uc81c\uc791\ub418\uc5b4 \uace0\uac1d\uc774 \uac00\uc7a5 \uc801\ud569\ud55c \ubcd1\uc744 \uc120\ud0dd\ud560 \uc218 \uc788\uc2b5\ub2c8\ub2e4.<\/li>\n<li><strong>\uc9c1\uc0ac\uac01\ud615 \ud22c\uba85:<\/strong> \uc720\ub9ac\ub85c \ub9cc\ub4e0 \uc774 \ud22c\uba85\ud558\uace0 \uba4b\uc9c4 \uc9c1\uc0ac\uac01\ud615 \ubcd1\uc740 \uc8fc\ubc29\uc5d0\uc11c \uacf5\uac04\uc744 \uc808\uc57d\ud558\ub294 \ub370 \uc88b\uc740 \uc544\uc774\ub514\uc5b4\uc785\ub2c8\ub2e4.<\/li>\n<\/ul>\n<h2>\uc8fc\uc694 \uc0ac\uc591<\/h2>\n<table style=\"border-collapse: collapse; margin-left: auto; margin-right: auto; width: 424.52pt;\" border=\"0\" width=\"566\" cellspacing=\"0\" cellpadding=\"0\">\n<tbody>\n<tr style=\"height: 13.50pt;\">\n<td style=\"height: 13.50pt; width: 109.50pt;\" width=\"146\" height=\"18\">\ud2b9\uc9d5<\/td>\n<td style=\"width: 315.00pt;\" width=\"420\">\uc0ac\uc591<\/td>\n<\/tr>\n<tr style=\"height: 13.50pt;\">\n<td style=\"height: 13.50pt;\" height=\"18\">\uce58\uc218<\/td>\n<td>4.8\u00d74.8\u00d715.8cm, 4.7\u00d74.7\u00d721.0cm, 5.8\u00d75.8\u00d726.1cm<\/td>\n<\/tr>\n<tr style=\"height: 13.50pt;\">\n<td style=\"height: 13.50pt;\" height=\"18\">\uc6a9\ub7c9<\/td>\n<td>100ml, 250ml, 500ml<\/td>\n<\/tr>\n<tr style=\"height: 13.50pt;\">\n<td style=\"height: 13.50pt;\" height=\"18\">\uc7ac\ub8cc<\/td>\n<td>\ud22c\uba85 \uc720\ub9ac \ubc14\ub514, \uc2a4\ud14c\uc778\ub9ac\uc2a4 \uc2a4\ud2f8 &amp; PP \uc8fc\ub465\uc774<\/td>\n<\/tr>\n<tr style=\"height: 13.50pt;\">\n<td style=\"height: 13.50pt;\" height=\"18\">\ubaa8\uc591<\/td>\n<td>\uc0ac\uac01\ud615 \uc720\ub9ac\ubcd1<\/td>\n<\/tr>\n<tr style=\"height: 13.50pt;\">\n<td style=\"height: 13.50pt;\" height=\"18\">\uc8fc\ub465\uc774 \uc635\uc158<\/td>\n<td>\uc2e4\ubc84, \uace8\ub4dc, \uc2e4\ubc84\ube14\ub799(\ud758\ub9bc\ubc29\uc9c0)<\/td>\n<\/tr>\n<tr style=\"height: 13.50pt;\">\n<td style=\"height: 13.50pt;\" height=\"18\">\uac00\uc7a5 \uc801\ud569\ud55c<\/td>\n<td>\uc62c\ub9ac\ube0c \uc624\uc77c, \uc2dd\ucd08, \uc2dd\uc6a9\uc720, \ub4dc\ub808\uc2f1<\/td>\n<\/tr>\n<tr style=\"height: 13.50pt;\">\n<td style=\"height: 13.50pt;\" height=\"18\">\uc774\uc0c1\uc801\uc778 \uc0ac\uc6a9<\/td>\n<td>\uc720\ub9ac \uc624\uc77c\ubcd1, \uc2dd\ucd08\ubcd1<\/td>\n<\/tr>\n<\/tbody>\n<\/table>\n<h2>\uc2e4\uc81c \uacb0\uacfc<\/h2>\n<p>\ubd81\ubbf8\uc5d0 \uc704\uce58\ud55c \ud55c \uc62c\ub9ac\ube0c \uc624\uc77c \ube0c\ub79c\ub4dc\ub294 \uc88b\uc740 \uc62c\ub9ac\ube0c \uc624\uc77c \ud3ec\uc7a5\uc774\ub77c\ub294 \uacfc\uc81c\uc5d0 \uc9c1\uba74\ud558\uc5ec \uc800\ud76c\uc758 500ml \uc815\uc0ac\uac01\ud615 \uc720\ub9ac\ubcd1\uc5d0 \uae08\uc0c9 \ub098\uc0ac\ud615 \uc8fc\ub465\uc774\ub97c \uc7a5\ucc29\ud558\uae30\ub85c \uacb0\uc815\ud588\uc2b5\ub2c8\ub2e4. \ucc98\uc74c\uc5d0\ub294 1,200\ubcd1\uc744 \ub3c4\ub9e4 \uc8fc\ubb38\ud588\uace0, \uacb0\uacfc\uc5d0 \ub9e4\uc6b0 \ub9cc\uc871\ud588\uc2b5\ub2c8\ub2e4. \uccab\uc9f8, \uc8fc\ub465\uc774 \ub514\uc790\uc778\uc774 \uc815\ubc00\ud558\uc5ec \ud758\ub7ec\ub0b4\ub9bc\uc774 \uc5c6\uc5b4 \ud3d0\uae30\ubb3c \ubc1c\uc0dd\ub7c9\uc774 28% \uac10\uc18c\ud588\uc2b5\ub2c8\ub2e4. \ud55c \uace0\uac1d\uc740 \uc62c\ub9ac\ube0c \uc624\uc77c \ud55c \ub2ec\uc5d0 90\ub2ec\ub7ec \uc0c1\ub2f9\uc744 \uc808\uc57d\ud560 \uc218 \uc788\uc5c8\ub2e4\uace0 \ub9d0\ud588\uc2b5\ub2c8\ub2e4. \ub458\uc9f8, \ud22c\uba85\uc131 \ub355\ubd84\uc5d0 \uc9c1\uc6d0\ub4e4\uc774 \uc7ac\uace0\uac00 \ubd80\uc871\ud55c\uc9c0 \uc2dc\uac01\uc801\uc73c\ub85c \ud655\uc778\ud560 \uc218 \uc788\uc5b4, \ub9c8\uc9c0\ub9c9 \uc21c\uac04\uc5d0 \ub9e4\uc7a5\uc744 \ucc3e\uc544 \ud5e4\ub9e4\ub294 \uc2a4\ud2b8\ub808\uc2a4\uc5d0\uc11c \ubc97\uc5b4\ub0a0 \uc218 \uc788\uc2b5\ub2c8\ub2e4. \uace0\uac1d \ud53c\ub4dc\ubc31\uc774 \ub9e4\uc6b0 \uae0d\uc815\uc801\uc774\uc5b4\uc11c \ub9e4\ucd9c\uc774 30% \uae09\uc99d\ud588\uace0, 11\uac1c\uc6d4 \ud6c4\uc5d0\ub294 30\ub9cc \ubcd1\uc758 \ucd94\uac00 \uc8fc\ubb38\uc774 \ub4e4\uc5b4\uc654\uc2b5\ub2c8\ub2e4.<\/p>\n<h2>\uc720\ub9ac \uc624\uc77c\ubcd1 \ub9de\ucda4 \uc81c\uc791<\/h2>\n<ul>\n<li>\ub808\uc774\uc800-\uc5d1\uc2a4\ucf00\uc774\ub4dc \ub85c\uace0 - \uc720\ub9ac\uc5d0 \ub85c\uace0\ub97c \uc0c8\uaca8 \ub123\uc5b4 \ub3c5\ud2b9\ud55c \ubd84\uc704\uae30\ub97c \uc5f0\ucd9c\ud558\uc138\uc694. \uc601\uad6c\uc801\uc774\uace0 \uace0\ud488\uc9c8\uc774\uba70, \uc138\ud0c1\uc73c\ub85c \uc778\ud574 \ub77c\ubca8\uc774 \ubc97\uaca8\uc838\ub3c4 \ubb38\uc81c\uc5c6\uc774 \uc0ac\uc6a9\ud560 \uc218 \uc788\uc2b5\ub2c8\ub2e4.<\/li>\n<li>\ubd88\ud22c\uba85\ud55c \ub208\uae08 \ud45c\uc2dc: \uc720\ub9ac \ud45c\uba74\uc5d0 \uc778\uc1c4\ub41c \uc22b\uc790 \ub300\uc2e0 \uc791\uc740 \ub208\uae08(\uc608: 50mL, 100mL, 250mL)\uc744 \ud45c\uc2dc\ud558\uc5ec \uc0ac\uc6a9\uc790\uac00 \uc694\ub9ac\ub098 \ubca0\uc774\ud0b9\uc5d0 \uc0ac\uc6a9\ud558\ub294 \uae30\ub984\uc744 \uc27d\uace0 \uc815\ud655\ud558\uac8c \uce21\uc815\ud560 \uc218 \uc788\ub3c4\ub85d \ud569\ub2c8\ub2e4.<\/li>\n<li>\ubb34\uad11 \uc720\ub9ac \ub9c8\uac10: \uc0c1\uc5c5\uc6a9 \uc8fc\ubc29\uc5d0\uc11c \uc9c1\uc6d0\uc774 \uae30\ub984\ubcd1\uc744 \uc790\uc8fc \ub2e4\ub8e8\ub294 \uacbd\uc6b0 \ud2b9\ud788 \uc9c0\ubb38\uc774 \ub35c \ub0a8\ub3c4\ub85d \ud22c\uba85 \uc720\ub9ac\uc5d0 \ubb34\uad11 \ucf54\ud305\uc744 \ucc98\ub9ac\ud569\ub2c8\ub2e4.<\/li>\n<li>\uc9c8\uac10 \uc788\ub294 \ubc14\ub2e5 - \ubc14\ub2e5\uc5d0 \uae08\uc18d \ub9c1\uc774\ub098 \uc120\ubc84\uc2a4\ud2b8 \ud328\ud134\uc744 \ub354\ud574 \ubcf4\uc138\uc694. \uacac\uace0\ud55c \ub290\ub08c\uc744 \uc90d\ub2c8\ub2e4. \uc81c\uc791\uc790\uac00 \uc0ac\uc6a9\uc790\ub97c \uc0dd\uac01\ud558\uba70 \ub514\uc790\uc778\ud55c \uac83 \uac19\uc2b5\ub2c8\ub2e4.<\/li>\n<\/ul>","protected":false},"excerpt":{"rendered":"<p>\uc774 \uc6b0\uc544\ud55c \uc720\ub9ac \uc624\uc77c\ubcd1\uc740 \uc9c1\uc0ac\uac01\ud615 \ubaa8\uc591\uacfc \uace0\ud488\uc9c8 \uc8fc\ub465\uc774\ub97c \uc790\ub791\ud569\ub2c8\ub2e4. \ube60\ub978 \ubc30\uc1a1, \ubb34\ub8cc \uc0d8\ud50c \uc81c\uacf5, \uc8fc\ubc29\uc6a9\ud488 \ube0c\ub79c\ub4dc\uc5d0 \ub531 \ub9de\ub294 \uc81c\ud488\uc785\ub2c8\ub2e4.<\/p>","protected":false},"featured_media":1393,"template":"","meta":{"postBodyCss":"","postBodyMargin":[],"postBodyPadding":[],"postBodyBackground":{"backgroundType":"classic","gradient":""}},"product_brand":[],"product_cat":[15,16,18],"product_tag":[],"class_list":{"0":"post-1331","1":"product","2":"type-product","3":"status-publish","4":"has-post-thumbnail","6":"product_cat-glass-containers","7":"product_cat-glass-bottles","8":"product_cat-glass-oil-bottles","10":"first","11":"instock","12":"shipping-taxable","13":"product-type-simple"},"jetpack_sharing_enabled":true,"_links":{"self":[{"href":"https:\/\/minghanggroup.com\/ko\/wp-json\/wp\/v2\/product\/1331","targetHints":{"allow":["GET"]}}],"collection":[{"href":"https:\/\/minghanggroup.com\/ko\/wp-json\/wp\/v2\/product"}],"about":[{"href":"https:\/\/minghanggroup.com\/ko\/wp-json\/wp\/v2\/types\/product"}],"wp:featuredmedia":[{"embeddable":true,"href":"https:\/\/minghanggroup.com\/ko\/wp-json\/wp\/v2\/media\/1393"}],"wp:attachment":[{"href":"https:\/\/minghanggroup.com\/ko\/wp-json\/wp\/v2\/media?parent=1331"}],"wp:term":[{"taxonomy":"product_brand","embeddable":true,"href":"https:\/\/minghanggroup.com\/ko\/wp-json\/wp\/v2\/product_brand?post=1331"},{"taxonomy":"product_cat","embeddable":true,"href":"https:\/\/minghanggroup.com\/ko\/wp-json\/wp\/v2\/product_cat?post=1331"},{"taxonomy":"product_tag","embeddable":true,"href":"https:\/\/minghanggroup.com\/ko\/wp-json\/wp\/v2\/product_tag?post=1331"}],"curies":[{"name":"wp","href":"https:\/\/api.w.org\/{rel}","templated":true}]}}