{"id":1325,"date":"2025-10-14T03:26:01","date_gmt":"2025-10-14T03:26:01","guid":{"rendered":"https:\/\/minghanggroup.com\/?post_type=product&#038;p=1325"},"modified":"2025-10-16T15:23:15","modified_gmt":"2025-10-16T07:23:15","slug":"wholesale-rectangular-green-olive-oil-bottles","status":"publish","type":"product","link":"https:\/\/minghanggroup.com\/ko\/product\/wholesale-rectangular-green-olive-oil-bottles\/","title":{"rendered":"\ub3c4\ub9e4\uc6a9 \uc9c1\uc0ac\uac01\ud615 \ub179\uc0c9 \uc62c\ub9ac\ube0c \uc624\uc77c \ubcd1 500ml, 750ml, 1000ml"},"content":{"rendered":"<p>\uc774 \uc62c\ub9ac\ube0c \uc624\uc77c \ubcd1\uc740 \ub179\uc0c9 \uc720\ub9ac \uc18c\uc7ac\ub85c \uc81c\uc791\ub418\uc5c8\uc73c\uba70, \uae54\ub054\ud55c \uc9c1\uc0ac\uac01\ud615 \ub514\uc790\uc778\uc5d0 \ube14\ub799, \uace8\ub4dc, \uadf8\ub9b0 \ucea1\uc774 \uc870\ud654\ub97c \uc774\ub8f9\ub2c8\ub2e4. \ub2e4\uc591\ud55c \uc0ac\uc774\uc988\ub85c \ucd9c\uc2dc\ub418\uc5b4 \uc6b0\uc544\ud568\uacfc \uc2ec\ud50c\ud568\uc774 \uc644\ubcbd\ud55c \uc870\ud654\ub97c \uc774\ub8e8\uba70, \uc8fc\ubc29\uc744 \ub354\uc6b1 \uc544\ub984\ub2f5\uace0 \ud654\uc0ac\ud558\uac8c \ub9cc\ub4e4\uc5b4 \uc904 \uac83\uc785\ub2c8\ub2e4.<\/p>\n<h2>\uc81c\ud488 \ud2b9\uc9d5<\/h2>\n<ul>\n<li><strong>\ub0b4\uad6c\uc131 \uc788\ub294 \ub179\uc0c9 \uc720\ub9ac \uad6c\uc870:<\/strong> \ub179\uc0c9 \uc720\ub9ac\uc758 \uae30\ub2a5\uc740 \uc62c\ub9ac\ube0c \uc624\uc77c\uc758 \uc6d0\ub798 \ud488\uc9c8\uc744 \uc190\uc0c1\uc2dc\ud0ac \uc218 \uc788\ub294 \uc790\uc678\uc120\uc744 \uac78\ub7ec\ub0b4\uc5b4 \uc81c\ud488\uc744 \ub354 \uc624\ub7ab\ub3d9\uc548 \uc2e0\uc120\ud558\uac8c \uc720\uc9c0\ud574 \uc8fc\ubbc0\ub85c \uc88b\uc740 \ubcf4\uad00 \uc7a5\uc18c\uc640 \uc9c4\uc5f4 \uc7a5\uc18c\uc5d0 \uc801\ud569\ud569\ub2c8\ub2e4.<\/li>\n<li><strong>\uc815\uc0ac\uac01\ud615 \ub514\uc790\uc778:<\/strong> \uc9c1\uc0ac\uac01\ud615 \ubaa8\uc591\uc774\ub77c \ub2e4\ub978 \uc8fc\ubc29\uc6a9\ud488\uacfc\ub3c4 \uae54\ub054\ud558\uac8c \uc5b4\uc6b8\ub9ac\uace0, \ube48 \ubcd1\uc744 \uc313\uc544 \ub193\uc744 \uc218 \uc788\uc5b4 \uacf5\uac04 \ud6a8\uc728\uc131\ub3c4 \ub6f0\uc5b4\ub0a9\ub2c8\ub2e4. \uc774\uc81c \uc870\ub9ac\ub300\ub098 \ud32c\ud2b8\ub9ac \uacf5\uac04\uc744 \ub0ad\ube44\ud558\uc9c0 \ub9c8\uc138\uc694!<\/li>\n<li><strong>\ub2e4\uc591\ud55c \ubaa8\uc790 \uc2a4\ud0c0\uc77c:<\/strong> \uac80\uc815, \uae08\uc0c9, \ub179\uc0c9 \ubc0f \uae30\ud0c0 \uc0c9\uc0c1\uc758 \ucea1\uc740 \ub2e4\uc591\ud55c \uc2a4\ud0c0\uc77c\uacfc \uc0ac\ub78c\ub4e4\uc758 \ucde8\ud5a5\uc744 \uace0\ub824\ud558\ub294 \ub3d9\uc2dc\uc5d0 \uc7a0\uae08 \uc7a5\uce58\uc758 \uc548\uc804\uc131\uc744 \uc81c\uacf5\ud569\ub2c8\ub2e4.<\/li>\n<\/ul>\n<h2>\uc8fc\uc694 \uc0ac\uc591<\/h2>\n<table style=\"border-collapse: collapse; margin-left: auto; margin-right: auto; width: 477.77pt;\" border=\"0\" width=\"637\" cellspacing=\"0\" cellpadding=\"0\">\n<tbody>\n<tr style=\"height: 13.50pt;\">\n<td style=\"height: 13.50pt; width: 99.75pt;\" width=\"133\" height=\"18\">\ud2b9\uc9d5<\/td>\n<td style=\"width: 378.00pt;\" width=\"504\">\uc0ac\uc591<\/td>\n<\/tr>\n<tr style=\"height: 13.50pt;\">\n<td style=\"height: 13.50pt;\" height=\"18\">\uc0ac\uc774\uc988<\/td>\n<td>5.8\u00d75.8\u00d726.4cm, 6.5\u00d76.5\u00d730.2cm, 7.4\u00d77.4\u00d730.0cm<\/td>\n<\/tr>\n<tr style=\"height: 13.50pt;\">\n<td style=\"height: 13.50pt;\" height=\"18\">\ubaa9 \ud06c\uae30<\/td>\n<td>19\u00d730mm \ub098\uc0ac\uc0b0<\/td>\n<\/tr>\n<tr style=\"height: 13.50pt;\">\n<td style=\"height: 13.50pt;\" height=\"18\">\uc7ac\ub8cc<\/td>\n<td>\ub179\uc0c9 \uc720\ub9ac \ubcf8\uccb4, \uae08\uc18d \ub69c\uaed1<\/td>\n<\/tr>\n<tr style=\"height: 13.50pt;\">\n<td style=\"height: 13.50pt;\" height=\"18\">\ubaa8\uc591<\/td>\n<td>\uc0ac\uac01\ud615 \uc720\ub9ac\ubcd1<\/td>\n<\/tr>\n<tr style=\"height: 13.50pt;\">\n<td style=\"height: 13.50pt;\" height=\"18\">\ub69c\uaed1 \uc635\uc158<\/td>\n<td>\uac80\uc815, \uae08\uc0c9, \ub179\uc0c9(\ud50c\ub77c\uc2a4\ud2f1 \ub610\ub294 \uae08\uc18d)<\/td>\n<\/tr>\n<tr style=\"height: 13.50pt;\">\n<td style=\"height: 13.50pt;\" height=\"18\">\uac00\uc7a5 \uc801\ud569\ud55c<\/td>\n<td>\uc62c\ub9ac\ube0c \uc624\uc77c, \uc2dd\ucd08, \uc2dd\uc6a9\uc720, \ub4dc\ub808\uc2f1<\/td>\n<\/tr>\n<tr style=\"height: 13.50pt;\">\n<td style=\"height: 13.50pt;\" height=\"18\">\uc774\uc0c1\uc801\uc778 \uc0ac\uc6a9<\/td>\n<td>\ub179\uc0c9 \uc624\uc77c \ubcd1, \uc2dd\ucd08 \ubcd1, \uc2dd\uc6a9\uc720 \ubcd1<\/td>\n<\/tr>\n<\/tbody>\n<\/table>\n<h2>\uc2e4\uc81c\uc801 \uc601\ud5a5<\/h2>\n<p>\ub098\ud30c \ubc38\ub9ac\uc758 \ud55c \uace0\uae09 \uc62c\ub9ac\ube0c \uc624\uc77c \uc0dd\uc0b0\uc5c5\uccb4\uac00 \uace0\ubbfc\uc5d0 \ube60\uc84c\uc2b5\ub2c8\ub2e4. \uae30\uc874 \ud22c\uba85 \uc720\ub9ac\ubcd1\uc740 \uc62c\ub9ac\ube0c \uc624\uc77c \ud488\uc9c8\uc5d0 \ub3c4\uc6c0\uc774 \ub418\uc9c0 \uc54a\uc558\uace0, \uace0\uac1d\ub4e4\uc740 \ud3ec\uc7a5\uc758 \uc2dc\uac01\uc801\uc778 \uce21\uba74\uc744 \uc810\uc810 \ub354 \uc758\uc2dd\ud558\uac8c \ub418\uc5c8\uc2b5\ub2c8\ub2e4. \uadf8\ub4e4\uc740 \uc800\ud76c\uc758 \uc0c8\ub85c\uc6b4 \ub179\uc0c9 \uc720\ub9ac \uc624\uc77c \ubcd1 \uc2dc\ub9ac\uc988\ub97c \uc120\ud0dd\ud588\uc2b5\ub2c8\ub2e4. 750ml \uc815\uc0ac\uac01\ud615 \ubcd1\uc5d0 \uae08\uc0c9 \ub098\uc0ac\ud615 \ucea1\uc774 \ub2ec\ub9b0 \ubcd1\uc785\ub2c8\ub2e4. \uc800\ud76c\ub294 \ucd08\uae30 \uc8fc\ubb38 1,000\uac1c\uc5d0 \ub300\ud574 \ub9e4\uc6b0 \uae0d\uc815\uc801\uc778 \ubc18\uc751\uc744 \uc5bb\uc5c8\uc2b5\ub2c8\ub2e4. \uc804\ubb38 \ub9e4\uc7a5\uc5d0\uc11c\uc758 \uc62c\ub9ac\ube0c \uc624\uc77c \ud310\ub9e4\ub7c9\uc774 38% \uc99d\uac00\ud588\uc2b5\ub2c8\ub2e4. \ub179\uc0c9 \uc720\ub9ac\ubcd1\uc758 \ubbf8\uc801\uc778 \ub9e4\ub825\uc5d0 \uc18c\ube44\uc790\ub4e4\uc740 \ub9e4\ub8cc\ub418\uc5c8\uace0, \uc62c\ub9ac\ube0c \uc624\uc77c\uc758 \uc2e0\uc120\ub3c4 \uc720\uc9c0\uc5d0 \ub300\ud55c \ud655\uc2e0\uc744 \uac16\uac8c \ub418\uc5c8\uc2b5\ub2c8\ub2e4. \ubc00\ud3d0\ud615 \ucea1 \ub355\ubd84\uc5d0 \uac1c\ubd09 \ud6c4\uc5d0\ub3c4 \uc624\uc77c\uc774 \uc624\uc5fc\ub418\uc9c0 \uc54a\uc544 \ubcf4\uad00 \ud6a8\uc728\uc774 25% \ud5a5\uc0c1\ub418\uc5c8\uc2b5\ub2c8\ub2e4. 5\uac1c\uc6d4 \ud6c4, \uace0\uac1d\ub4e4\uc740 25\ub9cc \ubcd1\uc744 \ucd94\uac00\ub85c \uc8fc\ubb38\ud558\uc5ec \ubc30\uc1a1\ubc1b\uc558\uc2b5\ub2c8\ub2e4.<\/p>\n<h2>\ub9de\ucda4\ud615 \uc720\ub9ac \uc62c\ub9ac\ube0c \uc624\uc77c \ubcd1 \uc81c\uc791<\/h2>\n<ul>\n<li><strong>\uc11c\ub9ac\ub85c \ub36e\uc778 \uc878\uc5c5 \ud45c\uc2dc:<\/strong> \uc18c\ube44\uc790\uac00 \uc694\ub9ac\ub098 \ubca0\uc774\ud0b9 \uc2dc \uae30\ub984 \uc0ac\uc6a9\ub7c9\uc744 \uc27d\uac8c \uc904\uc77c \uc218 \uc788\ub3c4\ub85d \uc720\ub9ac\uc794\uc5d0 \uc120\uba85\ud558\uace0 \uc815\ud655\ud55c \uc120(\uc608: 100ml, 250ml, 500ml)\uc744 \uc0c8\uaca8 \ub123\uc2b5\ub2c8\ub2e4.<\/li>\n<li><strong>\ub808\uc774\uc800 \uc5d0\uce6d \ub85c\uace0 \ub610\ub294 \ub514\uc790\uc778:<\/strong> \ube0c\ub79c\ub4dc \uc774\ub984\uc744 \uc720\ub9ac\uc5d0 \uc778\uc1c4\ud558\uc5ec \ube0c\ub79c\ub4dc \uc815\uccb4\uc131\uc744 \ud655\ub9bd\ud558\uc138\uc694. \ub0b4\uad6c\uc131\uacfc \uc6b0\uc544\ud568\uc774 \ub6f0\uc5b4\ub098\uba70 \uc2dd\uae30\uc138\ucc99\uae30 \uc0ac\uc6a9\ub3c4 \uac00\ub2a5\ud569\ub2c8\ub2e4.<\/li>\n<li><strong>\uc554\ub85d\uc0c9:<\/strong> \uc720\ub9ac \ud3ec\uc7a5\uc5d0 \uc880 \ub354 \uac15\ub82c\ud558\uace0 \uae4a\uc740 \ub179\uc0c9 \uc74c\uc601\uc744 \uc801\uc6a9\ud558\uba74 \ub354\uc6b1 \ub9e4\ub825\uc801\uc778 \ubaa8\uc2b5\uc744 \uc904 \ubfd0\ub9cc \uc544\ub2c8\ub77c \uc790\uc678\uc120 \ucc28\ub2e8 \uc218\uc900\ub3c4 \ub192\uc5ec\uc90d\ub2c8\ub2e4.<\/li>\n<li><strong>\uc591\uac01 \ubcfc\ub968 \ud45c\uc2dc:<\/strong> \ubcd1 \uc720\ub9ac\uc5d0\ub294 &#034;750ml&#034; \ub610\ub294 &#034;1L&#034; \uc6a9\ub7c9\uc774 \uc8fc\uc785\ub418\uc5b4 \uc788\uc2b5\ub2c8\ub2e4. \uc774\ub294 \ubcd1\uc758 \uad11\ud0dd\uc744 \ub192\uc774\uace0, \ud45c\uc2dc\ub97c \ud1b5\ud574 \ubcd1\uc785\uc744 \uc6a9\uc774\ud558\uac8c \ud569\ub2c8\ub2e4.<\/li>\n<\/ul>\n<p>&nbsp;<\/p>","protected":false},"excerpt":{"rendered":"<p>\uc9c1\uc0ac\uac01\ud615 \ub514\uc790\uc778\uc758 \ub179\uc0c9 \uc720\ub9ac \uc62c\ub9ac\ube0c \uc624\uc77c \ubcd1\uc740 \uc138 \uac00\uc9c0 \uc0ac\uc774\uc988\ub85c \ucd9c\uc2dc\ub429\ub2c8\ub2e4. \uc62c\ub9ac\ube0c \uc624\uc77c\uc774\ub098 \uc2dd\uc6a9\uc720\uc5d0 \uc801\ud569\ud569\ub2c8\ub2e4. \ub300\ub7c9 \uad6c\ub9e4\ub97c \uc704\ud55c \uc544\uc774\ub514\uc5b4\uc640 \ubb34\ub8cc \uc0d8\ud50c\ub3c4 \uc81c\uacf5\ub429\ub2c8\ub2e4.<\/p>","protected":false},"featured_media":1329,"template":"","meta":{"postBodyCss":"","postBodyMargin":[],"postBodyPadding":[],"postBodyBackground":{"backgroundType":"classic","gradient":""}},"product_brand":[],"product_cat":[15,16,18],"product_tag":[],"class_list":{"0":"post-1325","1":"product","2":"type-product","3":"status-publish","4":"has-post-thumbnail","6":"product_cat-glass-containers","7":"product_cat-glass-bottles","8":"product_cat-glass-oil-bottles","10":"first","11":"instock","12":"shipping-taxable","13":"product-type-simple"},"jetpack_sharing_enabled":true,"_links":{"self":[{"href":"https:\/\/minghanggroup.com\/ko\/wp-json\/wp\/v2\/product\/1325","targetHints":{"allow":["GET"]}}],"collection":[{"href":"https:\/\/minghanggroup.com\/ko\/wp-json\/wp\/v2\/product"}],"about":[{"href":"https:\/\/minghanggroup.com\/ko\/wp-json\/wp\/v2\/types\/product"}],"wp:featuredmedia":[{"embeddable":true,"href":"https:\/\/minghanggroup.com\/ko\/wp-json\/wp\/v2\/media\/1329"}],"wp:attachment":[{"href":"https:\/\/minghanggroup.com\/ko\/wp-json\/wp\/v2\/media?parent=1325"}],"wp:term":[{"taxonomy":"product_brand","embeddable":true,"href":"https:\/\/minghanggroup.com\/ko\/wp-json\/wp\/v2\/product_brand?post=1325"},{"taxonomy":"product_cat","embeddable":true,"href":"https:\/\/minghanggroup.com\/ko\/wp-json\/wp\/v2\/product_cat?post=1325"},{"taxonomy":"product_tag","embeddable":true,"href":"https:\/\/minghanggroup.com\/ko\/wp-json\/wp\/v2\/product_tag?post=1325"}],"curies":[{"name":"wp","href":"https:\/\/api.w.org\/{rel}","templated":true}]}}