{"id":5370,"date":"2026-01-28T13:30:21","date_gmt":"2026-01-28T05:30:21","guid":{"rendered":"https:\/\/minghanggroup.com\/?post_type=product&#038;p=5370"},"modified":"2026-01-28T16:40:29","modified_gmt":"2026-01-28T08:40:29","slug":"lantern-style-unique-candle-vessels-wholesale","status":"publish","type":"product","link":"https:\/\/minghanggroup.com\/ja\/product\/lantern-style-unique-candle-vessels-wholesale\/","title":{"rendered":"\u30e9\u30f3\u30bf\u30f3\u30b9\u30bf\u30a4\u30eb\u306e\u30e6\u30cb\u30fc\u30af\u306a\u30ad\u30e3\u30f3\u30c9\u30eb\u5bb9\u5668\u5378\u58f2"},"content":{"rendered":"<p>\u3053\u308c\u3089\u306e\u30e6\u30cb\u30fc\u30af\u306a\u30ad\u30e3\u30f3\u30c9\u30eb\u5bb9\u5668\u306f\u3001\u30e9\u30f3\u30bf\u30f3\u578b\u3092\u3057\u3066\u304a\u308a\u3001\u5e95\u90e8\u3068\u4e0a\u90e8\u306b\u30ea\u30d6\u304c\u5165\u308a\u3001\u4e2d\u592e\u306b\u306f\u6e9d\u306e\u3042\u308b\u30ab\u30dc\u30c1\u30e3\u578b\u306b\u306a\u3063\u3066\u3044\u307e\u3059\u3002\u4e0a\u90e8\u3060\u3051\u3067\u306a\u304f\u3001\u4e0b\u90e8\u306b\u3082\u8a2d\u7f6e\u3067\u304d\u308b\u306e\u304c\u7279\u5fb4\u3067\u3001\u6a5f\u80fd\u6027\u3068\u7f8e\u3057\u3055\u3092\u517c\u306d\u5099\u3048\u3066\u3044\u307e\u3059\u3002<\/p>\n<h2>\u88fd\u54c1\u306e\u7279\u5fb4<\/h2>\n<ul>\n<li><strong>\u30d5\u30ea\u30c3\u30d7\u30c7\u30b6\u30a4\u30f3\uff1a<\/strong> \u53cc\u65b9\u5411\u306e\u30c7\u30b6\u30a4\u30f3\u306f\u9769\u65b0\u7684\u3067\u3001\u30ad\u30e3\u30f3\u30c9\u30eb\u3092\u914d\u7f6e\u3057\u305f\u308a\u98fe\u3063\u305f\u308a\u3059\u308b\u305f\u3081\u306e\u67d4\u8edf\u3067\u591a\u76ee\u7684\u306a\u30b9\u30da\u30fc\u30b9\u3092\u63d0\u4f9b\u3057\u307e\u3059\u3002<\/li>\n<li><strong>\u7d20\u6674\u3089\u3057\u3044\u591a\u5c64\u30c6\u30af\u30b9\u30c1\u30e3\uff1a <\/strong>\u7e26\u65b9\u5411\u306e\u30c6\u30af\u30b9\u30c1\u30e3\u3001\u30ab\u30dc\u30c1\u30e3\u578b\u306e\u30c6\u30af\u30b9\u30c1\u30e3\u3001\u7d30\u304b\u306a\u30ea\u30d6\u304c\u7d44\u307f\u5408\u308f\u3055\u308a\u3001\u7d20\u6674\u3089\u3057\u3044\u666f\u8272\u3068\u611f\u89e6\u3092\u751f\u307f\u51fa\u3057\u307e\u3059\u3002<\/li>\n<li><strong>\u30e9\u30f3\u30bf\u30f3\u306e\u5f62\u72b6\uff1a<\/strong> \u30e9\u30f3\u30bf\u30f3\u306e\u5f62\u306f\u3001\u4f1d\u7d71\u7684\u306a\u4e2d\u56fd\u306e\u30ec\u30c8\u30ed\u3068\u30ad\u30e3\u30f3\u30c9\u30eb\u306e\u30e2\u30c0\u30f3\u306a\u30c7\u30b6\u30a4\u30f3\u304c\u878d\u5408\u3057\u305f\u3082\u306e\u3067\u3001\u540c\u6642\u306b\u975e\u5e38\u306b\u76ee\u7acb\u3064\u30c6\u30fc\u30d6\u30eb\u88c5\u98fe\u3067\u3082\u3042\u308a\u307e\u3059\u3002<\/li>\n<\/ul>\n<h2 style=\"text-align: left;\">\u4e3b\u306a\u4ed5\u69d8<\/h2>\n<table class=\"aligncenter\" style=\"border-collapse: collapse; width: 402.02pt;\" border=\"0\" width=\"536\" cellspacing=\"0\" cellpadding=\"0\">\n<tbody>\n<tr style=\"height: 13.50pt;\">\n<td style=\"height: 13.50pt; width: 117.75pt;\" width=\"157\" height=\"18\">\u4ed5\u69d8<\/td>\n<td style=\"width: 284.25pt;\" width=\"379\">\u8a73\u7d30<\/td>\n<\/tr>\n<tr style=\"height: 13.50pt;\">\n<td style=\"height: 13.50pt;\" height=\"18\">\u5bf8\u6cd5<\/td>\n<td>79\u00d752\u00d740\u00d760mm<\/td>\n<\/tr>\n<tr style=\"height: 13.50pt;\">\n<td style=\"height: 13.50pt;\" height=\"18\">\u6750\u6599<\/td>\n<td>\u900f\u660e\u3067\u8cea\u611f\u306e\u3042\u308b\u30ac\u30e9\u30b9<\/td>\n<\/tr>\n<tr style=\"height: 13.50pt;\">\n<td style=\"height: 13.50pt;\" height=\"18\">\u5bb9\u5668\u306e\u5f62\u72b6<\/td>\n<td>\u591a\u69d8\u306a\u30c6\u30af\u30b9\u30c1\u30e3\u30bb\u30af\u30b7\u30e7\u30f3\u3092\u5099\u3048\u305f\u30ea\u30d0\u30fc\u30b7\u30d6\u30eb\u30e9\u30f3\u30bf\u30f3<\/td>\n<\/tr>\n<tr style=\"height: 13.50pt;\">\n<td style=\"height: 13.50pt;\" height=\"18\">\u30ab\u30b9\u30bf\u30de\u30a4\u30ba\u7bc4\u56f2<\/td>\n<td>\u8272\u3001\u8cea\u611f\u306e\u8a73\u7d30\u3001\u30b5\u30a4\u30ba\u3001\u5f62\u72b6<\/td>\n<\/tr>\n<tr style=\"height: 13.50pt;\">\n<td style=\"height: 13.50pt;\" height=\"18\">\u8077\u4eba\u6280<\/td>\n<td>\u8907\u96d1\u306a\u5f62\u72b6\u306e\u9ad8\u5ea6\u306a\u30d7\u30ec\u30b9\u30ac\u30e9\u30b9\u6210\u5f62<\/td>\n<\/tr>\n<tr style=\"height: 13.50pt;\">\n<td style=\"height: 13.50pt;\" height=\"18\">\u88fd\u54c1\u306e\u76ee\u7684<\/td>\n<td>\u30ad\u30e3\u30f3\u30c9\u30eb\u30db\u30eb\u30c0\u30fc\u3001\u30ad\u30e3\u30f3\u30c9\u30eb\u5bb9\u5668\u5378\u58f2<\/td>\n<\/tr>\n<tr style=\"height: 13.50pt;\">\n<td style=\"height: 13.50pt;\" height=\"18\">\u9069\u3057\u305f\u696d\u754c<\/td>\n<td>\u9ad8\u7d1a\u30ad\u30e3\u30f3\u30c9\u30eb\u30d6\u30e9\u30f3\u30c9\u3001\u30a6\u30a7\u30c7\u30a3\u30f3\u30b0\/\u30a4\u30d9\u30f3\u30c8\u30d7\u30e9\u30f3\u30ca\u30fc<\/td>\n<\/tr>\n<\/tbody>\n<\/table>\n<h2>\u6210\u529f\u4e8b\u4f8b<\/h2>\n<p>\u30a2\u30e1\u30ea\u30ab\u306e\u9ad8\u7d1a\u30d6\u30c6\u30a3\u30c3\u30af\u30db\u30c6\u30eb\u306e\u4e00\u3064\u304c\u3001\u7425\u73c0\u8272\u306b\u5909\u5316\u3059\u308b\u4e21\u9762\u30e9\u30f3\u30bf\u30f3\u30ad\u30e3\u30f3\u30c9\u30eb\u30b8\u30e3\u30fc\u3092\u63a1\u7528\u3057\u307e\u3057\u305f\u3002\u3053\u306e\u72ec\u7279\u306a\u30c7\u30b6\u30a4\u30f3\u306f\u30b2\u30b9\u30c8\u30a8\u30af\u30b9\u30da\u30ea\u30a8\u30f3\u30b9\u306e\u4e00\u7ffc\u3092\u62c5\u3044\u3001\u30aa\u30f3\u30e9\u30a4\u30f3\u30ec\u30d3\u30e5\u30fc\u306e80%\u306b\u597d\u610f\u7684\u306a\u8a55\u4fa1\u304c\u5bc4\u305b\u3089\u308c\u307e\u3057\u305f\u3002\u30ea\u30d4\u30fc\u30c8\u8cfc\u5165\u306f42%\u5897\u52a0\u3057\u307e\u3057\u305f\u3002\u30db\u30c6\u30eb\u306f\u30ad\u30e3\u30f3\u30c9\u30eb\u30b8\u30e3\u30fc\u306b\u5927\u5909\u3054\u6e80\u8db3\u3044\u305f\u3060\u304d\u3001\u65b0\u5ba2\u5ba4\u306e\u88c5\u98fe\u3068\u65e2\u5b58\u30b9\u30a4\u30fc\u30c8\u30eb\u30fc\u30e0\u306e\u6539\u88c5\u7528\u306b\u3001\u3055\u3089\u306b20\u4e07\u500b\u3092\u767a\u6ce8\u3055\u308c\u307e\u3057\u305f\u3002<\/p>\n<h2>\u30ad\u30e3\u30f3\u30c9\u30eb\u5bb9\u5668\u5378\u58f2\u30ab\u30b9\u30bf\u30de\u30a4\u30ba\u53ef\u80fd<\/h2>\n<ul>\n<li>\u9ad8\u7d1a\u30ac\u30e9\u30b9\u30b7\u30a7\u30fc\u30c9: \u30c0\u30fc\u30af\u30b8\u30e5\u30a8\u30ea\u30fc\u3084\u30bd\u30d5\u30c8\u30d4\u30f3\u30af\u8272\u306a\u3069\u3001\u9ad8\u7d1a\u30ac\u30e9\u30b9\u30b7\u30a7\u30fc\u30c9\u3092\u5f62\u6210\u3057\u307e\u3059\u3002<\/li>\n<li>\u91d1\u5c5e\u30e1\u30c3\u30ad: \u30a8\u30c3\u30b8\u307e\u305f\u306f\u30ea\u30d6\u306b\u91d1\u3001\u9280\u3001\u307e\u305f\u306f\u30ed\u30fc\u30ba\u30b4\u30fc\u30eb\u30c9\u306e\u30e1\u30c3\u30ad\u306e\u30c6\u30af\u30b9\u30c1\u30e3\u3092\u65bd\u3057\u307e\u3059\u3002<\/li>\n<li>\u30ab\u30b9\u30bf\u30e0 \u30b5\u30a4\u30ba \u30b9\u30b1\u30fc\u30ea\u30f3\u30b0: \u30c7\u30b6\u30a4\u30f3\u5168\u4f53\u306e\u30b5\u30a4\u30ba\u3092\u6bd4\u4f8b\u7684\u306b\u5909\u66f4\u3057\u3066\u3001\u3055\u307e\u3056\u307e\u306a\u8996\u899a\u52b9\u679c\u3092\u751f\u307f\u51fa\u3057\u307e\u3059\u3002<\/li>\n<li>\u5185\u90e8\u30b3\u30fc\u30c6\u30a3\u30f3\u30b0: \u30de\u30c3\u30c8\u307e\u305f\u306f\u30b3\u30fc\u30c6\u30a3\u30f3\u30b0\u3055\u308c\u305f\u5185\u90e8\u30ac\u30e9\u30b9\u306f\u3001\u5149\u306e\u4e0b\u3067\u4f7f\u7528\u3059\u308b\u3068\u72ec\u7279\u306e\u52b9\u679c\u3092\u767a\u63ee\u3057\u307e\u3059\u3002<\/li>\n<\/ul>","protected":false},"excerpt":{"rendered":"<p>\u30ea\u30d6\u6a21\u69d8\u306e\u5165\u3063\u305f\u900f\u660e\u30ac\u30e9\u30b9\u88fd\u306e\u3001\u30e9\u30f3\u30bf\u30f3\u578b\u306e\u30e6\u30cb\u30fc\u30af\u306a\u30ad\u30e3\u30f3\u30c9\u30eb\u30db\u30eb\u30c0\u30fc\u3067\u3059\u3002\u4e21\u7aef\u304c\u5c16\u3063\u305f\u30c7\u30b6\u30a4\u30f3\u306f\u3001\u30ad\u30e3\u30f3\u30c9\u30eb\u3060\u3051\u3067\u306a\u304f\u30a4\u30f3\u30c6\u30ea\u30a2\u306b\u3082\u6700\u9069\u3067\u3059\u3002\u5de5\u5834\u76f4\u9001\u3002\u7121\u6599\u30b5\u30f3\u30d7\u30eb\u3082\u3054\u7528\u610f\u3057\u3066\u304a\u308a\u307e\u3059\u3002<\/p>","protected":false},"featured_media":5376,"template":"","meta":{"postBodyCss":"","postBodyMargin":[],"postBodyPadding":[],"postBodyBackground":{"backgroundType":"classic","gradient":""}},"product_brand":[],"product_cat":[15,82,17],"product_tag":[],"class_list":{"0":"post-5370","1":"product","2":"type-product","3":"status-publish","4":"has-post-thumbnail","6":"product_cat-glass-containers","7":"product_cat-candle-jars","8":"product_cat-glass-jars","10":"first","11":"instock","12":"shipping-taxable","13":"product-type-simple"},"jetpack_sharing_enabled":true,"_links":{"self":[{"href":"https:\/\/minghanggroup.com\/ja\/wp-json\/wp\/v2\/product\/5370","targetHints":{"allow":["GET"]}}],"collection":[{"href":"https:\/\/minghanggroup.com\/ja\/wp-json\/wp\/v2\/product"}],"about":[{"href":"https:\/\/minghanggroup.com\/ja\/wp-json\/wp\/v2\/types\/product"}],"wp:featuredmedia":[{"embeddable":true,"href":"https:\/\/minghanggroup.com\/ja\/wp-json\/wp\/v2\/media\/5376"}],"wp:attachment":[{"href":"https:\/\/minghanggroup.com\/ja\/wp-json\/wp\/v2\/media?parent=5370"}],"wp:term":[{"taxonomy":"product_brand","embeddable":true,"href":"https:\/\/minghanggroup.com\/ja\/wp-json\/wp\/v2\/product_brand?post=5370"},{"taxonomy":"product_cat","embeddable":true,"href":"https:\/\/minghanggroup.com\/ja\/wp-json\/wp\/v2\/product_cat?post=5370"},{"taxonomy":"product_tag","embeddable":true,"href":"https:\/\/minghanggroup.com\/ja\/wp-json\/wp\/v2\/product_tag?post=5370"}],"curies":[{"name":"wp","href":"https:\/\/api.w.org\/{rel}","templated":true}]}}