{"id":4256,"date":"2026-01-04T15:11:18","date_gmt":"2026-01-04T07:11:18","guid":{"rendered":"https:\/\/minghanggroup.com\/?post_type=product&#038;p=4256"},"modified":"2026-01-04T16:59:12","modified_gmt":"2026-01-04T08:59:12","slug":"round-customized-perfume-bottles-wholesale","status":"publish","type":"product","link":"https:\/\/minghanggroup.com\/ja\/product\/round-customized-perfume-bottles-wholesale\/","title":{"rendered":"30ml 50ml 100ml \u4e38\u578b\u30ab\u30b9\u30bf\u30de\u30a4\u30ba\u9999\u6c34\u74f6\u5378\u58f2"},"content":{"rendered":"<p>\u3053\u308c\u3089\u306f\u5b8c\u74a7\u306a\u5378\u58f2\u30b3\u30ed\u30f3\u30dc\u30c8\u30eb\u3068\u3057\u3066\u8a2d\u8a08\u3055\u308c\u3066\u304a\u308a\u3001\u5404\u30dc\u30c8\u30eb\u306b\u306f\u8f1d\u304f\u30c0\u30a4\u30e4\u30e2\u30f3\u30c9\u30ab\u30c3\u30c8\u30af\u30ea\u30b9\u30bf\u30eb\u306e\u30c8\u30c3\u30d7\u3068\u9ad8\u5ea6\u306b\u7814\u78e8\u3055\u308c\u305f\u30b7\u30eb\u30d0\u30fc\u306e\u30ce\u30ba\u30eb\u304c\u4ed8\u3044\u3066\u304a\u308a\u3001\u30af\u30ea\u30b9\u30bf\u30eb\u30ab\u30c3\u30c8\u30ac\u30e9\u30b9\u3067\u4f5c\u3089\u308c\u3066\u3044\u307e\u3059\u3002<\/p>\n<h2>\u88fd\u54c1\u306e\u7279\u5fb4<\/h2>\n<ul>\n<li><strong>\u66f2\u7dda\u3068\u76f4\u7dda:<\/strong> \u30c6\u30fc\u30d1\u30fc\u30c9\u30cd\u30c3\u30af\u3068\u6ed1\u3089\u304b\u3067\u5f6b\u523b\u7684\u306a\u30e9\u30a4\u30f3\u304c\u3001\u512a\u96c5\u306b\u30ab\u30fc\u30d6\u3057\u305f\u30dc\u30c7\u30a3\u306b\u81ea\u7136\u3067\u8d05\u6ca2\u306a\u30b0\u30ea\u30c3\u30d7\u611f\u3092\u4e0e\u3048\u307e\u3059\u3002<\/li>\n<li><strong>\u900f\u660e\u30ad\u30e3\u30c3\u30d7\u3068\u91d1\u5c5e\u30ce\u30ba\u30eb\uff1a<\/strong> \u30d5\u30a1\u30bb\u30c3\u30c8\u52a0\u5de5\u3055\u308c\u305f\u30ad\u30e3\u30c3\u30d7\u3068\u30b7\u30eb\u30d0\u30fc\u306e\u30ce\u30ba\u30eb\u304c\u5b8c\u74a7\u306b\u878d\u5408\u3057\u3001\u5b9d\u77f3\u306e\u3088\u3046\u306a\u30c7\u30b6\u30a4\u30f3\u3092\u5b9f\u73fe\u3057\u3066\u3044\u307e\u3059\u3002<\/li>\n<li><strong>3 \u3064\u306e\u30d1\u30c3\u30b1\u30fc\u30b8:<\/strong> \u30c7\u30e9\u30c3\u30af\u30b9\u30c8\u30e9\u30a4\u30a2\u30eb\u30d1\u30c3\u30b1\u30fc\u30b8\u3001\u30b3\u30a2\u88fd\u54c1\u3001\u30b7\u30b0\u30cd\u30c1\u30e3\u30fc\u30d5\u30ec\u30b0\u30e9\u30f3\u30b9\u3092\u542b\u3080 30ml\u300150ml\u3001100ml \u30d1\u30c3\u30b1\u30fc\u30b8\u3002<\/li>\n<\/ul>\n<h2 style=\"text-align: left;\">\u4e3b\u306a\u4ed5\u69d8<\/h2>\n<table class=\"aligncenter\" style=\"border-collapse: collapse; width: 658.52pt;\" border=\"0\" width=\"878\" cellspacing=\"0\" cellpadding=\"0\">\n<tbody>\n<tr style=\"height: 13.50pt;\">\n<td style=\"height: 13.50pt; width: 130.50pt;\" width=\"174\" height=\"18\">\u4ed5\u69d8<\/td>\n<td style=\"width: 528.00pt;\" width=\"704\">\u8a73\u7d30<\/td>\n<\/tr>\n<tr style=\"height: 13.50pt;\">\n<td style=\"height: 13.50pt;\" height=\"18\">\u5bf8\u6cd5<\/td>\n<td>30ml: 64\u00d728\u00d772mm; 50ml: 75\u00d725\u00d785mm; 100ml: 86\u00d736\u00d790mm<\/td>\n<\/tr>\n<tr style=\"height: 13.50pt;\">\n<td style=\"height: 13.50pt;\" height=\"18\">\u6750\u6599<\/td>\n<td>\u9ad8\u900f\u660e\u30ac\u30e9\u30b9\u30dc\u30c7\u30a3\u3001\u91d1\u5c5e\u90e8\u54c1<\/td>\n<\/tr>\n<tr style=\"height: 13.50pt;\">\n<td style=\"height: 13.50pt;\" height=\"18\">\u30dc\u30c8\u30eb\u306e\u5f62\u72b6<\/td>\n<td>3D\u30a2\u30fc\u30c1\u578b\u8868\u9762\u30ab\u30c3\u30c8\u3092\u5099\u3048\u305f\u6e7e\u66f2\u3057\u305f\u30c6\u30fc\u30d1\u30fc\u5f62\u72b6<\/td>\n<\/tr>\n<tr style=\"height: 13.50pt;\">\n<td style=\"height: 13.50pt;\" height=\"18\">\u30ab\u30b9\u30bf\u30de\u30a4\u30ba\u7bc4\u56f2<\/td>\n<td>\u30ab\u30e9\u30fc\uff08\u30b9\u30e2\u30fc\u30af\u3001\u30a2\u30f3\u30d0\u30fc\u3001\u30b0\u30e9\u30c7\u30fc\u30b7\u30e7\u30f3\uff09\u30d6\u30e9\u30f3\u30c7\u30a3\u30f3\u30b0\uff1a3D\u8868\u9762\u5f6b\u523b\u3001\u7cbe\u5bc6\u30b9\u30af\u30ea\u30fc\u30f3\u5370\u5237<\/td>\n<\/tr>\n<tr style=\"height: 13.50pt;\">\n<td style=\"height: 13.50pt;\" height=\"18\">\u8077\u4eba\u6280\u306e\u7279\u5fb4<\/td>\n<td>3D\u30a2\u30fc\u30c1\u30ab\u30c3\u30c8\u30ac\u30e9\u30b9\u5f6b\u523b<\/td>\n<\/tr>\n<tr style=\"height: 13.50pt;\">\n<td style=\"height: 13.50pt;\" height=\"18\">\u88fd\u54c1\u306e\u76ee\u7684<\/td>\n<td>\u8d85\u9ad8\u7d1a\u30d5\u30ec\u30b0\u30e9\u30f3\u30b9\u30dc\u30c8\u30eb\u3001\u30b3\u30ed\u30f3\u30dc\u30c8\u30eb\u306e\u5378\u58f2<\/td>\n<\/tr>\n<tr style=\"height: 13.50pt;\">\n<td style=\"height: 13.50pt;\" height=\"18\">\u9069\u3057\u305f\u696d\u754c<\/td>\n<td>\u9ad8\u7d1a\u30fb\u30cb\u30c3\u30c1\u9999\u6c34\u3001\u30c7\u30b6\u30a4\u30ca\u30fc\u30d5\u30a1\u30c3\u30b7\u30e7\u30f3\u30d6\u30e9\u30f3\u30c9\u3001\u9ad8\u7d1a\u5c0f\u58f2\u5e97<\/td>\n<\/tr>\n<\/tbody>\n<\/table>\n<h2>\u6210\u529f\u4e8b\u4f8b\uff1a\u4e2d\u6771\u306e\u9ad8\u7d1a\u30d6\u30e9\u30f3\u30c9\u30b0\u30eb\u30fc\u30d7\u306e\u4e3b\u529b\u5546\u54c1\u767a\u8868<\/h2>\n<p>\u30c9\u30d0\u30a4\u306e\u9ad8\u7d1a\u30d6\u30e9\u30f3\u30c9\u30b0\u30eb\u30fc\u30d7\u306e\u4e00\u3064\u304c\u3001\u5f53\u793e\u306e100ml\u30ab\u30b9\u30bf\u30de\u30a4\u30ba\u9999\u6c34\u30dc\u30c8\u30eb\u3092\u4e3b\u529b\u5546\u54c1\u3068\u3057\u3066\u63a1\u7528\u3057\u307e\u3057\u305f\u3002\u30b5\u30d5\u30a1\u30a4\u30a2\u8272\u306e\u7279\u6ce8\u30ac\u30e9\u30b9\u3092\u4f7f\u7528\u3057\u305f\u30dc\u30c8\u30eb\u304c\u958b\u767a\u3055\u308c\u307e\u3057\u305f\u3002\u30dc\u30c8\u30eb\u306e\u91cd\u91cf\u3068\u5b9d\u77f3\u306e\u3088\u3046\u306a\u5916\u89b3\u306e\u305f\u3081\u3001\u5c0f\u58f2\u4fa1\u683c\u306f\u88fd\u9020\u30b3\u30b9\u30c8\u306e400%\u5897\u3057\u3068\u306a\u308a\u307e\u3057\u305f\u3002\u30dc\u30c8\u30eb\u306e\u7279\u6b8a\u306a\u5149\u53cd\u5c04\u7279\u6027\u306b\u3088\u308a\u3001\u9867\u5ba2\u306f\u5c0f\u58f2\u30ab\u30a6\u30f3\u30bf\u30fc\u306760%\u3082\u9577\u304f\u904e\u3054\u3059\u3053\u3068\u306b\u306a\u308a\u307e\u3057\u305f\u3002\u30d6\u30e9\u30f3\u30c9\u304c\u6025\u901f\u306b\u6210\u9577\u3057\u305f\u3053\u3068\u3001\u305d\u3057\u3066\u30dc\u30c8\u30eb\u306e\u91cd\u8981\u6027\u306b\u611f\u9298\u3092\u53d7\u3051\u305f\u30c1\u30fc\u30e0\u306f\u3001\u3053\u306e\u5730\u57df\u3067\u72ec\u5360\u8ca9\u58f2\u3059\u308b\u6a29\u5229\u3092\u78ba\u4fdd\u3059\u308b\u305f\u3081\u300175\u4e07\u672c\u306e\u8ffd\u52a0\u6ce8\u6587\u3092\u884c\u3044\u307e\u3057\u305f\u3002<\/p>\n<h2>\u30b3\u30ed\u30f3\u30dc\u30c8\u30eb\u5378\u58f2\u30ab\u30b9\u30bf\u30de\u30a4\u30ba<\/h2>\n<ul>\n<li>\u30ac\u30e9\u30b9\u306e\u8272\u3068\u900f\u660e\u5ea6: \u3055\u307e\u3056\u307e\u306a\u8272\u306e\u8cb4\u91cd\u306a\u5b9d\u77f3 (\u30a8\u30e1\u30e9\u30eb\u30c9\u3001\u30eb\u30d3\u30fc\u3001\u7425\u73c0) \u3068\u3055\u307e\u3056\u307e\u306a\u7121\u8272\u5ea6\u304c\u63d0\u4f9b\u3055\u308c\u307e\u3059\u3002<\/li>\n<li>\u30e1\u30bf\u30ea\u30c3\u30af\u4ed5\u4e0a\u3052: \u30ce\u30ba\u30eb \u30ab\u30e9\u30fc\u3084\u305d\u306e\u4ed6\u306e\u91d1\u5c5e\u90e8\u54c1\u306f\u3001\u30ed\u30fc\u30ba \u30b4\u30fc\u30eb\u30c9\u3001\u30d6\u30e9\u30c3\u30af PVD\u3001\u30a2\u30f3\u30c6\u30a3\u30fc\u30af \u30b7\u30eb\u30d0\u30fc\u306a\u3069\u306e\u4ed5\u4e0a\u3052\u3067\u30ab\u30b9\u30bf\u30de\u30a4\u30ba\u3067\u304d\u307e\u3059\u3002<\/li>\n<li>\u30ab\u30b9\u30bf\u30e0\u30a2\u30fc\u30c1\u5f6b\u523b: \u6ce2\u3001\u8449\u3001\u5e7e\u4f55\u5b66\u6a21\u69d8\u306a\u3069\u306e\u7279\u6b8a\u306a\u8868\u9762\u5f6b\u523b\u30d1\u30bf\u30fc\u30f3\u3092\u30c7\u30b6\u30a4\u30f3\u3057\u307e\u3059\u3002<\/li>\n<li>\u66f2\u9762\u30ec\u30fc\u30b6\u30fc\u5f6b\u523b: \u30dc\u30c8\u30eb\u306e\u6ed1\u3089\u304b\u306a\u66f2\u9762\u306b\u30ed\u30b4\u3001\u30e2\u30ce\u30b0\u30e9\u30e0\u3001\u307e\u305f\u306f\u30d1\u30bf\u30fc\u30f3\u3092\u30a8\u30c3\u30c1\u30f3\u30b0\u3057\u307e\u3059\u3002<\/li>\n<\/ul>","protected":false},"excerpt":{"rendered":"<p>\u9ad8\u900f\u660e\u30ac\u30e9\u30b9\u3092\u4f7f\u7528\u3057\u305f\u30b3\u30ed\u30f3\u30dc\u30c8\u30eb\u3092\u5378\u58f2\u4fa1\u683c\u3067\u3054\u63d0\u4f9b\u3057\u3066\u3044\u307e\u3059\u3002\u3053\u308c\u3089\u306e\u30ab\u30b9\u30bf\u30de\u30a4\u30ba\u9999\u6c34\u30dc\u30c8\u30eb\u306f\u3001\u304a\u5ba2\u69d8\u306e\u30ed\u30b4\u3092\u5165\u308c\u3066\u9ad8\u7d1a\u611f\u3092\u6f14\u51fa\u3067\u304d\u307e\u3059\u3002\u7121\u6599\u30b5\u30f3\u30d7\u30eb\u3082\u3054\u7528\u610f\u3057\u3066\u304a\u308a\u307e\u3059\u3002<\/p>","protected":false},"featured_media":4259,"template":"","meta":{"postBodyCss":"","postBodyMargin":[],"postBodyPadding":[],"postBodyBackground":{"backgroundType":"classic","gradient":""}},"product_brand":[],"product_cat":[15,16,62],"product_tag":[],"class_list":{"0":"post-4256","1":"product","2":"type-product","3":"status-publish","4":"has-post-thumbnail","6":"product_cat-glass-containers","7":"product_cat-glass-bottles","8":"product_cat-perfume-bottles","10":"first","11":"instock","12":"shipping-taxable","13":"product-type-simple"},"jetpack_sharing_enabled":true,"_links":{"self":[{"href":"https:\/\/minghanggroup.com\/ja\/wp-json\/wp\/v2\/product\/4256","targetHints":{"allow":["GET"]}}],"collection":[{"href":"https:\/\/minghanggroup.com\/ja\/wp-json\/wp\/v2\/product"}],"about":[{"href":"https:\/\/minghanggroup.com\/ja\/wp-json\/wp\/v2\/types\/product"}],"wp:featuredmedia":[{"embeddable":true,"href":"https:\/\/minghanggroup.com\/ja\/wp-json\/wp\/v2\/media\/4259"}],"wp:attachment":[{"href":"https:\/\/minghanggroup.com\/ja\/wp-json\/wp\/v2\/media?parent=4256"}],"wp:term":[{"taxonomy":"product_brand","embeddable":true,"href":"https:\/\/minghanggroup.com\/ja\/wp-json\/wp\/v2\/product_brand?post=4256"},{"taxonomy":"product_cat","embeddable":true,"href":"https:\/\/minghanggroup.com\/ja\/wp-json\/wp\/v2\/product_cat?post=4256"},{"taxonomy":"product_tag","embeddable":true,"href":"https:\/\/minghanggroup.com\/ja\/wp-json\/wp\/v2\/product_tag?post=4256"}],"curies":[{"name":"wp","href":"https:\/\/api.w.org\/{rel}","templated":true}]}}