{"id":4236,"date":"2026-01-04T11:26:54","date_gmt":"2026-01-04T03:26:54","guid":{"rendered":"https:\/\/minghanggroup.com\/?post_type=product&#038;p=4236"},"modified":"2026-01-04T13:35:29","modified_gmt":"2026-01-04T05:35:29","slug":"clear-cologne-empty-bottles-with-metal-lids-bulk","status":"publish","type":"product","link":"https:\/\/minghanggroup.com\/ja\/product\/clear-cologne-empty-bottles-with-metal-lids-bulk\/","title":{"rendered":"50ml 100ml \u900f\u660e\u30b3\u30ed\u30f3\u7a7a\u30dc\u30c8\u30eb\uff08\u91d1\u5c5e\u84cb\u4ed8\u304d\uff09\u30d0\u30eb\u30af"},"content":{"rendered":"<p>\u3053\u306e\u30b3\u30ed\u30f3\u306e\u7a7a\u30dc\u30c8\u30eb\u306f\u3001\u78e8\u304d\u4e0a\u3052\u3089\u308c\u305f\u30ac\u30e9\u30b9\u88fd\u3067\u3001\u900f\u660e\u3067\u5e73\u3089\u3067\u3059\u3002\u672c\u4f53\u306f\u89d2\u304c\u4e38\u3044\u9577\u65b9\u5f62\u3067\u3059\u30022\u3064\u306e\u30b5\u30a4\u30ba\u304c\u3042\u308a\u3001\u30ad\u30e3\u30c3\u30d7\u306f\u30d6\u30e9\u30c3\u30af\u307e\u305f\u306f\u30b4\u30fc\u30eb\u30c9\u3067\u3001\u30ab\u30b9\u30bf\u30de\u30a4\u30ba\u3082\u53ef\u80fd\u3067\u3059\u3002<\/p>\n<h2>\u88fd\u54c1\u306e\u7279\u5fb4<\/h2>\n<ul>\n<li><strong>\u69cb\u9020\u7684\u306b\u8a2d\u8a08\u3055\u308c\u305f\u50be\u659c\u30dc\u30c7\u30a3\uff1a<\/strong> \u7d30\u8eab\u3067\u307e\u3063\u3059\u3050\u306a\u30dc\u30c7\u30a3\u306b\u3001\u659c\u3081\u306e\u30a8\u30c3\u30b8\u304c\u4ed8\u3044\u3066\u304a\u308a\u3001\u5927\u80c6\u3067\u30e2\u30c0\u30f3\u3001\u305d\u3057\u3066\u7537\u6027\u7684\u306a\u5370\u8c61\u3092\u4e0e\u3048\u307e\u3059\u3002<\/li>\n<li><strong>\u30c4\u30fc\u30c8\u30f3\u30e1\u30bf\u30eb\u30ad\u30e3\u30c3\u30d7:<\/strong> \u6d17\u7df4\u3055\u308c\u305f\u96f0\u56f2\u6c17\u3092\u6f02\u308f\u305b\u308b\u30d6\u30e9\u30c3\u30af\u3068\u30b4\u30fc\u30eb\u30c9\u306e\u5186\u7b52\u5f62\u30e1\u30bf\u30eb\u30c8\u30c3\u30d7\u3092\u63a1\u7528\u3057\u305f\u30c4\u30fc\u30c8\u30f3\u30ab\u30e9\u30fc\u306e\u30e1\u30bf\u30eb\u30ad\u30e3\u30c3\u30d7\u306f\u3001\u3069\u3061\u3089\u306e\u30c6\u30a4\u30b9\u30c8\u306b\u3082\u5c55\u958b\u3055\u308c\u3001\u69d8\u3005\u306a\u9999\u308a\u306e\u30c6\u30a4\u30b9\u30c8\u306b\u30de\u30c3\u30c1\u3057\u307e\u3059\u3002<\/li>\n<li><strong>\u30c7\u30e5\u30a2\u30eb\u5bb9\u91cf:<\/strong> 2 \u3064\u306e\u30dc\u30c8\u30eb \u200b\u200b\u30b5\u30a4\u30ba\u306f\u3001\u65e5\u5e38\u7684\u306a\u4f7f\u7528\u3068\u4fbf\u5229\u306a\u4fdd\u7ba1\u306b\u9069\u3057\u3066\u304a\u308a\u3001\u67d4\u8edf\u6027\u3068\u5b9f\u7528\u6027\u304c\u5411\u4e0a\u3057\u3066\u3044\u307e\u3059\u3002<\/li>\n<\/ul>\n<h2 style=\"text-align: left;\">\u4e3b\u306a\u4ed5\u69d8<\/h2>\n<table class=\"aligncenter\" style=\"border-collapse: collapse; width: 471.02pt;\" border=\"0\" width=\"628\" cellspacing=\"0\" cellpadding=\"0\">\n<tbody>\n<tr style=\"height: 13.50pt;\">\n<td style=\"height: 13.50pt; width: 130.50pt;\" width=\"174\" height=\"18\">\u4ed5\u69d8<\/td>\n<td style=\"width: 340.50pt;\" width=\"454\">\u8a73\u7d30<\/td>\n<\/tr>\n<tr style=\"height: 13.50pt;\">\n<td style=\"height: 13.50pt;\" height=\"18\">\u5bf8\u6cd5<\/td>\n<td>50ml: 42\u00d725\u00d792mm; 100ml: 53\u00d731\u00d7114mm<\/td>\n<\/tr>\n<tr style=\"height: 13.50pt;\">\n<td style=\"height: 13.50pt;\" height=\"18\">\u6750\u6599<\/td>\n<td>\u900f\u660e\u30ac\u30e9\u30b9\u30dc\u30c7\u30a3\u3001\u9ad8\u54c1\u8cea\u306e\u91d1\u5c5e\u88fd\u30b9\u30af\u30ea\u30e5\u30fc\u30ad\u30e3\u30c3\u30d7<\/td>\n<\/tr>\n<tr style=\"height: 13.50pt;\">\n<td style=\"height: 13.50pt;\" height=\"18\">\u30dc\u30c8\u30eb\u306e\u5f62\u72b6<\/td>\n<td>\u7cbe\u5bc6\u306b\u9762\u53d6\u308a\u3055\u308c\u305f\u30a8\u30c3\u30b8\u3092\u5099\u3048\u305f\u80cc\u306e\u9ad8\u3044\u9577\u65b9\u5f62<\/td>\n<\/tr>\n<tr style=\"height: 13.50pt;\">\n<td style=\"height: 13.50pt;\" height=\"18\">\u30ab\u30b9\u30bf\u30de\u30a4\u30ba\u7bc4\u56f2<\/td>\n<td>\u30d5\u30ed\u30b9\u30c8 \/ \u30de\u30c3\u30c8 \/ \u30b9\u30af\u30ea\u30fc\u30f3\u5370\u5237 \/ \u30ec\u30fc\u30b6\u30fc\u30a8\u30c3\u30c1\u30f3\u30b0<\/td>\n<\/tr>\n<tr style=\"height: 13.50pt;\">\n<td style=\"height: 13.50pt;\" height=\"18\">\u88fd\u54c1\u306e\u76ee\u7684<\/td>\n<td>\u30b3\u30ed\u30f3\u7a7a\u30dc\u30c8\u30eb\u3001\u30d5\u30ec\u30b0\u30e9\u30f3\u30b9\u30dc\u30c8\u30eb<\/td>\n<\/tr>\n<tr style=\"height: 13.50pt;\">\n<td style=\"height: 13.50pt;\" height=\"18\">\u9069\u3057\u305f\u696d\u754c<\/td>\n<td>\u30b0\u30eb\u30fc\u30df\u30f3\u30b0\u30d6\u30e9\u30f3\u30c9\u3001\u30d7\u30e9\u30a4\u30d9\u30fc\u30c8\u30e9\u30d9\u30eb\u3001\u30ab\u30b9\u30bf\u30e0\u30d5\u30ec\u30b0\u30e9\u30f3\u30b9\u30b9\u30bf\u30b8\u30aa<\/td>\n<\/tr>\n<\/tbody>\n<\/table>\n<h2>\u6210\u529f\u4e8b\u4f8b<\/h2>\n<p>\u5f53\u793e\u306e100ml\u30b3\u30ed\u30f3\u30b9\u30d7\u30ec\u30fc\u30dc\u30c8\u30eb\u306f\u3001\u6025\u6210\u9577\u4e2d\u306eDTC\u7537\u6027\u7528\u30b0\u30eb\u30fc\u30df\u30f3\u30b0\u30d3\u30b8\u30cd\u30b9\u306b\u63a1\u7528\u3055\u308c\u3001\u7279\u6ce8\u306e\u30de\u30c3\u30c8\u30d6\u30e9\u30c3\u30af\u30ad\u30e3\u30c3\u30d7\u3068\u30d5\u30ed\u30b9\u30c8\u30ac\u30e9\u30b9\u30dc\u30c7\u30a3\u304c\u7d44\u307f\u5408\u308f\u3055\u308c\u3066\u3044\u307e\u3059\u3002\u9762\u53d6\u308a\u3055\u308c\u305f\u30a8\u30c3\u30b8\u30c7\u30b6\u30a4\u30f3\u306f\u3001\u512a\u308c\u305f\u30b0\u30ea\u30c3\u30d7\u611f\u3068\u72ec\u7279\u306e\u624b\u89e6\u308a\u3092\u5b9f\u73fe\u3057\u3001\u9867\u5ba2\u30ec\u30d3\u30e5\u30fc\u306e40%\u3067\u9ad8\u304f\u8a55\u4fa1\u3055\u308c\u3066\u3044\u307e\u3059\u3002\u9632\u6c34\u8a2d\u8a08\u3068\u5805\u7262\u306a\u30ac\u30e9\u30b9\u306b\u3088\u308a\u300199.8%\u306e\u914d\u9001\u6210\u529f\u7387\u3092\u4fdd\u8a3c\u3057\u3066\u3044\u307e\u3059\u3002\u30d6\u30e9\u30f3\u30c9\u306f\u88fd\u54c1\u306e\u5e02\u5834\u9069\u5408\u6027\u3068\u54c1\u8cea\u306b\u975e\u5e38\u306b\u6e80\u8db3\u3057\u3001\u65b0\u88fd\u54c1\u30e9\u30a4\u30f3\u306e\u8ca9\u58f2\u3068\u56fd\u969b\u5e02\u5834\u3078\u306e\u5c55\u958b\u306e\u305f\u3081\u300130\u4e07\u672c\u3092\u767a\u6ce8\u3057\u307e\u3057\u305f\u3002<\/p>\n<h2>\u30b3\u30ed\u30f3\u7a7a\u30dc\u30c8\u30eb\u306e\u30ab\u30b9\u30bf\u30de\u30a4\u30ba\u30aa\u30d7\u30b7\u30e7\u30f3<\/h2>\n<ul>\n<li>\u30ac\u30e9\u30b9\u306e\u8272\u3068\u4ed5\u4e0a\u3052 \u2013 \u3055\u307e\u3056\u307e\u306a\u8272\u8abf\uff08\u7425\u73c0\u8272\u3001\u7070\u8272\uff09\u304c\u7528\u610f\u3055\u308c\u3066\u304a\u308a\u3001\u5b8c\u5168\u306b\u30d5\u30ed\u30b9\u30c8\u52a0\u5de5\u3055\u308c\u305f\u30b5\u30c6\u30f3\u30a8\u30c3\u30c1\u30f3\u30b0\u306a\u3069\u3067\u4ed5\u4e0a\u3052\u308b\u3053\u3068\u3082\u3067\u304d\u307e\u3059\u3002<\/li>\n<li>\u30ac\u30e9\u30b9\u30b9\u30af\u30ea\u30fc\u30f3\u5370\u5237 - \u5e73\u3089\u306a\u30ac\u30e9\u30b9\u306e\u8868\u9762\u306b\u30ed\u30b4\u3001\u30d1\u30bf\u30fc\u30f3\u3001\u307e\u305f\u306f\u30c6\u30ad\u30b9\u30c8\u3092\u30b9\u30af\u30ea\u30fc\u30f3\u5370\u5237\u3057\u307e\u3059\u3002<\/li>\n<li>\u6d6e\u304d\u5f6b\u308a\u306e\u5bb9\u91cf\u76ee\u76db\u308a \u2013 \u30dc\u30c8\u30eb\u306e\u5e95\u306b\u6d6e\u304d\u5f6b\u308a\u306e\u5bb9\u91cf\u76ee\u76db\u308a\u304c\u4ed8\u3044\u3066\u3044\u307e\u3059 (\u4f8b: \u300c100ml\u300d)\u3002<\/li>\n<li>\u30b9\u30d7\u30ec\u30fc \u30dd\u30f3\u30d7\u306e\u7d71\u5408 - \u30dc\u30c8\u30eb\u306e\u6a19\u6e96\u30a4\u30f3\u30bf\u30fc\u30d5\u30a7\u30fc\u30b9\u306b\u9069\u5408\u3059\u308b\u5fae\u7d30\u30df\u30b9\u30c8 \u30b9\u30d7\u30ec\u30fc \u30dd\u30f3\u30d7\u306e\u7d71\u5408\u3067\u3059\u3002<\/li>\n<\/ul>","protected":false},"excerpt":{"rendered":"<p>\u30d6\u30e9\u30f3\u30c9\u54c1\u306e\u30b3\u30ed\u30f3\u7a7a\u30dc\u30c8\u30eb\u3068\u30b3\u30ed\u30f3\u30b9\u30d7\u30ec\u30fc\u30dc\u30c8\u30eb\u3002\u900f\u660e\u306a\u30ac\u30e9\u30b9\u3068\u91d1\u5c5e\u30ad\u30e3\u30c3\u30d7\u3067\u4f5c\u3089\u308c\u3066\u304a\u308a\u3001\u5927\u91cf\u5378\u58f2\u306b\u3082\u5bfe\u5fdc\u3057\u3066\u304a\u308a\u3001\u8fc5\u901f\u306a\u914d\u9001\u304c\u53ef\u80fd\u3067\u3059\u3002<\/p>","protected":false},"featured_media":4241,"template":"","meta":{"postBodyCss":"","postBodyMargin":[],"postBodyPadding":[],"postBodyBackground":{"backgroundType":"classic","gradient":""}},"product_brand":[],"product_cat":[15,16,62],"product_tag":[],"class_list":{"0":"post-4236","1":"product","2":"type-product","3":"status-publish","4":"has-post-thumbnail","6":"product_cat-glass-containers","7":"product_cat-glass-bottles","8":"product_cat-perfume-bottles","10":"first","11":"instock","12":"shipping-taxable","13":"product-type-simple"},"jetpack_sharing_enabled":true,"_links":{"self":[{"href":"https:\/\/minghanggroup.com\/ja\/wp-json\/wp\/v2\/product\/4236","targetHints":{"allow":["GET"]}}],"collection":[{"href":"https:\/\/minghanggroup.com\/ja\/wp-json\/wp\/v2\/product"}],"about":[{"href":"https:\/\/minghanggroup.com\/ja\/wp-json\/wp\/v2\/types\/product"}],"wp:featuredmedia":[{"embeddable":true,"href":"https:\/\/minghanggroup.com\/ja\/wp-json\/wp\/v2\/media\/4241"}],"wp:attachment":[{"href":"https:\/\/minghanggroup.com\/ja\/wp-json\/wp\/v2\/media?parent=4236"}],"wp:term":[{"taxonomy":"product_brand","embeddable":true,"href":"https:\/\/minghanggroup.com\/ja\/wp-json\/wp\/v2\/product_brand?post=4236"},{"taxonomy":"product_cat","embeddable":true,"href":"https:\/\/minghanggroup.com\/ja\/wp-json\/wp\/v2\/product_cat?post=4236"},{"taxonomy":"product_tag","embeddable":true,"href":"https:\/\/minghanggroup.com\/ja\/wp-json\/wp\/v2\/product_tag?post=4236"}],"curies":[{"name":"wp","href":"https:\/\/api.w.org\/{rel}","templated":true}]}}