{"id":4225,"date":"2025-12-31T11:26:29","date_gmt":"2025-12-31T03:26:29","guid":{"rendered":"https:\/\/minghanggroup.com\/?post_type=product&#038;p=4225"},"modified":"2025-12-31T11:55:45","modified_gmt":"2025-12-31T03:55:45","slug":"round-glass-perfume-containers-with-metal-lids-bulk","status":"publish","type":"product","link":"https:\/\/minghanggroup.com\/ja\/product\/round-glass-perfume-containers-with-metal-lids-bulk\/","title":{"rendered":"30ml 50ml 80ml \u4e38\u578b\u30ac\u30e9\u30b9\u9999\u6c34\u5bb9\u5668\uff08\u91d1\u5c5e\u88fd\u84cb\u4ed8\u304d\uff09\u30d0\u30eb\u30af"},"content":{"rendered":"<p>\u9999\u6c34\u306e\u4e38\u3044\u30dc\u30c8\u30eb\u306f\u900f\u660e\u3067\u6ed1\u3089\u304b\u306a\u30ac\u30e9\u30b9\u3067\u4f5c\u3089\u308c\u3066\u304a\u308a\u3001\u5e95\u90e8\u306f\u539a\u304f\u306a\u3063\u3066\u5b89\u5b9a\u6027\u304c\u9ad8\u304f\u3001\u91d1\u5c5e\u88fd\u306e\u4e0a\u90e8\u306f\u5186\u7b52\u5f62\u306b\u306a\u3063\u3066\u3044\u307e\u3059\u3002<\/p>\n<h2>\u88fd\u54c1\u306e\u7279\u5fb4<\/h2>\n<ul>\n<li><strong>\u7403\u5f62\u306e\u30bd\u30d5\u30c8\u30bf\u30c3\u30c1\u30dc\u30c8\u30eb\uff1a<\/strong> \u7403\u5f62\u3067\u6ed1\u3089\u304b\u306a\u30ac\u30e9\u30b9\u30dc\u30c8\u30eb\u306e\u30c7\u30b6\u30a4\u30f3\u306f\u3001\u67d4\u3089\u304b\u306a\u7f8e\u3057\u3055\u304c\u3042\u308a\u3001\u6301\u3061\u3084\u3059\u304f\u306a\u3063\u3066\u3044\u307e\u3059\u3002<\/li>\n<li><strong>\u30de\u30eb\u30c1\u30ab\u30e9\u30fc\u30e1\u30bf\u30eb\u30ad\u30e3\u30c3\u30d7\uff1a<\/strong> \u5186\u7b52\u5f62\u306e\u9ed2\u3001\u91d1\u3001\u9280\u306e\u30e1\u30bf\u30ea\u30c3\u30af\u30ad\u30e3\u30c3\u30d7\u304c\u4ed8\u5c5e\u3057\u3066\u304a\u308a\u3001\u88fd\u54c1\u306e\u6d17\u7df4\u5ea6\u3092\u9ad8\u3081\u308b\u3060\u3051\u3067\u306a\u304f\u3001\u9b45\u529b\u7684\u306a\u30b9\u30bf\u30a4\u30eb\u306e\u9078\u629e\u80a2\u3092\u63d0\u4f9b\u3057\u307e\u3059\u3002<\/li>\n<li><strong>3\u3064\u306e\u30b5\u30a4\u30ba:<\/strong> \u3053\u306e\u88fd\u54c1\u306f\u3001\u304a\u8a66\u3057\u30b5\u30a4\u30ba\u3001\u65e5\u5e38\u4f7f\u3044\u306e\u9999\u308a\u3001\u30ae\u30d5\u30c8\u306b\u6700\u9069\u306a\u30b5\u30a4\u30ba\u306a\u3069\u3001\u3055\u307e\u3056\u307e\u306a\u30cb\u30fc\u30ba\u3092\u6e80\u305f\u3059 30ml\u300150ml\u300180ml \u306e\u30b5\u30a4\u30ba\u3067\u63d0\u4f9b\u3055\u308c\u3066\u3044\u307e\u3059\u3002<\/li>\n<\/ul>\n<h2 style=\"text-align: left;\">\u4e3b\u306a\u4ed5\u69d8<\/h2>\n<table class=\"aligncenter\" style=\"border-collapse: collapse; width: 482.27pt;\" border=\"0\" width=\"643\" cellspacing=\"0\" cellpadding=\"0\">\n<tbody>\n<tr style=\"height: 13.50pt;\">\n<td style=\"height: 13.50pt; width: 131.25pt;\" width=\"175\" height=\"18\">\u4ed5\u69d8<\/td>\n<td style=\"width: 351.00pt;\" width=\"468\">\u8a73\u7d30<\/td>\n<\/tr>\n<tr style=\"height: 13.50pt;\">\n<td style=\"height: 13.50pt;\" height=\"18\">\u5bf8\u6cd5<\/td>\n<td>30ml: 50\u00d764mm; 50ml: 57\u00d763mm; 80ml: 70\u00d775mm<\/td>\n<\/tr>\n<tr style=\"height: 13.50pt;\">\n<td style=\"height: 13.50pt;\" height=\"18\">\u6750\u6599<\/td>\n<td>\u900f\u660e\u30ac\u30e9\u30b9\u30dc\u30c7\u30a3\u3001\u9ed2\/\u91d1\/\u9280\u306e\u5186\u7b52\u5f62\u91d1\u5c5e\u30ad\u30e3\u30c3\u30d7<\/td>\n<\/tr>\n<tr style=\"height: 13.50pt;\">\n<td style=\"height: 13.50pt;\" height=\"18\">\u30dc\u30c8\u30eb\u306e\u5f62\u72b6<\/td>\n<td>\u91cd\u307f\u306e\u3042\u308b\u30d9\u30fc\u30b9\u4ed8\u304d\u7403\u4f53\uff08\u5b89\u5b9a\u3057\u305f\u30c7\u30a3\u30b9\u30d7\u30ec\u30a4\u8a2d\u8a08\uff09<\/td>\n<\/tr>\n<tr style=\"height: 13.50pt;\">\n<td style=\"height: 13.50pt;\" height=\"18\">\u8077\u4eba\u6280\u306e\u7279\u5fb4<\/td>\n<td>\u7cbe\u5bc6\u7403\u72b6\u30ac\u30e9\u30b9\u5439\u304d\u3001\u52a0\u91cd\u30d9\u30fc\u30b9\u6210\u5f62<\/td>\n<\/tr>\n<tr style=\"height: 13.50pt;\">\n<td style=\"height: 13.50pt;\" height=\"18\">\u7406\u60f3\u7684\u306a\u7528\u9014<\/td>\n<td>\u9999\u6c34\u5bb9\u5668\u3001\u4e38\u578b\u9999\u6c34\u74f6\uff08\u30d0\u30eb\u30af\uff09<\/td>\n<\/tr>\n<\/tbody>\n<\/table>\n<h2>\u6210\u529f\u4e8b\u4f8b<\/h2>\n<p>\u97d3\u56fd\u306e\u30c8\u30ec\u30f3\u30c9\u7f8e\u5bb9\u30fb\u30e9\u30a4\u30d5\u30b9\u30bf\u30a4\u30eb\u30d6\u30e9\u30f3\u30c9\u304c\u3001\u521d\u306e\u9999\u6c34\u30b7\u30ea\u30fc\u30ba\u3092\u767a\u8868\u3057\u307e\u3057\u305f\u3002\u67d4\u3089\u304b\u306a\u8272\u5408\u3044\u306e\u30ad\u30e3\u30c3\u30d7\u304c\u4ed8\u3044\u305f50ml\u306e\u4e38\u578b\u9999\u6c34\u5bb9\u5668\u304c\u9078\u3070\u308c\u307e\u3057\u305f\u3002\u3053\u306e\u30ad\u30e5\u30fc\u30c8\u306a\u4e38\u578b\u9999\u6c34\u306f\u767a\u58f2\u5f8c\u3059\u3050\u306b\u4eba\u6c17\u3092\u535a\u3057\u3001\u767a\u58f21\u30f6\u6708\u3067\u30bd\u30fc\u30b7\u30e3\u30eb\u30e1\u30c7\u30a3\u30a2\u3067\u306e\u8a00\u53ca\u6570\u304c500%\u5897\u52a0\u3057\u307e\u3057\u305f\u3002\u7279\u5fb4\u7684\u306a\u30dc\u30c8\u30eb\u5f62\u72b6\u306f\u3001\u30d6\u30e9\u30f3\u30c9\u30b7\u30b0\u30cd\u30c1\u30e3\u30fc\u306e\u4e00\u3064\u3068\u3057\u3066\u5b9a\u7740\u3057\u3001\u5bfe\u8c61\u9867\u5ba2\u306e90%\u304c\u7279\u306b\u610f\u8b58\u3057\u306a\u304f\u3066\u3082\u305d\u306e\u5f62\u72b6\u3092\u8b58\u5225\u3067\u304d\u308b\u3088\u3046\u306b\u306a\u308a\u307e\u3057\u305f\u3002\u3053\u306e\u5927\u6210\u529f\u3092\u53d7\u3051\u3001\u30d6\u30e9\u30f3\u30c9\u306f\u4e16\u754c\u5e02\u5834\u3078\u306e\u5c55\u958b\u306b\u5411\u3051\u3066\u3055\u3089\u306b60\u4e07\u672c\u3092\u767a\u6ce8\u3057\u307e\u3057\u305f\u3002<\/p>\n<h2>\u9999\u6c34\u4e38\u74f6\u306e\u30dc\u30c8\u30ea\u30f3\u30b0\u30aa\u30d7\u30b7\u30e7\u30f3<\/h2>\n<ul>\n<li>\u30ab\u30b9\u30bf\u30e0\u30e1\u30bf\u30eb\u30ad\u30e3\u30c3\u30d7\u30ab\u30e9\u30fc - \u30ad\u30e3\u30c3\u30d7\u306ePVD\u306f\u3001\u30d6\u30e9\u30f3\u30c9\u3084\u5b63\u7bc0\u306e\u30ab\u30e9\u30fc\u306b\u5408\u308f\u305b\u3066\u30ab\u30b9\u30bf\u30de\u30a4\u30ba\u3067\u304d\u307e\u3059\u3002<\/li>\n<li>\u30ac\u30e9\u30b9\u306e\u8272\u3068\u900f\u660e\u5ea6 \u2013 \u7403\u5f62\u306e\u30ac\u30e9\u30b9\u74f6\u306b\u306f\u3001\u3055\u307e\u3056\u307e\u306a\u4ed5\u4e0a\u3052\uff08\u30d4\u30f3\u30af\u3001\u30d6\u30eb\u30fc\u3001\u30a2\u30f3\u30d0\u30fc\uff09\u3084\u30d5\u30ed\u30b9\u30c8\u4ed5\u4e0a\u3052\u304c\u3042\u308a\u307e\u3059\u3002<\/li>\n<li>\u30ac\u30e9\u30b9\u30b9\u30af\u30ea\u30fc\u30f3\u5370\u5237 - \u66f2\u9762\u30ac\u30e9\u30b9: \u30b7\u30f3\u30d7\u30eb\u306a\u30ed\u30b4\u3001\u30d1\u30bf\u30fc\u30f3\u3001\u307e\u305f\u306f\u30c6\u30ad\u30b9\u30c8\u3092\u8868\u9762\u306b\u5370\u5237\u3057\u307e\u3059\u3002<\/li>\n<li>\u30ec\u30fc\u30b6\u30fc \u30a8\u30c3\u30c1\u30f3\u30b0 \u2013 \u8a73\u7d30\u306a\u753b\u50cf\u3001\u661f\u5ea7\u3001\u6587\u5b57\u306e\u7d44\u307f\u5408\u308f\u305b\u3092\u30ac\u30e9\u30b9\u306b\u30a8\u30c3\u30c1\u30f3\u30b0\u3057\u307e\u3059\u3002<\/li>\n<\/ul>","protected":false},"excerpt":{"rendered":"<p>\u900f\u660e\u30ac\u30e9\u30b9\u3068\u91d1\u5c5e\u30ad\u30e3\u30c3\u30d7\u304c\u4ed8\u3044\u305f\u4e38\u578b\u9999\u6c34\u30dc\u30c8\u30eb\u3002\u6ed1\u3089\u304b\u306a\u7403\u5f62\u30c7\u30b6\u30a4\u30f3\u3067\u3001\u69d8\u3005\u306a\u30b5\u30a4\u30ba\u3092\u3054\u7528\u610f\u3057\u3066\u3044\u307e\u3059\u3002\u5404\u30d6\u30e9\u30f3\u30c9\u3078\u306e\u5de5\u5834\u76f4\u9001\u3002<\/p>","protected":false},"featured_media":4226,"template":"","meta":{"postBodyCss":"","postBodyMargin":[],"postBodyPadding":[],"postBodyBackground":{"backgroundType":"classic","gradient":""}},"product_brand":[],"product_cat":[15,16,62],"product_tag":[],"class_list":{"0":"post-4225","1":"product","2":"type-product","3":"status-publish","4":"has-post-thumbnail","6":"product_cat-glass-containers","7":"product_cat-glass-bottles","8":"product_cat-perfume-bottles","10":"first","11":"instock","12":"shipping-taxable","13":"product-type-simple"},"jetpack_sharing_enabled":true,"_links":{"self":[{"href":"https:\/\/minghanggroup.com\/ja\/wp-json\/wp\/v2\/product\/4225","targetHints":{"allow":["GET"]}}],"collection":[{"href":"https:\/\/minghanggroup.com\/ja\/wp-json\/wp\/v2\/product"}],"about":[{"href":"https:\/\/minghanggroup.com\/ja\/wp-json\/wp\/v2\/types\/product"}],"wp:featuredmedia":[{"embeddable":true,"href":"https:\/\/minghanggroup.com\/ja\/wp-json\/wp\/v2\/media\/4226"}],"wp:attachment":[{"href":"https:\/\/minghanggroup.com\/ja\/wp-json\/wp\/v2\/media?parent=4225"}],"wp:term":[{"taxonomy":"product_brand","embeddable":true,"href":"https:\/\/minghanggroup.com\/ja\/wp-json\/wp\/v2\/product_brand?post=4225"},{"taxonomy":"product_cat","embeddable":true,"href":"https:\/\/minghanggroup.com\/ja\/wp-json\/wp\/v2\/product_cat?post=4225"},{"taxonomy":"product_tag","embeddable":true,"href":"https:\/\/minghanggroup.com\/ja\/wp-json\/wp\/v2\/product_tag?post=4225"}],"curies":[{"name":"wp","href":"https:\/\/api.w.org\/{rel}","templated":true}]}}