{"id":4208,"date":"2025-12-30T15:33:11","date_gmt":"2025-12-30T07:33:11","guid":{"rendered":"https:\/\/minghanggroup.com\/?post_type=product&#038;p=4208"},"modified":"2025-12-30T16:53:58","modified_gmt":"2025-12-30T08:53:58","slug":"clear-glass-cologne-bottles-with-metal-lids-bulk","status":"publish","type":"product","link":"https:\/\/minghanggroup.com\/ja\/product\/clear-glass-cologne-bottles-with-metal-lids-bulk\/","title":{"rendered":"30ml 50ml 100ml \u900f\u660e\u30ac\u30e9\u30b9\u30b3\u30ed\u30f3\u30dc\u30c8\u30eb\uff08\u91d1\u5c5e\u88fd\u84cb\u4ed8\u304d\uff09\u30d0\u30eb\u30af"},"content":{"rendered":"<p>\u4e38\u307f\u3092\u5e2f\u3073\u305f\u30b9\u30af\u30a8\u30a2\u578b\u306e\u30b3\u30ed\u30f3\u30dc\u30c8\u30eb\u3067\u3059\u3002\u30b7\u30f3\u30d7\u30eb\u306a\u69cb\u9020\u3068\u3001\u30b9\u30af\u30a8\u30a2\u3068\u30df\u30cb\u30de\u30ea\u30ba\u30e0\u3092\u4f53\u73fe\u3057\u305f\u30c9\u30fc\u30e0\u578b\u306e\u30e1\u30bf\u30eb\u30ad\u30e3\u30c3\u30d7\u304c\u3001\u5370\u8c61\u7684\u306a\u30b3\u30f3\u30c8\u30e9\u30b9\u30c8\u3092\u751f\u307f\u51fa\u3057\u3066\u3044\u307e\u3059\u3002<\/p>\n<h2>\u88fd\u54c1\u306e\u7279\u5fb4<\/h2>\n<ul>\n<li><strong>\u69d8\u3005\u306a\u30b5\u30a4\u30ba:<\/strong> \u500b\u4eba\u8cfc\u5165\u3067\u3082\u307e\u3068\u3081\u8cb7\u3044\u3067\u3082\u3001\u30cb\u30fc\u30ba\u306b\u5fdc\u3058\u3066\u9999\u308a\u3092\u4fdd\u5b58\u3059\u308b\u305f\u3081\u306b\u8cfc\u5165\u3067\u304d\u308b\u3055\u307e\u3056\u307e\u306a\u30b5\u30a4\u30ba\u304c\u3042\u308a\u307e\u3059\u3002<\/li>\n<li><strong>\u30e1\u30bf\u30ea\u30c3\u30af\u30ad\u30e3\u30c3\u30d7:<\/strong> \u30b7\u30eb\u30d0\u30fc\u3001\u30b4\u30fc\u30eb\u30c9\u3001\u30d6\u30e9\u30c3\u30af\u306e\u56db\u89d2\u3044\u91d1\u5c5e\u30ad\u30e3\u30c3\u30d7\u304c\u3055\u307e\u3056\u307e\u306a\u30b9\u30bf\u30a4\u30eb\u3067\u7528\u610f\u3055\u308c\u3066\u304a\u308a\u3001\u4e0a\u54c1\u3067\u30e2\u30c0\u30f3\u306a\u88fd\u54c1\u306b\u4ed5\u4e0a\u304c\u3063\u3066\u3044\u307e\u3059\u3002<\/li>\n<li><strong>\u4e38\u307f\u3092\u5e2f\u3073\u305f\u56db\u89d2\u3044\u30dc\u30c8\u30eb\u672c\u4f53\uff1a<\/strong> \u56db\u89d2\u3044\u5186\u7b52\u5f62\u306e\u30dc\u30c8\u30eb\u672c\u4f53\u306e\u89d2\u306b\u4e38\u307f\u3092\u6301\u305f\u305b\u3001\u6ed1\u3089\u304b\u306a\u30e9\u30a4\u30f3\u306b\u3059\u308b\u3053\u3068\u3067\u3001\u6301\u3061\u3084\u3059\u304f\u3001\u30c7\u30a3\u30b9\u30d7\u30ec\u30a4\u3057\u3084\u3059\u304f\u306a\u308a\u307e\u3057\u305f\u3002<\/li>\n<\/ul>\n<h2 style=\"text-align: left;\">\u4e3b\u306a\u4ed5\u69d8<\/h2>\n<table class=\"aligncenter\" style=\"border-collapse: collapse; width: 434.27pt;\" border=\"0\" width=\"579\" cellspacing=\"0\" cellpadding=\"0\">\n<tbody>\n<tr style=\"height: 13.50pt;\">\n<td style=\"height: 13.50pt; width: 82.50pt;\" width=\"110\" height=\"18\">\u4ed5\u69d8<\/td>\n<td style=\"width: 351.75pt;\" width=\"469\">\u8a73\u7d30<\/td>\n<\/tr>\n<tr style=\"height: 13.50pt;\">\n<td style=\"height: 13.50pt;\" height=\"18\">\u5bf8\u6cd5<\/td>\n<td>30ml: 56\u00d728\u00d770mm; 50ml: 63\u00d731\u00d779mm; 100ml: 76\u00d738\u00d798mm<\/td>\n<\/tr>\n<tr style=\"height: 13.50pt;\">\n<td style=\"height: 13.50pt;\" height=\"18\">\u6750\u6599<\/td>\n<td>\u900f\u660e\u30ac\u30e9\u30b9\u30dc\u30c7\u30a3\u3001\u30b7\u30eb\u30d0\u30fc\/\u30b4\u30fc\u30eb\u30c9\/\u30d6\u30e9\u30c3\u30af\u306e\u30e1\u30bf\u30eb\u30ad\u30e3\u30c3\u30d7<\/td>\n<\/tr>\n<tr style=\"height: 13.50pt;\">\n<td style=\"height: 13.50pt;\" height=\"18\">\u30dc\u30c8\u30eb\u306e\u5f62\u72b6<\/td>\n<td>\u4e38\u307f\u3092\u5e2f\u3073\u305f\u56db\u89d2\u67f1\uff08\u30bd\u30d5\u30c8\u30a8\u30c3\u30b8\u6210\u5f62\uff09<\/td>\n<\/tr>\n<tr style=\"height: 13.50pt;\">\n<td style=\"height: 13.50pt;\" height=\"18\">\u9589\u9396\u30bf\u30a4\u30d7<\/td>\n<td>\u89d2\u578b\u91d1\u5c5e\u30b9\u30af\u30ea\u30e5\u30fc\u30ad\u30e3\u30c3\u30d7\uff08\u78ba\u5b9f\u306a\u6c17\u5bc6\u30b7\u30fc\u30eb\uff09<\/td>\n<\/tr>\n<tr style=\"height: 13.50pt;\">\n<td style=\"height: 13.50pt;\" height=\"18\">\u7406\u60f3\u7684\u306a\u7528\u9014<\/td>\n<td>\u30b3\u30ed\u30f3\u30dc\u30c8\u30eb\u5378\u58f2\u3001\u9999\u6c34\u30dc\u30c8\u30eb\u30d0\u30eb\u30af<\/td>\n<\/tr>\n<\/tbody>\n<\/table>\n<h2>\u6210\u529f\u306e\u7269\u8a9e<\/h2>\n<p>\u7537\u6027\u5411\u3051\u88fd\u54c1\u3092D2C\u3067\u8ca9\u58f2\u3059\u308b\u4eba\u6c17\u4f01\u696d\u306e\u4e00\u3064\u304c\u3001\u30d5\u30ec\u30b0\u30e9\u30f3\u30b9\u5e02\u5834\u306b\u53c2\u5165\u3057\u307e\u3057\u305f\u3002\u6700\u521d\u306e3\u7a2e\u985e\u306e\u30d5\u30ec\u30b0\u30e9\u30f3\u30b9\u306b\u5f53\u793e\u306e\u30b3\u30ed\u30f3\u30dc\u30c8\u30eb\u3092\u4f7f\u7528\u3057\u3001\u305d\u308c\u305e\u308c\u306b\u5c02\u7528\u306e\u30ab\u30e9\u30fc\u30ad\u30e3\u30c3\u30d7\u3092\u4ed8\u5c5e\u3055\u305b\u308b\u3053\u3068\u306b\u6c7a\u5b9a\u3057\u307e\u3057\u305f\u3002\u4e38\u307f\u3092\u5e2f\u3073\u305f\u56db\u89d2\u3044\u30dc\u30c8\u30eb\u306f\u5927\u5909\u597d\u8a55\u3067\u3001\u9867\u5ba2\u30b3\u30e1\u30f3\u30c8\u306e85%\u306b\u300c\u7d20\u6674\u3089\u3057\u3044\u4f7f\u3044\u5fc3\u5730\u300d\u3068\u3044\u3046\u30b3\u30e1\u30f3\u30c8\u304c\u542b\u307e\u308c\u3066\u3044\u307e\u3057\u305f\u3002\u30b7\u30f3\u30d7\u30eb\u306a\u30c7\u30b6\u30a4\u30f3\u306f\u3001\u30bd\u30fc\u30b7\u30e3\u30eb\u30e1\u30c7\u30a3\u30a2\u3067\u306e\u30b7\u30a7\u30a2\u6570\u3092\u4ed6\u306e\u88fd\u54c1\u3068\u6bd4\u3079\u30663\u500d\u306b\u4f38\u3070\u3057\u307e\u3057\u305f\u3002\u3053\u306e\u7d50\u679c\u3092\u53d7\u3051\u3001\u3053\u306e\u30d6\u30e9\u30f3\u30c9\u306f40\u4e07\u672c\u306e\u8ffd\u52a0\u6ce8\u6587\u3092\u884c\u3044\u307e\u3057\u305f\u3002<\/p>\n<h2>\u30b3\u30ed\u30f3\u30dc\u30c8\u30eb\u5378\u58f2\u30ab\u30b9\u30bf\u30de\u30a4\u30ba\u306e\u9078\u629e\u80a2<\/h2>\n<ul>\n<li>\u30ab\u30b9\u30bf\u30e0 \u30e1\u30bf\u30eb \u30ad\u30e3\u30c3\u30d7\u306e\u8272 \u2013 \u30d6\u30e9\u30f3\u30c9\u306e Pantone \u30ab\u30e9\u30fc \u30c1\u30e3\u30fc\u30c8\u306b\u5408\u308f\u305b\u3066\u30ad\u30e3\u30c3\u30d7\u306e PVD \u200b\u200b\u30b3\u30fc\u30c6\u30a3\u30f3\u30b0\u3092\u9078\u629e\u3057\u307e\u3059\u3002<\/li>\n<li>\u30ac\u30e9\u30b9\u74f6\u306e\u8272 \u2013 \u30ac\u30e9\u30b9\u74f6\u306b\u306f\u3001\u7425\u73c0\u8272\u3001\u30b9\u30e2\u30fc\u30af\u30b0\u30ec\u30fc\u3001\u30b3\u30d0\u30eb\u30c8\u30d6\u30eb\u30fc\u306a\u3069\u306e\u8272\u4ed8\u304d\u30ac\u30e9\u30b9\u74f6\u304c\u3042\u308a\u307e\u3059\u3002<\/li>\n<li>\u30ac\u30e9\u30b9\u30b9\u30af\u30ea\u30fc\u30f3\u5370\u5237 - \u30ac\u30e9\u30b9\u74f6\u306e\u5e73\u3089\u306a\u90e8\u5206\u306b\u30ed\u30b4\u3001\u30c7\u30b6\u30a4\u30f3\u3001\u307e\u305f\u306f\u30c6\u30ad\u30b9\u30c8\u3092\u5370\u5237\u3057\u307e\u3059\u3002<\/li>\n<li>\u30d5\u30ed\u30b9\u30c8\u30ac\u30e9\u30b9\u4ed5\u4e0a\u3052 - \u5b8c\u5168\u306a\u30d5\u30ed\u30b9\u30c8\u4ed5\u4e0a\u3052\u307e\u305f\u306f\u30b0\u30e9\u30c7\u30fc\u30b7\u30e7\u30f3\u30d5\u30ed\u30b9\u30c8\u4ed5\u4e0a\u3052\u3067\u3001\u6ed1\u3089\u304b\u3067\u9ad8\u7d1a\u611f\u306e\u3042\u308b\u611f\u89e6\u3092\u5b9f\u73fe\u3057\u307e\u3059\u3002<\/li>\n<\/ul>","protected":false},"excerpt":{"rendered":"<p>\u30e2\u30c0\u30f3\u306a\u900f\u660e\u30b3\u30ed\u30f3\u30dc\u30c8\u30eb\u3002\u69d8\u3005\u306a\u30b5\u30a4\u30ba\u3068\u30ad\u30e3\u30c3\u30d7\u30ab\u30e9\u30fc\u3092\u3054\u7528\u610f\u3002\u30d5\u30ec\u30b0\u30e9\u30f3\u30b9\u30d6\u30e9\u30f3\u30c9\u3084\u30d7\u30e9\u30a4\u30d9\u30fc\u30c8\u30d6\u30e9\u30f3\u30c9\u306b\u6700\u9069\u306a\u3001\u8fc5\u901f\u306a\u914d\u9001\u3067\u30b3\u30ed\u30f3\u30dc\u30c8\u30eb\u3092\u5378\u58f2\u4fa1\u683c\u3067\u3054\u63d0\u4f9b\u3057\u307e\u3059\u3002<\/p>","protected":false},"featured_media":4215,"template":"","meta":{"postBodyCss":"","postBodyMargin":[],"postBodyPadding":[],"postBodyBackground":{"backgroundType":"classic","gradient":""}},"product_brand":[],"product_cat":[15,16,62],"product_tag":[],"class_list":{"0":"post-4208","1":"product","2":"type-product","3":"status-publish","4":"has-post-thumbnail","6":"product_cat-glass-containers","7":"product_cat-glass-bottles","8":"product_cat-perfume-bottles","10":"first","11":"instock","12":"shipping-taxable","13":"product-type-simple"},"jetpack_sharing_enabled":true,"_links":{"self":[{"href":"https:\/\/minghanggroup.com\/ja\/wp-json\/wp\/v2\/product\/4208","targetHints":{"allow":["GET"]}}],"collection":[{"href":"https:\/\/minghanggroup.com\/ja\/wp-json\/wp\/v2\/product"}],"about":[{"href":"https:\/\/minghanggroup.com\/ja\/wp-json\/wp\/v2\/types\/product"}],"wp:featuredmedia":[{"embeddable":true,"href":"https:\/\/minghanggroup.com\/ja\/wp-json\/wp\/v2\/media\/4215"}],"wp:attachment":[{"href":"https:\/\/minghanggroup.com\/ja\/wp-json\/wp\/v2\/media?parent=4208"}],"wp:term":[{"taxonomy":"product_brand","embeddable":true,"href":"https:\/\/minghanggroup.com\/ja\/wp-json\/wp\/v2\/product_brand?post=4208"},{"taxonomy":"product_cat","embeddable":true,"href":"https:\/\/minghanggroup.com\/ja\/wp-json\/wp\/v2\/product_cat?post=4208"},{"taxonomy":"product_tag","embeddable":true,"href":"https:\/\/minghanggroup.com\/ja\/wp-json\/wp\/v2\/product_tag?post=4208"}],"curies":[{"name":"wp","href":"https:\/\/api.w.org\/{rel}","templated":true}]}}