{"id":4203,"date":"2025-12-30T15:14:37","date_gmt":"2025-12-30T07:14:37","guid":{"rendered":"https:\/\/minghanggroup.com\/?post_type=product&#038;p=4203"},"modified":"2025-12-30T15:32:27","modified_gmt":"2025-12-30T07:32:27","slug":"crystal-scent-bottles-with-with-silver-spray-bulk","status":"publish","type":"product","link":"https:\/\/minghanggroup.com\/ja\/product\/crystal-scent-bottles-with-with-silver-spray-bulk\/","title":{"rendered":"30ml 50ml 100ml \u30af\u30ea\u30b9\u30bf\u30eb\u9999\u6c34\u30dc\u30c8\u30eb\uff08\u30b7\u30eb\u30d0\u30fc\u30b9\u30d7\u30ec\u30fc\u4ed8\u304d\uff09\u30d0\u30eb\u30af"},"content":{"rendered":"<p>\u3053\u308c\u3089\u306e\u30af\u30ea\u30b9\u30bf\u30eb\u9999\u6c34\u30dc\u30c8\u30eb\u306f\u3001\u3059\u3079\u3066\u30af\u30ea\u30b9\u30bf\u30eb\u30ac\u30e9\u30b9\u3067\u4f5c\u3089\u308c\u3066\u304a\u308a\u3001\u30c0\u30a4\u30e4\u30e2\u30f3\u30c9\u30ab\u30c3\u30c8\u306e\u30af\u30ea\u30b9\u30bf\u30eb\u30ad\u30e3\u30c3\u30d7\u3068\u7f8e\u3057\u3044\u30b7\u30eb\u30d0\u30fc\u306e\u30b9\u30d7\u30ec\u30fc\u30ce\u30ba\u30eb\u3092\u5099\u3048\u305f\u591a\u9762\u7684\u306a\u30af\u30ea\u30b9\u30bf\u30eb\u3067\u3001\u8c6a\u83ef\u3067\u3042\u308b\u3060\u3051\u3067\u306a\u304f\u30e2\u30c0\u30f3\u3067\u3082\u3042\u308a\u307e\u3059\u3002<\/p>\n<h2>\u88fd\u54c1\u306e\u7279\u5fb4<\/h2>\n<ul>\n<li><strong>\u5e7e\u4f55\u5b66\u7684\u306a\u591a\u9762\u4f53\u30d7\u30ea\u30ba\u30e0\uff1a<\/strong> \u30ab\u30c3\u30c8\u30c7\u30b6\u30a4\u30f3\u306e\u5e7e\u4f55\u5b66\u7684\u306a\u591a\u9762\u7684\u306a\u30ac\u30e9\u30b9\u5f62\u72b6\u306f\u3001\u6bd4\u985e\u306e\u306a\u3044\u5149\u306e\u5c48\u6298\u52b9\u679c\u3092\u751f\u307f\u51fa\u3057\u3001\u969b\u7acb\u3063\u305f\u5efa\u7bc9\u7684\u30d7\u30ed\u30d5\u30a1\u30a4\u30eb\u3092\u5099\u3048\u3066\u3044\u307e\u3059\u3002<\/li>\n<li><strong>\u900f\u660e\u5ea6\u306e\u9ad8\u3044\u30af\u30ea\u30a2\u30ac\u30e9\u30b9\uff1a<\/strong> \u900f\u660e\u7d20\u6750\u306a\u306e\u3067\u3001\u4e2d\u306e\u9999\u308a\u304c\u3088\u304f\u898b\u3048\u308b\u900f\u660e\u6027\u306b\u512a\u308c\u3066\u3044\u307e\u3059\u3002<\/li>\n<li><strong>3\u3064\u306e\u30b5\u30a4\u30ba:<\/strong> \u6301\u3061\u904b\u3073\u7528\u30b5\u30f3\u30d7\u30eb\u3001\u65c5\u884c\u7528\u30b5\u30a4\u30ba\u3001\u9ad8\u7d1a\u9999\u6c34\u306a\u3069\u3001\u304a\u5ba2\u69d8\u306e\u30cb\u30fc\u30ba\u306b\u5408\u308f\u305b\u3066 30ml\u300150ml\u3001100ml \u306e\u30b5\u30a4\u30ba\u30aa\u30d7\u30b7\u30e7\u30f3\u3092\u304a\u9078\u3073\u3044\u305f\u3060\u3051\u307e\u3059\u3002<\/li>\n<\/ul>\n<h2 style=\"text-align: left;\">\u4e3b\u306a\u4ed5\u69d8<\/h2>\n<table class=\"aligncenter\" style=\"border-collapse: collapse; width: 536.27pt;\" border=\"0\" width=\"715\" cellspacing=\"0\" cellpadding=\"0\">\n<tbody>\n<tr style=\"height: 13.50pt;\">\n<td style=\"height: 13.50pt; width: 83.25pt;\" width=\"111\" height=\"18\">\u4ed5\u69d8<\/td>\n<td style=\"width: 453.00pt;\" width=\"604\">\u8a73\u7d30<\/td>\n<\/tr>\n<tr style=\"height: 13.50pt;\">\n<td style=\"height: 13.50pt;\" height=\"18\">\u5bf8\u6cd5<\/td>\n<td>30ml: 44\u00d747\u00d762mm; 50ml: 57\u00d728\u00d775mm; 100ml: 67\u00d735\u00d795mm<\/td>\n<\/tr>\n<tr style=\"height: 13.50pt;\">\n<td style=\"height: 13.50pt;\" height=\"18\">\u6750\u6599<\/td>\n<td>\u591a\u9762\u7684\u306a\u900f\u660e\u30ac\u30e9\u30b9\u30dc\u30c7\u30a3\u3001\u30b7\u30eb\u30d0\u30fc\u30e1\u30bf\u30eb\u30b3\u30f3\u30dd\u30fc\u30cd\u30f3\u30c8\u3001\u30b9\u30af\u30a8\u30a2\u30d5\u30a1\u30bb\u30c3\u30c8\u30ad\u30e3\u30c3\u30d7<\/td>\n<\/tr>\n<tr style=\"height: 13.50pt;\">\n<td style=\"height: 13.50pt;\" height=\"18\">\u9589\u9396\u30bf\u30a4\u30d7<\/td>\n<td>\u30b9\u30af\u30a8\u30a2\u30d5\u30a1\u30bb\u30c3\u30c8\u30ad\u30e3\u30c3\u30d7\u3068\u4e00\u4f53\u5316\u3057\u305f\u30b7\u30eb\u30d0\u30fc\u30e1\u30bf\u30eb\u30b9\u30d7\u30ec\u30fc\u30ab\u30e9\u30fc<\/td>\n<\/tr>\n<tr style=\"height: 13.50pt;\">\n<td style=\"height: 13.50pt;\" height=\"18\">\u7406\u60f3\u7684\u306a\u7528\u9014<\/td>\n<td>\u30af\u30ea\u30b9\u30bf\u30eb\u9999\u6c34\u74f6\u3001\u30d5\u30ec\u30b0\u30e9\u30f3\u30b9\u30dc\u30c8\u30eb\uff08\u30d0\u30eb\u30af\uff09<\/td>\n<\/tr>\n<\/tbody>\n<\/table>\n<h2>\u6210\u529f\u4e8b\u4f8b<\/h2>\n<p>\u5f53\u793e\u306e30ml\u30d5\u30ec\u30b0\u30e9\u30f3\u30b9\u30dc\u30c8\u30eb\u306f\u3001\u4e16\u754c\u6700\u5927\u7d1a\u306e\u767e\u8ca8\u5e97\u306e\u4e00\u3064\u306b\u9078\u3070\u308c\u307e\u3057\u305f\u3002\u3053\u306e\u767e\u8ca8\u5e97\u306f\u3001\u3064\u3084\u6d88\u3057\u52a0\u5de5\u3092\u65bd\u3057\u305f\u591a\u9762\u7684\u306a\u30d1\u30e9\u30b8\u30a6\u30e0\u30e1\u30c3\u30ad\u30e1\u30bf\u30eb\u306e\u30cd\u30c3\u30af\u90e8\u5206\u306b\u82e5\u5e72\u306e\u6539\u826f\u3092\u65bd\u3059\u3053\u3068\u3092\u4f9d\u983c\u3055\u308c\u307e\u3057\u305f\u3002\u7cbe\u5de7\u306a\u30c7\u30b6\u30a4\u30f3\u306f\u3001\u5e97\u5185\u7167\u660e\u306b\u7f8e\u3057\u3044\u5149\u3068\u5f71\u306e\u52b9\u679c\u3092\u751f\u307f\u51fa\u3057\u3001\u9999\u6c34\u30ab\u30a6\u30f3\u30bf\u30fc\u3067\u306e\u9867\u5ba2\u30a8\u30f3\u30b2\u30fc\u30b8\u30e1\u30f3\u30c8\u309225%\u5411\u4e0a\u3055\u305b\u307e\u3057\u305f\u3002\u3053\u306e\u9ad8\u7d1a\u611f\u306e\u3042\u308b\u30c7\u30b6\u30a4\u30f3\u306b\u3088\u308a\u3001\u3053\u306e\u9999\u6c34\u30d6\u30e9\u30f3\u30c9\u306f\u3001\u985e\u4f3c\u306e\u30c7\u30b6\u30a4\u30ca\u30fc\u9999\u6c34\u3088\u308a\u308240%\u3082\u9ad8\u3044\u8a55\u4fa1\u3092\u5f97\u3066\u3044\u307e\u3059\u3002\u5e02\u5834\u304b\u3089\u306e\u53cd\u97ff\u306f\u5927\u304d\u304f\u3001\u5c0f\u58f2\u696d\u8005\u306f\u4eca\u5f8c2\u5e74\u9593\u306e\u4f9b\u7d66\u9700\u8981\u3092\u6e80\u305f\u3059\u305f\u3081\u3001\u5373\u5ea7\u306b100\u4e07\u672c\u306e\u8ffd\u52a0\u767a\u6ce8\u3092\u884c\u3044\u307e\u3057\u305f\u3002<\/p>\n<h2>\u30af\u30ea\u30b9\u30bf\u30eb\u9999\u6c34\u74f6\u306e\u30ab\u30b9\u30bf\u30de\u30a4\u30ba<\/h2>\n<ul>\n<li>\u30ab\u30b9\u30bf\u30e0\u30ac\u30e9\u30b9\u30ab\u30e9\u30fc \u2013 \u9ad8\u7d1a\u30dc\u30c8\u30eb\u30ab\u30c3\u30c8\u30b0\u30e9\u30b9\u306e\u30ab\u30b9\u30bf\u30e0\u30ac\u30e9\u30b9\u30ab\u30e9\u30fc\u306f\u3001\u30b7\u30e3\u30f3\u30d1\u30f3\u3001\u30b9\u30e2\u30fc\u30ad\u30fc\u30b0\u30ec\u30fc\u3001\u30e9\u30a4\u30c8\u30d4\u30f3\u30af\u304b\u3089\u304a\u9078\u3073\u3044\u305f\u3060\u3051\u307e\u3059\u3002<\/li>\n<li>\u91d1\u5c5e\u88fd\u30dc\u30c8\u30eb\u30cd\u30c3\u30af\u306e\u4ed5\u4e0a\u3052 \u2013 \u30dc\u30c8\u30eb\u30cd\u30c3\u30af\u306b\u306f\u3001\u30e1\u30bf\u30ea\u30c3\u30af\u4ed5\u4e0a\u3052 (\u30b4\u30fc\u30eb\u30c9\u3001\u30ed\u30fc\u30ba\u30b4\u30fc\u30eb\u30c9\u3001\u30d6\u30e9\u30c3\u30af\u3001\u30ac\u30f3\u30e1\u30bf\u30eb) \u306a\u3069\u3001\u3055\u307e\u3056\u307e\u306a\u4ed5\u4e0a\u3052\u304c\u3042\u308a\u307e\u3059\u3002<\/li>\n<li>\u30d5\u30a1\u30bb\u30c3\u30c8\u30ec\u30fc\u30b6\u30fc\u30a8\u30c3\u30c1\u30f3\u30b0 - \u9078\u629e\u3057\u305f\u30d5\u30a1\u30bb\u30c3\u30c8\u306b\u30ec\u30fc\u30b6\u30fc\u3092\u4f7f\u7528\u3057\u3066\u30ed\u30b4\u3084\u30d1\u30bf\u30fc\u30f3\u3092\u30ab\u30c3\u30c8\u3067\u304d\u307e\u3059\u3002<\/li>\n<li>\u6ed1\u308a\u6b62\u3081\u30b0\u30ea\u30c3\u30d7\u8a2d\u8a08 - \u30dc\u30c8\u30eb\u306e\u4e21\u5074\u306b\u30de\u30a4\u30af\u30ed\u30a8\u30c3\u30c1\u30f3\u30b0\u304c\u65bd\u3055\u308c\u3066\u304a\u308a\u3001\u6ed1\u308a\u6b62\u3081\u30b0\u30ea\u30c3\u30d7\u304c\u5f37\u5316\u3055\u308c\u3066\u3044\u307e\u3059\u3002<\/li>\n<\/ul>","protected":false},"excerpt":{"rendered":"<p>\u30d5\u30a1\u30bb\u30c3\u30c8\u30ac\u30e9\u30b9\u3068\u30c0\u30a4\u30e4\u30e2\u30f3\u30c9\u30ab\u30c3\u30c8\u306e\u30ad\u30e3\u30c3\u30d7\u304c\u7279\u5fb4\u306e\u30af\u30ea\u30b9\u30bf\u30eb\u9999\u6c34\u30dc\u30c8\u30eb\u3002\u6700\u9ad8\u54c1\u8cea\u306e\u30d5\u30ec\u30b0\u30e9\u30f3\u30b9\u30dc\u30c8\u30eb\u3092\u3001\u30d6\u30e9\u30f3\u30c9\u3084\u5378\u58f2\u696d\u8005\u5411\u3051\u306b\u5de5\u5834\u76f4\u9001\u3067\u304a\u5c4a\u3051\u3057\u307e\u3059\u3002<\/p>","protected":false},"featured_media":4207,"template":"","meta":{"postBodyCss":"","postBodyMargin":[],"postBodyPadding":[],"postBodyBackground":{"backgroundType":"classic","gradient":""}},"product_brand":[],"product_cat":[15,16,62],"product_tag":[],"class_list":{"0":"post-4203","1":"product","2":"type-product","3":"status-publish","4":"has-post-thumbnail","6":"product_cat-glass-containers","7":"product_cat-glass-bottles","8":"product_cat-perfume-bottles","10":"first","11":"instock","12":"shipping-taxable","13":"product-type-simple"},"jetpack_sharing_enabled":true,"_links":{"self":[{"href":"https:\/\/minghanggroup.com\/ja\/wp-json\/wp\/v2\/product\/4203","targetHints":{"allow":["GET"]}}],"collection":[{"href":"https:\/\/minghanggroup.com\/ja\/wp-json\/wp\/v2\/product"}],"about":[{"href":"https:\/\/minghanggroup.com\/ja\/wp-json\/wp\/v2\/types\/product"}],"wp:featuredmedia":[{"embeddable":true,"href":"https:\/\/minghanggroup.com\/ja\/wp-json\/wp\/v2\/media\/4207"}],"wp:attachment":[{"href":"https:\/\/minghanggroup.com\/ja\/wp-json\/wp\/v2\/media?parent=4203"}],"wp:term":[{"taxonomy":"product_brand","embeddable":true,"href":"https:\/\/minghanggroup.com\/ja\/wp-json\/wp\/v2\/product_brand?post=4203"},{"taxonomy":"product_cat","embeddable":true,"href":"https:\/\/minghanggroup.com\/ja\/wp-json\/wp\/v2\/product_cat?post=4203"},{"taxonomy":"product_tag","embeddable":true,"href":"https:\/\/minghanggroup.com\/ja\/wp-json\/wp\/v2\/product_tag?post=4203"}],"curies":[{"name":"wp","href":"https:\/\/api.w.org\/{rel}","templated":true}]}}