{"id":4046,"date":"2025-12-25T10:27:39","date_gmt":"2025-12-25T02:27:39","guid":{"rendered":"https:\/\/minghanggroup.com\/?post_type=product&#038;p=4046"},"modified":"2026-03-02T15:23:19","modified_gmt":"2026-03-02T07:23:19","slug":"round-belly-unique-glass-jars-with-lids-bulk","status":"publish","type":"product","link":"https:\/\/minghanggroup.com\/ja\/product\/round-belly-unique-glass-jars-with-lids-bulk\/","title":{"rendered":"500ml 750ml 1100ml \u4e38\u578b \u30e6\u30cb\u30fc\u30af\u306a\u30ac\u30e9\u30b9\u74f6 \u84cb\u4ed8\u304d \u30d0\u30eb\u30af"},"content":{"rendered":"<p>\u3053\u306e\u84cb\u4ed8\u304d\u30ac\u30e9\u30b9\u74f6\u306f\u3001\u7403\u5f62\u3067\u3042\u308a\u306a\u304c\u3089\u3001\u3068\u3066\u3082\u4f1d\u7d71\u7684\u3067\u6614\u306a\u304c\u3089\u306e\u5f62\u3092\u3057\u3066\u3044\u307e\u3059\u3002\u4e38\u307f\u3092\u5e2f\u3073\u305f\u4e38\u307f\u306e\u3042\u308b\u5f62\u72b6\u3067\u3001\u9996\u306b\u5411\u304b\u3063\u3066\u7d30\u304f\u306a\u308a\u3001\u5e95\u306f\u5c11\u3057\u4e38\u307f\u3092\u5e2f\u3073\u3066\u3044\u307e\u3059\u3002\u7af9\u88fd\u306e\u84cb\u306f\u6de1\u3044\u8272\u5408\u3044\u3067\u3001\u30ca\u30c1\u30e5\u30e9\u30eb\u3067\u6e29\u304b\u307f\u306e\u3042\u308b\u96f0\u56f2\u6c17\u3067\u3059\u3002<\/p>\n<h2>\u88fd\u54c1\u306e\u7279\u5fb4<\/h2>\n<ul>\n<li><strong>\u30d7\u30ec\u30df\u30a2\u30e0\u30db\u30a6\u30b1\u30a4\u9178\u30ac\u30e9\u30b9\uff1a<\/strong> \u8010\u4e45\u6027\u304c\u306f\u308b\u304b\u306b\u9ad8\u304f\u3001\u71b1\u885d\u6483\u306b\u8010\u3048\u308b\u80fd\u529b\u304c\u3042\u308a\u3001\u5909\u5f62\u306e\u306a\u3044\u900f\u660e\u306a\u5916\u89b3\u3092\u5b9f\u73fe\u3067\u304d\u307e\u3059\u3002<\/li>\n<li><strong>\u5929\u7136\u7af9\u88fd\u306e\u84cb\uff1a<\/strong> \u7af9\u88fd\u306e\u84cb\u306f\u8efd\u91cf\u3067\u5bc6\u9589\u6027\u306b\u512a\u308c\u3001\u74f6\u306e\u81ea\u7136\u306a\u5f62\u72b6\u306b\u3074\u3063\u305f\u308a\u30d5\u30a3\u30c3\u30c8\u3057\u307e\u3059\u3002<\/li>\n<li><strong>\u8907\u6570\u306e\u5bb9\u91cf:<\/strong> \u3055\u307e\u3056\u307e\u306a\u4e7e\u7269\u4fdd\u7ba1\u306e\u8981\u4ef6\u3092\u6e80\u305f\u3059 3 \u3064\u306e\u5bb9\u91cf (500 ml \uff5e 1100 ml) \u304c\u3042\u308a\u307e\u3059\u3002<\/li>\n<\/ul>\n<h2 style=\"text-align: left;\">\u4e3b\u306a\u4ed5\u69d8<\/h2>\n<table class=\"aligncenter\" style=\"border-collapse: collapse; width: 451.52pt;\" border=\"0\" width=\"602\" cellspacing=\"0\" cellpadding=\"0\">\n<tbody>\n<tr style=\"height: 13.50pt;\">\n<td style=\"height: 13.50pt; width: 116.25pt;\" width=\"155\" height=\"18\">\u4ed5\u69d8<\/td>\n<td style=\"width: 335.25pt;\" width=\"447\">\u8a73\u7d30<\/td>\n<\/tr>\n<tr style=\"height: 13.50pt;\">\n<td style=\"height: 13.50pt;\" height=\"18\">\u5bf8\u6cd5<\/td>\n<td>500ml: 10\u00d710.5cm; 750ml: 10.5\u00d712cm; 1100ml: 11.5\u00d716cm<\/td>\n<\/tr>\n<tr style=\"height: 13.50pt;\">\n<td style=\"height: 13.50pt;\" height=\"18\">\u6750\u6599<\/td>\n<td>\u30d7\u30ec\u30df\u30a2\u30e0\u9ad8\u30db\u30a6\u30b1\u30a4\u9178\u30ac\u30e9\u30b9<\/td>\n<\/tr>\n<tr style=\"height: 13.50pt;\">\n<td style=\"height: 13.50pt;\" height=\"18\">\u84cb\u306e\u7a2e\u985e<\/td>\n<td>\u5e73\u3089\u306a\u5929\u7136\u7af9\u306e\u84cb<\/td>\n<\/tr>\n<tr style=\"height: 13.50pt;\">\n<td style=\"height: 13.50pt;\" height=\"18\">\u4e3b\u8981\u306a\u6750\u6599\u7279\u6027<\/td>\n<td>\u512a\u308c\u305f\u8010\u71b1\u885d\u6483\u6027\u3001\u9bae\u3084\u304b\u306a\u900f\u660e\u5ea6<\/td>\n<\/tr>\n<tr style=\"height: 13.50pt;\">\n<td style=\"height: 13.50pt;\" height=\"18\">\u6700\u9069\u3067\u3059<\/td>\n<td>\u30d0\u30eb\u30af\u4e7e\u71e5\u98df\u54c1\u3001\u30b3\u30fc\u30d2\u30fc\u3001\u7d05\u8336\u3001\u30b9\u30d1\u30a4\u30b9\u3001\u30b9\u30ca\u30c3\u30af<\/td>\n<\/tr>\n<\/tbody>\n<\/table>\n<h2>\u6210\u529f\u4e8b\u4f8b<\/h2>\n<p>\u5317\u7c73\u306e\u9ad8\u7d1a\u98df\u54c1\u4f1a\u793e\u304b\u3089\u3001\u98df\u54c1\u4fdd\u5b58\u7528\u3068\u3057\u3066\u3001\u5f53\u793e\u306e1100ml\u9ad8\u30db\u30a6\u30b1\u30a4\u9178\u30ac\u30e9\u30b9\u74f6\u3092\u3054\u6ce8\u6587\u3044\u305f\u3060\u304d\u307e\u3057\u305f\u3002\u305d\u306e\u7d50\u679c\u306f\uff1f\u9ad8\u30db\u30a6\u30b1\u30a4\u9178\u30ac\u30e9\u30b9\u306f220\u2103\u306e\u6e29\u5ea6\u5909\u5316\u306b\u3082\u5272\u308c\u308b\u3053\u3068\u306a\u304f\u8010\u3048\u308b\u6027\u80fd\u3092\u5099\u3048\u3066\u3044\u307e\u3059\u3002\u7af9\u88fd\u306e\u84cb\u306f\u3001\u6e7f\u5ea6\u306e\u9ad8\u3044\u74b0\u5883\u3067\u4fdd\u7ba1\u3057\u305f\u5834\u5408\u3067\u30826\u30f6\u6708\u4ee5\u4e0a\u5bc6\u9589\u72b6\u614b\u3092\u7dad\u6301\u3057\u307e\u3057\u305f\u3002\u540c\u793e\u306f\u5f53\u793e\u306e\u88fd\u54c1\u306b\u5927\u5909\u3054\u6e80\u8db3\u3044\u305f\u3060\u304d\u3001\u65b0\u88fd\u54c1\u30e9\u30a4\u30f3\u306e\u62e1\u5145\u306e\u305f\u3081\u3001\u3059\u3050\u306b20\u4e07\u500b\u306e\u8ffd\u52a0\u6ce8\u6587\u3092\u3044\u305f\u3060\u304d\u307e\u3057\u305f\u3002<\/p>\n<h2>\u30e6\u30cb\u30fc\u30af\u306a\u30ac\u30e9\u30b9\u74f6\u306e\u30ab\u30b9\u30bf\u30de\u30a4\u30ba\u30aa\u30d7\u30b7\u30e7\u30f3<\/h2>\n<ul>\n<li>B \u30d6\u30e9\u30f3\u30c9\u306e\u7af9\u88fd\u84cb \u2013 \u7af9\u88fd\u84cb\u306e\u4e2d\u592e\u306b\u30d6\u30e9\u30f3\u30c9\u30ed\u30b4\u3092\u30db\u30c3\u30c8\u30b9\u30bf\u30f3\u30d7\u307e\u305f\u306f\u30ec\u30fc\u30b6\u30fc\u5f6b\u523b\u3067\u304d\u307e\u3059\u3002<\/li>\n<li>\u30d7\u30ea\u30f3\u30c8\u3055\u308c\u305f\u6e26\u5dfb\u304d\u30c7\u30b6\u30a4\u30f3 - \u74f6\u306e\u81ea\u7136\u306a\u30e9\u30a4\u30f3\u3092\u7e70\u308a\u8fd4\u3059\u8c6a\u83ef\u306a\u30c7\u30b6\u30a4\u30f3\u3092\u30d7\u30ea\u30f3\u30c8\u3057\u307e\u3059\u3002<\/li>\n<li>\u30ab\u30b9\u30bf\u30e0\u7af9\u67d3\u8272 - \u81ea\u7136\u306a\u9ec4\u91d1\u8272\u3001\u30cf\u30cb\u30fc\u30a4\u30a8\u30ed\u30fc\u3001\u30b0\u30ec\u30fc\u306a\u3069\u3001\u7af9\u306e\u7279\u5b9a\u306e\u8272\u3092\u9078\u629e\u3057\u307e\u3059\u3002<\/li>\n<li>\u30b9\u30c6\u30f3\u30c9 \u30b0\u30e9\u30b9\u306e\u88c5\u98fe - \u660e\u308b\u3044\u8272 (\u4f8b: \u7425\u73c0\u8272) \u306e\u30ac\u30e9\u30b9\u672c\u4f53\u3092\u4f7f\u7528\u3067\u304d\u307e\u3059\u3002<\/li>\n<\/ul>","protected":false},"excerpt":{"rendered":"<p>\u4e38\u307f\u3092\u5e2f\u3073\u305f\u67d4\u3089\u304b\u306a\u30d5\u30a9\u30eb\u30e0\u304c\u7279\u5fb4\u306e\u3001\u500b\u6027\u7684\u306a\u30ac\u30e9\u30b9\u74f6\u3092\u3054\u6ce8\u6587\u304f\u3060\u3055\u3044\u3002\u7af9\u3068\u30ac\u30e9\u30b9\u306e\u7d76\u5999\u306a\u7d44\u307f\u5408\u308f\u305b\u304c\u9b45\u529b\u306e\u84cb\u4ed8\u304d\u30ac\u30e9\u30b9\u74f6\u3067\u3059\u3002\u5728\u5eab\u3042\u308a\u3002\u7121\u6599\u30b5\u30f3\u30d7\u30eb\u3092\u3054\u5e0c\u671b\u306e\u65b9\u306f\u304a\u554f\u3044\u5408\u308f\u305b\u304f\u3060\u3055\u3044\u3002<\/p>","protected":false},"featured_media":4047,"template":"","meta":{"postBodyCss":"","postBodyMargin":[],"postBodyPadding":[],"postBodyBackground":{"backgroundType":"classic","gradient":""}},"product_brand":[],"product_cat":[15,17,61],"product_tag":[68,67,100],"class_list":{"0":"post-4046","1":"product","2":"type-product","3":"status-publish","4":"has-post-thumbnail","6":"product_cat-glass-containers","7":"product_cat-glass-jars","8":"product_cat-glass-jars-with-lids","9":"product_tag-borosilicate-glass-jars","10":"product_tag-candy-jars","11":"product_tag-glass-coffee-jars","13":"first","14":"instock","15":"shipping-taxable","16":"product-type-simple"},"jetpack_sharing_enabled":true,"_links":{"self":[{"href":"https:\/\/minghanggroup.com\/ja\/wp-json\/wp\/v2\/product\/4046","targetHints":{"allow":["GET"]}}],"collection":[{"href":"https:\/\/minghanggroup.com\/ja\/wp-json\/wp\/v2\/product"}],"about":[{"href":"https:\/\/minghanggroup.com\/ja\/wp-json\/wp\/v2\/types\/product"}],"wp:featuredmedia":[{"embeddable":true,"href":"https:\/\/minghanggroup.com\/ja\/wp-json\/wp\/v2\/media\/4047"}],"wp:attachment":[{"href":"https:\/\/minghanggroup.com\/ja\/wp-json\/wp\/v2\/media?parent=4046"}],"wp:term":[{"taxonomy":"product_brand","embeddable":true,"href":"https:\/\/minghanggroup.com\/ja\/wp-json\/wp\/v2\/product_brand?post=4046"},{"taxonomy":"product_cat","embeddable":true,"href":"https:\/\/minghanggroup.com\/ja\/wp-json\/wp\/v2\/product_cat?post=4046"},{"taxonomy":"product_tag","embeddable":true,"href":"https:\/\/minghanggroup.com\/ja\/wp-json\/wp\/v2\/product_tag?post=4046"}],"curies":[{"name":"wp","href":"https:\/\/api.w.org\/{rel}","templated":true}]}}