{"id":6385,"date":"2026-04-15T13:23:49","date_gmt":"2026-04-15T05:23:49","guid":{"rendered":"https:\/\/minghanggroup.com\/?post_type=product&#038;p=6385"},"modified":"2026-04-15T16:42:51","modified_gmt":"2026-04-15T08:42:51","slug":"test-tubes-borosilicate-glass-with-cork-bulk","status":"publish","type":"product","link":"https:\/\/minghanggroup.com\/it\/prodotto\/test-tubes-borosilicate-glass-with-cork-bulk\/","title":{"rendered":"Provette da 10 ml \u2013 30 ml in vetro borosilicato con tappo di sughero (confezione sfusa)"},"content":{"rendered":"<p>Le provette in vetro borosilicato presentano un design cilindrico e sono realizzate in vetro borosilicato ultra-trasparente per uso alimentare, che offre un&#039;eccezionale chiarezza ottica e resistenza termica. Il tappo in sughero naturale funge da sistema di chiusura ermetica.<\/p>\n<h2>Caratteristiche del prodotto<\/h2>\n<ul>\n<li><strong>Materiale: vetro borosilicato<\/strong> L&#039;utilizzo di vetro borosilicato di alta qualit\u00e0 in questi tubi consente loro di resistere agli shock termici e ne facilita la pulizia, mantenendone al contempo la riutilizzabilit\u00e0.<\/li>\n<li><strong>Sigillo di sughero naturale:<\/strong> Il tappo in sughero naturale garantisce un&#039;eccellente tenuta, prevenendo efficacemente l&#039;ingresso di umidit\u00e0 e insetti.<\/li>\n<li><strong>Disponibili diverse capacit\u00e0:<\/strong> I tubi, disponibili in diverse lunghezze e capacit\u00e0, servono a molteplici scopi, tra cui l&#039;erogazione di campioni e la conservazione di prodotti secchi.<\/li>\n<\/ul>\n<h2 style=\"text-align: left;\">Specifiche chiave<\/h2>\n<table class=\"aligncenter\" style=\"border-collapse: collapse; width: 551.27pt;\" border=\"0\" width=\"735\" cellspacing=\"0\" cellpadding=\"0\">\n<tbody>\n<tr style=\"height: 13.50pt;\">\n<td style=\"height: 13.50pt; width: 120.00pt;\" width=\"160\" height=\"18\">Attributo<\/td>\n<td style=\"width: 431.25pt;\" width=\"575\">Dettagli<\/td>\n<\/tr>\n<tr style=\"height: 13.50pt;\">\n<td style=\"height: 13.50pt;\" height=\"18\">Dimensioni e capacit\u00e0<\/td>\n<td>1,5\u00d710 cm (10 ml), 1,5\u00d712 cm (13 ml), 1,5\u00d722,5 cm (28 ml), 1,6\u00d722 cm (30 ml)<\/td>\n<\/tr>\n<tr style=\"height: 13.50pt;\">\n<td style=\"height: 13.50pt;\" height=\"18\">Materiale<\/td>\n<td>Vetro borosilicato trasparente, tappo in sughero naturale<\/td>\n<\/tr>\n<tr style=\"height: 13.50pt;\">\n<td style=\"height: 13.50pt;\" height=\"18\">forma tubolare<\/td>\n<td>Cilindro a parete dritta<\/td>\n<\/tr>\n<tr style=\"height: 13.50pt;\">\n<td style=\"height: 13.50pt;\" height=\"18\">Gamma di personalizzazione<\/td>\n<td>Colore, tipo di sughero, dimensioni, goffratura\/stampa<\/td>\n<\/tr>\n<tr style=\"height: 13.50pt;\">\n<td style=\"height: 13.50pt;\" height=\"18\">Artigianato<\/td>\n<td>Disegno\/tubazione in vetro borosilicato<\/td>\n<\/tr>\n<tr style=\"height: 13.50pt;\">\n<td style=\"height: 13.50pt;\" height=\"18\">Uso primario<\/td>\n<td>Provette di vetro con tappo, provette di vetro<\/td>\n<\/tr>\n<tr style=\"height: 13.50pt;\">\n<td style=\"height: 13.50pt;\" height=\"18\">Settori target<\/td>\n<td>Laboratori, fornitori di materiale didattico, artigianato e fai da te<\/td>\n<\/tr>\n<\/tbody>\n<\/table>\n<h2>Caso di successo: un ordine personalizzato da un importante rivenditore di articoli per il fai da te.<\/h2>\n<p>Una delle principali catene statunitensi di articoli per artigianato e fiori ha scelto i nostri tubi di vetro con tappo in sughero, caratterizzati da un tappo in sughero personalizzato e una finitura in vetro satinato. Il prodotto personalizzato ha riscosso un enorme successo grazie al suo design scientifico, che ha portato a una crescita delle vendite online del 500% nella categoria &#034;Farmacista Vintage&#034;, e al 98% delle scorte vendute nei punti vendita al dettaglio durante il primo trimestre. Il fornitore ha effettuato un ulteriore ordine di 480.000 tubi di vetro, poich\u00e9 la risposta del mercato al prodotto ha superato ogni aspettativa.<\/p>\n<h2>Tubi di vetro con opzioni di personalizzazione del tappo in sughero<\/h2>\n<ul>\n<li>Tipologie di sughero: Le opzioni disponibili includono sughero naturale, sughero colorato, sughero cerato e sughero sintetico, insieme a tappi decorativi opzionali.<\/li>\n<li>Serigrafia: questa tecnologia permette l&#039;applicazione diretta di graduazioni, loghi e motivi decorativi su superfici in vetro.<\/li>\n<li>Tappi di sughero preforati: il prodotto \u00e8 dotato di tappi di sughero preforati che consentono di inserire uno stelo di fiore, trasformando cos\u00ec il tubo in un pratico vaso.<\/li>\n<\/ul>","protected":false},"excerpt":{"rendered":"<p>Provette in vetro borosilicato con finitura trasparente e tappo in sughero. Provette in vetro con tappo in sughero, ideali per campioni, spezie e regali. Campioni gratuiti disponibili oggi.<\/p>","protected":false},"featured_media":6390,"template":"","meta":{"postBodyCss":"","postBodyMargin":[],"postBodyPadding":[],"postBodyBackground":{"backgroundType":"classic","gradient":""}},"product_brand":[],"product_cat":[117,15,16],"product_tag":[],"class_list":{"0":"post-6385","1":"product","2":"type-product","3":"status-publish","4":"has-post-thumbnail","6":"product_cat-glass-tubes","7":"product_cat-glass-containers","8":"product_cat-glass-bottles","10":"first","11":"instock","12":"shipping-taxable","13":"product-type-simple"},"jetpack_sharing_enabled":true,"_links":{"self":[{"href":"https:\/\/minghanggroup.com\/it\/wp-json\/wp\/v2\/product\/6385","targetHints":{"allow":["GET"]}}],"collection":[{"href":"https:\/\/minghanggroup.com\/it\/wp-json\/wp\/v2\/product"}],"about":[{"href":"https:\/\/minghanggroup.com\/it\/wp-json\/wp\/v2\/types\/product"}],"wp:featuredmedia":[{"embeddable":true,"href":"https:\/\/minghanggroup.com\/it\/wp-json\/wp\/v2\/media\/6390"}],"wp:attachment":[{"href":"https:\/\/minghanggroup.com\/it\/wp-json\/wp\/v2\/media?parent=6385"}],"wp:term":[{"taxonomy":"product_brand","embeddable":true,"href":"https:\/\/minghanggroup.com\/it\/wp-json\/wp\/v2\/product_brand?post=6385"},{"taxonomy":"product_cat","embeddable":true,"href":"https:\/\/minghanggroup.com\/it\/wp-json\/wp\/v2\/product_cat?post=6385"},{"taxonomy":"product_tag","embeddable":true,"href":"https:\/\/minghanggroup.com\/it\/wp-json\/wp\/v2\/product_tag?post=6385"}],"curies":[{"name":"wp","href":"https:\/\/api.w.org\/{rel}","templated":true}]}}