{"id":6379,"date":"2026-04-15T08:56:32","date_gmt":"2026-04-15T00:56:32","guid":{"rendered":"https:\/\/minghanggroup.com\/?post_type=product&#038;p=6379"},"modified":"2026-04-15T13:46:23","modified_gmt":"2026-04-15T05:46:23","slug":"small-borosilicate-glass-tubes-with-metal-lids-bulk","status":"publish","type":"product","link":"https:\/\/minghanggroup.com\/it\/prodotto\/small-borosilicate-glass-tubes-with-metal-lids-bulk\/","title":{"rendered":"Provette in vetro borosilicato di piccole dimensioni da 10 ml, 15 ml e 20 ml con tappi in metallo (confezione sfusa)"},"content":{"rendered":"<p>Questi tubi di vetro presentano un design moderno che utilizza una struttura a tubo dritto e un vetro borosilicato di alta qualit\u00e0 per garantire un&#039;eccellente trasmissione della luce e protezione termica. Il tubo di vetro \u00e8 dotato di un raccordo filettato standard che sigilla il contenitore tramite un tappo a vite in metallo argentato sulla parte superiore.<\/p>\n<h2>Caratteristiche del prodotto<\/h2>\n<ul>\n<li><strong>Design semplice a tubo dritto:<\/strong> Il classico aspetto a tubo dritto trasmette un&#039;immagine di sofisticato stile da laboratorio.<\/li>\n<li><strong>Vetro borosilicato ad alta trasparenza:<\/strong> I tubi realizzati in vetro borosilicato ad alta trasparenza e senza piombo dimostrano elevata durata e un aspetto trasparente che protegge dagli shock termici.<\/li>\n<li><strong>Disponibili diverse misure:<\/strong> Le tre precise capacit\u00e0 (10 ml, 15 ml e 20 ml) condividono un diametro comune che consente un campionamento e un&#039;analisi organizzati.<\/li>\n<\/ul>\n<h2 style=\"text-align: left;\">Specifiche chiave<\/h2>\n<table class=\"aligncenter\" style=\"border-collapse: collapse; width: 494.27pt;\" border=\"0\" width=\"659\" cellspacing=\"0\" cellpadding=\"0\">\n<tbody>\n<tr style=\"height: 13.50pt;\">\n<td style=\"height: 13.50pt; width: 138.75pt;\" width=\"185\" height=\"18\">Specifica<\/td>\n<td style=\"width: 355.50pt;\" width=\"474\">Dettagli<\/td>\n<\/tr>\n<tr style=\"height: 13.50pt;\">\n<td style=\"height: 13.50pt;\" height=\"18\">Dimensioni e capacit\u00e0<\/td>\n<td>10 ml: 3\u00d73 cm, 15 ml: 3\u00d74 cm, 20 ml: 3\u00d75 cm<\/td>\n<\/tr>\n<tr style=\"height: 13.50pt;\">\n<td style=\"height: 13.50pt;\" height=\"18\">Materiale<\/td>\n<td>Vetro borosilicato ad alto contenuto di carbonio, tappo in metallo<\/td>\n<\/tr>\n<tr style=\"height: 13.50pt;\">\n<td style=\"height: 13.50pt;\" height=\"18\">forma tubolare<\/td>\n<td>Cilindro a pareti dritte<\/td>\n<\/tr>\n<tr style=\"height: 13.50pt;\">\n<td style=\"height: 13.50pt;\" height=\"18\">Ambito di personalizzazione<\/td>\n<td>Colore, coperchi, finitura, rivestimento interno, dimensioni<\/td>\n<\/tr>\n<tr style=\"height: 13.50pt;\">\n<td style=\"height: 13.50pt;\" height=\"18\">Artigianato<\/td>\n<td>Taglio e lavorazione di precisione di tubi in vetro<\/td>\n<\/tr>\n<tr style=\"height: 13.50pt;\">\n<td style=\"height: 13.50pt;\" height=\"18\">Scopo del prodotto<\/td>\n<td>Provette in vetro borosilicato per aromaterapia e fiale per oli essenziali.<\/td>\n<\/tr>\n<tr style=\"height: 13.50pt;\">\n<td style=\"height: 13.50pt;\" height=\"18\">Industrie adatte<\/td>\n<td>Laboratori, Aromaterapia e Profumeria, Farmaceutico<\/td>\n<\/tr>\n<\/tbody>\n<\/table>\n<h2>Caso di successo: ordine personalizzato da un laboratorio di profumi svizzero<\/h2>\n<p>I nostri tubi di vetro da 15 ml sono stati scelti da un famoso laboratorio svizzero di ricerca sulle fragranze, che ha richiesto una personalizzazione specifica dei tappi con rivestimento in PTFE e delle graduazioni stampate. I tubi progettati su misura hanno dato risultati eccezionali: le precise graduazioni hanno ridotto gli errori di misurazione della miscelazione dello 0,5% e i tubi hanno anche aumentato la loro capacit\u00e0 di invio dei campioni del 40%. Hanno quindi effettuato un altro ordine per 500.000 flaconi, necessari per confezionare i loro nuovi set di miscele di fragranze insieme ai loro oli essenziali concentrati.<\/p>\n<h2>Opzioni di personalizzazione<\/h2>\n<ul>\n<li>Tappi personalizzati: la nostra azienda offre ai clienti diverse opzioni di tappi, tra cui rivestimenti specifici in silicone o gomma, diverse opzioni di colore e caratteristiche di sicurezza per i bambini o di protezione antimanomissione.<\/li>\n<li>Capacit\u00e0: Le provette di vetro sono disponibili in diverse capacit\u00e0: 5 ml, 30 ml, 50 ml e 100 ml.<\/li>\n<li>Rivestimento interno: Il tubo di vetro \u00e8 dotato di speciali rivestimenti interni che proteggono sia dalle sostanze reattive che da quelle adesive.<\/li>\n<\/ul>","protected":false},"excerpt":{"rendered":"<p>Tubi in vetro di alta qualit\u00e0 con struttura in vetro borosilicato resistente e tappi in metallo. Il tubo in vetro borosilicato garantisce resistenza al calore. Spedizione rapida in tutto il mondo.<\/p>","protected":false},"featured_media":6382,"template":"","meta":{"postBodyCss":"","postBodyMargin":[],"postBodyPadding":[],"postBodyBackground":{"backgroundType":"classic","gradient":""}},"product_brand":[],"product_cat":[117,15,16],"product_tag":[],"class_list":{"0":"post-6379","1":"product","2":"type-product","3":"status-publish","4":"has-post-thumbnail","6":"product_cat-glass-tubes","7":"product_cat-glass-containers","8":"product_cat-glass-bottles","10":"first","11":"instock","12":"shipping-taxable","13":"product-type-simple"},"jetpack_sharing_enabled":true,"_links":{"self":[{"href":"https:\/\/minghanggroup.com\/it\/wp-json\/wp\/v2\/product\/6379","targetHints":{"allow":["GET"]}}],"collection":[{"href":"https:\/\/minghanggroup.com\/it\/wp-json\/wp\/v2\/product"}],"about":[{"href":"https:\/\/minghanggroup.com\/it\/wp-json\/wp\/v2\/types\/product"}],"wp:featuredmedia":[{"embeddable":true,"href":"https:\/\/minghanggroup.com\/it\/wp-json\/wp\/v2\/media\/6382"}],"wp:attachment":[{"href":"https:\/\/minghanggroup.com\/it\/wp-json\/wp\/v2\/media?parent=6379"}],"wp:term":[{"taxonomy":"product_brand","embeddable":true,"href":"https:\/\/minghanggroup.com\/it\/wp-json\/wp\/v2\/product_brand?post=6379"},{"taxonomy":"product_cat","embeddable":true,"href":"https:\/\/minghanggroup.com\/it\/wp-json\/wp\/v2\/product_cat?post=6379"},{"taxonomy":"product_tag","embeddable":true,"href":"https:\/\/minghanggroup.com\/it\/wp-json\/wp\/v2\/product_tag?post=6379"}],"curies":[{"name":"wp","href":"https:\/\/api.w.org\/{rel}","templated":true}]}}