{"id":6334,"date":"2026-04-14T15:13:03","date_gmt":"2026-04-14T07:13:03","guid":{"rendered":"https:\/\/minghanggroup.com\/?post_type=product&#038;p=6334"},"modified":"2026-04-14T15:13:05","modified_gmt":"2026-04-14T07:13:05","slug":"glass-mini-nail-polish-bottles-for-brands-bulk","status":"publish","type":"product","link":"https:\/\/minghanggroup.com\/it\/prodotto\/glass-mini-nail-polish-bottles-for-brands-bulk\/","title":{"rendered":"Mini flaconi in vetro da 5 ml, 10 ml e 15 ml per smalto per unghie, per marchi e grandi quantit\u00e0."},"content":{"rendered":"<p>Le mini boccette di smalto presentano un design tradizionale che mantiene il suo fascino alla moda offrendo al contempo vantaggi pratici. La boccetta ha pareti spesse che proteggono il contenuto grazie all&#039;utilizzo di vetro resistente e durevole. Ogni boccetta \u00e8 completa di tappo a vite (disponibile in nero o bianco) e di un pennellino applicatore integrato, che consente di applicare il prodotto con precisione e semplicit\u00e0. Offriamo tre diverse capacit\u00e0: 5 ml, 10 ml e 15 ml per soddisfare le diverse esigenze di confezionamento. Questo contenitore multiuso \u00e8 la soluzione di packaging ideale per smalti, gel e lacche per unghie, e pu\u00f2 essere utilizzato sia dai proprietari di marchi che dai fornitori all&#039;ingrosso.<\/p>\n<h2>Caratteristiche del prodotto<\/h2>\n<ul>\n<li><strong>Design compatto e rotondo:<\/strong> Il design prevede un piccolo corpo cilindrico che richiede poco spazio per essere riposto e trasportato, risultando quindi adatto per i viaggi o come confezione di prova.<\/li>\n<li><strong>Applicatore a pennello integrato:<\/strong> La punta del pennello inclusa nella confezione consente agli utenti di ottenere un&#039;applicazione uniforme e precisa del colore, garantendo cos\u00ec prestazioni complessive migliori.<\/li>\n<li><strong>Tappo a vite a tenuta stagna:<\/strong> Il tappo a vite crea una chiusura ermetica che impedisce sia l&#039;evaporazione che le perdite, preservando cos\u00ec la qualit\u00e0 del prodotto.<\/li>\n<\/ul>\n<h2>Specifiche chiave<\/h2>\n<table style=\"border-collapse: collapse; width: 80%; margin-left: auto; margin-right: auto;\" border=\"0\" width=\"288\" cellspacing=\"0\" cellpadding=\"0\">\n<tbody>\n<tr style=\"height: 13.50pt;\">\n<td style=\"height: 13.5pt; width: 54pt; text-align: center;\" width=\"72\" height=\"18\">Capacit\u00e0 (ml)<\/td>\n<td style=\"width: 54pt; text-align: center;\" width=\"72\">5<\/td>\n<td style=\"width: 54pt; text-align: center;\" width=\"72\">10<\/td>\n<td style=\"width: 54pt; text-align: center;\" width=\"72\">15<\/td>\n<\/tr>\n<tr style=\"height: 13.50pt;\">\n<td style=\"height: 13.5pt; text-align: center;\" height=\"18\">Dimensioni (cm)<\/td>\n<td style=\"text-align: center;\">2,3 x 5,5<\/td>\n<td style=\"text-align: center;\">2,8 x 6,8<\/td>\n<td style=\"text-align: center;\">3,3 x 7,8<\/td>\n<\/tr>\n<tr style=\"height: 13.50pt;\">\n<td style=\"height: 13.5pt; text-align: center;\" height=\"18\">Forma<\/td>\n<td class=\"et2\" style=\"text-align: center;\" colspan=\"3\">Girare<\/td>\n<\/tr>\n<tr style=\"height: 13.50pt;\">\n<td style=\"height: 13.5pt; text-align: center;\" height=\"18\">Chiusura<\/td>\n<td class=\"et2\" style=\"text-align: center;\" colspan=\"3\">Tappo a vite<\/td>\n<\/tr>\n<tr style=\"height: 13.50pt;\">\n<td style=\"height: 13.5pt; text-align: center;\" height=\"18\">Inclusioni<\/td>\n<td class=\"et2\" style=\"text-align: center;\" colspan=\"3\">Pennello + Cappuccio<\/td>\n<\/tr>\n<\/tbody>\n<\/table>\n<h2>Storia di successo<\/h2>\n<p>Il marchio di bellezza italiano ha acquistato i nostri flaconi di smalto da 15 ml tramite la distribuzione all&#039;ingrosso per il lancio della sua prossima linea di smalti stagionali in edizione limitata, che costituir\u00e0 la sua prima nuova linea di prodotti. Il cliente ha utilizzato la serigrafia per stampare il logo del marchio su ogni flacone e ha applicato etichette colorate che consentono ai consumatori di identificare le diverse tonalit\u00e0 a colpo d&#039;occhio.<\/p>\n<p>La nuova collezione ha registrato un aumento delle vendite del 35% nel primo trimestre successivo al lancio. Il cliente ha effettuato diversi ordini all&#039;ingrosso successivi, comprendenti diverse famiglie di colori, per ampliare il proprio catalogo prodotti.<\/p>\n<h2>Suggerimenti per la personalizzazione<\/h2>\n<ol>\n<li><strong>Personalizzazione della finitura del cappuccio:<\/strong> I clienti possono scegliere tra cappellini neri e bianchi, disponibili con tre diverse finiture: lucida, opaca, con rivestimento UV ed effetto gommato, che migliorano le caratteristiche tattili e si abbinano al design del loro marchio.<\/li>\n<li><strong>Opzioni di personalizzazione del logo:<\/strong> Il sistema supporta molteplici metodi di decorazione, tra cui la serigrafia e la stampa a caldo con oro o argento, nonch\u00e9 l&#039;etichettatura per visualizzare i loghi del marchio e i diversi colori del prodotto.<\/li>\n<li><strong>Personalizzazione del colore della bottiglia:<\/strong> Il prodotto offre il vetro trasparente come opzione base, mentre i clienti possono scegliere tra finiture personalizzate che includono verniciatura a spruzzo opaca traslucida e sfumata, nonch\u00e9 opzioni di rivestimento a tinta unita, tra cui varie tonalit\u00e0 di rosa e nude.<\/li>\n<\/ol>","protected":false},"excerpt":{"rendered":"<p>Dai un tocco di stile al tuo brand di unghie con le nostre mini boccette di smalto. Scegli tra boccette da 5 ml, 10 ml o 15 ml con possibilit\u00e0 di personalizzazione e fornitura diretta dalla fabbrica. Richiedi un campione oggi stesso!<\/p>","protected":false},"featured_media":6377,"template":"","meta":{"postBodyCss":"","postBodyMargin":[],"postBodyPadding":[],"postBodyBackground":{"backgroundType":"classic","gradient":""}},"product_brand":[],"product_cat":[113,15,16],"product_tag":[],"class_list":{"0":"post-6334","1":"product","2":"type-product","3":"status-publish","4":"has-post-thumbnail","6":"product_cat-nail-polish-bottles","7":"product_cat-glass-containers","8":"product_cat-glass-bottles","10":"first","11":"instock","12":"shipping-taxable","13":"product-type-simple"},"jetpack_sharing_enabled":true,"_links":{"self":[{"href":"https:\/\/minghanggroup.com\/it\/wp-json\/wp\/v2\/product\/6334","targetHints":{"allow":["GET"]}}],"collection":[{"href":"https:\/\/minghanggroup.com\/it\/wp-json\/wp\/v2\/product"}],"about":[{"href":"https:\/\/minghanggroup.com\/it\/wp-json\/wp\/v2\/types\/product"}],"wp:featuredmedia":[{"embeddable":true,"href":"https:\/\/minghanggroup.com\/it\/wp-json\/wp\/v2\/media\/6377"}],"wp:attachment":[{"href":"https:\/\/minghanggroup.com\/it\/wp-json\/wp\/v2\/media?parent=6334"}],"wp:term":[{"taxonomy":"product_brand","embeddable":true,"href":"https:\/\/minghanggroup.com\/it\/wp-json\/wp\/v2\/product_brand?post=6334"},{"taxonomy":"product_cat","embeddable":true,"href":"https:\/\/minghanggroup.com\/it\/wp-json\/wp\/v2\/product_cat?post=6334"},{"taxonomy":"product_tag","embeddable":true,"href":"https:\/\/minghanggroup.com\/it\/wp-json\/wp\/v2\/product_tag?post=6334"}],"curies":[{"name":"wp","href":"https:\/\/api.w.org\/{rel}","templated":true}]}}