{"id":6256,"date":"2026-04-09T11:25:01","date_gmt":"2026-04-09T03:25:01","guid":{"rendered":"https:\/\/minghanggroup.com\/?post_type=product&#038;p=6256"},"modified":"2026-04-09T16:25:57","modified_gmt":"2026-04-09T08:25:57","slug":"empty-engraved-liquor-bottles-for-spirits-bulk","status":"publish","type":"product","link":"https:\/\/minghanggroup.com\/it\/prodotto\/empty-engraved-liquor-bottles-for-spirits-bulk\/","title":{"rendered":"Bottiglie vuote da 500 ml incise per liquori sfusi"},"content":{"rendered":"<p>Se cercate un packaging che trasmetta qualit\u00e0 ancor prima che la bottiglia venga aperta, ecco la soluzione ideale. Le bottiglie di liquore incise presentano un design alto e slanciato che crea un effetto scenografico su qualsiasi scaffale. La lavorazione a rilievo conferisce al prodotto un tocco di esclusivit\u00e0, rendendolo unico nel suo genere. Il prodotto offre un&#039;esperienza tattile di alta qualit\u00e0 che conquister\u00e0 i vostri clienti.<\/p>\n<h2>Caratteristiche del prodotto<\/h2>\n<ul>\n<li><strong>Goffratura tattile:<\/strong> I motivi in \u200b\u200brilievo del nostro prodotto creano effetti visivi, mentre le loro qualit\u00e0 tattili conferiscono un valore visivo immediato al vostro marchio.<\/li>\n<li><strong>Base pesante:<\/strong> Il nostro team di progettazione ha creato una struttura di base che unisce peso e stabilit\u00e0 per conferire alle bottiglie di vetro per liquori un aspetto pregiato.<\/li>\n<li><strong>Chiusura sicura:<\/strong> Il collo a vite standard del prodotto crea una chiusura ermetica che protegge liquori e distillati dalla contaminazione, preservandone al contempo la freschezza.<\/li>\n<\/ul>\n<h2>Specifiche chiave<\/h2>\n<table style=\"border-collapse: collapse; width: 80%; margin-left: auto; margin-right: auto;\" border=\"0\" width=\"288\" cellspacing=\"0\" cellpadding=\"0\">\n<tbody>\n<tr style=\"height: 13.50pt;\">\n<td style=\"height: 13.5pt; width: 54pt; text-align: center;\" width=\"72\" height=\"18\">Caratteristica<\/td>\n<td style=\"width: 54pt; text-align: center;\" width=\"72\">Rilievo inferiore<\/td>\n<td style=\"width: 54pt; text-align: center;\" width=\"72\">Sollievo da entrambi i lati<\/td>\n<td style=\"width: 54pt; text-align: center;\" width=\"72\">Rilievo superiore<\/td>\n<\/tr>\n<tr style=\"height: 13.50pt;\">\n<td style=\"height: 13.5pt; text-align: center;\" height=\"18\">Capacit\u00e0<\/td>\n<td class=\"et2\" style=\"text-align: center;\" colspan=\"3\">500 ml<\/td>\n<\/tr>\n<tr style=\"height: 13.50pt;\">\n<td style=\"height: 13.5pt; text-align: center;\" height=\"18\">Dimensioni (cm)<\/td>\n<td style=\"text-align: center;\">7.5 * 25.4<\/td>\n<td style=\"text-align: center;\">6.8 * 26.5<\/td>\n<td style=\"text-align: center;\">7.1 * 26.8<\/td>\n<\/tr>\n<tr style=\"height: 13.50pt;\">\n<td style=\"height: 13.5pt; text-align: center;\" height=\"18\">Finitura del manico<\/td>\n<td class=\"et2\" style=\"text-align: center;\" colspan=\"3\">Vite (compatibile con tappi standard)<\/td>\n<\/tr>\n<tr style=\"height: 13.50pt;\">\n<td style=\"height: 13.5pt; text-align: center;\" height=\"18\">Decorazione<\/td>\n<td class=\"et2\" style=\"text-align: center;\" colspan=\"3\">Motivi in \u200b\u200brilievo personalizzati<\/td>\n<\/tr>\n<\/tbody>\n<\/table>\n<h2>Storia di successo<\/h2>\n<p>La distilleria scozzese necessitava di nuove soluzioni di packaging per i suoi distillati di alta qualit\u00e0. Il cliente ha scelto le nostre bottiglie vuote da 500 ml per whisky, caratterizzate da un design in rilievo alla base, per il suo progetto di design personalizzato. Ha ulteriormente impreziosito la confezione con un tappo in metallo opaco su cui \u00e8 inciso il logo personalizzato e ha creato un&#039;area incassata per l&#039;etichetta sul corpo della bottiglia, per mostrare l&#039;identit\u00e0 del marchio in stile vintage.<\/p>\n<p>Nei primi tre mesi di commercializzazione, il prodotto ha registrato una crescita delle vendite al dettaglio superiore al 25%. Grazie al riscontro positivo dei clienti, il cliente ha mantenuto gli ordini di grandi volumi e ha scelto questo particolare design della bottiglia per l&#039;intera gamma di prodotti.<\/p>\n<h2>Suggerimenti per la personalizzazione<\/h2>\n<ol>\n<li><strong>Posizionamento selettivo della goffratura:<\/strong> In base all&#039;effetto visivo desiderato e al budget a disposizione, optare per una goffratura parziale (parte inferiore, fascia sulla spalla) o per un&#039;incisione su tutta la superficie.<\/li>\n<li><strong>Integrazione delle etichette:<\/strong> Per un&#039;applicazione pi\u00f9 semplice dell&#039;etichetta, \u00e8 possibile incorporare un pannello piatto o incassato all&#039;interno della goffratura, oppure optare per la stampa diretta (serigrafia\/stampa a caldo in oro).<\/li>\n<li><strong>Opzioni di decorazione a colori:<\/strong> Utilizza una verniciatura a spruzzo sfumata, effetti metallici o una colorazione parziale per mettere in risalto i disegni incisi.<\/li>\n<\/ol>","protected":false},"excerpt":{"rendered":"<p>Valorizza il tuo marchio con queste bottiglie vuote da 500 ml per whisky. Ideali per distillati, queste bottiglie per liquori incise sono disponibili all&#039;ingrosso. Richiedi campioni gratuiti.<\/p>","protected":false},"featured_media":6265,"template":"","meta":{"postBodyCss":"","postBodyMargin":[],"postBodyPadding":[],"postBodyBackground":{"backgroundType":"classic","gradient":""}},"product_brand":[],"product_cat":[108,15,16],"product_tag":[],"class_list":{"0":"post-6256","1":"product","2":"type-product","3":"status-publish","4":"has-post-thumbnail","6":"product_cat-liquor-bottles","7":"product_cat-glass-containers","8":"product_cat-glass-bottles","10":"first","11":"instock","12":"shipping-taxable","13":"product-type-simple"},"jetpack_sharing_enabled":true,"_links":{"self":[{"href":"https:\/\/minghanggroup.com\/it\/wp-json\/wp\/v2\/product\/6256","targetHints":{"allow":["GET"]}}],"collection":[{"href":"https:\/\/minghanggroup.com\/it\/wp-json\/wp\/v2\/product"}],"about":[{"href":"https:\/\/minghanggroup.com\/it\/wp-json\/wp\/v2\/types\/product"}],"wp:featuredmedia":[{"embeddable":true,"href":"https:\/\/minghanggroup.com\/it\/wp-json\/wp\/v2\/media\/6265"}],"wp:attachment":[{"href":"https:\/\/minghanggroup.com\/it\/wp-json\/wp\/v2\/media?parent=6256"}],"wp:term":[{"taxonomy":"product_brand","embeddable":true,"href":"https:\/\/minghanggroup.com\/it\/wp-json\/wp\/v2\/product_brand?post=6256"},{"taxonomy":"product_cat","embeddable":true,"href":"https:\/\/minghanggroup.com\/it\/wp-json\/wp\/v2\/product_cat?post=6256"},{"taxonomy":"product_tag","embeddable":true,"href":"https:\/\/minghanggroup.com\/it\/wp-json\/wp\/v2\/product_tag?post=6256"}],"curies":[{"name":"wp","href":"https:\/\/api.w.org\/{rel}","templated":true}]}}