{"id":6251,"date":"2026-04-08T13:52:44","date_gmt":"2026-04-08T05:52:44","guid":{"rendered":"https:\/\/minghanggroup.com\/?post_type=product&#038;p=6251"},"modified":"2026-04-08T16:20:36","modified_gmt":"2026-04-08T08:20:36","slug":"square-small-liquor-bottles-with-cork-bulk","status":"publish","type":"product","link":"https:\/\/minghanggroup.com\/it\/prodotto\/square-small-liquor-bottles-with-cork-bulk\/","title":{"rendered":"Bottigliette quadrate da 100 ml per liquori con tappo di sughero (confezione sfusa)"},"content":{"rendered":"<p>Le piccole bottiglie per liquori sono caratterizzate da un corpo compatto e rettangolare con angoli arrotondati, realizzato in vetro di alta qualit\u00e0 e disponibile in due eleganti versioni: trasparente e satinata opaca. I tappi sono in sughero naturale, il che le rende adatte per campioncini, mini bottiglie e flaconi da viaggio.<\/p>\n<h2>Caratteristiche del prodotto<\/h2>\n<ul>\n<li><strong>Corpo piccolo, quadrato e arrotondato:<\/strong> La forma quadrata chiusa con angoli arrotondati garantisce agli utenti una presa sicura dell&#039;oggetto, mantenendone al contempo un aspetto gradevole.<\/li>\n<li><strong>Tappo in sughero naturale:<\/strong> Il sughero naturale rappresenta una soluzione di chiusura ecocompatibile che conferisce al prodotto un&#039;estetica naturale.<\/li>\n<li><strong>Formato mini da 100 ml:<\/strong> Le dimensioni ridotte sono ideali per prodotti da degustare, da servire in porzioni singole, da contenere in flaconi da viaggio o da lanciare come edizioni speciali.<\/li>\n<\/ul>\n<h2 style=\"text-align: left;\">Specifiche chiave<\/h2>\n<table class=\"aligncenter\" style=\"border-collapse: collapse; width: 400.52pt;\" border=\"0\" width=\"534\" cellspacing=\"0\" cellpadding=\"0\">\n<tbody>\n<tr style=\"height: 13.50pt;\">\n<td style=\"height: 13.50pt; width: 117.75pt;\" width=\"157\" height=\"18\">Attributo<\/td>\n<td style=\"width: 282.75pt;\" width=\"377\">Dettagli<\/td>\n<\/tr>\n<tr style=\"height: 13.50pt;\">\n<td style=\"height: 13.50pt;\" height=\"18\">Dimensioni e capacit\u00e0<\/td>\n<td>5\u00d712 cm (100 ml)<\/td>\n<\/tr>\n<tr style=\"height: 13.50pt;\">\n<td style=\"height: 13.50pt;\" height=\"18\">Materiale<\/td>\n<td>Vetro trasparente o satinato, sughero naturale<\/td>\n<\/tr>\n<tr style=\"height: 13.50pt;\">\n<td style=\"height: 13.50pt;\" height=\"18\">Forma della bottiglia<\/td>\n<td>Colonna quadrata con angoli arrotondati<\/td>\n<\/tr>\n<tr style=\"height: 13.50pt;\">\n<td style=\"height: 13.50pt;\" height=\"18\">Gamma di personalizzazione<\/td>\n<td>Colore, finitura, sughero, dimensioni<\/td>\n<\/tr>\n<tr style=\"height: 13.50pt;\">\n<td style=\"height: 13.50pt;\" height=\"18\">Artigianato<\/td>\n<td>Stampaggio del vetro, applicazione della finitura<\/td>\n<\/tr>\n<tr style=\"height: 13.50pt;\">\n<td style=\"height: 13.50pt;\" height=\"18\">Uso primario<\/td>\n<td>Piccole bottiglie di liquore, bottigliette di liquore da degustazione<\/td>\n<\/tr>\n<tr style=\"height: 13.50pt;\">\n<td style=\"height: 13.50pt;\" height=\"18\">Settori target<\/td>\n<td>Distillerie artigianali, box in abbonamento<\/td>\n<\/tr>\n<\/tbody>\n<\/table>\n<h2>Caso di successo: un ordine personalizzato da un servizio di abbonamento nazionale per liquori artigianali.<\/h2>\n<p>Un servizio di abbonamento statunitense per liquori artigianali ha scelto le nostre bottigliette quadrate satinate e le ha personalizzate con un tappo di sughero sigillato con ceralacca e un corpo in vetro colorato. I risultati sono stati sorprendenti: l&#039;esclusivo design della bottiglia quadrata ha aumentato del 400% le condivisioni di unboxing sui social media da parte degli abbonati e la personalizzazione ha permesso loro di stringere collaborazioni con 50 nuovi birrifici artigianali. Dopo il primo successo, l&#039;azienda ha effettuato un ulteriore ordine di 480.000 bottiglie.<\/p>\n<h2>Piccole opzioni di personalizzazione per le bottiglie di liquore<\/h2>\n<ul>\n<li>Colori e tonalit\u00e0 del vetro: Il prodotto \u00e8 disponibile in quattro varianti di vetro, tra cui vetro ambrato, vetro verde, vetro blu e vetro fum\u00e9. Il prodotto offre inoltre due opzioni di vetro, ovvero vetro trasparente e vetro satinato.<\/li>\n<li>Tipi di sughero: Il sistema offre quattro opzioni di sughero, tra cui sughero naturale, sughero colorato, sughero sintetico e sughero impregnato di cera, oltre alla possibilit\u00e0 di stampare loghi.<\/li>\n<li>Rifiniture in pelle o corda: i clienti possono scegliere di aggiungere un cinturino in pelle o una corda al collo della bottiglia, insieme a un&#039;etichetta personalizzata, per creare un regalo dall&#039;aspetto rustico.<\/li>\n<\/ul>","protected":false},"excerpt":{"rendered":"<p>Piccole bottigliette da 100 ml in vetro trasparente e satinato. Piccole bottigliette con tappo in sughero per liquori o oli. Campioni gratuiti disponibili.<\/p>","protected":false},"featured_media":6253,"template":"","meta":{"postBodyCss":"","postBodyMargin":[],"postBodyPadding":[],"postBodyBackground":{"backgroundType":"classic","gradient":""}},"product_brand":[],"product_cat":[108,15,16],"product_tag":[],"class_list":{"0":"post-6251","1":"product","2":"type-product","3":"status-publish","4":"has-post-thumbnail","6":"product_cat-liquor-bottles","7":"product_cat-glass-containers","8":"product_cat-glass-bottles","10":"first","11":"instock","12":"shipping-taxable","13":"product-type-simple"},"jetpack_sharing_enabled":true,"_links":{"self":[{"href":"https:\/\/minghanggroup.com\/it\/wp-json\/wp\/v2\/product\/6251","targetHints":{"allow":["GET"]}}],"collection":[{"href":"https:\/\/minghanggroup.com\/it\/wp-json\/wp\/v2\/product"}],"about":[{"href":"https:\/\/minghanggroup.com\/it\/wp-json\/wp\/v2\/types\/product"}],"wp:featuredmedia":[{"embeddable":true,"href":"https:\/\/minghanggroup.com\/it\/wp-json\/wp\/v2\/media\/6253"}],"wp:attachment":[{"href":"https:\/\/minghanggroup.com\/it\/wp-json\/wp\/v2\/media?parent=6251"}],"wp:term":[{"taxonomy":"product_brand","embeddable":true,"href":"https:\/\/minghanggroup.com\/it\/wp-json\/wp\/v2\/product_brand?post=6251"},{"taxonomy":"product_cat","embeddable":true,"href":"https:\/\/minghanggroup.com\/it\/wp-json\/wp\/v2\/product_cat?post=6251"},{"taxonomy":"product_tag","embeddable":true,"href":"https:\/\/minghanggroup.com\/it\/wp-json\/wp\/v2\/product_tag?post=6251"}],"curies":[{"name":"wp","href":"https:\/\/api.w.org\/{rel}","templated":true}]}}