{"id":6241,"date":"2026-04-08T13:22:15","date_gmt":"2026-04-08T05:22:15","guid":{"rendered":"https:\/\/minghanggroup.com\/?post_type=product&#038;p=6241"},"modified":"2026-04-08T13:22:17","modified_gmt":"2026-04-08T05:22:17","slug":"glass-custom-square-liquor-bottles-for-spirits-wholesale","status":"publish","type":"product","link":"https:\/\/minghanggroup.com\/it\/prodotto\/glass-custom-square-liquor-bottles-for-spirits-wholesale\/","title":{"rendered":"Bottiglie quadrate in vetro da 250 ml, 375 ml e 500 ml per liquori (vendita all&#039;ingrosso)"},"content":{"rendered":"<p>Le nostre eleganti bottiglie quadrate per liquori sono progettate per soddisfare le esigenze dei marchi che richiedono un design moderno ed elegante. Il design netto e angolare crea un forte impatto visivo sugli scaffali. Le bottiglie vuote per distillati mostrano una combinazione vincente di elementi di design solidi, poich\u00e9 la base garantisce stabilit\u00e0 e il tappo lavorato con precisione assicura una perfetta tenuta.<\/p>\n<h2>Caratteristiche del prodotto<\/h2>\n<ul>\n<li><strong>Design piatto e quadrato:<\/strong> Il nuovo design presenta una forma compatta e accattivante, caratterizzata da linee rette di grande impatto, ideali per l&#039;esposizione.<\/li>\n<li><strong>Costruzione di base pesante:<\/strong> La base del contenitore \u00e8 stata realizzata con un peso aggiuntivo per garantire maggiore stabilit\u00e0 e una sensazione di qualit\u00e0 superiore al tatto.<\/li>\n<li><strong>Pannello per etichette di grandi dimensioni:<\/strong> Le aree anteriore e posteriore offrono ampio spazio che consente di visualizzare diverse tipologie di etichette, rilievi e personalizzazioni del marchio.<\/li>\n<\/ul>\n<h2>Specifiche chiave<\/h2>\n<table style=\"border-collapse: collapse; width: 80%; margin-left: auto; margin-right: auto;\" border=\"0\" width=\"144\" cellspacing=\"0\" cellpadding=\"0\">\n<tbody>\n<tr style=\"height: 13.50pt;\">\n<td style=\"height: 13.5pt; width: 54pt; text-align: center;\" width=\"72\" height=\"18\">Caratteristica<\/td>\n<td style=\"width: 54pt; text-align: center;\" width=\"72\">Dettagli<\/td>\n<\/tr>\n<tr style=\"height: 13.50pt;\">\n<td style=\"height: 13.5pt; text-align: center;\" height=\"18\">Dimensioni<\/td>\n<td style=\"text-align: center;\">250 ml, 375 ml, 500 ml<\/td>\n<\/tr>\n<tr style=\"height: 13.50pt;\">\n<td style=\"height: 13.5pt; text-align: center;\" height=\"18\">Forma<\/td>\n<td style=\"text-align: center;\">Piazza<\/td>\n<\/tr>\n<tr style=\"height: 13.50pt;\">\n<td style=\"height: 13.5pt; text-align: center;\" height=\"18\">Opzioni di Cap<\/td>\n<td style=\"text-align: center;\">Tappo in vetro, tappo a vite in alluminio, tappo in sughero di legno<\/td>\n<\/tr>\n<tr style=\"height: 13.50pt;\">\n<td style=\"height: 13.5pt; text-align: center;\" height=\"18\">Tipi di collo<\/td>\n<td style=\"text-align: center;\">Bocca piatta, collo a vite<\/td>\n<\/tr>\n<\/tbody>\n<\/table>\n<h2>Storia di successo<\/h2>\n<p>Una distilleria artigianale statunitense si stava preparando a lanciare un whisky premium in edizione limitata e ha scelto le nostre bottiglie quadrate da 375 ml per il lancio. Il cliente ha optato per il vetro ultra-trasparente perch\u00e9 avrebbe messo in risalto il bellissimo colore ambrato del whisky, che trovava particolarmente attraente; la parte frontale delle bottiglie vuote presenta un pannello in rilievo con un design a bassorilievo che funge da cornice per l&#039;etichetta in stile vintage. Hanno scelto un tappo di sughero personalizzato con parte superiore in legno perch\u00e9 includeva un medaglione con il logo del marchio.<\/p>\n<p>Il prodotto ha superato i primi sei mesi di commercializzazione, dopodich\u00e9 le vendite sono aumentate del 32%. Il cliente ha effettuato numerosi ordini, grazie al feedback positivo dei distributori e alla continua preferenza dei clienti, che hanno reso i suoi prodotti la linea principale.<\/p>\n<h2>Suggerimenti per la personalizzazione<\/h2>\n<ol>\n<li><strong>Personalizzazione del pannello frontale:<\/strong> Aggiungi un pannello per etichette incassato o in rilievo per incorniciare il marchio e migliorare l&#039;adesione dell&#039;etichetta.<\/li>\n<li><strong>Corrispondenza della chiusura:<\/strong> Personalizza i tappi in sughero con coperchi in legno, metallo o acrilico; oppure scegli tappi a vite con finiture personalizzate per diversi mercati.<\/li>\n<li><strong>Dettaglio del design inferiore:<\/strong> La forma della base interna push-up pu\u00f2 essere personalizzata dai designer che desiderano creare la propria firma visiva unica tramite segni in rilievo.<\/li>\n<\/ol>","protected":false},"excerpt":{"rendered":"<p>Bottiglia quadrata per liquori con base spessa e finitura trasparente. Ideale per il confezionamento di alcolici, e disponibile anche come bottiglia vuota per liquori, direttamente dalla fabbrica, con possibilit\u00e0 di personalizzazione.<\/p>","protected":false},"featured_media":6250,"template":"","meta":{"postBodyCss":"","postBodyMargin":[],"postBodyPadding":[],"postBodyBackground":{"backgroundType":"classic","gradient":""}},"product_brand":[],"product_cat":[108,15,16],"product_tag":[],"class_list":{"0":"post-6241","1":"product","2":"type-product","3":"status-publish","4":"has-post-thumbnail","6":"product_cat-liquor-bottles","7":"product_cat-glass-containers","8":"product_cat-glass-bottles","10":"first","11":"instock","12":"shipping-taxable","13":"product-type-simple"},"jetpack_sharing_enabled":true,"_links":{"self":[{"href":"https:\/\/minghanggroup.com\/it\/wp-json\/wp\/v2\/product\/6241","targetHints":{"allow":["GET"]}}],"collection":[{"href":"https:\/\/minghanggroup.com\/it\/wp-json\/wp\/v2\/product"}],"about":[{"href":"https:\/\/minghanggroup.com\/it\/wp-json\/wp\/v2\/types\/product"}],"wp:featuredmedia":[{"embeddable":true,"href":"https:\/\/minghanggroup.com\/it\/wp-json\/wp\/v2\/media\/6250"}],"wp:attachment":[{"href":"https:\/\/minghanggroup.com\/it\/wp-json\/wp\/v2\/media?parent=6241"}],"wp:term":[{"taxonomy":"product_brand","embeddable":true,"href":"https:\/\/minghanggroup.com\/it\/wp-json\/wp\/v2\/product_brand?post=6241"},{"taxonomy":"product_cat","embeddable":true,"href":"https:\/\/minghanggroup.com\/it\/wp-json\/wp\/v2\/product_cat?post=6241"},{"taxonomy":"product_tag","embeddable":true,"href":"https:\/\/minghanggroup.com\/it\/wp-json\/wp\/v2\/product_tag?post=6241"}],"curies":[{"name":"wp","href":"https:\/\/api.w.org\/{rel}","templated":true}]}}