{"id":6240,"date":"2026-04-08T09:10:27","date_gmt":"2026-04-08T01:10:27","guid":{"rendered":"https:\/\/minghanggroup.com\/?post_type=product&#038;p=6240"},"modified":"2026-04-08T13:03:36","modified_gmt":"2026-04-08T05:03:36","slug":"empty-liquor-bottle-glassware-with-gold-lids-bulk","status":"publish","type":"product","link":"https:\/\/minghanggroup.com\/it\/prodotto\/empty-liquor-bottle-glassware-with-gold-lids-bulk\/","title":{"rendered":"Bottiglie vuote da 500 ml per liquori, in vetro, con tappi dorati, confezione multipla."},"content":{"rendered":"<p>Le bottiglie di liquore in vetro presentano un design tradizionale a &#034;goccia&#034; o &#034;a clessidra&#034;, realizzato in vetro ultra trasparente di alta qualit\u00e0 e completano la struttura con un tappo dorato. Il prodotto \u00e8 disponibile in design decorativi semplici e pi\u00f9 elaborati.<\/p>\n<h2>Caratteristiche del prodotto<\/h2>\n<ul>\n<li><strong>Design classico della bottiglia a forma di clessidra:<\/strong> La forma a goccia, slanciata e affusolata, mette in risalto le curve aggraziate che riflettono le consolidate tradizioni del design degli imballaggi per liquori.<\/li>\n<li><strong>Materiale in vetro ad alta trasparenza:<\/strong> Il materiale \u00e8 costituito da vetro trasparente e incolore che, grazie alle sue propriet\u00e0 di trasparenza, permette di apprezzare appieno il colore del distillato.<\/li>\n<li><strong>Opzioni di lusso con limite massimo in oro:<\/strong> Per rappresentare al meglio l&#039;identit\u00e0 del tuo marchio, puoi scegliere tra un tappo dorato finemente lavorato a rilievo o un semplice tappo dorato piatto.<\/li>\n<\/ul>\n<h2 style=\"text-align: left;\">Specifiche chiave<\/h2>\n<table class=\"aligncenter\" style=\"border-collapse: collapse; width: 400.52pt;\" border=\"0\" width=\"534\" cellspacing=\"0\" cellpadding=\"0\">\n<tbody>\n<tr style=\"height: 13.50pt;\">\n<td style=\"height: 13.50pt; width: 117.75pt;\" width=\"157\" height=\"18\">Attributo<\/td>\n<td style=\"width: 282.75pt;\" width=\"377\">Dettagli<\/td>\n<\/tr>\n<tr style=\"height: 13.50pt;\">\n<td style=\"height: 13.50pt;\" height=\"18\">Dimensioni e capacit\u00e0<\/td>\n<td>Due varianti da 500 ml: 7,1\u00d727,3 cm e 6,7\u00d725,7 cm<\/td>\n<\/tr>\n<tr style=\"height: 13.50pt;\">\n<td style=\"height: 13.50pt;\" height=\"18\">Materiale<\/td>\n<td>Vetro trasparente<\/td>\n<\/tr>\n<tr style=\"height: 13.50pt;\">\n<td style=\"height: 13.50pt;\" height=\"18\">Forma della bottiglia<\/td>\n<td>Lacrima svasata<\/td>\n<\/tr>\n<tr style=\"height: 13.50pt;\">\n<td style=\"height: 13.50pt;\" height=\"18\">Gamma di personalizzazione<\/td>\n<td>Colore, finitura, dimensioni dei coperchi<\/td>\n<\/tr>\n<tr style=\"height: 13.50pt;\">\n<td style=\"height: 13.50pt;\" height=\"18\">Uso primario<\/td>\n<td>Bottiglie vuote per liquori all&#039;ingrosso, bottiglie per distillati<\/td>\n<\/tr>\n<tr style=\"height: 13.50pt;\">\n<td style=\"height: 13.50pt;\" height=\"18\">Settori target<\/td>\n<td>Distillerie artigianali, marchi di liquori di alta qualit\u00e0<\/td>\n<\/tr>\n<\/tbody>\n<\/table>\n<h2>Caso di successo: lancio globale di un marchio di liquori asiatici<\/h2>\n<p>La nostra azienda ha fornito al marchio di liquori asiatici le nostre bottiglie di vetro da 500 ml, che sono state personalizzate con un disegno di drago in rilievo e un tappo dorato. La forma classica della bottiglia ha aumentato del 60% la riconoscibilit\u00e0 sugli scaffali e la notoriet\u00e0 del marchio, mentre il tappo dorato di alta qualit\u00e0 ha aggiunto 20 dollari al prezzo di ogni bottiglia. Il marchio ha ottenuto un grande successo, tanto da ordinare ulteriori 500.000 bottiglie per lanciare i suoi nuovi liquori aromatizzati e articoli speciali da collezione.<\/p>\n<h2>Opzioni di personalizzazione per la vendita all&#039;ingrosso di bottiglie di liquore vuote<\/h2>\n<ul>\n<li>Design e finitura del tappo: Il prodotto offre tre opzioni di finitura, tra cui oro, argento e rame, per tappi lisci, ondulati e finemente goffrati.<\/li>\n<li>Goffratura\/Rilievo: La spalla e la base della bottiglia si prestano all&#039;aggiunta di dettagli decorativi, tra cui molteplici motivi, loghi e disegni di ispirazione culturale.<\/li>\n<li>Misure antimanomissione: Il prodotto offre pellicola termoretraibile personalizzata, sigilli in ceralacca e tappi &#034;fragile&#034; come misure di sicurezza per la protezione del prodotto.<\/li>\n<\/ul>","protected":false},"excerpt":{"rendered":"<p>Bottiglie vuote per liquori all&#039;ingrosso, dall&#039;elegante forma a goccia con tappi dorati. Bottiglie in vetro ideali per liquori. Possibilit\u00e0 di personalizzazione con il proprio marchio.<\/p>","protected":false},"featured_media":6245,"template":"","meta":{"postBodyCss":"","postBodyMargin":[],"postBodyPadding":[],"postBodyBackground":{"backgroundType":"classic","gradient":""}},"product_brand":[],"product_cat":[108,15,16],"product_tag":[],"class_list":{"0":"post-6240","1":"product","2":"type-product","3":"status-publish","4":"has-post-thumbnail","6":"product_cat-liquor-bottles","7":"product_cat-glass-containers","8":"product_cat-glass-bottles","10":"first","11":"instock","12":"shipping-taxable","13":"product-type-simple"},"jetpack_sharing_enabled":true,"_links":{"self":[{"href":"https:\/\/minghanggroup.com\/it\/wp-json\/wp\/v2\/product\/6240","targetHints":{"allow":["GET"]}}],"collection":[{"href":"https:\/\/minghanggroup.com\/it\/wp-json\/wp\/v2\/product"}],"about":[{"href":"https:\/\/minghanggroup.com\/it\/wp-json\/wp\/v2\/types\/product"}],"wp:featuredmedia":[{"embeddable":true,"href":"https:\/\/minghanggroup.com\/it\/wp-json\/wp\/v2\/media\/6245"}],"wp:attachment":[{"href":"https:\/\/minghanggroup.com\/it\/wp-json\/wp\/v2\/media?parent=6240"}],"wp:term":[{"taxonomy":"product_brand","embeddable":true,"href":"https:\/\/minghanggroup.com\/it\/wp-json\/wp\/v2\/product_brand?post=6240"},{"taxonomy":"product_cat","embeddable":true,"href":"https:\/\/minghanggroup.com\/it\/wp-json\/wp\/v2\/product_cat?post=6240"},{"taxonomy":"product_tag","embeddable":true,"href":"https:\/\/minghanggroup.com\/it\/wp-json\/wp\/v2\/product_tag?post=6240"}],"curies":[{"name":"wp","href":"https:\/\/api.w.org\/{rel}","templated":true}]}}