{"id":6223,"date":"2026-04-07T13:40:10","date_gmt":"2026-04-07T05:40:10","guid":{"rendered":"https:\/\/minghanggroup.com\/?post_type=product&#038;p=6223"},"modified":"2026-04-07T13:40:11","modified_gmt":"2026-04-07T05:40:11","slug":"clear-liquor-bottles-with-glass-stopper-bulk","status":"publish","type":"product","link":"https:\/\/minghanggroup.com\/it\/prodotto\/clear-liquor-bottles-with-glass-stopper-bulk\/","title":{"rendered":"Bottiglie di liquore trasparenti da 100 ml a 1000 ml con tappo in vetro (vendita all&#039;ingrosso)"},"content":{"rendered":"<p>Il design trasparente delle bottiglie di liquore che abbiamo creato presenta una forma corposa che si estende fino a un collo alto e slanciato. Il bordo piatto della bottiglia permette un collegamento perfetto con il tappo in vetro in dotazione. Il design della bottiglia valorizzer\u00e0 il vostro prodotto perch\u00e9, grazie all&#039;utilizzo di vetro ad alta trasparenza, metter\u00e0 in risalto il colore dorato del whisky di alta qualit\u00e0 o la sua finitura satinata, creando un&#039;atmosfera di misteriosa profondit\u00e0.<\/p>\n<h2>Caratteristiche del prodotto<\/h2>\n<ul>\n<li><strong>Forma compatta e arrotondata:<\/strong> Questa bottiglia ha una forma molto particolare, &#034;tonda e paffuta&#034;, con linee eleganti e proporzioni armoniose che, nel complesso, le conferiscono un aspetto molto gradevole e accattivante.<\/li>\n<li><strong>Materiali di alta qualit\u00e0:<\/strong> Realizzate in vetro di prima qualit\u00e0, queste bottiglie offrono notevole robustezza e resistenza alla rottura anche se sottoposte a manipolazioni brusche durante le consegne a lunga distanza.<\/li>\n<li><strong>Guarnizione in vetro a tenuta stagna:<\/strong> Il collo della bottiglia \u00e8 dotato di un bordo piatto che garantisce un&#039;aderenza ideale e uniforme con tappi o capsule in vetro, preservando cos\u00ec la freschezza e l&#039;aroma originali dei vostri liquori senza perdite.<\/li>\n<\/ul>\n<h2>Specifiche chiave<\/h2>\n<table style=\"border-collapse: collapse; width: 80%; margin-left: auto; margin-right: auto;\" border=\"0\" width=\"144\" cellspacing=\"0\" cellpadding=\"0\">\n<tbody>\n<tr style=\"height: 13.50pt;\">\n<td style=\"height: 13.5pt; width: 54pt; text-align: center;\" width=\"72\" height=\"18\">Caratteristica<\/td>\n<td style=\"width: 54pt; text-align: center;\" width=\"72\">Dettagli<\/td>\n<\/tr>\n<tr style=\"height: 13.50pt;\">\n<td style=\"height: 13.5pt; text-align: center;\" height=\"18\">Capacit\u00e0 (ml)<\/td>\n<td style=\"text-align: center;\">100 250 500 1000<\/td>\n<\/tr>\n<tr style=\"height: 13.50pt;\">\n<td style=\"height: 13.5pt; text-align: center;\" height=\"18\">Finitura del manico<\/td>\n<td style=\"text-align: center;\">Bocca piatta (per tappo\/sughero in vetro)<\/td>\n<\/tr>\n<tr style=\"height: 13.50pt;\">\n<td style=\"height: 13.5pt; text-align: center;\" height=\"18\">Applicazione<\/td>\n<td style=\"text-align: center;\">Liquori, alcolici, vino, olio d&#039;oliva<\/td>\n<\/tr>\n<tr style=\"height: 13.50pt;\">\n<td style=\"height: 13.5pt; text-align: center;\" height=\"18\">Trattamento delle superfici<\/td>\n<td style=\"text-align: center;\">Lucidatura, satinato, decalcomania, etichettatura<\/td>\n<\/tr>\n<\/tbody>\n<\/table>\n<h2>Storia di successo<\/h2>\n<p>Abbiamo avviato una nuova collaborazione con una distilleria di whisky australiana di nicchia. L&#039;azienda ha scelto la nostra bottiglia da 375 ml come soluzione di packaging. Il cliente ha optato per un packaging personalizzato per valorizzare il whisky, mettendo in risalto la qualit\u00e0 del suo distillato con una bottiglia in vetro trasparente. Abbiamo utilizzato la serigrafia per creare un logo con effetto satinato, applicato in rilievo sulla bottiglia. Nei primi tre mesi di attivit\u00e0, l&#039;azienda ha registrato un aumento delle vendite del 40%. Tre mesi dopo, ha effettuato un ordine consistente per rifornirsi in vista delle festivit\u00e0 natalizie.<\/p>\n<h2>Suggerimenti per la personalizzazione<\/h2>\n<ol>\n<li><strong>Produzione di bottiglie:<\/strong> \u00c8 possibile satinare il vetro (per ottenere un effetto opaco), serigrafare (se si desidera inserire il logo aziendale o un disegno) o persino stampare a caldo con lamina d&#039;oro o d&#039;argento per chi desidera un tocco di lusso; anche la verniciatura UV selettiva \u00e8 ottima per evidenziare determinate parti del disegno e quindi aumentare la riconoscibilit\u00e0 del marchio della bottiglia.<\/li>\n<li><strong>Etichette e imballaggi:<\/strong> \u00c8 possibile utilizzare etichette personalizzate (in carta o PVC impermeabile), confezioni regalo (per bottiglie singole o multiple), cordoncini o sigilli in ceralacca per creare un&#039;esperienza di marca completa, dall&#039;interno verso l&#039;esterno, che rende il prodotto particolarmente adatto al mercato dei regali.<\/li>\n<li><strong>Tecniche decorative speciali:<\/strong> Ad esempio, si pu\u00f2 imprimere un motivo del marchio quasi invisibile sul fondo della bottiglia o utilizzare una texture antiscivolo sul corpo (per migliorarne la maneggevolezza), in modo che anche i piccoli dettagli diventino un fattore di differenziazione.<\/li>\n<\/ol>","protected":false},"excerpt":{"rendered":"<p>Bottiglie per liquori trasparenti dalla forma arrotondata con tappo in vetro. Perfette per i distillati, le nostre bottiglie da 375 ml sono ideali per il branding. Spedizione rapida.<\/p>","protected":false},"featured_media":6231,"template":"","meta":{"postBodyCss":"","postBodyMargin":[],"postBodyPadding":[],"postBodyBackground":{"backgroundType":"classic","gradient":""}},"product_brand":[],"product_cat":[15,108,16],"product_tag":[],"class_list":{"0":"post-6223","1":"product","2":"type-product","3":"status-publish","4":"has-post-thumbnail","6":"product_cat-glass-containers","7":"product_cat-liquor-bottles","8":"product_cat-glass-bottles","10":"first","11":"instock","12":"shipping-taxable","13":"product-type-simple"},"jetpack_sharing_enabled":true,"_links":{"self":[{"href":"https:\/\/minghanggroup.com\/it\/wp-json\/wp\/v2\/product\/6223","targetHints":{"allow":["GET"]}}],"collection":[{"href":"https:\/\/minghanggroup.com\/it\/wp-json\/wp\/v2\/product"}],"about":[{"href":"https:\/\/minghanggroup.com\/it\/wp-json\/wp\/v2\/types\/product"}],"wp:featuredmedia":[{"embeddable":true,"href":"https:\/\/minghanggroup.com\/it\/wp-json\/wp\/v2\/media\/6231"}],"wp:attachment":[{"href":"https:\/\/minghanggroup.com\/it\/wp-json\/wp\/v2\/media?parent=6223"}],"wp:term":[{"taxonomy":"product_brand","embeddable":true,"href":"https:\/\/minghanggroup.com\/it\/wp-json\/wp\/v2\/product_brand?post=6223"},{"taxonomy":"product_cat","embeddable":true,"href":"https:\/\/minghanggroup.com\/it\/wp-json\/wp\/v2\/product_cat?post=6223"},{"taxonomy":"product_tag","embeddable":true,"href":"https:\/\/minghanggroup.com\/it\/wp-json\/wp\/v2\/product_tag?post=6223"}],"curies":[{"name":"wp","href":"https:\/\/api.w.org\/{rel}","templated":true}]}}