{"id":6218,"date":"2026-04-07T10:57:04","date_gmt":"2026-04-07T02:57:04","guid":{"rendered":"https:\/\/minghanggroup.com\/?post_type=product&#038;p=6218"},"modified":"2026-04-07T10:57:06","modified_gmt":"2026-04-07T02:57:06","slug":"custom-glass-liquor-bottles-with-lids-for-packaging-bulk","status":"publish","type":"product","link":"https:\/\/minghanggroup.com\/it\/prodotto\/custom-glass-liquor-bottles-with-lids-for-packaging-bulk\/","title":{"rendered":"Bottiglie di vetro personalizzate per liquori da 100 ml a 1000 ml con tappi per confezionamento all&#039;ingrosso"},"content":{"rendered":"<p>Le bottiglie di vetro per liquori dimostrano la loro robustezza grazie al design che combina una forma cilindrica liscia con un collo stretto, creando un&#039;estetica duratura e accattivante per i clienti moderni. \u00c8 possibile scegliere tra finiture trasparenti e satinate, che vi aiuteranno a creare l&#039;identit\u00e0 di marca desiderata. Le bottiglie personalizzate per liquori sono disponibili con tappi a vite o piatti in legno o alluminio, garantendo una chiusura ermetica ad ogni versamento. I prodotti sono disponibili in diverse dimensioni, da 100 ml a 1000 ml, adatte a conservare whisky, vodka e altri tipi di liquori. Le nostre bottiglie offrono qualit\u00e0 e versatilit\u00e0, ideali per le distillerie che desiderano lanciare nuovi prodotti e per i commercianti che necessitano di acquistare grandi quantit\u00e0.<\/p>\n<h2>Caratteristiche del prodotto<\/h2>\n<ul>\n<li><strong>Finitura di alta qualit\u00e0:<\/strong> Offrire finiture trasparenti e sabbiate consente ai marchi di risultare pi\u00f9 accattivanti dal punto di vista visivo e di affermare la propria identit\u00e0.<\/li>\n<li><strong>Chiusura sicura:<\/strong> La tenuta stagna \u00e8 garantita dai tappi a vite e a superficie piana, abbinati a coperchi in legno o alluminio.<\/li>\n<li><strong>Design con base rinforzata:<\/strong> Un fondo rinforzato non solo contribuisce a rendere il prodotto pi\u00f9 pesante e stabile, ma ne migliora anche la visibilit\u00e0 sullo scaffale e trasmette un&#039;idea di alta qualit\u00e0.<\/li>\n<\/ul>\n<h2>Specifiche chiave<\/h2>\n<table style=\"border-collapse: collapse; width: 80%; margin-left: auto; margin-right: auto;\" border=\"0\" width=\"144\" cellspacing=\"0\" cellpadding=\"0\">\n<tbody>\n<tr style=\"height: 13.50pt;\">\n<td style=\"height: 13.5pt; width: 54pt; text-align: center;\" width=\"72\" height=\"18\">Categoria<\/td>\n<td style=\"width: 54pt; text-align: center;\" width=\"72\">Dettagli<\/td>\n<\/tr>\n<tr style=\"height: 13.50pt;\">\n<td style=\"height: 13.5pt; text-align: center;\" height=\"18\">Capacit\u00e0<\/td>\n<td style=\"text-align: center;\">100, 200, 375, 500, 750, 1000 ml<\/td>\n<\/tr>\n<tr style=\"height: 13.50pt;\">\n<td style=\"height: 13.5pt; text-align: center;\" height=\"18\">Finitura in vetro<\/td>\n<td style=\"text-align: center;\">Trasparente, satinato<\/td>\n<\/tr>\n<tr style=\"height: 13.50pt;\">\n<td style=\"height: 13.5pt; text-align: center;\" height=\"18\">Tipo di collo<\/td>\n<td style=\"text-align: center;\">Snello, cilindrico<\/td>\n<\/tr>\n<tr style=\"height: 13.50pt;\">\n<td style=\"height: 13.5pt; text-align: center;\" height=\"18\">Opzioni di Cap<\/td>\n<td style=\"text-align: center;\">Tappo a vite, tappo piatto<\/td>\n<\/tr>\n<tr style=\"height: 13.50pt;\">\n<td style=\"height: 13.5pt; text-align: center;\" height=\"18\">Materiali del tappo<\/td>\n<td style=\"text-align: center;\">Legno, alluminio<\/td>\n<\/tr>\n<tr style=\"height: 13.50pt;\">\n<td style=\"height: 13.5pt; text-align: center;\" height=\"18\">Casi d&#039;uso<\/td>\n<td style=\"text-align: center;\">Whisky, Vodka, Rum, Distillati artigianali<\/td>\n<\/tr>\n<\/tbody>\n<\/table>\n<h2>Storia di successo<\/h2>\n<p>Un marchio italiano di liquori di alta gamma si stava preparando a lanciare una nuova linea di distillati artigianali; dopo un&#039;attenta valutazione, ha scelto le nostre bottiglie in vetro satinato da 750 ml. Il cliente ha optato per un tappo in sughero con inserti in legno naturale e necessitava di un tappo interno personalizzato per garantire una tenuta ottimale durante il trasporto. Abbiamo combinato la serigrafia con tecniche di goffratura per creare un design di alta qualit\u00e0 che mantenesse un&#039;estetica minimalista.<\/p>\n<p>Nei primi due trimestri successivi al lancio sul mercato, il prodotto ha registrato una crescita delle vendite impressionante, pari al 35%. Il cliente ha effettuato ulteriori ordini grazie al feedback positivo dei distributori e al continuo interesse da parte dei clienti.<\/p>\n<h2>Suggerimenti per la personalizzazione<\/h2>\n<ol>\n<li><strong>Personalizzazione della chiusura:<\/strong> \u00c8 possibile scegliere tra tre opzioni di chiusura: tappo in sughero con parte superiore in legno, tappo sintetico e tappo a vite in alluminio. Gli utenti possono inoltre personalizzare sia la forma che il colore del tappo.<\/li>\n<li><strong>Logo e decorazioni:<\/strong> La personalizzazione del marchio pu\u00f2 essere realizzata tramite serigrafia, stampa a caldo, goffratura\/debossing ed etichettatura adesiva, creando cos\u00ec molteplici livelli di effetti visivi.<\/li>\n<li><strong>Variazioni di capacit\u00e0:<\/strong> L&#039;azienda offre diverse opzioni di formato per le bottiglie, tra cui 200 ml, 375 ml, 500 ml e 700 ml, sia per i cofanetti regalo che per i vari canali di vendita.<\/li>\n<\/ol>","protected":false},"excerpt":{"rendered":"<p>Bottiglie di vetro per liquori, trasparenti o satinate. Ideali per il confezionamento di distillati, bottiglie personalizzate con fornitura diretta dalla fabbrica, campioni gratuiti e ordini all&#039;ingrosso.<\/p>","protected":false},"featured_media":6222,"template":"","meta":{"postBodyCss":"","postBodyMargin":[],"postBodyPadding":[],"postBodyBackground":{"backgroundType":"classic","gradient":""}},"product_brand":[],"product_cat":[108,16,15],"product_tag":[],"class_list":{"0":"post-6218","1":"product","2":"type-product","3":"status-publish","4":"has-post-thumbnail","6":"product_cat-liquor-bottles","7":"product_cat-glass-bottles","8":"product_cat-glass-containers","10":"first","11":"instock","12":"shipping-taxable","13":"product-type-simple"},"jetpack_sharing_enabled":true,"_links":{"self":[{"href":"https:\/\/minghanggroup.com\/it\/wp-json\/wp\/v2\/product\/6218","targetHints":{"allow":["GET"]}}],"collection":[{"href":"https:\/\/minghanggroup.com\/it\/wp-json\/wp\/v2\/product"}],"about":[{"href":"https:\/\/minghanggroup.com\/it\/wp-json\/wp\/v2\/types\/product"}],"wp:featuredmedia":[{"embeddable":true,"href":"https:\/\/minghanggroup.com\/it\/wp-json\/wp\/v2\/media\/6222"}],"wp:attachment":[{"href":"https:\/\/minghanggroup.com\/it\/wp-json\/wp\/v2\/media?parent=6218"}],"wp:term":[{"taxonomy":"product_brand","embeddable":true,"href":"https:\/\/minghanggroup.com\/it\/wp-json\/wp\/v2\/product_brand?post=6218"},{"taxonomy":"product_cat","embeddable":true,"href":"https:\/\/minghanggroup.com\/it\/wp-json\/wp\/v2\/product_cat?post=6218"},{"taxonomy":"product_tag","embeddable":true,"href":"https:\/\/minghanggroup.com\/it\/wp-json\/wp\/v2\/product_tag?post=6218"}],"curies":[{"name":"wp","href":"https:\/\/api.w.org\/{rel}","templated":true}]}}