{"id":6216,"date":"2026-04-07T09:09:06","date_gmt":"2026-04-07T01:09:06","guid":{"rendered":"https:\/\/minghanggroup.com\/?post_type=product&#038;p=6216"},"modified":"2026-04-07T16:38:05","modified_gmt":"2026-04-07T08:38:05","slug":"square-empty-liquor-bottles-wholesale","status":"publish","type":"product","link":"https:\/\/minghanggroup.com\/it\/prodotto\/square-empty-liquor-bottles-wholesale\/","title":{"rendered":"Bottiglie vuote quadrate per liquori da 250 ml e 500 ml, vendita all&#039;ingrosso."},"content":{"rendered":"<p>Le bottiglie vuote per liquori presentano un design moderno e squadrato, realizzato in vetro ultra trasparente. Le bottiglie quadrate sono disponibili in due formati e ciascuna \u00e8 accompagnata da un tappo in vetro trasparente abbinato.<\/p>\n<h2>Caratteristiche del prodotto<\/h2>\n<ul>\n<li><strong>Progettazione di colonne quadrate:<\/strong> L&#039;elemento di design presenta una forma quadrata con angoli arrotondati che garantisce robustezza e facilit\u00e0 di utilizzo, offrendo al contempo un design contemporaneo in linea con i principi del minimalismo.<\/li>\n<li><strong>Vetro spesso:<\/strong> La bottiglia di vetro \u00e8 realizzata con vetro spesso che offre un&#039;elevata visibilit\u00e0 del contenuto, mantenendo al contempo un&#039;elevata qualit\u00e0 e robustezza.<\/li>\n<li><strong>Disponibili diverse misure:<\/strong> Il prodotto offre due diverse opzioni di formato che consentono agli utenti di scegliere tra diverse capacit\u00e0 di riconfezionamento del vino.<\/li>\n<\/ul>\n<h2 style=\"text-align: left;\">Specifiche chiave<\/h2>\n<table class=\"aligncenter\" style=\"border-collapse: collapse; width: 384.77pt;\" border=\"0\" width=\"513\" cellspacing=\"0\" cellpadding=\"0\">\n<tbody>\n<tr style=\"height: 13.50pt;\">\n<td style=\"height: 13.50pt; width: 142.50pt;\" width=\"190\" height=\"18\">Specifica<\/td>\n<td style=\"width: 242.25pt;\" width=\"323\">Dettagli<\/td>\n<\/tr>\n<tr style=\"height: 13.50pt;\">\n<td style=\"height: 13.50pt;\" height=\"18\">Dimensioni e capacit\u00e0<\/td>\n<td>250 ml: 7,5 \u00d7 12 cm, 500 ml: 9,4 \u00d7 14,3 cm<\/td>\n<\/tr>\n<tr style=\"height: 13.50pt;\">\n<td style=\"height: 13.50pt;\" height=\"18\">Materiale<\/td>\n<td>Vetro trasparente a pareti spesse<\/td>\n<\/tr>\n<tr style=\"height: 13.50pt;\">\n<td style=\"height: 13.50pt;\" height=\"18\">Forma della bottiglia<\/td>\n<td>Prisma piatto quadrato con angoli arrotondati<\/td>\n<\/tr>\n<tr style=\"height: 13.50pt;\">\n<td style=\"height: 13.50pt;\" height=\"18\">Ambito di personalizzazione<\/td>\n<td>Colore, forma, coperchi, dimensioni<\/td>\n<\/tr>\n<tr style=\"height: 13.50pt;\">\n<td style=\"height: 13.50pt;\" height=\"18\">Artigianato<\/td>\n<td>Formatura del vetro a parete spessa<\/td>\n<\/tr>\n<tr style=\"height: 13.50pt;\">\n<td style=\"height: 13.50pt;\" height=\"18\">Scopo del prodotto<\/td>\n<td>Bottiglie di liquori artigianali e aromatizzati<\/td>\n<\/tr>\n<tr style=\"height: 13.50pt;\">\n<td style=\"height: 13.50pt;\" height=\"18\">Industrie adatte<\/td>\n<td>Distillerie artigianali, produttori di vino di nicchia<\/td>\n<\/tr>\n<\/tbody>\n<\/table>\n<h2>Storia di successo<\/h2>\n<p>Il birrificio artigianale con sede in Oregon ha ordinato la nostra bottiglia quadrata da 500 ml per liquori, completa di etichetta frontale personalizzata sabbiata e tappo in sughero naturale. La robusta texture del vetro ha creato un prodotto di grande impatto, giustificando l&#039;aumento di prezzo di 5 dollari a bottiglia, mentre l&#039;esclusiva forma quadrata ha incrementato del 40% la visibilit\u00e0 del marchio sugli scaffali dei negozi. L&#039;azienda ha poi effettuato un ulteriore ordine di 500.000 bottiglie, forte dell&#039;esperienza positiva.<\/p>\n<h2>Opzioni di personalizzazione per bottiglie di liquore vuote<\/h2>\n<ul>\n<li>Opzioni di tappo: Il prodotto offre tre diverse opzioni di tappo, tra cui tappi di sughero naturale e tappi di sughero sintetico.<\/li>\n<li>Varianti di dimensioni: la bottiglia quadrata offre due opzioni dimensionali che consentono agli utenti di modificarne altezza e larghezza per soddisfare le esigenze del prodotto e i requisiti di esposizione.<\/li>\n<li>Sigillo antimanomissione: la combinazione di pellicola termoretraibile e sigillo di cera crea un sistema antimanomissione che garantisce la protezione della sicurezza.<\/li>\n<\/ul>","protected":false},"excerpt":{"rendered":"<p>Bottiglie vuote per liquori, trasparenti, di forma quadrata, con vetro spesso e tappo. Perfette per whisky o vodka. Spedizione veloce in tutto il mondo.<\/p>","protected":false},"featured_media":6224,"template":"","meta":{"postBodyCss":"","postBodyMargin":[],"postBodyPadding":[],"postBodyBackground":{"backgroundType":"classic","gradient":""}},"product_brand":[],"product_cat":[108,15,16],"product_tag":[],"class_list":{"0":"post-6216","1":"product","2":"type-product","3":"status-publish","4":"has-post-thumbnail","6":"product_cat-liquor-bottles","7":"product_cat-glass-containers","8":"product_cat-glass-bottles","10":"first","11":"instock","12":"shipping-taxable","13":"product-type-simple"},"jetpack_sharing_enabled":true,"_links":{"self":[{"href":"https:\/\/minghanggroup.com\/it\/wp-json\/wp\/v2\/product\/6216","targetHints":{"allow":["GET"]}}],"collection":[{"href":"https:\/\/minghanggroup.com\/it\/wp-json\/wp\/v2\/product"}],"about":[{"href":"https:\/\/minghanggroup.com\/it\/wp-json\/wp\/v2\/types\/product"}],"wp:featuredmedia":[{"embeddable":true,"href":"https:\/\/minghanggroup.com\/it\/wp-json\/wp\/v2\/media\/6224"}],"wp:attachment":[{"href":"https:\/\/minghanggroup.com\/it\/wp-json\/wp\/v2\/media?parent=6216"}],"wp:term":[{"taxonomy":"product_brand","embeddable":true,"href":"https:\/\/minghanggroup.com\/it\/wp-json\/wp\/v2\/product_brand?post=6216"},{"taxonomy":"product_cat","embeddable":true,"href":"https:\/\/minghanggroup.com\/it\/wp-json\/wp\/v2\/product_cat?post=6216"},{"taxonomy":"product_tag","embeddable":true,"href":"https:\/\/minghanggroup.com\/it\/wp-json\/wp\/v2\/product_tag?post=6216"}],"curies":[{"name":"wp","href":"https:\/\/api.w.org\/{rel}","templated":true}]}}