{"id":6204,"date":"2026-04-06T10:12:26","date_gmt":"2026-04-06T02:12:26","guid":{"rendered":"https:\/\/minghanggroup.com\/?post_type=product&#038;p=6204"},"modified":"2026-04-06T13:23:17","modified_gmt":"2026-04-06T05:23:17","slug":"square-transparent-flower-vases-wholesale","status":"publish","type":"product","link":"https:\/\/minghanggroup.com\/it\/prodotto\/square-transparent-flower-vases-wholesale\/","title":{"rendered":"Vasi da fiori quadrati trasparenti da 750 ml, 800 ml e 1100 ml (vendita all&#039;ingrosso)"},"content":{"rendered":"<p>Questi vasi quadrati in vetro presentano un design moderno grazie alla loro forma quadrata, realizzata da artisti utilizzando vetro cristallino che mostra profonde scanalature verticali su tutta la superficie. Il prodotto \u00e8 disponibile in quattro diverse misure.<\/p>\n<h2>Caratteristiche del prodotto<\/h2>\n<ul>\n<li><strong>Colonna quadrata semplice:<\/strong> La forma quadrata, netta e geometrica, crea una silhouette architettonica moderna, che si integra perfettamente negli spazi contemporanei.<\/li>\n<li><strong>Costine verticali a copertura totale:<\/strong> Le profonde nervature verticali che si estendono su tutti i lati dell&#039;oggetto creano un attraente motivo visivo, conferendogli al contempo maggiore robustezza e producendo straordinari giochi di luce e ombra.<\/li>\n<li><strong>Base solida e arrotondata:<\/strong> La base in vetro, dalla forma rotonda e spessa, offre un&#039;eccezionale stabilit\u00e0 e conferisce un aspetto elegante.<\/li>\n<\/ul>\n<h2 style=\"text-align: left;\">Specifiche chiave<\/h2>\n<table class=\"aligncenter\" style=\"border-collapse: collapse; width: 445.52pt;\" border=\"0\" width=\"594\" cellspacing=\"0\" cellpadding=\"0\">\n<tbody>\n<tr style=\"height: 13.50pt;\">\n<td style=\"height: 13.50pt; width: 119.25pt;\" width=\"159\" height=\"18\">Attributo<\/td>\n<td style=\"width: 326.25pt;\" width=\"435\">Dettagli<\/td>\n<\/tr>\n<tr style=\"height: 13.50pt;\">\n<td style=\"height: 13.50pt;\" height=\"18\">Dimensioni (altezza) e capacit\u00e0<\/td>\n<td>10\u00d710 cm (750 ml), 10\u00d712 cm (800 ml), 10\u00d715 cm (1100 ml)<\/td>\n<\/tr>\n<tr style=\"height: 13.50pt;\">\n<td style=\"height: 13.50pt;\" height=\"18\">Materiale<\/td>\n<td>Vetro trasparente<\/td>\n<\/tr>\n<tr style=\"height: 13.50pt;\">\n<td style=\"height: 13.50pt;\" height=\"18\">Forma del vaso<\/td>\n<td>Colonna quadrata con nervature verticali<\/td>\n<\/tr>\n<tr style=\"height: 13.50pt;\">\n<td style=\"height: 13.50pt;\" height=\"18\">Gamma di personalizzazione<\/td>\n<td>Colore, larghezza\/profondit\u00e0 delle nervature, dimensioni, forma<\/td>\n<\/tr>\n<tr style=\"height: 13.50pt;\">\n<td style=\"height: 13.50pt;\" height=\"18\">Artigianato<\/td>\n<td>Vetro stampato di alta qualit\u00e0, formatura quadrata precisa<\/td>\n<\/tr>\n<tr style=\"height: 13.50pt;\">\n<td style=\"height: 13.50pt;\" height=\"18\">Uso primario<\/td>\n<td>Vaso da fiori moderno e trasparente per composizioni floreali.<\/td>\n<\/tr>\n<tr style=\"height: 13.50pt;\">\n<td style=\"height: 13.50pt;\" height=\"18\">Settori target<\/td>\n<td>Rivenditori di articoli per la casa, fioristi moderni<\/td>\n<\/tr>\n<\/tbody>\n<\/table>\n<h2>Caso di successo: un&#039;iconica installazione nella hall di un hotel di lusso.<\/h2>\n<p>Il prestigioso marchio di hotel di lusso internazionale ci ha commissionato la creazione di un vaso per fiori trasparente con scanalature quadrate, personalizzato con una tonalit\u00e0 grigio fumo chiaro e una base con logo sabbiato. Il design del vaso ha portato a un aumento del 500% delle vendite online nella categoria &#034;vasi moderni&#034; durante il lancio iniziale, raggiungendo un tasso di vendita del 98% nel primo trimestre. Il successo ottenuto \u00e8 stato tale da indurre il marchio a effettuare un ordine aggiuntivo di 480.000 vasi per supportare il suo nuovo hotel e la sua esclusiva collezione per la casa online.<\/p>\n<h2>Vasi quadrati in vetro: opzioni di personalizzazione<\/h2>\n<ul>\n<li>Texture scanalata: i motivi scanalati offrono molteplici opzioni di design, tra cui scanalature orizzontali, trapuntatura a rombi e una superficie liscia e lucida.<\/li>\n<li>Dettagli del manico: I dettagli del manico disponibili includono un manico liscio e lucidato, bordi smussati e delicati intarsi in metallo.<\/li>\n<li>Personalizzazione della base: la base pu\u00f2 essere personalizzata mediante l&#039;aggiunta di feltrini, basi incassate e motivi decorativi incisi.<\/li>\n<\/ul>","protected":false},"excerpt":{"rendered":"<p>Eleganti vasi quadrati in vetro con motivo a trama verticale. Vasi trasparenti ideali per decorare la casa e per eventi. Spedizione rapida in tutto il mondo.<\/p>","protected":false},"featured_media":6212,"template":"","meta":{"postBodyCss":"","postBodyMargin":[],"postBodyPadding":[],"postBodyBackground":{"backgroundType":"classic","gradient":""}},"product_brand":[],"product_cat":[107,15,16],"product_tag":[],"class_list":{"0":"post-6204","1":"product","2":"type-product","3":"status-publish","4":"has-post-thumbnail","6":"product_cat-glass-bud-vases","7":"product_cat-glass-containers","8":"product_cat-glass-bottles","10":"first","11":"instock","12":"shipping-taxable","13":"product-type-simple"},"jetpack_sharing_enabled":true,"_links":{"self":[{"href":"https:\/\/minghanggroup.com\/it\/wp-json\/wp\/v2\/product\/6204","targetHints":{"allow":["GET"]}}],"collection":[{"href":"https:\/\/minghanggroup.com\/it\/wp-json\/wp\/v2\/product"}],"about":[{"href":"https:\/\/minghanggroup.com\/it\/wp-json\/wp\/v2\/types\/product"}],"wp:featuredmedia":[{"embeddable":true,"href":"https:\/\/minghanggroup.com\/it\/wp-json\/wp\/v2\/media\/6212"}],"wp:attachment":[{"href":"https:\/\/minghanggroup.com\/it\/wp-json\/wp\/v2\/media?parent=6204"}],"wp:term":[{"taxonomy":"product_brand","embeddable":true,"href":"https:\/\/minghanggroup.com\/it\/wp-json\/wp\/v2\/product_brand?post=6204"},{"taxonomy":"product_cat","embeddable":true,"href":"https:\/\/minghanggroup.com\/it\/wp-json\/wp\/v2\/product_cat?post=6204"},{"taxonomy":"product_tag","embeddable":true,"href":"https:\/\/minghanggroup.com\/it\/wp-json\/wp\/v2\/product_tag?post=6204"}],"curies":[{"name":"wp","href":"https:\/\/api.w.org\/{rel}","templated":true}]}}