{"id":6199,"date":"2026-04-06T09:49:49","date_gmt":"2026-04-06T01:49:49","guid":{"rendered":"https:\/\/minghanggroup.com\/?post_type=product&#038;p=6199"},"modified":"2026-04-06T10:11:21","modified_gmt":"2026-04-06T02:11:21","slug":"clear-small-glass-cylinder-vases-with-cork-bulk","status":"publish","type":"product","link":"https:\/\/minghanggroup.com\/it\/prodotto\/clear-small-glass-cylinder-vases-with-cork-bulk\/","title":{"rendered":"Vasi cilindrici in vetro trasparente di piccole dimensioni da 250 ml, 300 ml e 400 ml con tappo in sughero (vendita all&#039;ingrosso)"},"content":{"rendered":"<p>I vasi cilindrici in vetro mostrano tutto il loro design grazie alla struttura in vetro a lati dritti, realizzata con materiali in vetro ultra trasparente di alta qualit\u00e0. I \u200b\u200bvasi cilindrici includono un tappo in sughero naturale e un foro centrale preforato che permette di esporre singoli fiori o talee.<\/p>\n<h2>Caratteristiche del prodotto<\/h2>\n<ul>\n<li><strong>Coperchio in sughero con foro centrale:<\/strong> Il tappo in sughero naturale con foro centrale sostiene lo stelo, funge da contenitore e aggiunge un tocco di natura.<\/li>\n<li><strong>Cilindro trasparente come il cristallo:<\/strong> Il vetro a pareti dritte possiede un&#039;elevata trasparenza che permette di vedere il fusto, l&#039;acqua e le radici attraverso il vetro.<\/li>\n<li><strong>Tre diverse capacit\u00e0:<\/strong> Le dimensioni Piccola, Media e Grande, con capacit\u00e0 rispettivamente di 250 ml, 300 ml e 400 ml, offrono molteplici opzioni per creare diverse esposizioni, che possono essere ampliate per ulteriori possibilit\u00e0 di visualizzazione.<\/li>\n<\/ul>\n<h2 style=\"text-align: left;\">Specifiche chiave<\/h2>\n<table class=\"aligncenter\" style=\"border-collapse: collapse; width: 496.52pt;\" border=\"0\" width=\"662\" cellspacing=\"0\" cellpadding=\"0\">\n<tbody>\n<tr style=\"height: 13.50pt;\">\n<td style=\"height: 13.50pt; width: 132.75pt;\" width=\"177\" height=\"18\">Attributo<\/td>\n<td style=\"width: 363.75pt;\" width=\"485\">Dettagli<\/td>\n<\/tr>\n<tr style=\"height: 13.50pt;\">\n<td style=\"height: 13.50pt;\" height=\"18\">Dimensioni e capacit\u00e0<\/td>\n<td>6,5 cm \u00d7 10 cm (250 ml), 6,5 cm \u00d7 12 cm (300 ml), 6,5 cm \u00d7 15 cm (400 ml)<\/td>\n<\/tr>\n<tr style=\"height: 13.50pt;\">\n<td style=\"height: 13.50pt;\" height=\"18\">Materiale<\/td>\n<td>Vetro trasparente, sughero naturale<\/td>\n<\/tr>\n<tr style=\"height: 13.50pt;\">\n<td style=\"height: 13.50pt;\" height=\"18\">Forma del vaso<\/td>\n<td>Cilindro dritto con tappo di sughero<\/td>\n<\/tr>\n<tr style=\"height: 13.50pt;\">\n<td style=\"height: 13.50pt;\" height=\"18\">Gamma di personalizzazione<\/td>\n<td>Colore, sughero, finitura, dimensioni, forma<\/td>\n<\/tr>\n<tr style=\"height: 13.50pt;\">\n<td style=\"height: 13.50pt;\" height=\"18\">Artigianato<\/td>\n<td>Vetro stampato o soffiato di alta qualit\u00e0<\/td>\n<\/tr>\n<tr style=\"height: 13.50pt;\">\n<td style=\"height: 13.50pt;\" height=\"18\">Uso primario<\/td>\n<td>Piccolo vaso minimalista per fiori singoli.<\/td>\n<\/tr>\n<tr style=\"height: 13.50pt;\">\n<td style=\"height: 13.50pt;\" height=\"18\">Settori target<\/td>\n<td>Fioristi, rivenditori di articoli per la casa<\/td>\n<\/tr>\n<\/tbody>\n<\/table>\n<h2>Caso di successo: un ordine personalizzato da un rivenditore nazionale di articoli per la casa e regali.<\/h2>\n<p>La grande catena americana di arredamento per la casa ha scelto il nostro piccolo vaso per fiori, modificandolo con un motivo a foglie inciso al laser, sostituendo il corpo in vetro grigio fum\u00e9 e il tappo in sughero. I risultati sono stati eccezionali: il design minimalista ha incrementato le vendite online della categoria &#034;vasi&#034; del 300% nei primi 90 giorni dal lancio del prodotto, raggiungendo un tasso di vendita del 97%. Dopo il successo dell&#039;ordine iniziale, il rivenditore ha ordinato 450.000 vasi da inserire nella collezione permanente.<\/p>\n<h2>Suggerimenti per personalizzare un piccolo vaso di fiori<\/h2>\n<ul>\n<li>Opzioni per il coperchio in sughero: l&#039;azienda offre diversi colori per il coperchio in sughero, tra cui naturale, scuro e sbiancato, insieme a due opzioni di design: perforato e scanalato.<\/li>\n<li>Espansione delle dimensioni: La linea di prodotti si amplier\u00e0 a breve per offrire un piccolo vaso da 100 ml e un grande vaso da 1000 ml che si distingue per il suo design.<\/li>\n<li>Indicatore di livello dell&#039;acqua integrato: una sottile linea che segna in modo permanente il vetro indica il livello dell&#039;acqua ideale per la propagazione tramite un indicatore di livello dell&#039;acqua integrato.<\/li>\n<\/ul>","protected":false},"excerpt":{"rendered":"<p>Elegante collezione di piccoli vasi da fiori dal design minimalista. Vasi cilindrici in vetro con tappi in sughero per uno stile naturale. Spedizione rapida in tutto il mondo disponibile.<\/p>","protected":false},"featured_media":6203,"template":"","meta":{"postBodyCss":"","postBodyMargin":[],"postBodyPadding":[],"postBodyBackground":{"backgroundType":"classic","gradient":""}},"product_brand":[],"product_cat":[107,15,16],"product_tag":[],"class_list":{"0":"post-6199","1":"product","2":"type-product","3":"status-publish","4":"has-post-thumbnail","6":"product_cat-glass-bud-vases","7":"product_cat-glass-containers","8":"product_cat-glass-bottles","10":"first","11":"instock","12":"shipping-taxable","13":"product-type-simple"},"jetpack_sharing_enabled":true,"_links":{"self":[{"href":"https:\/\/minghanggroup.com\/it\/wp-json\/wp\/v2\/product\/6199","targetHints":{"allow":["GET"]}}],"collection":[{"href":"https:\/\/minghanggroup.com\/it\/wp-json\/wp\/v2\/product"}],"about":[{"href":"https:\/\/minghanggroup.com\/it\/wp-json\/wp\/v2\/types\/product"}],"wp:featuredmedia":[{"embeddable":true,"href":"https:\/\/minghanggroup.com\/it\/wp-json\/wp\/v2\/media\/6203"}],"wp:attachment":[{"href":"https:\/\/minghanggroup.com\/it\/wp-json\/wp\/v2\/media?parent=6199"}],"wp:term":[{"taxonomy":"product_brand","embeddable":true,"href":"https:\/\/minghanggroup.com\/it\/wp-json\/wp\/v2\/product_brand?post=6199"},{"taxonomy":"product_cat","embeddable":true,"href":"https:\/\/minghanggroup.com\/it\/wp-json\/wp\/v2\/product_cat?post=6199"},{"taxonomy":"product_tag","embeddable":true,"href":"https:\/\/minghanggroup.com\/it\/wp-json\/wp\/v2\/product_tag?post=6199"}],"curies":[{"name":"wp","href":"https:\/\/api.w.org\/{rel}","templated":true}]}}