{"id":6163,"date":"2026-04-02T13:26:38","date_gmt":"2026-04-02T05:26:38","guid":{"rendered":"https:\/\/minghanggroup.com\/?post_type=product&#038;p=6163"},"modified":"2026-04-02T13:26:40","modified_gmt":"2026-04-02T05:26:40","slug":"glass-flower-clear-vases-with-different-shape-in-bulk","status":"publish","type":"product","link":"https:\/\/minghanggroup.com\/it\/prodotto\/glass-flower-clear-vases-with-different-shape-in-bulk\/","title":{"rendered":"Vasi in vetro trasparente per fiori di varie forme, disponibili all&#039;ingrosso."},"content":{"rendered":"<p>Questi vasi trasparenti sono ideali per esporre opere d&#039;arte minimaliste. Il design comprende tre motivi distinti che, utilizzando forme diverse, creano tre diverse tipologie di superfici riflettenti la luce. I vasi offrono ai brand eleganti soluzioni di arredamento e sono perfetti per rifornire i loro negozi. Il profilo sottile dei vasi permette di esporre singoli fiori, piccole composizioni floreali e fiori secchi.<\/p>\n<h2>Caratteristiche del prodotto<\/h2>\n<ul>\n<li><strong>Forme versatili:<\/strong> Scegli tra cilindri curvi, angolari o scanalati per adattarsi a qualsiasi stile estetico: perfetti per assortimenti misti.<\/li>\n<li><strong>Eleganza raffinata:<\/strong> Ondulazioni verticali o motivi delicati aggiungono profondit\u00e0 e giocano con la luce, creando allestimenti decorativi dinamici.<\/li>\n<li><strong>Bocca pratica:<\/strong> L&#039;apertura affusolata del pratico design del bocchino svolge una doppia funzione: da un lato trattiene saldamente gli steli e dall&#039;altro facilita il cambio dell&#039;acqua e la pulizia.<\/li>\n<\/ul>\n<h2>Specifiche chiave<\/h2>\n<table style=\"border-collapse: collapse; width: 80%; margin-left: auto; margin-right: auto;\" border=\"0\" width=\"360\" cellspacing=\"0\" cellpadding=\"0\">\n<tbody>\n<tr style=\"height: 13.50pt;\">\n<td style=\"height: 13.5pt; width: 54pt; text-align: center;\" width=\"72\" height=\"18\">Forma<\/td>\n<td style=\"width: 54pt; text-align: center;\" width=\"72\">Dimensioni (cm)<\/td>\n<td style=\"width: 54pt; text-align: center;\" width=\"72\">Materiale<\/td>\n<td style=\"width: 54pt; text-align: center;\" width=\"72\">Colore<\/td>\n<td style=\"width: 54pt; text-align: center;\" width=\"72\">Utilizzo<\/td>\n<\/tr>\n<tr style=\"height: 13.50pt;\">\n<td style=\"height: 13.5pt; text-align: center;\" height=\"18\">A coste<\/td>\n<td style=\"text-align: center;\">5,5 \u00d7 11,2 \u00d7 3,8<\/td>\n<td class=\"et2\" style=\"text-align: center;\" rowspan=\"3\">Bicchiere<\/td>\n<td class=\"et2\" style=\"text-align: center;\" rowspan=\"3\">Trasparente o personalizzato<\/td>\n<td class=\"et2\" style=\"text-align: center;\" rowspan=\"3\">Fiori, piante grasse, composizioni artificiali<\/td>\n<\/tr>\n<tr style=\"height: 13.50pt;\">\n<td style=\"height: 13.5pt; text-align: center;\" height=\"18\">Zucca<\/td>\n<td style=\"text-align: center;\">6,0 \u00d7 11,5 \u00d7 3,8<\/td>\n<\/tr>\n<tr style=\"height: 13.50pt;\">\n<td style=\"height: 13.5pt; text-align: center;\" height=\"18\">Spirale<\/td>\n<td style=\"text-align: center;\">5,9 \u00d7 11,5 \u00d7 3,8<\/td>\n<\/tr>\n<\/tbody>\n<\/table>\n<h2>Caso di successo<\/h2>\n<p>Il rivenditore olandese di articoli per la casa ha scelto i nostri vasi trasparenti per la sua prima collezione di accessori minimalisti da tavola. I nostri clienti potevano scegliere tra diverse tonalit\u00e0 chiare, tra cui grigio fumo, ambra e verde tenue. Abbiamo riprogettato i colli dei vasi per garantire un supporto verticale stabile ai singoli steli, che sarebbero rimasti saldamente in posizione. Abbiamo creato un sistema di imballaggio specifico per la distribuzione all&#039;ingrosso di vasi a stelo singolo, che offriva una migliore protezione del prodotto durante il trasporto e rendeva gli articoli pi\u00f9 attraenti per la presentazione in negozio.<\/p>\n<p>Dopo il lancio del prodotto, nel giro di sei settimane la categoria &#034;piccoli oggetti decorativi&#034; ha registrato un aumento delle vendite del 25%, poich\u00e9 il cliente necessitava di pi\u00f9 prodotti per soddisfare la crescente domanda multicanale, il che ha portato a un secondo ordine di 50.000 unit\u00e0 aggiuntive.<\/p>\n<h2>Suggerimenti per la personalizzazione<\/h2>\n<ol>\n<li><strong>Opzioni di tinta colore:<\/strong> Per le collezioni stagionali, \u00e8 possibile colorare la pellicola con una delicata tonalit\u00e0 ambrata, grigio fumo, azzurro o sfumata.<\/li>\n<li><strong>Branding del logo:<\/strong> Integra i loghi del marchio tramite incisione laser, goffratura sul fondo o una piccola stampa.<\/li>\n<li><strong>Abbinamento accessori:<\/strong> Offrire la possibilit\u00e0 di abbinare i prodotti ad elementi secondari come etichette decorative, piccoli supporti o vassoi in legno per una presentazione pi\u00f9 accattivante.<\/li>\n<\/ol>","protected":false},"excerpt":{"rendered":"<p>I nostri vasi trasparenti per fiori sono disponibili in tre forme, perfetti per esposizione, decorazione e altro ancora. Offriamo servizi di personalizzazione per i vasi per fiori singoli e campioni gratuiti.<\/p>","protected":false},"featured_media":6171,"template":"","meta":{"postBodyCss":"","postBodyMargin":[],"postBodyPadding":[],"postBodyBackground":{"backgroundType":"classic","gradient":""}},"product_brand":[],"product_cat":[107,15,16],"product_tag":[],"class_list":{"0":"post-6163","1":"product","2":"type-product","3":"status-publish","4":"has-post-thumbnail","6":"product_cat-glass-bud-vases","7":"product_cat-glass-containers","8":"product_cat-glass-bottles","10":"first","11":"instock","12":"shipping-taxable","13":"product-type-simple"},"jetpack_sharing_enabled":true,"_links":{"self":[{"href":"https:\/\/minghanggroup.com\/it\/wp-json\/wp\/v2\/product\/6163","targetHints":{"allow":["GET"]}}],"collection":[{"href":"https:\/\/minghanggroup.com\/it\/wp-json\/wp\/v2\/product"}],"about":[{"href":"https:\/\/minghanggroup.com\/it\/wp-json\/wp\/v2\/types\/product"}],"wp:featuredmedia":[{"embeddable":true,"href":"https:\/\/minghanggroup.com\/it\/wp-json\/wp\/v2\/media\/6171"}],"wp:attachment":[{"href":"https:\/\/minghanggroup.com\/it\/wp-json\/wp\/v2\/media?parent=6163"}],"wp:term":[{"taxonomy":"product_brand","embeddable":true,"href":"https:\/\/minghanggroup.com\/it\/wp-json\/wp\/v2\/product_brand?post=6163"},{"taxonomy":"product_cat","embeddable":true,"href":"https:\/\/minghanggroup.com\/it\/wp-json\/wp\/v2\/product_cat?post=6163"},{"taxonomy":"product_tag","embeddable":true,"href":"https:\/\/minghanggroup.com\/it\/wp-json\/wp\/v2\/product_tag?post=6163"}],"curies":[{"name":"wp","href":"https:\/\/api.w.org\/{rel}","templated":true}]}}