{"id":6162,"date":"2026-04-02T11:33:54","date_gmt":"2026-04-02T03:33:54","guid":{"rendered":"https:\/\/minghanggroup.com\/?post_type=product&#038;p=6162"},"modified":"2026-04-02T13:25:44","modified_gmt":"2026-04-02T05:25:44","slug":"smoky-lantern-shape-ribbed-glass-vases-bulk","status":"publish","type":"product","link":"https:\/\/minghanggroup.com\/it\/prodotto\/smoky-lantern-shape-ribbed-glass-vases-bulk\/","title":{"rendered":"Vasi in vetro a coste a forma di lanterna fum\u00e9, in grandi quantit\u00e0"},"content":{"rendered":"<p>Il design di questo vaso in vetro a coste trae ispirazione dalle tradizionali lanterne. Realizzato in vetro trasparente color grigio fum\u00e9, presenta profonde nervature verticali che ne ricoprono la superficie, mentre il bordo in metallo dorato all&#039;apertura conferisce un tocco di opulenza.<\/p>\n<h2>Caratteristiche del prodotto<\/h2>\n<ul>\n<li><strong>Forma classica a lanterna:<\/strong> Il design combina tre parti attraverso il collo sottile, il corpo arrotondato e la base svasata, che traggono ispirazione dalle lanterne tradizionali per creare un design permanente.<\/li>\n<li><strong>Coste verticali profonde:<\/strong> Le nervature verticali creano un effetto visivo di grande impatto grazie alla forte texture del vaso, che produce profondi giochi di luce e ombra e genera attraenti motivi decorativi.<\/li>\n<li><strong>Vetro grigio fum\u00e9 con dettagli dorati:<\/strong> Il materiale in vetro, con il suo aspetto trasparente grigio fum\u00e9, esprime uno stile moderno, mentre le finiture in metallo dorato conferiscono un tocco di raffinatezza al design.<\/li>\n<\/ul>\n<h2 style=\"text-align: left;\">Specifiche chiave<\/h2>\n<table class=\"aligncenter\" style=\"border-collapse: collapse; width: 432.77pt;\" border=\"0\" width=\"577\" cellspacing=\"0\" cellpadding=\"0\">\n<tbody>\n<tr style=\"height: 13.50pt;\">\n<td style=\"height: 13.50pt; width: 117.75pt;\" width=\"157\" height=\"18\">Attributo<\/td>\n<td style=\"width: 315.00pt;\" width=\"420\">Dettagli<\/td>\n<\/tr>\n<tr style=\"height: 13.50pt;\">\n<td style=\"height: 13.50pt;\" height=\"18\">Dimensioni approssimative (altezza \u00d7 larghezza)<\/td>\n<td>19,8 cm (altezza) \u00d7 12 cm (larghezza)<\/td>\n<\/tr>\n<tr style=\"height: 13.50pt;\">\n<td style=\"height: 13.50pt;\" height=\"18\">Materiale<\/td>\n<td>Vetro trasparente grigio fumo, bordo in metallo dorato<\/td>\n<\/tr>\n<tr style=\"height: 13.50pt;\">\n<td style=\"height: 13.50pt;\" height=\"18\">Forma del vaso<\/td>\n<td>Sagoma di lanterna in tre parti<\/td>\n<\/tr>\n<tr style=\"height: 13.50pt;\">\n<td style=\"height: 13.50pt;\" height=\"18\">Gamma di personalizzazione<\/td>\n<td>Colore, stile delle coste, finitura, taglia<\/td>\n<\/tr>\n<tr style=\"height: 13.50pt;\">\n<td style=\"height: 13.50pt;\" height=\"18\">Artigianato<\/td>\n<td>Vetro soffiato a bocca o vetro stampato di alta qualit\u00e0<\/td>\n<\/tr>\n<tr style=\"height: 13.50pt;\">\n<td style=\"height: 13.50pt;\" height=\"18\">Uso primario<\/td>\n<td>Vaso decorativo in vetro per fiori, vaso in vetro a coste<\/td>\n<\/tr>\n<tr style=\"height: 13.50pt;\">\n<td style=\"height: 13.50pt;\" height=\"18\">Settori target<\/td>\n<td>Rivenditori di articoli per la casa, fioristi di lusso<\/td>\n<\/tr>\n<\/tbody>\n<\/table>\n<h2>Caso di successo: un prodotto di punta in una catena nazionale di negozi di arredamento per la casa.<\/h2>\n<p>Una grande catena di arredamento ha ordinato il nostro vaso in vetro rigato grigio fum\u00e9, personalizzandolo con una leggera tonalit\u00e0 di grigio &#034;ghiacciato&#034; e finiture color oro rosa. La lanterna dal design unico ha esaurito le sue 20.000 unit\u00e0 disponibili online in soli due giorni dal lancio. Il prodotto ha generato un incremento del 350% nelle vendite di accessori decorativi nel suo primo trimestre di mercato, mentre i clienti ne hanno valutato la durata con un indice di soddisfazione del 99,5%. Il successo della catena ha portato a un ulteriore ordine di 620.000 vasi per le prossime collezioni natalizie e primaverili.<\/p>\n<h2>Vaso in vetro per fiori: opzioni di personalizzazione<\/h2>\n<ul>\n<li>Per la finitura metallica del manico sono disponibili diverse opzioni, come la lucidatura dorata, l&#039;ottone anticato nero argento e il rame.<\/li>\n<li>Motivi a coste: possono essere a scanalatura fine, a coste larghe o a spirale.<\/li>\n<li>Il prodotto \u00e8 disponibile in tre formati di display: mini, standard e grande, per soddisfare diverse esigenze di visualizzazione e svariate applicazioni.<\/li>\n<\/ul>","protected":false},"excerpt":{"rendered":"<p>Vaso in vetro a coste color grigio fum\u00e9, a forma di lanterna con bordo dorato. Un elegante vaso per fiori che aggiunge un tocco di stile all&#039;arredamento. Possibilit\u00e0 di personalizzazione. Spedizione rapida.<\/p>","protected":false},"featured_media":6167,"template":"","meta":{"postBodyCss":"","postBodyMargin":[],"postBodyPadding":[],"postBodyBackground":{"backgroundType":"classic","gradient":""}},"product_brand":[],"product_cat":[107,15,16],"product_tag":[],"class_list":{"0":"post-6162","1":"product","2":"type-product","3":"status-publish","4":"has-post-thumbnail","6":"product_cat-glass-bud-vases","7":"product_cat-glass-containers","8":"product_cat-glass-bottles","10":"first","11":"instock","12":"shipping-taxable","13":"product-type-simple"},"jetpack_sharing_enabled":true,"_links":{"self":[{"href":"https:\/\/minghanggroup.com\/it\/wp-json\/wp\/v2\/product\/6162","targetHints":{"allow":["GET"]}}],"collection":[{"href":"https:\/\/minghanggroup.com\/it\/wp-json\/wp\/v2\/product"}],"about":[{"href":"https:\/\/minghanggroup.com\/it\/wp-json\/wp\/v2\/types\/product"}],"wp:featuredmedia":[{"embeddable":true,"href":"https:\/\/minghanggroup.com\/it\/wp-json\/wp\/v2\/media\/6167"}],"wp:attachment":[{"href":"https:\/\/minghanggroup.com\/it\/wp-json\/wp\/v2\/media?parent=6162"}],"wp:term":[{"taxonomy":"product_brand","embeddable":true,"href":"https:\/\/minghanggroup.com\/it\/wp-json\/wp\/v2\/product_brand?post=6162"},{"taxonomy":"product_cat","embeddable":true,"href":"https:\/\/minghanggroup.com\/it\/wp-json\/wp\/v2\/product_cat?post=6162"},{"taxonomy":"product_tag","embeddable":true,"href":"https:\/\/minghanggroup.com\/it\/wp-json\/wp\/v2\/product_tag?post=6162"}],"curies":[{"name":"wp","href":"https:\/\/api.w.org\/{rel}","templated":true}]}}