{"id":6157,"date":"2026-04-02T09:48:27","date_gmt":"2026-04-02T01:48:27","guid":{"rendered":"https:\/\/minghanggroup.com\/?post_type=product&#038;p=6157"},"modified":"2026-04-02T13:26:09","modified_gmt":"2026-04-02T05:26:09","slug":"embossed-clear-glass-vases-with-handle-bulk","status":"publish","type":"product","link":"https:\/\/minghanggroup.com\/it\/prodotto\/embossed-clear-glass-vases-with-handle-bulk\/","title":{"rendered":"Vasi in vetro trasparente con manico e decorazioni in rilievo (confezione multipla)"},"content":{"rendered":"<p>Questo vaso in vetro trasparente ha la forma di un cestino, pi\u00f9 largo nella parte superiore e che si restringe gradualmente fino alla base. Il corpo \u00e8 caratterizzato da una trapuntatura a rombi 3D che crea un design elegante, mentre il manico \u00e8 in ecopelle color marrone caldo e la minuteria metallica \u00e8 in metallo dorato lucido.<\/p>\n<h2>Caratteristiche del prodotto<\/h2>\n<ul>\n<li><strong>Trama a griglia di diamanti:<\/strong> Il motivo a rombi in rilievo che ricopre l&#039;intera superficie crea un effetto visivo che riflette la luce, consentendo al contempo agli utenti di mantenere una presa migliore.<\/li>\n<li><strong>Manico in pelle e metallo:<\/strong> Il manico arcuato in similpelle, decorato con rivetti dorati, conferisce un aspetto rustico e vintage che permette di trasportare il vaso o di esporlo come un&#039;opera d&#039;arte appesa.<\/li>\n<li><strong>Forma a cono affusolato:<\/strong> Il design affusolato crea una struttura stabile che facilita la disposizione dei fiori grazie all&#039;ampia apertura, adattandosi al contempo sia agli stili di arredamento moderni che a quelli tradizionali.<\/li>\n<\/ul>\n<h2 style=\"text-align: left;\">Specifiche chiave<\/h2>\n<table class=\"aligncenter\" style=\"border-collapse: collapse; width: 378.02pt;\" border=\"0\" width=\"504\" cellspacing=\"0\" cellpadding=\"0\">\n<tbody>\n<tr style=\"height: 13.50pt;\">\n<td style=\"height: 13.50pt; width: 117.75pt;\" width=\"157\" height=\"18\">Specifica<\/td>\n<td style=\"width: 260.25pt;\" width=\"347\">Dettagli<\/td>\n<\/tr>\n<tr style=\"height: 13.50pt;\">\n<td style=\"height: 13.50pt;\" height=\"18\">Dimensioni<\/td>\n<td>13 cm \u00d7 16,2 cm<\/td>\n<\/tr>\n<tr style=\"height: 13.50pt;\">\n<td style=\"height: 13.50pt;\" height=\"18\">Materiale<\/td>\n<td>Vetro trasparente, similpelle, metallo (rivetti)<\/td>\n<\/tr>\n<tr style=\"height: 13.50pt;\">\n<td style=\"height: 13.50pt;\" height=\"18\">Forma del vaso<\/td>\n<td>Vaso in vetro a forma di cestino<\/td>\n<\/tr>\n<tr style=\"height: 13.50pt;\">\n<td style=\"height: 13.50pt;\" height=\"18\">Ambito di personalizzazione<\/td>\n<td>Colore, Materiale del manico, Finitura, Dimensioni<\/td>\n<\/tr>\n<tr style=\"height: 13.50pt;\">\n<td style=\"height: 13.50pt;\" height=\"18\">Artigianato<\/td>\n<td>Pressatura del vetro per una texture profonda<\/td>\n<\/tr>\n<tr style=\"height: 13.50pt;\">\n<td style=\"height: 13.50pt;\" height=\"18\">Scopo del prodotto<\/td>\n<td>Vasi decorativi in \u200b\u200bvetro trasparente, vasi per fiori singoli<\/td>\n<\/tr>\n<tr style=\"height: 13.50pt;\">\n<td style=\"height: 13.50pt;\" height=\"18\">Industrie adatte<\/td>\n<td>Fioristi, negozi di articoli da regalo, rivenditori di decorazioni per la casa<\/td>\n<\/tr>\n<\/tbody>\n<\/table>\n<h2>Storia di successo<\/h2>\n<p>La catena di arredamento per la casa ha ordinato il nostro vaso in vetro trasparente testurizzato, personalizzato con un design verde chiaro e un manico in rattan. Il modello ha esaurito le 15.000 unit\u00e0 inizialmente disponibili online in sole 72 ore. La categoria &#034;decorazioni per la scrivania&#034; ha registrato un aumento delle vendite del 300% nel primo mese dal lancio, mentre il vaso ha ottenuto un&#039;eccezionale valutazione da parte dei clienti di 4,9 stelle su 5. Grazie al successo ottenuto, la catena ha ordinato 580.000 vasi da utilizzare nelle prossime due collezioni stagionali e nel progetto di partnership dedicato a un boutique hotel.<\/p>\n<h2>Opzioni di personalizzazione per vasi per fiori singoli<\/h2>\n<ul>\n<li>Materiale del manico: Offriamo diverse opzioni per il manico, tra cui vera pelle, juta e rattan intrecciati e materiali metallici.<\/li>\n<li>Motivo della texture: i clienti possono scegliere tra diverse opzioni di texture, tra cui nido d&#039;ape, strisce verticali e finiture martellate.<\/li>\n<li>Opzioni di raccordi metallici: i raccordi metallici includono rivetti e altri accessori disponibili in varie finiture, tra cui ottone anticato, rame, nichel nero e oro rosa.<\/li>\n<\/ul>","protected":false},"excerpt":{"rendered":"<p>Vaso in vetro trasparente con texture in rilievo e manico dal design particolare. Vasi per fiori singoli, perfetti per decorare, esporre composizioni floreali o come idea regalo. Campioni gratuiti disponibili. Spedizione rapida.<\/p>","protected":false},"featured_media":6158,"template":"","meta":{"postBodyCss":"","postBodyMargin":[],"postBodyPadding":[],"postBodyBackground":{"backgroundType":"classic","gradient":""}},"product_brand":[],"product_cat":[107,15,16],"product_tag":[],"class_list":{"0":"post-6157","1":"product","2":"type-product","3":"status-publish","4":"has-post-thumbnail","6":"product_cat-glass-bud-vases","7":"product_cat-glass-containers","8":"product_cat-glass-bottles","10":"first","11":"instock","12":"shipping-taxable","13":"product-type-simple"},"jetpack_sharing_enabled":true,"_links":{"self":[{"href":"https:\/\/minghanggroup.com\/it\/wp-json\/wp\/v2\/product\/6157","targetHints":{"allow":["GET"]}}],"collection":[{"href":"https:\/\/minghanggroup.com\/it\/wp-json\/wp\/v2\/product"}],"about":[{"href":"https:\/\/minghanggroup.com\/it\/wp-json\/wp\/v2\/types\/product"}],"wp:featuredmedia":[{"embeddable":true,"href":"https:\/\/minghanggroup.com\/it\/wp-json\/wp\/v2\/media\/6158"}],"wp:attachment":[{"href":"https:\/\/minghanggroup.com\/it\/wp-json\/wp\/v2\/media?parent=6157"}],"wp:term":[{"taxonomy":"product_brand","embeddable":true,"href":"https:\/\/minghanggroup.com\/it\/wp-json\/wp\/v2\/product_brand?post=6157"},{"taxonomy":"product_cat","embeddable":true,"href":"https:\/\/minghanggroup.com\/it\/wp-json\/wp\/v2\/product_cat?post=6157"},{"taxonomy":"product_tag","embeddable":true,"href":"https:\/\/minghanggroup.com\/it\/wp-json\/wp\/v2\/product_tag?post=6157"}],"curies":[{"name":"wp","href":"https:\/\/api.w.org\/{rel}","templated":true}]}}