{"id":6144,"date":"2026-04-01T11:16:13","date_gmt":"2026-04-01T03:16:13","guid":{"rendered":"https:\/\/minghanggroup.com\/?post_type=product&#038;p=6144"},"modified":"2026-04-03T13:33:27","modified_gmt":"2026-04-03T05:33:27","slug":"ribbed-green-glass-vases-for-flowers-bulk","status":"publish","type":"product","link":"https:\/\/minghanggroup.com\/it\/prodotto\/ribbed-green-glass-vases-for-flowers-bulk\/","title":{"rendered":"Vasi in vetro verde a coste per fiori (vendita all&#039;ingrosso)"},"content":{"rendered":"<p>I vasi in vetro verde presentano un motivo a coste verticali che, grazie alla loro composizione in vetro trasparente di un verde chiaro, creano un elemento di design accattivante. I vasi sono disponibili in tre forme distinte: cilindri arrotondati, vasi conici e sfere appiattite.<\/p>\n<h2>Caratteristiche del prodotto<\/h2>\n<ul>\n<li><strong>Struttura a coste verticali:<\/strong> La texture \u00e8 composta da nervature verticali che si estendono dalla superficie, creando un effetto visivo accattivante, fornendo al contempo supporto strutturale e producendo splendidi giochi di luce.<\/li>\n<li><strong>Vetro verde chiaro tenue:<\/strong> La delicata tonalit\u00e0 verde conferisce al materiale un aspetto vintage simile al vetro dell&#039;epoca della Grande Depressione, mantenendo al contempo la piena trasparenza del vetro.<\/li>\n<li><strong>Tre forme classiche:<\/strong> La collezione comprende vasi cilindrici con forme a clessidra e vasi sferici adatti a diverse composizioni floreali e scopi decorativi.<\/li>\n<\/ul>\n<h2 style=\"text-align: left;\">Specifiche chiave<\/h2>\n<table class=\"aligncenter\" style=\"border-collapse: collapse; width: 467.27pt;\" border=\"0\" width=\"623\" cellspacing=\"0\" cellpadding=\"0\">\n<tbody>\n<tr style=\"height: 13.50pt;\">\n<td style=\"height: 13.50pt; width: 131.25pt;\" width=\"175\" height=\"18\">Attributo<\/td>\n<td style=\"width: 336.00pt;\" width=\"448\">Dettagli<\/td>\n<\/tr>\n<tr style=\"height: 13.50pt;\">\n<td style=\"height: 13.50pt;\" height=\"18\">Dimensioni approssimative (altezza \u00d7 larghezza)<\/td>\n<td>Cilindro: 70\u00d7120 mm; Circonferenza: 68\u00d7110 mm; Sfera: 106\u00d790 mm<\/td>\n<\/tr>\n<tr style=\"height: 13.50pt;\">\n<td style=\"height: 13.50pt;\" height=\"18\">Materiale<\/td>\n<td>Vetro trasparente verde pallido<\/td>\n<\/tr>\n<tr style=\"height: 13.50pt;\">\n<td style=\"height: 13.50pt;\" height=\"18\">Forma del vaso<\/td>\n<td>Cilindro scanalato, vita affusolata scanalata, sfera scanalata<\/td>\n<\/tr>\n<tr style=\"height: 13.50pt;\">\n<td style=\"height: 13.50pt;\" height=\"18\">Gamma di personalizzazione<\/td>\n<td>Colore, forma, dimensione, finitura<\/td>\n<\/tr>\n<tr style=\"height: 13.50pt;\">\n<td style=\"height: 13.50pt;\" height=\"18\">Artigianato<\/td>\n<td>Vetro soffiato a bocca o vetro stampato di alta qualit\u00e0<\/td>\n<\/tr>\n<tr style=\"height: 13.50pt;\">\n<td style=\"height: 13.50pt;\" height=\"18\">Uso primario<\/td>\n<td>Vasi decorativi in \u200b\u200bvetro per fiori, vasi in vetro<\/td>\n<\/tr>\n<tr style=\"height: 13.50pt;\">\n<td style=\"height: 13.50pt;\" height=\"18\">Settori target<\/td>\n<td>Fioristi, rivenditori di articoli per la casa<\/td>\n<\/tr>\n<\/tbody>\n<\/table>\n<h2>Storia di successo: la collezione iconica di una catena nazionale di articoli per la casa.<\/h2>\n<p>I nostri vasi in vetro per fiori sono stati selezionati da un importante rivenditore nazionale di articoli per la casa, che li ha personalizzati aggiungendo una tonalit\u00e0 di verde smeraldo pi\u00f9 intensa e bordi dorati. La collezione ha raggiunto l&#039;apice della popolarit\u00e0 quando i vasi sono andati esauriti online in sole 72 ore. La particolare texture del prodotto ha efficacemente nascosto le filigrane, con conseguente aumento delle vendite del 30%. La linea di prodotti ha riscosso un tale successo che l&#039;azienda ha deciso di acquistare altri 75.000 vasi per la prossima collezione natalizia e per la futura collaborazione con boutique hotel.<\/p>\n<h2>Vasi in vetro per fiori: opzioni di personalizzazione<\/h2>\n<ul>\n<li>L&#039;azienda offre molteplici opzioni che includono scanalature a spirale, motivi a diamante e nervature ottiche come varianti delle scanalature.<\/li>\n<li>Decorazione del collo: il bordo arrotolato acquista un aspetto lussuoso grazie all&#039;applicazione di una lamina metallica che include oro, argento e rame.<\/li>\n<li>Silhouette personalizzate: i designer creano collezioni personalizzate attraverso il loro lavoro di progettazione, che includono forme sia svasate che squadrate.<\/li>\n<\/ul>","protected":false},"excerpt":{"rendered":"<p>Elegante collezione di vasi in vetro verde con dettagli a coste. Vasi in vetro perfetti per composizioni di fiori freschi o secchi. Spedizione rapida e prezzi all&#039;ingrosso.<\/p>","protected":false},"featured_media":6188,"template":"","meta":{"postBodyCss":"","postBodyMargin":[],"postBodyPadding":[],"postBodyBackground":{"backgroundType":"classic","gradient":""}},"product_brand":[],"product_cat":[107,16,15],"product_tag":[],"class_list":{"0":"post-6144","1":"product","2":"type-product","3":"status-publish","4":"has-post-thumbnail","6":"product_cat-glass-bud-vases","7":"product_cat-glass-bottles","8":"product_cat-glass-containers","10":"first","11":"instock","12":"shipping-taxable","13":"product-type-simple"},"jetpack_sharing_enabled":true,"_links":{"self":[{"href":"https:\/\/minghanggroup.com\/it\/wp-json\/wp\/v2\/product\/6144","targetHints":{"allow":["GET"]}}],"collection":[{"href":"https:\/\/minghanggroup.com\/it\/wp-json\/wp\/v2\/product"}],"about":[{"href":"https:\/\/minghanggroup.com\/it\/wp-json\/wp\/v2\/types\/product"}],"wp:featuredmedia":[{"embeddable":true,"href":"https:\/\/minghanggroup.com\/it\/wp-json\/wp\/v2\/media\/6188"}],"wp:attachment":[{"href":"https:\/\/minghanggroup.com\/it\/wp-json\/wp\/v2\/media?parent=6144"}],"wp:term":[{"taxonomy":"product_brand","embeddable":true,"href":"https:\/\/minghanggroup.com\/it\/wp-json\/wp\/v2\/product_brand?post=6144"},{"taxonomy":"product_cat","embeddable":true,"href":"https:\/\/minghanggroup.com\/it\/wp-json\/wp\/v2\/product_cat?post=6144"},{"taxonomy":"product_tag","embeddable":true,"href":"https:\/\/minghanggroup.com\/it\/wp-json\/wp\/v2\/product_tag?post=6144"}],"curies":[{"name":"wp","href":"https:\/\/api.w.org\/{rel}","templated":true}]}}